{"id":58874,"date":"2023-06-05T14:33:25","date_gmt":"2023-06-05T12:33:25","guid":{"rendered":"https:\/\/ch.auro.de\/emballage\/"},"modified":"2026-04-29T11:15:11","modified_gmt":"2026-04-29T09:15:11","slug":"emballage","status":"publish","type":"page","link":"https:\/\/auro.ch\/fr\/auro\/durabilite\/emballage\/","title":{"rendered":"Emballage"},"content":{"rendered":"\t\t<div data-elementor-type=\"wp-page\" data-elementor-id=\"58874\" class=\"elementor elementor-58874 elementor-7987\" data-elementor-post-type=\"page\">\n\t\t\t\t\t\t<section class=\"elementor-section elementor-top-section elementor-element elementor-element-365e918 elementor-section-height-min-height elementor-section-boxed elementor-section-height-default elementor-section-items-middle\" data-id=\"365e918\" data-element_type=\"section\" data-e-type=\"section\" data-settings=\"{&quot;background_background&quot;:&quot;classic&quot;}\">\n\t\t\t\t\t\t\t<div class=\"elementor-background-overlay\"><\/div>\n\t\t\t\t\t\t\t<div class=\"elementor-container elementor-column-gap-default\">\n\t\t\t\t\t<div class=\"elementor-column elementor-col-100 elementor-top-column elementor-element elementor-element-2136db5\" data-id=\"2136db5\" data-element_type=\"column\" data-e-type=\"column\">\n\t\t\t<div class=\"elementor-widget-wrap elementor-element-populated\">\n\t\t\t\t\t\t<div class=\"elementor-element elementor-element-a52af7c elementor-invisible elementor-widget elementor-widget-heading\" data-id=\"a52af7c\" data-element_type=\"widget\" data-e-type=\"widget\" data-settings=\"{&quot;_animation&quot;:&quot;fadeInUp&quot;}\" data-widget_type=\"heading.default\">\n\t\t\t\t<div class=\"elementor-widget-container\">\n\t\t\t\t\t<p class=\"elementor-heading-title elementor-size-default\">Durabilit\u00e9<\/p>\t\t\t\t<\/div>\n\t\t\t\t<\/div>\n\t\t\t\t<div class=\"elementor-element elementor-element-7eea36d elementor-widget elementor-widget-heading\" data-id=\"7eea36d\" data-element_type=\"widget\" data-e-type=\"widget\" data-widget_type=\"heading.default\">\n\t\t\t\t<div class=\"elementor-widget-container\">\n\t\t\t\t\t<h1 class=\"elementor-heading-title elementor-size-default\">Emballage<\/h1>\t\t\t\t<\/div>\n\t\t\t\t<\/div>\n\t\t\t\t\t<\/div>\n\t\t<\/div>\n\t\t\t\t\t<\/div>\n\t\t<\/section>\n\t\t\t\t<section class=\"elementor-section elementor-top-section elementor-element elementor-element-3f5180e elementor-section-boxed elementor-section-height-default elementor-section-height-default\" data-id=\"3f5180e\" data-element_type=\"section\" data-e-type=\"section\">\n\t\t\t\t\t\t<div class=\"elementor-container elementor-column-gap-default\">\n\t\t\t\t\t<div class=\"elementor-column elementor-col-100 elementor-top-column elementor-element elementor-element-96d8ec2\" data-id=\"96d8ec2\" data-element_type=\"column\" data-e-type=\"column\">\n\t\t\t<div class=\"elementor-widget-wrap elementor-element-populated\">\n\t\t\t\t\t\t<div class=\"elementor-element elementor-element-50d4f59 elementor-widget elementor-widget-text-editor\" data-id=\"50d4f59\" data-element_type=\"widget\" data-e-type=\"widget\" data-widget_type=\"text-editor.default\">\n\t\t\t\t<div class=\"elementor-widget-container\">\n\t\t\t\t\t\t\t\t\t<p>Avec nos pots de peinture fabriqu\u00e9s \u00e0 partir de plastique oc\u00e9anique recycl\u00e9, nous r\u00e9duisons la pollution des oc\u00e9ans et contribuons \u00e0 une utilisation judicieuse des d\u00e9chets plastiques. Le mat\u00e9riau recycl\u00e9 provient de sources r\u00e9utilis\u00e9es de l&rsquo;industrie maritime, comme les filets de p\u00eache, les chaluts et les cordages usag\u00e9s. Une autre partie du PCR provient de la collecte de mati\u00e8res recyclables \u00e0 proximit\u00e9 des m\u00e9nages, comme les sacs\/bacs jaunes. Les emballages peuvent \u00eatre recycl\u00e9s.   <\/p>\t\t\t\t\t\t\t\t<\/div>\n\t\t\t\t<\/div>\n\t\t\t\t<div class=\"elementor-element elementor-element-e8c8efe elementor-widget elementor-widget-image\" data-id=\"e8c8efe\" data-element_type=\"widget\" data-e-type=\"widget\" data-widget_type=\"image.default\">\n\t\t\t\t<div class=\"elementor-widget-container\">\n\t\t\t\t\t\t\t\t\t\t\t\t\t\t\t<img fetchpriority=\"high\" decoding=\"async\" width=\"800\" height=\"592\" src=\"https:\/\/auro.ch\/wp-content\/uploads\/2023\/06\/auro_verpackung-1024x758.jpg\" class=\"attachment-large size-large wp-image-58876\" alt=\"\" srcset=\"https:\/\/auro.ch\/wp-content\/uploads\/2023\/06\/auro_verpackung-1024x758.jpg 1024w, https:\/\/auro.ch\/wp-content\/uploads\/2023\/06\/auro_verpackung-300x222.jpg 300w, https:\/\/auro.ch\/wp-content\/uploads\/2023\/06\/auro_verpackung-768x569.jpg 768w, https:\/\/auro.ch\/wp-content\/uploads\/2023\/06\/auro_verpackung.jpg 1261w\" sizes=\"(max-width: 800px) 100vw, 800px\" \/>\t\t\t\t\t\t\t\t\t\t\t\t\t\t\t<\/div>\n\t\t\t\t<\/div>\n\t\t\t\t\t<\/div>\n\t\t<\/div>\n\t\t\t\t\t<\/div>\n\t\t<\/section>\n\t\t<div class=\"elementor-element elementor-element-5743130 e-grid e-con-boxed e-con e-parent\" data-id=\"5743130\" data-element_type=\"container\" data-e-type=\"container\">\n\t\t\t\t\t<div class=\"e-con-inner\">\n\t\t\t\t<div class=\"elementor-element elementor-element-05999c5 elementor-widget elementor-widget-text-editor\" data-id=\"05999c5\" data-element_type=\"widget\" data-e-type=\"widget\" data-widget_type=\"text-editor.default\">\n\t\t\t\t<div class=\"elementor-widget-container\">\n\t\t\t\t\t\t\t\t\t<h5><strong>Plastique recycl\u00e9  <\/strong><\/h5><p>Le mat\u00e9riau recycl\u00e9 provient de sources r\u00e9utilis\u00e9es de l&rsquo;industrie maritime, telles que les filets de p\u00eache usag\u00e9s, les chaluts et les cordages. Une autre partie du PCR provient de la collecte de mati\u00e8res recyclables \u00e0 proximit\u00e9 des m\u00e9nages, comme les sacs jaunes\/les poubelles jaunes. Les emballages peuvent \u00eatre recycl\u00e9s.  <\/p>\t\t\t\t\t\t\t\t<\/div>\n\t\t\t\t<\/div>\n\t\t\t\t<div class=\"elementor-element elementor-element-bfec400 elementor-widget elementor-widget-text-editor\" data-id=\"bfec400\" data-element_type=\"widget\" data-e-type=\"widget\" data-widget_type=\"text-editor.default\">\n\t\t\t\t<div class=\"elementor-widget-container\">\n\t\t\t\t\t\t\t\t\t<h5><strong>Peu de plastique PET<\/strong><\/h5><p>Seuls le couvercle et l&rsquo;anse sont en plastique primaire blanc, absolument n\u00e9cessaire \u00e0 la stabilit\u00e9 du contenant. Le plastique vierge utilis\u00e9 peut \u00eatre recycl\u00e9 \u00e0 l&rsquo;adresse<br>et est donc enti\u00e8rement recyclable. <\/p>\t\t\t\t\t\t\t\t<\/div>\n\t\t\t\t<\/div>\n\t\t\t\t<div class=\"elementor-element elementor-element-baea3f9 elementor-widget elementor-widget-text-editor\" data-id=\"baea3f9\" data-element_type=\"widget\" data-e-type=\"widget\" data-widget_type=\"text-editor.default\">\n\t\t\t\t<div class=\"elementor-widget-container\">\n\t\t\t\t\t\t\t\t\t<h5><strong>D\u00e9charger les mers<\/strong><\/h5><p>Avec nos pots de peinture fabriqu\u00e9s \u00e0 partir de plastique oc\u00e9anique recycl\u00e9<br>, nous soulageons les oc\u00e9ans et contribuons \u00e0<br>pour utiliser les d\u00e9chets plastiques \u00e0 bon escient.<\/p>\t\t\t\t\t\t\t\t<\/div>\n\t\t\t\t<\/div>\n\t\t\t\t\t<\/div>\n\t\t\t\t<\/div>\n\t\t<div class=\"elementor-element elementor-element-59fd8ce e-flex e-con-boxed e-con e-parent\" data-id=\"59fd8ce\" data-element_type=\"container\" data-e-type=\"container\">\n\t\t\t\t\t<div class=\"e-con-inner\">\n\t\t\t\t<div class=\"elementor-element elementor-element-6262466 elementor-widget elementor-widget-spacer\" data-id=\"6262466\" data-element_type=\"widget\" data-e-type=\"widget\" data-widget_type=\"spacer.default\">\n\t\t\t\t<div class=\"elementor-widget-container\">\n\t\t\t\t\t\t\t<div class=\"elementor-spacer\">\n\t\t\t<div class=\"elementor-spacer-inner\"><\/div>\n\t\t<\/div>\n\t\t\t\t\t\t<\/div>\n\t\t\t\t<\/div>\n\t\t\t\t\t<\/div>\n\t\t\t\t<\/div>\n\t\t<div class=\"elementor-element elementor-element-95e1cdb e-flex e-con-boxed e-con e-parent\" data-id=\"95e1cdb\" data-element_type=\"container\" data-e-type=\"container\">\n\t\t\t\t\t<div class=\"e-con-inner\">\n\t\t\t\t<div class=\"elementor-element elementor-element-d07896b elementor-widget elementor-widget-text-editor\" data-id=\"d07896b\" data-element_type=\"widget\" data-e-type=\"widget\" data-widget_type=\"text-editor.default\">\n\t\t\t\t<div class=\"elementor-widget-container\">\n\t\t\t\t\t\t\t\t\t<p>Verre, m\u00e9tal et plastique &#8211; nos emballages doivent faire beaucoup pour prot\u00e9ger leur contenu sensible. Nous mettons tout en \u0153uvre pour am\u00e9liorer encore nos emballages afin qu&rsquo;ils aient moins d&rsquo;impact sur l&rsquo;environnement. <\/p>\t\t\t\t\t\t\t\t<\/div>\n\t\t\t\t<\/div>\n\t\t\t\t\t<\/div>\n\t\t\t\t<\/div>\n\t\t\t\t<section class=\"elementor-section elementor-top-section elementor-element elementor-element-f7837af elementor-section-full_width elementor-section-height-default elementor-section-height-default\" data-id=\"f7837af\" data-element_type=\"section\" data-e-type=\"section\" data-settings=\"{&quot;background_background&quot;:&quot;classic&quot;}\">\n\t\t\t\t\t\t<div class=\"elementor-container elementor-column-gap-default\">\n\t\t\t\t\t<div class=\"elementor-column elementor-col-16 elementor-top-column elementor-element elementor-element-6b7ea0f\" data-id=\"6b7ea0f\" data-element_type=\"column\" data-e-type=\"column\">\n\t\t\t<div class=\"elementor-widget-wrap\">\n\t\t\t\t\t\t\t<\/div>\n\t\t<\/div>\n\t\t\t\t<div class=\"elementor-column elementor-col-16 elementor-top-column elementor-element elementor-element-521896c\" data-id=\"521896c\" data-element_type=\"column\" data-e-type=\"column\">\n\t\t\t<div class=\"elementor-widget-wrap elementor-element-populated\">\n\t\t\t\t\t\t<div class=\"elementor-element elementor-element-991cc82 elementor-widget elementor-widget-image\" data-id=\"991cc82\" data-element_type=\"widget\" data-e-type=\"widget\" data-widget_type=\"image.default\">\n\t\t\t\t<div class=\"elementor-widget-container\">\n\t\t\t\t\t\t\t\t\t\t\t\t\t\t\t<img decoding=\"async\" src=\"https:\/\/auro.ch\/wp-content\/uploads\/2023\/06\/219-1.000-auro-pflanzenalkohol-naturfarben.jpg\" title=\"\" alt=\"\" loading=\"lazy\" \/>\t\t\t\t\t\t\t\t\t\t\t\t\t\t\t<\/div>\n\t\t\t\t<\/div>\n\t\t\t\t\t<\/div>\n\t\t<\/div>\n\t\t\t\t<div class=\"elementor-column elementor-col-16 elementor-top-column elementor-element elementor-element-39e39dd\" data-id=\"39e39dd\" data-element_type=\"column\" data-e-type=\"column\">\n\t\t\t<div class=\"elementor-widget-wrap elementor-element-populated\">\n\t\t\t\t\t\t<div class=\"elementor-element elementor-element-fe50905 elementor-widget elementor-widget-image\" data-id=\"fe50905\" data-element_type=\"widget\" data-e-type=\"widget\" data-widget_type=\"image.default\">\n\t\t\t\t<div class=\"elementor-widget-container\">\n\t\t\t\t\t\t\t\t\t\t\t\t\t\t\t<img decoding=\"async\" src=\"https:\/\/auro.ch\/wp-content\/uploads\/2023\/06\/145-0.250-auro-catechu-beize-naturfarben.jpg\" title=\"\" alt=\"\" loading=\"lazy\" \/>\t\t\t\t\t\t\t\t\t\t\t\t\t\t\t<\/div>\n\t\t\t\t<\/div>\n\t\t\t\t\t<\/div>\n\t\t<\/div>\n\t\t\t\t<div class=\"elementor-column elementor-col-16 elementor-top-column elementor-element elementor-element-6c61317\" data-id=\"6c61317\" data-element_type=\"column\" data-e-type=\"column\">\n\t\t\t<div class=\"elementor-widget-wrap elementor-element-populated\">\n\t\t\t\t\t\t<div class=\"elementor-element elementor-element-b0ccba1 elementor-widget elementor-widget-image\" data-id=\"b0ccba1\" data-element_type=\"widget\" data-e-type=\"widget\" data-widget_type=\"image.default\">\n\t\t\t\t<div class=\"elementor-widget-container\">\n\t\t\t\t\t\t\t\t\t\t\t\t\t\t\t<img decoding=\"async\" src=\"https:\/\/auro.ch\/wp-content\/uploads\/2023\/06\/126-0.375-auro-hartoel-classic-naturfarben.jpg\" title=\"\" alt=\"\" loading=\"lazy\" \/>\t\t\t\t\t\t\t\t\t\t\t\t\t\t\t<\/div>\n\t\t\t\t<\/div>\n\t\t\t\t\t<\/div>\n\t\t<\/div>\n\t\t\t\t<div class=\"elementor-column elementor-col-16 elementor-top-column elementor-element elementor-element-b9ff770\" data-id=\"b9ff770\" data-element_type=\"column\" data-e-type=\"column\">\n\t\t\t<div class=\"elementor-widget-wrap elementor-element-populated\">\n\t\t\t\t\t\t<div class=\"elementor-element elementor-element-9732c11 elementor-widget elementor-widget-image\" data-id=\"9732c11\" data-element_type=\"widget\" data-e-type=\"widget\" data-widget_type=\"image.default\">\n\t\t\t\t<div class=\"elementor-widget-container\">\n\t\t\t\t\t\t\t\t\t\t\t\t\t\t\t<img decoding=\"async\" src=\"https:\/\/auro.ch\/wp-content\/uploads\/2023\/06\/389-0.200-auro-tapetenkleister-naturfarben.jpg\" title=\"\" alt=\"\" loading=\"lazy\" \/>\t\t\t\t\t\t\t\t\t\t\t\t\t\t\t<\/div>\n\t\t\t\t<\/div>\n\t\t\t\t\t<\/div>\n\t\t<\/div>\n\t\t\t\t<div class=\"elementor-column elementor-col-16 elementor-top-column elementor-element elementor-element-95ebe44\" data-id=\"95ebe44\" data-element_type=\"column\" data-e-type=\"column\">\n\t\t\t<div class=\"elementor-widget-wrap\">\n\t\t\t\t\t\t\t<\/div>\n\t\t<\/div>\n\t\t\t\t\t<\/div>\n\t\t<\/section>\n\t\t\t\t<section class=\"elementor-section elementor-top-section elementor-element elementor-element-0be65bb elementor-section-boxed elementor-section-height-default elementor-section-height-default\" data-id=\"0be65bb\" data-element_type=\"section\" data-e-type=\"section\" data-settings=\"{&quot;background_background&quot;:&quot;classic&quot;}\">\n\t\t\t\t\t\t<div class=\"elementor-container elementor-column-gap-default\">\n\t\t\t\t\t<div class=\"elementor-column elementor-col-20 elementor-top-column elementor-element elementor-element-ecf7a29 elementor-hidden-mobile\" data-id=\"ecf7a29\" data-element_type=\"column\" data-e-type=\"column\">\n\t\t\t<div class=\"elementor-widget-wrap\">\n\t\t\t\t\t\t\t<\/div>\n\t\t<\/div>\n\t\t\t\t<div class=\"elementor-column elementor-col-20 elementor-top-column elementor-element elementor-element-bed43eb\" data-id=\"bed43eb\" data-element_type=\"column\" data-e-type=\"column\">\n\t\t\t<div class=\"elementor-widget-wrap elementor-element-populated\">\n\t\t\t\t\t\t<div class=\"elementor-element elementor-element-79b4505 elementor-position-top elementor-widget elementor-widget-image-box\" data-id=\"79b4505\" data-element_type=\"widget\" data-e-type=\"widget\" data-widget_type=\"image-box.default\">\n\t\t\t\t<div class=\"elementor-widget-container\">\n\t\t\t\t\t<div class=\"elementor-image-box-wrapper\"><figure class=\"elementor-image-box-img\"><a href=\"https:\/\/auro.ch\/auro\/nachhaltigkeit\/\" tabindex=\"-1\"><img decoding=\"async\" width=\"240\" height=\"240\" src=\"https:\/\/auro.ch\/wp-content\/uploads\/2023\/06\/auro_nachhaltigkeit_thumb.jpg\" class=\"attachment-large size-large wp-image-58895\" alt=\"\" srcset=\"https:\/\/auro.ch\/wp-content\/uploads\/2023\/06\/auro_nachhaltigkeit_thumb.jpg 240w, https:\/\/auro.ch\/wp-content\/uploads\/2023\/06\/auro_nachhaltigkeit_thumb-150x150.jpg 150w\" sizes=\"(max-width: 240px) 100vw, 240px\" \/><\/a><\/figure><div class=\"elementor-image-box-content\"><h3 class=\"elementor-image-box-title\"><a href=\"https:\/\/auro.ch\/auro\/nachhaltigkeit\/\">Durabilit\u00e9<\/a><\/h3><\/div><\/div>\t\t\t\t<\/div>\n\t\t\t\t<\/div>\n\t\t\t\t\t<\/div>\n\t\t<\/div>\n\t\t\t\t<div class=\"elementor-column elementor-col-20 elementor-top-column elementor-element elementor-element-8e3bc49\" data-id=\"8e3bc49\" data-element_type=\"column\" data-e-type=\"column\">\n\t\t\t<div class=\"elementor-widget-wrap elementor-element-populated\">\n\t\t\t\t\t\t<div class=\"elementor-element elementor-element-585ab35 elementor-position-top elementor-widget elementor-widget-image-box\" data-id=\"585ab35\" data-element_type=\"widget\" data-e-type=\"widget\" data-widget_type=\"image-box.default\">\n\t\t\t\t<div class=\"elementor-widget-container\">\n\t\t\t\t\t<div class=\"elementor-image-box-wrapper\"><figure class=\"elementor-image-box-img\"><a href=\"https:\/\/auro.ch\/auro\/nachhaltigkeit\/unsere-philosophie\/\" tabindex=\"-1\"><img decoding=\"async\" width=\"150\" height=\"150\" src=\"https:\/\/auro.ch\/wp-content\/uploads\/2023\/06\/auro_philosophie_thumb_1000x1000-e1733738498588-150x150.jpg\" class=\"attachment-thumbnail size-thumbnail wp-image-58901\" alt=\"\" \/><\/a><\/figure><div class=\"elementor-image-box-content\"><h3 class=\"elementor-image-box-title\"><a href=\"https:\/\/auro.ch\/auro\/nachhaltigkeit\/unsere-philosophie\/\">Notre philosophie <br><\/a><\/h3><\/div><\/div>\t\t\t\t<\/div>\n\t\t\t\t<\/div>\n\t\t\t\t\t<\/div>\n\t\t<\/div>\n\t\t\t\t<div class=\"elementor-column elementor-col-20 elementor-top-column elementor-element elementor-element-35fea5c\" data-id=\"35fea5c\" data-element_type=\"column\" data-e-type=\"column\">\n\t\t\t<div class=\"elementor-widget-wrap elementor-element-populated\">\n\t\t\t\t\t\t<div class=\"elementor-element elementor-element-441a405 elementor-position-top elementor-widget elementor-widget-image-box\" data-id=\"441a405\" data-element_type=\"widget\" data-e-type=\"widget\" data-widget_type=\"image-box.default\">\n\t\t\t\t<div class=\"elementor-widget-container\">\n\t\t\t\t\t<div class=\"elementor-image-box-wrapper\"><figure class=\"elementor-image-box-img\"><a href=\"https:\/\/auro.ch\/auro\/nachhaltigkeit\/biologische-vielfalt\/\" tabindex=\"-1\"><img loading=\"lazy\" decoding=\"async\" width=\"800\" height=\"800\" src=\"https:\/\/auro.ch\/wp-content\/uploads\/2023\/06\/auro_vielfalt_thumb_1000x1000.jpg\" class=\"attachment-large size-large wp-image-58889\" alt=\"\" srcset=\"https:\/\/auro.ch\/wp-content\/uploads\/2023\/06\/auro_vielfalt_thumb_1000x1000.jpg 1000w, https:\/\/auro.ch\/wp-content\/uploads\/2023\/06\/auro_vielfalt_thumb_1000x1000-300x300.jpg 300w, https:\/\/auro.ch\/wp-content\/uploads\/2023\/06\/auro_vielfalt_thumb_1000x1000-150x150.jpg 150w, https:\/\/auro.ch\/wp-content\/uploads\/2023\/06\/auro_vielfalt_thumb_1000x1000-768x768.jpg 768w\" sizes=\"(max-width: 800px) 100vw, 800px\" \/><\/a><\/figure><div class=\"elementor-image-box-content\"><h3 class=\"elementor-image-box-title\"><a href=\"https:\/\/auro.ch\/auro\/nachhaltigkeit\/biologische-vielfalt\/\">Diversit\u00e9 biologique <br> <\/a><\/h3><\/div><\/div>\t\t\t\t<\/div>\n\t\t\t\t<\/div>\n\t\t\t\t\t<\/div>\n\t\t<\/div>\n\t\t\t\t<div class=\"elementor-column elementor-col-20 elementor-top-column elementor-element elementor-element-b62bd18 elementor-hidden-mobile\" data-id=\"b62bd18\" data-element_type=\"column\" data-e-type=\"column\">\n\t\t\t<div class=\"elementor-widget-wrap\">\n\t\t\t\t\t\t\t<\/div>\n\t\t<\/div>\n\t\t\t\t\t<\/div>\n\t\t<\/section>\n\t\t\t\t<\/div>\n\t\t","protected":false},"excerpt":{"rendered":"<p>Durabilit\u00e9 Emballage Avec nos pots de peinture fabriqu\u00e9s \u00e0 partir [&hellip;]<\/p>\n","protected":false},"author":4,"featured_media":58877,"parent":58899,"menu_order":0,"comment_status":"closed","ping_status":"closed","template":"","meta":{"_acf_changed":false,"footnotes":""},"categories":[],"class_list":["post-58874","page","type-page","status-publish","has-post-thumbnail","hentry"],"acf":[],"_links":{"self":[{"href":"https:\/\/auro.ch\/fr\/wp-json\/wp\/v2\/pages\/58874","targetHints":{"allow":["GET"]}}],"collection":[{"href":"https:\/\/auro.ch\/fr\/wp-json\/wp\/v2\/pages"}],"about":[{"href":"https:\/\/auro.ch\/fr\/wp-json\/wp\/v2\/types\/page"}],"author":[{"embeddable":true,"href":"https:\/\/auro.ch\/fr\/wp-json\/wp\/v2\/users\/4"}],"replies":[{"embeddable":true,"href":"https:\/\/auro.ch\/fr\/wp-json\/wp\/v2\/comments?post=58874"}],"version-history":[{"count":1,"href":"https:\/\/auro.ch\/fr\/wp-json\/wp\/v2\/pages\/58874\/revisions"}],"predecessor-version":[{"id":58883,"href":"https:\/\/auro.ch\/fr\/wp-json\/wp\/v2\/pages\/58874\/revisions\/58883"}],"up":[{"embeddable":true,"href":"https:\/\/auro.ch\/fr\/wp-json\/wp\/v2\/pages\/58899"}],"wp:featuredmedia":[{"embeddable":true,"href":"https:\/\/auro.ch\/fr\/wp-json\/wp\/v2\/media\/58877"}],"wp:attachment":[{"href":"https:\/\/auro.ch\/fr\/wp-json\/wp\/v2\/media?parent=58874"}],"wp:term":[{"taxonomy":"category","embeddable":true,"href":"https:\/\/auro.ch\/fr\/wp-json\/wp\/v2\/categories?post=58874"}],"curies":[{"name":"wp","href":"https:\/\/api.w.org\/{rel}","templated":true}]}}