{"id":58878,"date":"2023-06-21T10:39:24","date_gmt":"2023-06-21T08:39:24","guid":{"rendered":"https:\/\/ch.auro.de\/nettoyage-des-pinceaux-rouleaux-etc\/"},"modified":"2026-04-29T11:24:22","modified_gmt":"2026-04-29T09:24:22","slug":"nettoyage-des-pinceaux-rouleaux-etc","status":"publish","type":"page","link":"https:\/\/auro.ch\/fr\/inspiration-et-guide\/instructions\/murs\/nettoyage-des-pinceaux-rouleaux-etc\/","title":{"rendered":"Nettoyage des pinceaux, rouleaux, etc."},"content":{"rendered":"\t\t<div data-elementor-type=\"wp-page\" data-elementor-id=\"58878\" class=\"elementor elementor-58878 elementor-8805\" data-elementor-post-type=\"page\">\n\t\t\t\t\t\t<section class=\"elementor-section elementor-top-section elementor-element elementor-element-262b78f elementor-section-height-min-height elementor-section-boxed elementor-section-height-default elementor-section-items-middle\" data-id=\"262b78f\" data-element_type=\"section\" data-e-type=\"section\" data-settings=\"{&quot;background_background&quot;:&quot;classic&quot;}\">\n\t\t\t\t\t\t\t<div class=\"elementor-background-overlay\"><\/div>\n\t\t\t\t\t\t\t<div class=\"elementor-container elementor-column-gap-default\">\n\t\t\t\t\t<div class=\"elementor-column elementor-col-100 elementor-top-column elementor-element elementor-element-cde1e2c\" data-id=\"cde1e2c\" data-element_type=\"column\" data-e-type=\"column\">\n\t\t\t<div class=\"elementor-widget-wrap elementor-element-populated\">\n\t\t\t\t\t\t<div class=\"elementor-element elementor-element-d7eae92 elementor-invisible elementor-widget elementor-widget-heading\" data-id=\"d7eae92\" data-element_type=\"widget\" data-e-type=\"widget\" data-settings=\"{&quot;_animation&quot;:&quot;fadeInUp&quot;}\" data-widget_type=\"heading.default\">\n\t\t\t\t<div class=\"elementor-widget-container\">\n\t\t\t\t\t<p class=\"elementor-heading-title elementor-size-default\">Instructions<\/p>\t\t\t\t<\/div>\n\t\t\t\t<\/div>\n\t\t\t\t<div class=\"elementor-element elementor-element-fba71c2 elementor-widget elementor-widget-heading\" data-id=\"fba71c2\" data-element_type=\"widget\" data-e-type=\"widget\" data-widget_type=\"heading.default\">\n\t\t\t\t<div class=\"elementor-widget-container\">\n\t\t\t\t\t<h1 class=\"elementor-heading-title elementor-size-default\">Nettoyage des pinceaux, rouleaux, etc.<\/h1>\t\t\t\t<\/div>\n\t\t\t\t<\/div>\n\t\t\t\t\t<\/div>\n\t\t<\/div>\n\t\t\t\t\t<\/div>\n\t\t<\/section>\n\t\t\t\t<section class=\"elementor-section elementor-top-section elementor-element elementor-element-889d454 elementor-section-boxed elementor-section-height-default elementor-section-height-default\" data-id=\"889d454\" data-element_type=\"section\" data-e-type=\"section\">\n\t\t\t\t\t\t<div class=\"elementor-container elementor-column-gap-default\">\n\t\t\t\t\t<div class=\"elementor-column elementor-col-50 elementor-top-column elementor-element elementor-element-316e721\" data-id=\"316e721\" data-element_type=\"column\" data-e-type=\"column\">\n\t\t\t<div class=\"elementor-widget-wrap elementor-element-populated\">\n\t\t\t\t\t\t<div class=\"elementor-element elementor-element-598defc elementor-widget elementor-widget-heading\" data-id=\"598defc\" data-element_type=\"widget\" data-e-type=\"widget\" data-widget_type=\"heading.default\">\n\t\t\t\t<div class=\"elementor-widget-container\">\n\t\t\t\t\t<h3 class=\"elementor-heading-title elementor-size-default\">Savon v\u00e9g\u00e9tal AURO<\/h3>\t\t\t\t<\/div>\n\t\t\t\t<\/div>\n\t\t\t\t<div class=\"elementor-element elementor-element-54548e7 elementor-widget elementor-widget-text-editor\" data-id=\"54548e7\" data-element_type=\"widget\" data-e-type=\"widget\" data-widget_type=\"text-editor.default\">\n\t\t\t\t<div class=\"elementor-widget-container\">\n\t\t\t\t\t\t\t\t\t<p>\u00c9talez bien la peinture sur les outils. Les outils peuvent \u00eatre lav\u00e9s et r\u00e9utilis\u00e9s avec du savon v\u00e9g\u00e9tal concentr\u00e9 AURO et de l&rsquo;eau. <\/p><div class=\"Typography Typography--m RichText3-paragraph--withVSpacingNormal RichText3-paragraph\"><strong>CONSEIL<\/strong><\/div><div class=\"Typography Typography--m RichText3-paragraph--withVSpacingNormal RichText3-paragraph\">Pendant les pauses dans le travail de peinture, l&rsquo;outil peut \u00eatre emball\u00e9 herm\u00e9tiquement dans du film plastique. Ainsi, m\u00eame apr\u00e8s quelques heures, il est possible de continuer \u00e0 travailler sans que la peinture ne s\u00e8che. <\/div>\t\t\t\t\t\t\t\t<\/div>\n\t\t\t\t<\/div>\n\t\t\t\t\t<\/div>\n\t\t<\/div>\n\t\t\t\t<div class=\"elementor-column elementor-col-50 elementor-top-column elementor-element elementor-element-98e6452\" data-id=\"98e6452\" data-element_type=\"column\" data-e-type=\"column\" data-settings=\"{&quot;background_background&quot;:&quot;classic&quot;}\">\n\t\t\t<div class=\"elementor-widget-wrap elementor-element-populated\">\n\t\t\t\t\t\t<div class=\"elementor-element elementor-element-8e0d385 elementor-widget elementor-widget-spacer\" data-id=\"8e0d385\" data-element_type=\"widget\" data-e-type=\"widget\" data-widget_type=\"spacer.default\">\n\t\t\t\t<div class=\"elementor-widget-container\">\n\t\t\t\t\t\t\t<div class=\"elementor-spacer\">\n\t\t\t<div class=\"elementor-spacer-inner\"><\/div>\n\t\t<\/div>\n\t\t\t\t\t\t<\/div>\n\t\t\t\t<\/div>\n\t\t\t\t\t<\/div>\n\t\t<\/div>\n\t\t\t\t\t<\/div>\n\t\t<\/section>\n\t\t\t\t<section class=\"elementor-section elementor-top-section elementor-element elementor-element-d7777da elementor-reverse-mobile elementor-section-boxed elementor-section-height-default elementor-section-height-default\" data-id=\"d7777da\" data-element_type=\"section\" data-e-type=\"section\" data-settings=\"{&quot;background_background&quot;:&quot;classic&quot;}\">\n\t\t\t\t\t\t<div class=\"elementor-container elementor-column-gap-default\">\n\t\t\t\t\t<div class=\"elementor-column elementor-col-50 elementor-top-column elementor-element elementor-element-5496313\" data-id=\"5496313\" data-element_type=\"column\" data-e-type=\"column\">\n\t\t\t<div class=\"elementor-widget-wrap elementor-element-populated\">\n\t\t\t\t\t\t<div class=\"elementor-element elementor-element-724c31e elementor-widget elementor-widget-heading\" data-id=\"724c31e\" data-element_type=\"widget\" data-e-type=\"widget\" data-widget_type=\"heading.default\">\n\t\t\t\t<div class=\"elementor-widget-container\">\n\t\t\t\t\t<h4 class=\"elementor-heading-title elementor-size-default\">Produits Auro<\/h4>\t\t\t\t<\/div>\n\t\t\t\t<\/div>\n\t\t\t\t<div class=\"elementor-element elementor-element-1a03dc7 elementor-widget elementor-widget-text-editor\" data-id=\"1a03dc7\" data-element_type=\"widget\" data-e-type=\"widget\" data-widget_type=\"text-editor.default\">\n\t\t\t\t<div class=\"elementor-widget-container\">\n\t\t\t\t\t\t\t\t\t<ul class=\"list-icon\"><li class=\"ico-li\"><i class=\"ico ico-dot\"><\/i><a href=\"https:\/\/auro.ch\/produkt\/wandfarbe\/\" target=\"_blank\" rel=\"noopener\">Peinture murale n\u00b0 321<\/a><\/li><li class=\"ico-li\"><i class=\"ico ico-dot\"><\/i><a href=\"https:\/\/auro.ch\/produkt\/colours-for-life-wandfarbe-premium\/\" target=\"_blank\" rel=\"noopener\">COLOURS FOR LIFE Peinture Premium pour murs et plafonds n\u00b0 555<\/a><\/li><li><a href=\"https:\/\/auro.ch\/produkt\/profi-kalkfarbe\/\" target=\"_blank\" rel=\"noopener\">Peinture \u00e0 la chaux professionnelle n\u00b0 344<\/a><\/li><li><a href=\"https:\/\/auro.ch\/produkt\/vollton-und-abtoenfarbe\/\" target=\"_blank\" rel=\"noopener\">Colorant solide et \u00e0 teinter No. 330<\/a><\/li><li><a href=\"https:\/\/auro.ch\/produkt\/kalk-buntfarbe-5\/\" target=\"_blank\" rel=\"noopener\">Peinture color\u00e9e \u00e0 la chaux n\u00b0 350<\/a><\/li><\/ul>\t\t\t\t\t\t\t\t<\/div>\n\t\t\t\t<\/div>\n\t\t\t\t\t<\/div>\n\t\t<\/div>\n\t\t\t\t<div class=\"elementor-column elementor-col-50 elementor-top-column elementor-element elementor-element-a4b3bf9\" data-id=\"a4b3bf9\" data-element_type=\"column\" data-e-type=\"column\">\n\t\t\t<div class=\"elementor-widget-wrap\">\n\t\t\t\t\t\t\t<\/div>\n\t\t<\/div>\n\t\t\t\t\t<\/div>\n\t\t<\/section>\n\t\t\t\t<\/div>\n\t\t","protected":false},"excerpt":{"rendered":"<p>Instructions Nettoyage des pinceaux, rouleaux, etc. Savon v\u00e9g\u00e9tal AURO \u00c9talez [&hellip;]<\/p>\n","protected":false},"author":4,"featured_media":58885,"parent":60236,"menu_order":0,"comment_status":"closed","ping_status":"closed","template":"","meta":{"_acf_changed":false,"footnotes":""},"categories":[],"class_list":["post-58878","page","type-page","status-publish","has-post-thumbnail","hentry"],"acf":[],"_links":{"self":[{"href":"https:\/\/auro.ch\/fr\/wp-json\/wp\/v2\/pages\/58878","targetHints":{"allow":["GET"]}}],"collection":[{"href":"https:\/\/auro.ch\/fr\/wp-json\/wp\/v2\/pages"}],"about":[{"href":"https:\/\/auro.ch\/fr\/wp-json\/wp\/v2\/types\/page"}],"author":[{"embeddable":true,"href":"https:\/\/auro.ch\/fr\/wp-json\/wp\/v2\/users\/4"}],"replies":[{"embeddable":true,"href":"https:\/\/auro.ch\/fr\/wp-json\/wp\/v2\/comments?post=58878"}],"version-history":[{"count":1,"href":"https:\/\/auro.ch\/fr\/wp-json\/wp\/v2\/pages\/58878\/revisions"}],"predecessor-version":[{"id":58887,"href":"https:\/\/auro.ch\/fr\/wp-json\/wp\/v2\/pages\/58878\/revisions\/58887"}],"up":[{"embeddable":true,"href":"https:\/\/auro.ch\/fr\/wp-json\/wp\/v2\/pages\/60236"}],"wp:featuredmedia":[{"embeddable":true,"href":"https:\/\/auro.ch\/fr\/wp-json\/wp\/v2\/media\/58885"}],"wp:attachment":[{"href":"https:\/\/auro.ch\/fr\/wp-json\/wp\/v2\/media?parent=58878"}],"wp:term":[{"taxonomy":"category","embeddable":true,"href":"https:\/\/auro.ch\/fr\/wp-json\/wp\/v2\/categories?post=58878"}],"curies":[{"name":"wp","href":"https:\/\/api.w.org\/{rel}","templated":true}]}}