{"id":58886,"date":"2023-06-05T14:28:49","date_gmt":"2023-06-05T12:28:49","guid":{"rendered":"https:\/\/ch.auro.de\/diversite-biologique\/"},"modified":"2026-04-29T11:15:11","modified_gmt":"2026-04-29T09:15:11","slug":"diversite-biologique","status":"publish","type":"page","link":"https:\/\/auro.ch\/fr\/auro\/durabilite\/diversite-biologique\/","title":{"rendered":"Diversit\u00e9 biologique"},"content":{"rendered":"\t\t<div data-elementor-type=\"wp-page\" data-elementor-id=\"58886\" class=\"elementor elementor-58886 elementor-7982\" data-elementor-post-type=\"page\">\n\t\t\t\t\t\t<section class=\"elementor-section elementor-top-section elementor-element elementor-element-365e918 elementor-section-height-min-height elementor-section-boxed elementor-section-height-default elementor-section-items-middle\" data-id=\"365e918\" data-element_type=\"section\" data-e-type=\"section\" data-settings=\"{&quot;background_background&quot;:&quot;classic&quot;}\">\n\t\t\t\t\t\t\t<div class=\"elementor-background-overlay\"><\/div>\n\t\t\t\t\t\t\t<div class=\"elementor-container elementor-column-gap-default\">\n\t\t\t\t\t<div class=\"elementor-column elementor-col-100 elementor-top-column elementor-element elementor-element-2136db5\" data-id=\"2136db5\" data-element_type=\"column\" data-e-type=\"column\">\n\t\t\t<div class=\"elementor-widget-wrap elementor-element-populated\">\n\t\t\t\t\t\t<div class=\"elementor-element elementor-element-a52af7c elementor-invisible elementor-widget elementor-widget-heading\" data-id=\"a52af7c\" data-element_type=\"widget\" data-e-type=\"widget\" data-settings=\"{&quot;_animation&quot;:&quot;fadeInUp&quot;}\" data-widget_type=\"heading.default\">\n\t\t\t\t<div class=\"elementor-widget-container\">\n\t\t\t\t\t<p class=\"elementor-heading-title elementor-size-default\">Durabilit\u00e9<\/p>\t\t\t\t<\/div>\n\t\t\t\t<\/div>\n\t\t\t\t<div class=\"elementor-element elementor-element-7eea36d elementor-widget elementor-widget-heading\" data-id=\"7eea36d\" data-element_type=\"widget\" data-e-type=\"widget\" data-widget_type=\"heading.default\">\n\t\t\t\t<div class=\"elementor-widget-container\">\n\t\t\t\t\t<h1 class=\"elementor-heading-title elementor-size-default\">Diversit\u00e9 biologique<\/h1>\t\t\t\t<\/div>\n\t\t\t\t<\/div>\n\t\t\t\t\t<\/div>\n\t\t<\/div>\n\t\t\t\t\t<\/div>\n\t\t<\/section>\n\t\t\t\t<section class=\"elementor-section elementor-top-section elementor-element elementor-element-3f5180e elementor-section-boxed elementor-section-height-default elementor-section-height-default\" data-id=\"3f5180e\" data-element_type=\"section\" data-e-type=\"section\">\n\t\t\t\t\t\t<div class=\"elementor-container elementor-column-gap-default\">\n\t\t\t\t\t<div class=\"elementor-column elementor-col-100 elementor-top-column elementor-element elementor-element-96d8ec2\" data-id=\"96d8ec2\" data-element_type=\"column\" data-e-type=\"column\">\n\t\t\t<div class=\"elementor-widget-wrap elementor-element-populated\">\n\t\t\t\t\t\t<div class=\"elementor-element elementor-element-50d4f59 elementor-widget elementor-widget-text-editor\" data-id=\"50d4f59\" data-element_type=\"widget\" data-e-type=\"widget\" data-widget_type=\"text-editor.default\">\n\t\t\t\t<div class=\"elementor-widget-container\">\n\t\t\t\t\t\t\t\t\t<p>Une nature intacte est pour nous indispensable. Nos produits sont bas\u00e9s sur des substances v\u00e9g\u00e9tales vari\u00e9es et toujours renouvelables, et font donc partie de la biodiversit\u00e9 : pour la fabrication de notre vaste gamme, nous utilisons des huiles, des r\u00e9sines, des cires et des pigments issus de la nature. <\/p><p>Les mati\u00e8res premi\u00e8res originales que nous utilisons pour nos produits peuvent \u00eatre r\u00e9int\u00e9gr\u00e9es dans le cycle de la nature apr\u00e8s leur traitement, car elles sont compostables apr\u00e8s s\u00e9chage, tout comme les bois trait\u00e9s avec ces mati\u00e8res. Les proc\u00e9d\u00e9s que nous utilisons pour traiter nos mati\u00e8res premi\u00e8res sont aussi doux que possible. <\/p><p>La pr\u00e9servation de la biodiversit\u00e9 et l&rsquo;utilisation durable des ressources nous tiennent \u00e0 c\u0153ur. C&rsquo;est pourquoi nous cherchons \u00e0 \u00e9tablir des partenariats \u00e0 long terme avec nos fournisseurs et nos agriculteurs, afin de garantir leur stabilit\u00e9 \u00e9conomique. <\/p>\t\t\t\t\t\t\t\t<\/div>\n\t\t\t\t<\/div>\n\t\t\t\t\t<\/div>\n\t\t<\/div>\n\t\t\t\t\t<\/div>\n\t\t<\/section>\n\t\t\t\t<section class=\"elementor-section elementor-top-section elementor-element elementor-element-f7837af elementor-section-full_width elementor-section-height-default elementor-section-height-default\" data-id=\"f7837af\" data-element_type=\"section\" data-e-type=\"section\" data-settings=\"{&quot;background_background&quot;:&quot;classic&quot;}\">\n\t\t\t\t\t\t<div class=\"elementor-container elementor-column-gap-default\">\n\t\t\t\t\t<div class=\"elementor-column elementor-col-100 elementor-top-column elementor-element elementor-element-521896c\" data-id=\"521896c\" data-element_type=\"column\" data-e-type=\"column\">\n\t\t\t<div class=\"elementor-widget-wrap elementor-element-populated\">\n\t\t\t\t\t\t<div class=\"elementor-element elementor-element-074f0d4 elementor-widget elementor-widget-gallery\" data-id=\"074f0d4\" data-element_type=\"widget\" data-e-type=\"widget\" data-settings=\"{&quot;columns_tablet&quot;:4,&quot;columns_mobile&quot;:2,&quot;gap&quot;:{&quot;unit&quot;:&quot;px&quot;,&quot;size&quot;:0,&quot;sizes&quot;:[]},&quot;gap_tablet&quot;:{&quot;unit&quot;:&quot;px&quot;,&quot;size&quot;:0,&quot;sizes&quot;:[]},&quot;gap_mobile&quot;:{&quot;unit&quot;:&quot;px&quot;,&quot;size&quot;:0,&quot;sizes&quot;:[]},&quot;columns&quot;:3,&quot;aspect_ratio&quot;:&quot;1:1&quot;,&quot;lazyload&quot;:&quot;yes&quot;,&quot;gallery_layout&quot;:&quot;grid&quot;,&quot;link_to&quot;:&quot;file&quot;,&quot;overlay_background&quot;:&quot;yes&quot;,&quot;content_hover_animation&quot;:&quot;fade-in&quot;}\" data-widget_type=\"gallery.default\">\n\t\t\t\t<div class=\"elementor-widget-container\">\n\t\t\t\t\t\t\t<div class=\"elementor-gallery__container\">\n\t\t\t\t\t\t\t<a class=\"e-gallery-item elementor-gallery-item elementor-animated-content\" href=\"https:\/\/auro.ch\/wp-content\/uploads\/2023\/06\/Biodiversitaet_AdobeStock_24702456-scaled.jpeg\" data-elementor-open-lightbox=\"yes\" data-elementor-lightbox-slideshow=\"074f0d4\" data-e-action-hash=\"#elementor-action%3Aaction%3Dlightbox%26settings%3DeyJpZCI6NTg5MjQsInVybCI6Imh0dHBzOlwvXC9hdXJvLmNoXC93cC1jb250ZW50XC91cGxvYWRzXC8yMDIzXC8wNlwvQmlvZGl2ZXJzaXRhZXRfQWRvYmVTdG9ja18yNDcwMjQ1Ni1zY2FsZWQuanBlZyIsInNsaWRlc2hvdyI6IjA3NGYwZDQifQ%3D%3D\">\n\t\t\t\t\t<div class=\"e-gallery-image elementor-gallery-item__image\" data-thumbnail=\"https:\/\/auro.ch\/wp-content\/uploads\/2023\/06\/Biodiversitaet_AdobeStock_24702456-768x510.jpeg\" data-width=\"768\" data-height=\"510\" aria-label=\"\" role=\"img\" ><\/div>\n\t\t\t\t\t\t\t\t\t\t\t<div class=\"elementor-gallery-item__overlay\"><\/div>\n\t\t\t\t\t\t\t\t\t\t\t\t\t\t<\/a>\n\t\t\t\t\t\t\t<a class=\"e-gallery-item elementor-gallery-item elementor-animated-content\" href=\"https:\/\/auro.ch\/wp-content\/uploads\/2023\/06\/AURO-Rohstoffkreislauf-e1731581557511.png\" data-elementor-open-lightbox=\"yes\" data-elementor-lightbox-slideshow=\"074f0d4\" data-e-action-hash=\"#elementor-action%3Aaction%3Dlightbox%26settings%3DeyJpZCI6NTg5MjIsInVybCI6Imh0dHBzOlwvXC9hdXJvLmNoXC93cC1jb250ZW50XC91cGxvYWRzXC8yMDIzXC8wNlwvQVVSTy1Sb2hzdG9mZmtyZWlzbGF1Zi1lMTczMTU4MTU1NzUxMS5wbmciLCJzbGlkZXNob3ciOiIwNzRmMGQ0In0%3D\">\n\t\t\t\t\t<div class=\"e-gallery-image elementor-gallery-item__image\" data-thumbnail=\"https:\/\/auro.ch\/wp-content\/uploads\/2023\/06\/AURO-Rohstoffkreislauf-768x768.png\" data-width=\"768\" data-height=\"768\" aria-label=\"\" role=\"img\" ><\/div>\n\t\t\t\t\t\t\t\t\t\t\t<div class=\"elementor-gallery-item__overlay\"><\/div>\n\t\t\t\t\t\t\t\t\t\t\t\t\t\t<\/a>\n\t\t\t\t\t\t\t<a class=\"e-gallery-item elementor-gallery-item elementor-animated-content\" href=\"https:\/\/auro.ch\/wp-content\/uploads\/2023\/06\/Fotolia_75099215_XL-scaled.jpg\" data-elementor-open-lightbox=\"yes\" data-elementor-lightbox-slideshow=\"074f0d4\" data-e-action-hash=\"#elementor-action%3Aaction%3Dlightbox%26settings%3DeyJpZCI6NTg5MjYsInVybCI6Imh0dHBzOlwvXC9hdXJvLmNoXC93cC1jb250ZW50XC91cGxvYWRzXC8yMDIzXC8wNlwvRm90b2xpYV83NTA5OTIxNV9YTC1zY2FsZWQuanBnIiwic2xpZGVzaG93IjoiMDc0ZjBkNCJ9\">\n\t\t\t\t\t<div class=\"e-gallery-image elementor-gallery-item__image\" data-thumbnail=\"https:\/\/auro.ch\/wp-content\/uploads\/2023\/06\/Fotolia_75099215_XL-768x512.jpg\" data-width=\"768\" data-height=\"512\" aria-label=\"\" role=\"img\" ><\/div>\n\t\t\t\t\t\t\t\t\t\t\t<div class=\"elementor-gallery-item__overlay\"><\/div>\n\t\t\t\t\t\t\t\t\t\t\t\t\t\t<\/a>\n\t\t\t\t\t<\/div>\n\t\t\t\t\t<\/div>\n\t\t\t\t<\/div>\n\t\t\t\t\t<\/div>\n\t\t<\/div>\n\t\t\t\t\t<\/div>\n\t\t<\/section>\n\t\t\t\t<section class=\"elementor-section elementor-top-section elementor-element elementor-element-0be65bb elementor-section-boxed elementor-section-height-default elementor-section-height-default\" data-id=\"0be65bb\" data-element_type=\"section\" data-e-type=\"section\" data-settings=\"{&quot;background_background&quot;:&quot;classic&quot;}\">\n\t\t\t\t\t\t<div class=\"elementor-container elementor-column-gap-default\">\n\t\t\t\t\t<div class=\"elementor-column elementor-col-20 elementor-top-column elementor-element elementor-element-ecf7a29 elementor-hidden-mobile\" data-id=\"ecf7a29\" data-element_type=\"column\" data-e-type=\"column\">\n\t\t\t<div class=\"elementor-widget-wrap\">\n\t\t\t\t\t\t\t<\/div>\n\t\t<\/div>\n\t\t\t\t<div class=\"elementor-column elementor-col-20 elementor-top-column elementor-element elementor-element-bed43eb\" data-id=\"bed43eb\" data-element_type=\"column\" data-e-type=\"column\">\n\t\t\t<div class=\"elementor-widget-wrap elementor-element-populated\">\n\t\t\t\t\t\t<div class=\"elementor-element elementor-element-79b4505 elementor-position-top elementor-widget elementor-widget-image-box\" data-id=\"79b4505\" data-element_type=\"widget\" data-e-type=\"widget\" data-widget_type=\"image-box.default\">\n\t\t\t\t<div class=\"elementor-widget-container\">\n\t\t\t\t\t<div class=\"elementor-image-box-wrapper\"><figure class=\"elementor-image-box-img\"><a href=\"https:\/\/auro.ch\/auro\/nachhaltigkeit\/\" tabindex=\"-1\"><img fetchpriority=\"high\" decoding=\"async\" width=\"240\" height=\"240\" src=\"https:\/\/auro.ch\/wp-content\/uploads\/2023\/06\/auro_nachhaltigkeit_thumb.jpg\" class=\"attachment-large size-large wp-image-58895\" alt=\"\" srcset=\"https:\/\/auro.ch\/wp-content\/uploads\/2023\/06\/auro_nachhaltigkeit_thumb.jpg 240w, https:\/\/auro.ch\/wp-content\/uploads\/2023\/06\/auro_nachhaltigkeit_thumb-150x150.jpg 150w\" sizes=\"(max-width: 240px) 100vw, 240px\" \/><\/a><\/figure><div class=\"elementor-image-box-content\"><h3 class=\"elementor-image-box-title\"><a href=\"https:\/\/auro.ch\/auro\/nachhaltigkeit\/\">Durabilit\u00e9<\/a><\/h3><\/div><\/div>\t\t\t\t<\/div>\n\t\t\t\t<\/div>\n\t\t\t\t\t<\/div>\n\t\t<\/div>\n\t\t\t\t<div class=\"elementor-column elementor-col-20 elementor-top-column elementor-element elementor-element-8e3bc49\" data-id=\"8e3bc49\" data-element_type=\"column\" data-e-type=\"column\">\n\t\t\t<div class=\"elementor-widget-wrap elementor-element-populated\">\n\t\t\t\t\t\t<div class=\"elementor-element elementor-element-585ab35 elementor-position-top elementor-widget elementor-widget-image-box\" data-id=\"585ab35\" data-element_type=\"widget\" data-e-type=\"widget\" data-widget_type=\"image-box.default\">\n\t\t\t\t<div class=\"elementor-widget-container\">\n\t\t\t\t\t<div class=\"elementor-image-box-wrapper\"><figure class=\"elementor-image-box-img\"><a href=\"https:\/\/auro.ch\/auro\/nachhaltigkeit\/unsere-philosophie\/\" tabindex=\"-1\"><img decoding=\"async\" width=\"618\" height=\"1000\" src=\"https:\/\/auro.ch\/wp-content\/uploads\/2023\/06\/auro_philosophie_thumb_1000x1000-e1733738498588.jpg\" class=\"attachment-large size-large wp-image-58901\" alt=\"\" srcset=\"https:\/\/auro.ch\/wp-content\/uploads\/2023\/06\/auro_philosophie_thumb_1000x1000-e1733738498588.jpg 618w, https:\/\/auro.ch\/wp-content\/uploads\/2023\/06\/auro_philosophie_thumb_1000x1000-e1733738498588-185x300.jpg 185w\" sizes=\"(max-width: 618px) 100vw, 618px\" \/><\/a><\/figure><div class=\"elementor-image-box-content\"><h3 class=\"elementor-image-box-title\"><a href=\"https:\/\/auro.ch\/auro\/nachhaltigkeit\/unsere-philosophie\/\">Notre philosophie <br><\/a><\/h3><\/div><\/div>\t\t\t\t<\/div>\n\t\t\t\t<\/div>\n\t\t\t\t\t<\/div>\n\t\t<\/div>\n\t\t\t\t<div class=\"elementor-column elementor-col-20 elementor-top-column elementor-element elementor-element-35fea5c\" data-id=\"35fea5c\" data-element_type=\"column\" data-e-type=\"column\">\n\t\t\t<div class=\"elementor-widget-wrap elementor-element-populated\">\n\t\t\t\t\t\t<div class=\"elementor-element elementor-element-441a405 elementor-position-top elementor-widget elementor-widget-image-box\" data-id=\"441a405\" data-element_type=\"widget\" data-e-type=\"widget\" data-widget_type=\"image-box.default\">\n\t\t\t\t<div class=\"elementor-widget-container\">\n\t\t\t\t\t<div class=\"elementor-image-box-wrapper\"><figure class=\"elementor-image-box-img\"><a href=\"https:\/\/auro.ch\/fr\/durabilite\/emballage\/\" tabindex=\"-1\"><img decoding=\"async\" width=\"274\" height=\"274\" src=\"https:\/\/auro.ch\/wp-content\/uploads\/2023\/06\/auro_verpackung_thumb_500x500.jpg\" class=\"attachment-large size-large wp-image-58902\" alt=\"\" srcset=\"https:\/\/auro.ch\/wp-content\/uploads\/2023\/06\/auro_verpackung_thumb_500x500.jpg 274w, https:\/\/auro.ch\/wp-content\/uploads\/2023\/06\/auro_verpackung_thumb_500x500-150x150.jpg 150w\" sizes=\"(max-width: 274px) 100vw, 274px\" \/><\/a><\/figure><div class=\"elementor-image-box-content\"><h3 class=\"elementor-image-box-title\"><a href=\"https:\/\/auro.ch\/fr\/durabilite\/emballage\/\">Emballage<\/a><\/h3><\/div><\/div>\t\t\t\t<\/div>\n\t\t\t\t<\/div>\n\t\t\t\t\t<\/div>\n\t\t<\/div>\n\t\t\t\t<div class=\"elementor-column elementor-col-20 elementor-top-column elementor-element elementor-element-b62bd18 elementor-hidden-mobile\" data-id=\"b62bd18\" data-element_type=\"column\" data-e-type=\"column\">\n\t\t\t<div class=\"elementor-widget-wrap\">\n\t\t\t\t\t\t\t<\/div>\n\t\t<\/div>\n\t\t\t\t\t<\/div>\n\t\t<\/section>\n\t\t\t\t<\/div>\n\t\t","protected":false},"excerpt":{"rendered":"<p>Durabilit\u00e9 Diversit\u00e9 biologique Une nature intacte est pour nous indispensable. [&hellip;]<\/p>\n","protected":false},"author":4,"featured_media":58889,"parent":58899,"menu_order":0,"comment_status":"closed","ping_status":"closed","template":"","meta":{"_acf_changed":false,"footnotes":""},"categories":[],"class_list":["post-58886","page","type-page","status-publish","has-post-thumbnail","hentry"],"acf":[],"_links":{"self":[{"href":"https:\/\/auro.ch\/fr\/wp-json\/wp\/v2\/pages\/58886","targetHints":{"allow":["GET"]}}],"collection":[{"href":"https:\/\/auro.ch\/fr\/wp-json\/wp\/v2\/pages"}],"about":[{"href":"https:\/\/auro.ch\/fr\/wp-json\/wp\/v2\/types\/page"}],"author":[{"embeddable":true,"href":"https:\/\/auro.ch\/fr\/wp-json\/wp\/v2\/users\/4"}],"replies":[{"embeddable":true,"href":"https:\/\/auro.ch\/fr\/wp-json\/wp\/v2\/comments?post=58886"}],"version-history":[{"count":2,"href":"https:\/\/auro.ch\/fr\/wp-json\/wp\/v2\/pages\/58886\/revisions"}],"predecessor-version":[{"id":58938,"href":"https:\/\/auro.ch\/fr\/wp-json\/wp\/v2\/pages\/58886\/revisions\/58938"}],"up":[{"embeddable":true,"href":"https:\/\/auro.ch\/fr\/wp-json\/wp\/v2\/pages\/58899"}],"wp:featuredmedia":[{"embeddable":true,"href":"https:\/\/auro.ch\/fr\/wp-json\/wp\/v2\/media\/58889"}],"wp:attachment":[{"href":"https:\/\/auro.ch\/fr\/wp-json\/wp\/v2\/media?parent=58886"}],"wp:term":[{"taxonomy":"category","embeddable":true,"href":"https:\/\/auro.ch\/fr\/wp-json\/wp\/v2\/categories?post=58886"}],"curies":[{"name":"wp","href":"https:\/\/api.w.org\/{rel}","templated":true}]}}