{"id":58888,"date":"2023-06-21T10:27:46","date_gmt":"2023-06-21T08:27:46","guid":{"rendered":"https:\/\/ch.auro.de\/lignes-droites-concevoir-des-murs-en-deux-couleurs\/"},"modified":"2026-04-29T11:53:42","modified_gmt":"2026-04-29T09:53:42","slug":"lignes-droites-concevoir-des-murs-en-deux-couleurs","status":"publish","type":"page","link":"https:\/\/auro.ch\/fr\/inspiration-et-guide\/instructions\/murs\/lignes-droites-concevoir-des-murs-en-deux-couleurs\/","title":{"rendered":"Lignes droites &#8211; Concevoir des murs en deux couleurs"},"content":{"rendered":"\t\t<div data-elementor-type=\"wp-page\" data-elementor-id=\"58888\" class=\"elementor elementor-58888 elementor-8787\" data-elementor-post-type=\"page\">\n\t\t\t\t\t\t<section class=\"elementor-section elementor-top-section elementor-element elementor-element-262b78f elementor-section-height-min-height elementor-section-boxed elementor-section-height-default elementor-section-items-middle\" data-id=\"262b78f\" data-element_type=\"section\" data-e-type=\"section\" data-settings=\"{&quot;background_background&quot;:&quot;classic&quot;}\">\n\t\t\t\t\t\t\t<div class=\"elementor-background-overlay\"><\/div>\n\t\t\t\t\t\t\t<div class=\"elementor-container elementor-column-gap-default\">\n\t\t\t\t\t<div class=\"elementor-column elementor-col-100 elementor-top-column elementor-element elementor-element-cde1e2c\" data-id=\"cde1e2c\" data-element_type=\"column\" data-e-type=\"column\">\n\t\t\t<div class=\"elementor-widget-wrap elementor-element-populated\">\n\t\t\t\t\t\t<div class=\"elementor-element elementor-element-d7eae92 elementor-invisible elementor-widget elementor-widget-heading\" data-id=\"d7eae92\" data-element_type=\"widget\" data-e-type=\"widget\" data-settings=\"{&quot;_animation&quot;:&quot;fadeInUp&quot;}\" data-widget_type=\"heading.default\">\n\t\t\t\t<div class=\"elementor-widget-container\">\n\t\t\t\t\t<p class=\"elementor-heading-title elementor-size-default\">Instructions<\/p>\t\t\t\t<\/div>\n\t\t\t\t<\/div>\n\t\t\t\t<div class=\"elementor-element elementor-element-fba71c2 elementor-widget elementor-widget-heading\" data-id=\"fba71c2\" data-element_type=\"widget\" data-e-type=\"widget\" data-widget_type=\"heading.default\">\n\t\t\t\t<div class=\"elementor-widget-container\">\n\t\t\t\t\t<h1 class=\"elementor-heading-title elementor-size-default\">Lignes droites - <br>Concevoir des murs bicolores<\/h1>\t\t\t\t<\/div>\n\t\t\t\t<\/div>\n\t\t\t\t\t<\/div>\n\t\t<\/div>\n\t\t\t\t\t<\/div>\n\t\t<\/section>\n\t\t\t\t<section class=\"elementor-section elementor-top-section elementor-element elementor-element-889d454 elementor-section-boxed elementor-section-height-default elementor-section-height-default\" data-id=\"889d454\" data-element_type=\"section\" data-e-type=\"section\">\n\t\t\t\t\t\t<div class=\"elementor-container elementor-column-gap-default\">\n\t\t\t\t\t<div class=\"elementor-column elementor-col-50 elementor-top-column elementor-element elementor-element-316e721\" data-id=\"316e721\" data-element_type=\"column\" data-e-type=\"column\">\n\t\t\t<div class=\"elementor-widget-wrap elementor-element-populated\">\n\t\t\t\t\t\t<div class=\"elementor-element elementor-element-598defc elementor-widget elementor-widget-heading\" data-id=\"598defc\" data-element_type=\"widget\" data-e-type=\"widget\" data-widget_type=\"heading.default\">\n\t\t\t\t<div class=\"elementor-widget-container\">\n\t\t\t\t\t<h3 class=\"elementor-heading-title elementor-size-default\">L'astuce du ruban adh\u00e9sif  <\/h3>\t\t\t\t<\/div>\n\t\t\t\t<\/div>\n\t\t\t\t<div class=\"elementor-element elementor-element-54548e7 elementor-widget elementor-widget-text-editor\" data-id=\"54548e7\" data-element_type=\"widget\" data-e-type=\"widget\" data-widget_type=\"text-editor.default\">\n\t\t\t\t<div class=\"elementor-widget-container\">\n\t\t\t\t\t\t\t\t\t<p>Commencez par peindre la partie sup\u00e9rieure de la surface murale. Apr\u00e8s un bon s\u00e9chage de la peinture sup\u00e9rieure, collez le ruban adh\u00e9sif de peintre sur le bord inf\u00e9rieur de la peinture &#8211; l\u00e0 o\u00f9 la s\u00e9paration doit avoir lieu. Appuyez bien, \u00e9ventuellement \u00e0 l&rsquo;aide d&rsquo;un chiffon.  <br><br>Maintenant, le bord inf\u00e9rieur de la bande adh\u00e9sive est \u00ab\u00a0peint\u00a0\u00bb avec la m\u00eame peinture \u00e0 l&rsquo;aide d&rsquo;un pinceau plus petit. La peinture passe alors l\u00e9g\u00e8rement sous le ruban adh\u00e9sif, malgr\u00e9 une bonne pression. Le c\u00f4t\u00e9 du ruban adh\u00e9sif est ainsi \u00ab\u00a0\u00e9tanche\u00a0\u00bb.  <br><br>Lorsque, apr\u00e8s s\u00e9chage, la deuxi\u00e8me couleur est appliqu\u00e9e par-dessus, elle ne peut plus passer sous le ruban adh\u00e9sif, car cela a d\u00e9j\u00e0 \u00e9t\u00e9 fait par la couleur sup\u00e9rieure. Il en r\u00e9sulte une transition nette et droite entre les deux couleurs. <\/p>\t\t\t\t\t\t\t\t<\/div>\n\t\t\t\t<\/div>\n\t\t\t\t\t<\/div>\n\t\t<\/div>\n\t\t\t\t<div class=\"elementor-column elementor-col-50 elementor-top-column elementor-element elementor-element-98e6452\" data-id=\"98e6452\" data-element_type=\"column\" data-e-type=\"column\" data-settings=\"{&quot;background_background&quot;:&quot;classic&quot;}\">\n\t\t\t<div class=\"elementor-widget-wrap elementor-element-populated\">\n\t\t\t\t\t\t<div class=\"elementor-element elementor-element-8e0d385 elementor-widget elementor-widget-spacer\" data-id=\"8e0d385\" data-element_type=\"widget\" data-e-type=\"widget\" data-widget_type=\"spacer.default\">\n\t\t\t\t<div class=\"elementor-widget-container\">\n\t\t\t\t\t\t\t<div class=\"elementor-spacer\">\n\t\t\t<div class=\"elementor-spacer-inner\"><\/div>\n\t\t<\/div>\n\t\t\t\t\t\t<\/div>\n\t\t\t\t<\/div>\n\t\t\t\t\t<\/div>\n\t\t<\/div>\n\t\t\t\t\t<\/div>\n\t\t<\/section>\n\t\t\t\t<section class=\"elementor-section elementor-top-section elementor-element elementor-element-eef8e93 elementor-reverse-mobile elementor-section-boxed elementor-section-height-default elementor-section-height-default\" data-id=\"eef8e93\" data-element_type=\"section\" data-e-type=\"section\" data-settings=\"{&quot;background_background&quot;:&quot;classic&quot;}\">\n\t\t\t\t\t\t<div class=\"elementor-container elementor-column-gap-default\">\n\t\t\t\t\t<div class=\"elementor-column elementor-col-50 elementor-top-column elementor-element elementor-element-bd36170\" data-id=\"bd36170\" data-element_type=\"column\" data-e-type=\"column\">\n\t\t\t<div class=\"elementor-widget-wrap elementor-element-populated\">\n\t\t\t\t\t\t<div class=\"elementor-element elementor-element-ede032a elementor-widget elementor-widget-heading\" data-id=\"ede032a\" data-element_type=\"widget\" data-e-type=\"widget\" data-widget_type=\"heading.default\">\n\t\t\t\t<div class=\"elementor-widget-container\">\n\t\t\t\t\t<h4 class=\"elementor-heading-title elementor-size-default\">Produits Auro<\/h4>\t\t\t\t<\/div>\n\t\t\t\t<\/div>\n\t\t\t\t<div class=\"elementor-element elementor-element-d04ed90 elementor-widget elementor-widget-text-editor\" data-id=\"d04ed90\" data-element_type=\"widget\" data-e-type=\"widget\" data-widget_type=\"text-editor.default\">\n\t\t\t\t<div class=\"elementor-widget-container\">\n\t\t\t\t\t\t\t\t\t<ul class=\"list-icon\"><li class=\"ico-li\"><i class=\"ico ico-dot\"><\/i><a href=\"https:\/\/auro.ch\/fr\/produkt\/peinture-murale\/\" target=\"_blank\" rel=\"noopener\">Peinture murale n\u00b0 321<\/a><\/li><li class=\"ico-li\"><i class=\"ico ico-dot\"><\/i><a href=\"https:\/\/auro.ch\/produkt\/colours-for-life-wandfarbe-premium\/\" target=\"_blank\" rel=\"noopener\">COLOURS FOR LIFE Peinture Premium pour murs et plafonds n\u00b0 555<\/a><\/li><li><a href=\"https:\/\/auro.ch\/produkt\/vollton-und-abtoenfarbe\/\" target=\"_blank\" rel=\"noopener\">Colorant solide et \u00e0 teinter No. 330<\/a><\/li><\/ul>\t\t\t\t\t\t\t\t<\/div>\n\t\t\t\t<\/div>\n\t\t\t\t\t<\/div>\n\t\t<\/div>\n\t\t\t\t<div class=\"elementor-column elementor-col-50 elementor-top-column elementor-element elementor-element-e4b137b\" data-id=\"e4b137b\" data-element_type=\"column\" data-e-type=\"column\">\n\t\t\t<div class=\"elementor-widget-wrap elementor-element-populated\">\n\t\t\t\t\t\t<div class=\"elementor-element elementor-element-8bea797 elementor-widget elementor-widget-heading\" data-id=\"8bea797\" data-element_type=\"widget\" data-e-type=\"widget\" data-widget_type=\"heading.default\">\n\t\t\t\t<div class=\"elementor-widget-container\">\n\t\t\t\t\t<h4 class=\"elementor-heading-title elementor-size-default\">Autres mat\u00e9riaux<\/h4>\t\t\t\t<\/div>\n\t\t\t\t<\/div>\n\t\t\t\t<div class=\"elementor-element elementor-element-3529b59 elementor-widget elementor-widget-text-editor\" data-id=\"3529b59\" data-element_type=\"widget\" data-e-type=\"widget\" data-widget_type=\"text-editor.default\">\n\t\t\t\t<div class=\"elementor-widget-container\">\n\t\t\t\t\t\t\t\t\t<p>Cr\u00eape de peintre &#8211; ruban de masquage<\/p>\t\t\t\t\t\t\t\t<\/div>\n\t\t\t\t<\/div>\n\t\t\t\t\t<\/div>\n\t\t<\/div>\n\t\t\t\t\t<\/div>\n\t\t<\/section>\n\t\t\t\t<\/div>\n\t\t","protected":false},"excerpt":{"rendered":"<p>Instructions Lignes droites &#8211; Concevoir des murs bicolores L&rsquo;astuce du [&hellip;]<\/p>\n","protected":false},"author":4,"featured_media":58891,"parent":60236,"menu_order":0,"comment_status":"closed","ping_status":"closed","template":"","meta":{"_acf_changed":false,"footnotes":""},"categories":[],"class_list":["post-58888","page","type-page","status-publish","has-post-thumbnail","hentry"],"acf":[],"_links":{"self":[{"href":"https:\/\/auro.ch\/fr\/wp-json\/wp\/v2\/pages\/58888","targetHints":{"allow":["GET"]}}],"collection":[{"href":"https:\/\/auro.ch\/fr\/wp-json\/wp\/v2\/pages"}],"about":[{"href":"https:\/\/auro.ch\/fr\/wp-json\/wp\/v2\/types\/page"}],"author":[{"embeddable":true,"href":"https:\/\/auro.ch\/fr\/wp-json\/wp\/v2\/users\/4"}],"replies":[{"embeddable":true,"href":"https:\/\/auro.ch\/fr\/wp-json\/wp\/v2\/comments?post=58888"}],"version-history":[{"count":2,"href":"https:\/\/auro.ch\/fr\/wp-json\/wp\/v2\/pages\/58888\/revisions"}],"predecessor-version":[{"id":61807,"href":"https:\/\/auro.ch\/fr\/wp-json\/wp\/v2\/pages\/58888\/revisions\/61807"}],"up":[{"embeddable":true,"href":"https:\/\/auro.ch\/fr\/wp-json\/wp\/v2\/pages\/60236"}],"wp:featuredmedia":[{"embeddable":true,"href":"https:\/\/auro.ch\/fr\/wp-json\/wp\/v2\/media\/58891"}],"wp:attachment":[{"href":"https:\/\/auro.ch\/fr\/wp-json\/wp\/v2\/media?parent=58888"}],"wp:term":[{"taxonomy":"category","embeddable":true,"href":"https:\/\/auro.ch\/fr\/wp-json\/wp\/v2\/categories?post=58888"}],"curies":[{"name":"wp","href":"https:\/\/api.w.org\/{rel}","templated":true}]}}