{"id":58893,"date":"2023-06-05T14:19:59","date_gmt":"2023-06-05T12:19:59","guid":{"rendered":"https:\/\/ch.auro.de\/notre-philosophie\/"},"modified":"2026-04-29T11:15:11","modified_gmt":"2026-04-29T09:15:11","slug":"notre-philosophie","status":"publish","type":"page","link":"https:\/\/auro.ch\/fr\/auro\/durabilite\/notre-philosophie\/","title":{"rendered":"Notre philosophie"},"content":{"rendered":"\t\t<div data-elementor-type=\"wp-page\" data-elementor-id=\"58893\" class=\"elementor elementor-58893 elementor-7975\" data-elementor-post-type=\"page\">\n\t\t\t\t\t\t<section class=\"elementor-section elementor-top-section elementor-element elementor-element-365e918 elementor-section-height-min-height elementor-section-boxed elementor-section-height-default elementor-section-items-middle\" data-id=\"365e918\" data-element_type=\"section\" data-e-type=\"section\" data-settings=\"{&quot;background_background&quot;:&quot;classic&quot;}\">\n\t\t\t\t\t\t\t<div class=\"elementor-background-overlay\"><\/div>\n\t\t\t\t\t\t\t<div class=\"elementor-container elementor-column-gap-default\">\n\t\t\t\t\t<div class=\"elementor-column elementor-col-100 elementor-top-column elementor-element elementor-element-2136db5\" data-id=\"2136db5\" data-element_type=\"column\" data-e-type=\"column\">\n\t\t\t<div class=\"elementor-widget-wrap elementor-element-populated\">\n\t\t\t\t\t\t<div class=\"elementor-element elementor-element-a52af7c elementor-invisible elementor-widget elementor-widget-heading\" data-id=\"a52af7c\" data-element_type=\"widget\" data-e-type=\"widget\" data-settings=\"{&quot;_animation&quot;:&quot;fadeInUp&quot;}\" data-widget_type=\"heading.default\">\n\t\t\t\t<div class=\"elementor-widget-container\">\n\t\t\t\t\t<p class=\"elementor-heading-title elementor-size-default\">Durabilit\u00e9<\/p>\t\t\t\t<\/div>\n\t\t\t\t<\/div>\n\t\t\t\t<div class=\"elementor-element elementor-element-7eea36d elementor-widget elementor-widget-heading\" data-id=\"7eea36d\" data-element_type=\"widget\" data-e-type=\"widget\" data-widget_type=\"heading.default\">\n\t\t\t\t<div class=\"elementor-widget-container\">\n\t\t\t\t\t<h1 class=\"elementor-heading-title elementor-size-default\">Notre philosophie<\/h1>\t\t\t\t<\/div>\n\t\t\t\t<\/div>\n\t\t\t\t\t<\/div>\n\t\t<\/div>\n\t\t\t\t\t<\/div>\n\t\t<\/section>\n\t\t\t\t<section class=\"elementor-section elementor-top-section elementor-element elementor-element-3f5180e elementor-section-boxed elementor-section-height-default elementor-section-height-default\" data-id=\"3f5180e\" data-element_type=\"section\" data-e-type=\"section\">\n\t\t\t\t\t\t<div class=\"elementor-container elementor-column-gap-default\">\n\t\t\t\t\t<div class=\"elementor-column elementor-col-100 elementor-top-column elementor-element elementor-element-96d8ec2\" data-id=\"96d8ec2\" data-element_type=\"column\" data-e-type=\"column\">\n\t\t\t<div class=\"elementor-widget-wrap elementor-element-populated\">\n\t\t\t\t\t\t<div class=\"elementor-element elementor-element-50d4f59 elementor-widget elementor-widget-text-editor\" data-id=\"50d4f59\" data-element_type=\"widget\" data-e-type=\"widget\" data-widget_type=\"text-editor.default\">\n\t\t\t\t<div class=\"elementor-widget-container\">\n\t\t\t\t\t\t\t\t\t<p>En tant que fabricant de peintures naturelles, il nous tient \u00e0 c\u0153ur de pr\u00e9server et de promouvoir la sant\u00e9 de l&rsquo;homme et de la nature. Depuis le d\u00e9but, nous misons sur des sources v\u00e9g\u00e9tales et min\u00e9rales pour le d\u00e9veloppement et la production de nos peintures, vernis, lasures, huiles, cires et nettoyants. Nous suivons ainsi l&rsquo;id\u00e9e, d&rsquo;une \u00ab\u00a0chimie verte\u00a0\u00bb du fondateur et chimiste d&rsquo;AURO, le Dr. Hermann Fischer, qui renonce au p\u00e9trole et travaille \u00e0 la place avec des mati\u00e8res premi\u00e8res durables.  <\/p>\t\t\t\t\t\t\t\t<\/div>\n\t\t\t\t<\/div>\n\t\t\t\t\t<\/div>\n\t\t<\/div>\n\t\t\t\t\t<\/div>\n\t\t<\/section>\n\t\t\t\t<section class=\"elementor-section elementor-top-section elementor-element elementor-element-f7837af elementor-section-full_width elementor-section-height-default elementor-section-height-default\" data-id=\"f7837af\" data-element_type=\"section\" data-e-type=\"section\" data-settings=\"{&quot;background_background&quot;:&quot;classic&quot;}\">\n\t\t\t\t\t\t<div class=\"elementor-container elementor-column-gap-default\">\n\t\t\t\t\t<div class=\"elementor-column elementor-col-100 elementor-top-column elementor-element elementor-element-521896c\" data-id=\"521896c\" data-element_type=\"column\" data-e-type=\"column\">\n\t\t\t<div class=\"elementor-widget-wrap elementor-element-populated\">\n\t\t\t\t\t\t<div class=\"elementor-element elementor-element-074f0d4 elementor-widget elementor-widget-gallery\" data-id=\"074f0d4\" data-element_type=\"widget\" data-e-type=\"widget\" data-settings=\"{&quot;columns_tablet&quot;:4,&quot;columns_mobile&quot;:2,&quot;gap&quot;:{&quot;unit&quot;:&quot;px&quot;,&quot;size&quot;:0,&quot;sizes&quot;:[]},&quot;gap_tablet&quot;:{&quot;unit&quot;:&quot;px&quot;,&quot;size&quot;:0,&quot;sizes&quot;:[]},&quot;gap_mobile&quot;:{&quot;unit&quot;:&quot;px&quot;,&quot;size&quot;:0,&quot;sizes&quot;:[]},&quot;columns&quot;:3,&quot;lazyload&quot;:&quot;yes&quot;,&quot;gallery_layout&quot;:&quot;grid&quot;,&quot;link_to&quot;:&quot;file&quot;,&quot;aspect_ratio&quot;:&quot;3:2&quot;,&quot;overlay_background&quot;:&quot;yes&quot;,&quot;content_hover_animation&quot;:&quot;fade-in&quot;}\" data-widget_type=\"gallery.default\">\n\t\t\t\t<div class=\"elementor-widget-container\">\n\t\t\t\t\t\t\t<div class=\"elementor-gallery__container\">\n\t\t\t\t\t\t\t<a class=\"e-gallery-item elementor-gallery-item elementor-animated-content\" href=\"https:\/\/auro.ch\/wp-content\/uploads\/2023\/06\/AURO_Reagenzglaeser_Philosophie-scaled.jpg\" data-elementor-open-lightbox=\"yes\" data-elementor-lightbox-slideshow=\"074f0d4\" data-e-action-hash=\"#elementor-action%3Aaction%3Dlightbox%26settings%3DeyJpZCI6NTg5MjAsInVybCI6Imh0dHBzOlwvXC9hdXJvLmNoXC93cC1jb250ZW50XC91cGxvYWRzXC8yMDIzXC8wNlwvQVVST19SZWFnZW56Z2xhZXNlcl9QaGlsb3NvcGhpZS1zY2FsZWQuanBnIiwic2xpZGVzaG93IjoiMDc0ZjBkNCJ9\">\n\t\t\t\t\t<div class=\"e-gallery-image elementor-gallery-item__image\" data-thumbnail=\"https:\/\/auro.ch\/wp-content\/uploads\/2023\/06\/AURO_Reagenzglaeser_Philosophie-768x556.jpg\" data-width=\"768\" data-height=\"556\" aria-label=\"\" role=\"img\" ><\/div>\n\t\t\t\t\t\t\t\t\t\t\t<div class=\"elementor-gallery-item__overlay\"><\/div>\n\t\t\t\t\t\t\t\t\t\t\t\t\t\t<\/a>\n\t\t\t\t\t\t\t<a class=\"e-gallery-item elementor-gallery-item elementor-animated-content\" href=\"https:\/\/auro.ch\/wp-content\/uploads\/2023\/06\/Collage-Farbdeckel-Eucalyptus_gruen.jpg\" data-elementor-open-lightbox=\"yes\" data-elementor-lightbox-slideshow=\"074f0d4\" data-e-action-hash=\"#elementor-action%3Aaction%3Dlightbox%26settings%3DeyJpZCI6NTg5MjUsInVybCI6Imh0dHBzOlwvXC9hdXJvLmNoXC93cC1jb250ZW50XC91cGxvYWRzXC8yMDIzXC8wNlwvQ29sbGFnZS1GYXJiZGVja2VsLUV1Y2FseXB0dXNfZ3J1ZW4uanBnIiwic2xpZGVzaG93IjoiMDc0ZjBkNCJ9\">\n\t\t\t\t\t<div class=\"e-gallery-image elementor-gallery-item__image\" data-thumbnail=\"https:\/\/auro.ch\/wp-content\/uploads\/2023\/06\/Collage-Farbdeckel-Eucalyptus_gruen-768x1024.jpg\" data-width=\"768\" data-height=\"1024\" aria-label=\"\" role=\"img\" ><\/div>\n\t\t\t\t\t\t\t\t\t\t\t<div class=\"elementor-gallery-item__overlay\"><\/div>\n\t\t\t\t\t\t\t\t\t\t\t\t\t\t<\/a>\n\t\t\t\t\t\t\t<a class=\"e-gallery-item elementor-gallery-item elementor-animated-content\" href=\"https:\/\/auro.ch\/wp-content\/uploads\/2023\/06\/Fotolia_104808838_XL-scaled.jpg\" data-elementor-open-lightbox=\"yes\" data-elementor-lightbox-slideshow=\"074f0d4\" data-e-action-hash=\"#elementor-action%3Aaction%3Dlightbox%26settings%3DeyJpZCI6NTg5MjcsInVybCI6Imh0dHBzOlwvXC9hdXJvLmNoXC93cC1jb250ZW50XC91cGxvYWRzXC8yMDIzXC8wNlwvRm90b2xpYV8xMDQ4MDg4MzhfWEwtc2NhbGVkLmpwZyIsInNsaWRlc2hvdyI6IjA3NGYwZDQifQ%3D%3D\">\n\t\t\t\t\t<div class=\"e-gallery-image elementor-gallery-item__image\" data-thumbnail=\"https:\/\/auro.ch\/wp-content\/uploads\/2023\/06\/Fotolia_104808838_XL-768x511.jpg\" data-width=\"768\" data-height=\"511\" aria-label=\"\" role=\"img\" ><\/div>\n\t\t\t\t\t\t\t\t\t\t\t<div class=\"elementor-gallery-item__overlay\"><\/div>\n\t\t\t\t\t\t\t\t\t\t\t\t\t\t<\/a>\n\t\t\t\t\t<\/div>\n\t\t\t\t\t<\/div>\n\t\t\t\t<\/div>\n\t\t\t\t\t<\/div>\n\t\t<\/div>\n\t\t\t\t\t<\/div>\n\t\t<\/section>\n\t\t\t\t<section class=\"elementor-section elementor-top-section elementor-element elementor-element-e277e21 elementor-section-boxed elementor-section-height-default elementor-section-height-default\" data-id=\"e277e21\" data-element_type=\"section\" data-e-type=\"section\">\n\t\t\t\t\t\t<div class=\"elementor-container elementor-column-gap-default\">\n\t\t\t\t\t<div class=\"elementor-column elementor-col-100 elementor-top-column elementor-element elementor-element-3a7eda2\" data-id=\"3a7eda2\" data-element_type=\"column\" data-e-type=\"column\">\n\t\t\t<div class=\"elementor-widget-wrap elementor-element-populated\">\n\t\t\t\t\t\t<div class=\"elementor-element elementor-element-1756639 elementor-widget elementor-widget-heading\" data-id=\"1756639\" data-element_type=\"widget\" data-e-type=\"widget\" data-widget_type=\"heading.default\">\n\t\t\t\t<div class=\"elementor-widget-container\">\n\t\t\t\t\t<h4 class=\"elementor-heading-title elementor-size-default\">Ce n'est qu'en utilisant syst\u00e9matiquement des sources d'\u00e9nergie renouvelables et des mat\u00e9riaux renouvelables que notre soci\u00e9t\u00e9 sera \"adapt\u00e9e aux petits-enfants\" au meilleur sens du terme.\"  <\/h4>\t\t\t\t<\/div>\n\t\t\t\t<\/div>\n\t\t\t\t<div class=\"elementor-element elementor-element-8f67794 elementor-widget elementor-widget-text-editor\" data-id=\"8f67794\" data-element_type=\"widget\" data-e-type=\"widget\" data-widget_type=\"text-editor.default\">\n\t\t\t\t<div class=\"elementor-widget-container\">\n\t\t\t\t\t\t\t\t\t<p>Dr. Hermann Fischer Fondateur d&rsquo;AURO &amp; pionnier de l&rsquo;\u00e9cologie<\/p>\t\t\t\t\t\t\t\t<\/div>\n\t\t\t\t<\/div>\n\t\t\t\t\t<\/div>\n\t\t<\/div>\n\t\t\t\t\t<\/div>\n\t\t<\/section>\n\t\t\t\t<section class=\"elementor-section elementor-top-section elementor-element elementor-element-0be65bb elementor-section-boxed elementor-section-height-default elementor-section-height-default\" data-id=\"0be65bb\" data-element_type=\"section\" data-e-type=\"section\" data-settings=\"{&quot;background_background&quot;:&quot;classic&quot;}\">\n\t\t\t\t\t\t<div class=\"elementor-container elementor-column-gap-default\">\n\t\t\t\t\t<div class=\"elementor-column elementor-col-20 elementor-top-column elementor-element elementor-element-ecf7a29 elementor-hidden-mobile\" data-id=\"ecf7a29\" data-element_type=\"column\" data-e-type=\"column\">\n\t\t\t<div class=\"elementor-widget-wrap\">\n\t\t\t\t\t\t\t<\/div>\n\t\t<\/div>\n\t\t\t\t<div class=\"elementor-column elementor-col-20 elementor-top-column elementor-element elementor-element-bed43eb\" data-id=\"bed43eb\" data-element_type=\"column\" data-e-type=\"column\">\n\t\t\t<div class=\"elementor-widget-wrap elementor-element-populated\">\n\t\t\t\t\t\t<div class=\"elementor-element elementor-element-79b4505 elementor-position-top elementor-widget elementor-widget-image-box\" data-id=\"79b4505\" data-element_type=\"widget\" data-e-type=\"widget\" data-widget_type=\"image-box.default\">\n\t\t\t\t<div class=\"elementor-widget-container\">\n\t\t\t\t\t<div class=\"elementor-image-box-wrapper\"><figure class=\"elementor-image-box-img\"><a href=\"https:\/\/auro.ch\/auro\/nachhaltigkeit\/\" tabindex=\"-1\"><img fetchpriority=\"high\" decoding=\"async\" width=\"240\" height=\"240\" src=\"https:\/\/auro.ch\/wp-content\/uploads\/2023\/06\/auro_nachhaltigkeit_thumb.jpg\" class=\"attachment-large size-large wp-image-58895\" alt=\"\" srcset=\"https:\/\/auro.ch\/wp-content\/uploads\/2023\/06\/auro_nachhaltigkeit_thumb.jpg 240w, https:\/\/auro.ch\/wp-content\/uploads\/2023\/06\/auro_nachhaltigkeit_thumb-150x150.jpg 150w\" sizes=\"(max-width: 240px) 100vw, 240px\" \/><\/a><\/figure><div class=\"elementor-image-box-content\"><h3 class=\"elementor-image-box-title\"><a href=\"https:\/\/auro.ch\/auro\/nachhaltigkeit\/\">Durabilit\u00e9<\/a><\/h3><\/div><\/div>\t\t\t\t<\/div>\n\t\t\t\t<\/div>\n\t\t\t\t\t<\/div>\n\t\t<\/div>\n\t\t\t\t<div class=\"elementor-column elementor-col-20 elementor-top-column elementor-element elementor-element-8e3bc49\" data-id=\"8e3bc49\" data-element_type=\"column\" data-e-type=\"column\">\n\t\t\t<div class=\"elementor-widget-wrap elementor-element-populated\">\n\t\t\t\t\t\t<div class=\"elementor-element elementor-element-585ab35 elementor-position-top elementor-widget elementor-widget-image-box\" data-id=\"585ab35\" data-element_type=\"widget\" data-e-type=\"widget\" data-widget_type=\"image-box.default\">\n\t\t\t\t<div class=\"elementor-widget-container\">\n\t\t\t\t\t<div class=\"elementor-image-box-wrapper\"><figure class=\"elementor-image-box-img\"><a href=\"https:\/\/auro.ch\/auro\/nachhaltigkeit\/biologische-vielfalt\/\" tabindex=\"-1\"><img decoding=\"async\" width=\"800\" height=\"800\" src=\"https:\/\/auro.ch\/wp-content\/uploads\/2023\/06\/auro_vielfalt_thumb_1000x1000.jpg\" class=\"attachment-large size-large wp-image-58889\" alt=\"\" srcset=\"https:\/\/auro.ch\/wp-content\/uploads\/2023\/06\/auro_vielfalt_thumb_1000x1000.jpg 1000w, https:\/\/auro.ch\/wp-content\/uploads\/2023\/06\/auro_vielfalt_thumb_1000x1000-300x300.jpg 300w, https:\/\/auro.ch\/wp-content\/uploads\/2023\/06\/auro_vielfalt_thumb_1000x1000-150x150.jpg 150w, https:\/\/auro.ch\/wp-content\/uploads\/2023\/06\/auro_vielfalt_thumb_1000x1000-768x768.jpg 768w\" sizes=\"(max-width: 800px) 100vw, 800px\" \/><\/a><\/figure><div class=\"elementor-image-box-content\"><h3 class=\"elementor-image-box-title\"><a href=\"https:\/\/auro.ch\/auro\/nachhaltigkeit\/biologische-vielfalt\/\">Diversit\u00e9 biologique <br><\/a><\/h3><\/div><\/div>\t\t\t\t<\/div>\n\t\t\t\t<\/div>\n\t\t\t\t\t<\/div>\n\t\t<\/div>\n\t\t\t\t<div class=\"elementor-column elementor-col-20 elementor-top-column elementor-element elementor-element-35fea5c\" data-id=\"35fea5c\" data-element_type=\"column\" data-e-type=\"column\">\n\t\t\t<div class=\"elementor-widget-wrap elementor-element-populated\">\n\t\t\t\t\t\t<div class=\"elementor-element elementor-element-441a405 elementor-position-top elementor-widget elementor-widget-image-box\" data-id=\"441a405\" data-element_type=\"widget\" data-e-type=\"widget\" data-widget_type=\"image-box.default\">\n\t\t\t\t<div class=\"elementor-widget-container\">\n\t\t\t\t\t<div class=\"elementor-image-box-wrapper\"><figure class=\"elementor-image-box-img\"><a href=\"https:\/\/auro.ch\/fr\/durabilite\/emballage\/\" tabindex=\"-1\"><img decoding=\"async\" width=\"274\" height=\"274\" src=\"https:\/\/auro.ch\/wp-content\/uploads\/2023\/06\/auro_verpackung_thumb_500x500.jpg\" class=\"attachment-large size-large wp-image-58902\" alt=\"\" srcset=\"https:\/\/auro.ch\/wp-content\/uploads\/2023\/06\/auro_verpackung_thumb_500x500.jpg 274w, https:\/\/auro.ch\/wp-content\/uploads\/2023\/06\/auro_verpackung_thumb_500x500-150x150.jpg 150w\" sizes=\"(max-width: 274px) 100vw, 274px\" \/><\/a><\/figure><div class=\"elementor-image-box-content\"><h3 class=\"elementor-image-box-title\"><a href=\"https:\/\/auro.ch\/fr\/durabilite\/emballage\/\">Emballage<\/a><\/h3><\/div><\/div>\t\t\t\t<\/div>\n\t\t\t\t<\/div>\n\t\t\t\t\t<\/div>\n\t\t<\/div>\n\t\t\t\t<div class=\"elementor-column elementor-col-20 elementor-top-column elementor-element elementor-element-b62bd18 elementor-hidden-mobile\" data-id=\"b62bd18\" data-element_type=\"column\" data-e-type=\"column\">\n\t\t\t<div class=\"elementor-widget-wrap\">\n\t\t\t\t\t\t\t<\/div>\n\t\t<\/div>\n\t\t\t\t\t<\/div>\n\t\t<\/section>\n\t\t\t\t<\/div>\n\t\t","protected":false},"excerpt":{"rendered":"<p>Durabilit\u00e9 Notre philosophie En tant que fabricant de peintures naturelles, [&hellip;]<\/p>\n","protected":false},"author":4,"featured_media":58896,"parent":58899,"menu_order":0,"comment_status":"closed","ping_status":"closed","template":"","meta":{"_acf_changed":false,"footnotes":""},"categories":[],"class_list":["post-58893","page","type-page","status-publish","has-post-thumbnail","hentry"],"acf":[],"_links":{"self":[{"href":"https:\/\/auro.ch\/fr\/wp-json\/wp\/v2\/pages\/58893","targetHints":{"allow":["GET"]}}],"collection":[{"href":"https:\/\/auro.ch\/fr\/wp-json\/wp\/v2\/pages"}],"about":[{"href":"https:\/\/auro.ch\/fr\/wp-json\/wp\/v2\/types\/page"}],"author":[{"embeddable":true,"href":"https:\/\/auro.ch\/fr\/wp-json\/wp\/v2\/users\/4"}],"replies":[{"embeddable":true,"href":"https:\/\/auro.ch\/fr\/wp-json\/wp\/v2\/comments?post=58893"}],"version-history":[{"count":2,"href":"https:\/\/auro.ch\/fr\/wp-json\/wp\/v2\/pages\/58893\/revisions"}],"predecessor-version":[{"id":58939,"href":"https:\/\/auro.ch\/fr\/wp-json\/wp\/v2\/pages\/58893\/revisions\/58939"}],"up":[{"embeddable":true,"href":"https:\/\/auro.ch\/fr\/wp-json\/wp\/v2\/pages\/58899"}],"wp:featuredmedia":[{"embeddable":true,"href":"https:\/\/auro.ch\/fr\/wp-json\/wp\/v2\/media\/58896"}],"wp:attachment":[{"href":"https:\/\/auro.ch\/fr\/wp-json\/wp\/v2\/media?parent=58893"}],"wp:term":[{"taxonomy":"category","embeddable":true,"href":"https:\/\/auro.ch\/fr\/wp-json\/wp\/v2\/categories?post=58893"}],"curies":[{"name":"wp","href":"https:\/\/api.w.org\/{rel}","templated":true}]}}