{"id":59102,"date":"2021-02-01T11:16:02","date_gmt":"2021-02-01T10:16:02","guid":{"rendered":"https:\/\/ch.auro.de\/exposition-horticole-federale-buga-2015\/"},"modified":"2026-04-29T11:16:23","modified_gmt":"2026-04-29T09:16:23","slug":"exposition-horticole-federale-buga-2015","status":"publish","type":"page","link":"https:\/\/auro.ch\/fr\/exposition-horticole-federale-buga-2015\/","title":{"rendered":"Exposition horticole f\u00e9d\u00e9rale BUGA 2015"},"content":{"rendered":"\t\t<div data-elementor-type=\"wp-page\" data-elementor-id=\"59102\" class=\"elementor elementor-59102 elementor-6530\" data-elementor-post-type=\"page\">\n\t\t\t\t\t\t<section class=\"elementor-section elementor-top-section elementor-element elementor-element-2f112f3 elementor-section-boxed elementor-section-height-default elementor-section-height-default\" data-id=\"2f112f3\" data-element_type=\"section\" data-e-type=\"section\">\n\t\t\t\t\t\t<div class=\"elementor-container elementor-column-gap-default\">\n\t\t\t\t\t<div class=\"elementor-column elementor-col-50 elementor-top-column elementor-element elementor-element-4306961\" data-id=\"4306961\" data-element_type=\"column\" data-e-type=\"column\">\n\t\t\t<div class=\"elementor-widget-wrap elementor-element-populated\">\n\t\t\t\t\t\t<div class=\"elementor-element elementor-element-018aff0 elementor-widget elementor-widget-heading\" data-id=\"018aff0\" data-element_type=\"widget\" data-e-type=\"widget\" data-widget_type=\"heading.default\">\n\t\t\t\t<div class=\"elementor-widget-container\">\n\t\t\t\t\t<h3 class=\"elementor-heading-title elementor-size-default\">Objet<\/h3>\t\t\t\t<\/div>\n\t\t\t\t<\/div>\n\t\t\t\t<div class=\"elementor-element elementor-element-850f93a elementor-widget elementor-widget-text-editor\" data-id=\"850f93a\" data-element_type=\"widget\" data-e-type=\"widget\" data-widget_type=\"text-editor.default\">\n\t\t\t\t<div class=\"elementor-widget-container\">\n\t\t\t\t\t\t\t\t\t<p>Exposition horticole f\u00e9d\u00e9rale 2015 (site de Havelberg) : Pavillon d&rsquo;information de NABU e.V. dans le jardin d&rsquo;exposition de l&rsquo;ensemble de jardins familiaux Nussberg am Dom.<\/p>\n<div class=\"container\">\n<div class=\"wrap-box\">Le bord du toit de la voli\u00e8re et les \u00e9l\u00e9ments de si\u00e8ge ont \u00e9t\u00e9 d\u00e9cor\u00e9s avec la lasure pour bois AURO Aqua en bleu.<\/div><\/div>\t\t\t\t\t\t\t\t<\/div>\n\t\t\t\t<\/div>\n\t\t\t\t\t<\/div>\n\t\t<\/div>\n\t\t\t\t<div class=\"elementor-column elementor-col-50 elementor-top-column elementor-element elementor-element-d49ed29\" data-id=\"d49ed29\" data-element_type=\"column\" data-e-type=\"column\">\n\t\t\t<div class=\"elementor-widget-wrap\">\n\t\t\t\t\t\t\t<\/div>\n\t\t<\/div>\n\t\t\t\t\t<\/div>\n\t\t<\/section>\n\t\t\t\t<\/div>\n\t\t","protected":false},"excerpt":{"rendered":"<p>Objet Exposition horticole f\u00e9d\u00e9rale 2015 (site de Havelberg) : Pavillon [&hellip;]<\/p>\n","protected":false},"author":1,"featured_media":59104,"parent":0,"menu_order":0,"comment_status":"closed","ping_status":"closed","template":"template-referenz.php","meta":{"_acf_changed":false,"footnotes":""},"categories":[],"class_list":["post-59102","page","type-page","status-publish","has-post-thumbnail","hentry","country-allemagne","referenz-type-public-commercial"],"acf":[],"_links":{"self":[{"href":"https:\/\/auro.ch\/fr\/wp-json\/wp\/v2\/pages\/59102","targetHints":{"allow":["GET"]}}],"collection":[{"href":"https:\/\/auro.ch\/fr\/wp-json\/wp\/v2\/pages"}],"about":[{"href":"https:\/\/auro.ch\/fr\/wp-json\/wp\/v2\/types\/page"}],"author":[{"embeddable":true,"href":"https:\/\/auro.ch\/fr\/wp-json\/wp\/v2\/users\/1"}],"replies":[{"embeddable":true,"href":"https:\/\/auro.ch\/fr\/wp-json\/wp\/v2\/comments?post=59102"}],"version-history":[{"count":1,"href":"https:\/\/auro.ch\/fr\/wp-json\/wp\/v2\/pages\/59102\/revisions"}],"predecessor-version":[{"id":59106,"href":"https:\/\/auro.ch\/fr\/wp-json\/wp\/v2\/pages\/59102\/revisions\/59106"}],"wp:featuredmedia":[{"embeddable":true,"href":"https:\/\/auro.ch\/fr\/wp-json\/wp\/v2\/media\/59104"}],"wp:attachment":[{"href":"https:\/\/auro.ch\/fr\/wp-json\/wp\/v2\/media?parent=59102"}],"wp:term":[{"taxonomy":"category","embeddable":true,"href":"https:\/\/auro.ch\/fr\/wp-json\/wp\/v2\/categories?post=59102"}],"curies":[{"name":"wp","href":"https:\/\/api.w.org\/{rel}","templated":true}]}}