{"id":59109,"date":"2021-08-01T10:54:20","date_gmt":"2021-08-01T08:54:20","guid":{"rendered":"https:\/\/ch.auro.de\/decorations-murales-a-lecole-libre-waldorf\/"},"modified":"2026-04-29T11:16:42","modified_gmt":"2026-04-29T09:16:42","slug":"decorations-murales-a-lecole-libre-waldorf","status":"publish","type":"page","link":"https:\/\/auro.ch\/fr\/decorations-murales-a-lecole-libre-waldorf\/","title":{"rendered":"D\u00e9corations murales \u00e0 l&rsquo;\u00e9cole libre Waldorf"},"content":{"rendered":"\t\t<div data-elementor-type=\"wp-page\" data-elementor-id=\"59109\" class=\"elementor elementor-59109 elementor-6447\" data-elementor-post-type=\"page\">\n\t\t\t\t\t\t<section class=\"elementor-section elementor-top-section elementor-element elementor-element-2f112f3 elementor-section-boxed elementor-section-height-default elementor-section-height-default\" data-id=\"2f112f3\" data-element_type=\"section\" data-e-type=\"section\">\n\t\t\t\t\t\t<div class=\"elementor-container elementor-column-gap-default\">\n\t\t\t\t\t<div class=\"elementor-column elementor-col-50 elementor-top-column elementor-element elementor-element-4306961\" data-id=\"4306961\" data-element_type=\"column\" data-e-type=\"column\">\n\t\t\t<div class=\"elementor-widget-wrap elementor-element-populated\">\n\t\t\t\t\t\t<div class=\"elementor-element elementor-element-018aff0 elementor-widget elementor-widget-heading\" data-id=\"018aff0\" data-element_type=\"widget\" data-e-type=\"widget\" data-widget_type=\"heading.default\">\n\t\t\t\t<div class=\"elementor-widget-container\">\n\t\t\t\t\t<h3 class=\"elementor-heading-title elementor-size-default\">Objet<\/h3>\t\t\t\t<\/div>\n\t\t\t\t<\/div>\n\t\t\t\t<div class=\"elementor-element elementor-element-850f93a elementor-widget elementor-widget-text-editor\" data-id=\"850f93a\" data-element_type=\"widget\" data-e-type=\"widget\" data-widget_type=\"text-editor.default\">\n\t\t\t\t<div class=\"elementor-widget-container\">\n\t\t\t\t\t\t\t\t\t<p>D\u00e9coration color\u00e9e des murs des salles de classe du b\u00e2timent du coll\u00e8ge de l&rsquo;\u00e9cole Waldorf d&rsquo;Everswinkel.<\/p>\t\t\t\t\t\t\t\t<\/div>\n\t\t\t\t<\/div>\n\t\t\t\t\t<\/div>\n\t\t<\/div>\n\t\t\t\t<div class=\"elementor-column elementor-col-50 elementor-top-column elementor-element elementor-element-d49ed29\" data-id=\"d49ed29\" data-element_type=\"column\" data-e-type=\"column\">\n\t\t\t<div class=\"elementor-widget-wrap elementor-element-populated\">\n\t\t\t\t\t\t<div class=\"elementor-element elementor-element-622beba elementor-widget elementor-widget-heading\" data-id=\"622beba\" data-element_type=\"widget\" data-e-type=\"widget\" data-widget_type=\"heading.default\">\n\t\t\t\t<div class=\"elementor-widget-container\">\n\t\t\t\t\t<h3 class=\"elementor-heading-title elementor-size-default\">Conseil professionnel<\/h3>\t\t\t\t<\/div>\n\t\t\t\t<\/div>\n\t\t\t\t<div class=\"elementor-element elementor-element-24da50a elementor-widget elementor-widget-text-editor\" data-id=\"24da50a\" data-element_type=\"widget\" data-e-type=\"widget\" data-widget_type=\"text-editor.default\">\n\t\t\t\t<div class=\"elementor-widget-container\">\n\t\t\t\t\t\t\t\t\t<p>R\u00f6wekamp &amp; Stumpe GbR, Repr\u00e9sentant r\u00e9gional AURO<\/p>\t\t\t\t\t\t\t\t<\/div>\n\t\t\t\t<\/div>\n\t\t\t\t<div class=\"elementor-element elementor-element-bba2e12 elementor-widget elementor-widget-heading\" data-id=\"bba2e12\" data-element_type=\"widget\" data-e-type=\"widget\" data-widget_type=\"heading.default\">\n\t\t\t\t<div class=\"elementor-widget-container\">\n\t\t\t\t\t<h3 class=\"elementor-heading-title elementor-size-default\">Livraison des couleurs<\/h3>\t\t\t\t<\/div>\n\t\t\t\t<\/div>\n\t\t\t\t<div class=\"elementor-element elementor-element-1fe46b8 elementor-widget elementor-widget-text-editor\" data-id=\"1fe46b8\" data-element_type=\"widget\" data-e-type=\"widget\" data-widget_type=\"text-editor.default\">\n\t\t\t\t<div class=\"elementor-widget-container\">\n\t\t\t\t\t\t\t\t\t<p>Biomarkt Warendorf, Benno Hartmann-Walk<\/p>\t\t\t\t\t\t\t\t<\/div>\n\t\t\t\t<\/div>\n\t\t\t\t\t<\/div>\n\t\t<\/div>\n\t\t\t\t\t<\/div>\n\t\t<\/section>\n\t\t\t\t<section class=\"elementor-section elementor-top-section elementor-element elementor-element-1cf9959 elementor-section-full_width elementor-section-height-default elementor-section-height-default\" data-id=\"1cf9959\" data-element_type=\"section\" data-e-type=\"section\">\n\t\t\t\t\t\t<div class=\"elementor-container elementor-column-gap-default\">\n\t\t\t\t\t<div class=\"elementor-column elementor-col-100 elementor-top-column elementor-element elementor-element-137576e\" data-id=\"137576e\" data-element_type=\"column\" data-e-type=\"column\">\n\t\t\t<div class=\"elementor-widget-wrap elementor-element-populated\">\n\t\t\t\t\t\t<div class=\"elementor-element elementor-element-f8f61ee elementor-widget elementor-widget-gallery\" data-id=\"f8f61ee\" data-element_type=\"widget\" data-e-type=\"widget\" data-settings=\"{&quot;columns_tablet&quot;:4,&quot;columns_mobile&quot;:2,&quot;gap&quot;:{&quot;unit&quot;:&quot;px&quot;,&quot;size&quot;:0,&quot;sizes&quot;:[]},&quot;gap_tablet&quot;:{&quot;unit&quot;:&quot;px&quot;,&quot;size&quot;:0,&quot;sizes&quot;:[]},&quot;gap_mobile&quot;:{&quot;unit&quot;:&quot;px&quot;,&quot;size&quot;:0,&quot;sizes&quot;:[]},&quot;lazyload&quot;:&quot;yes&quot;,&quot;gallery_layout&quot;:&quot;grid&quot;,&quot;columns&quot;:4,&quot;link_to&quot;:&quot;file&quot;,&quot;aspect_ratio&quot;:&quot;3:2&quot;,&quot;overlay_background&quot;:&quot;yes&quot;,&quot;content_hover_animation&quot;:&quot;fade-in&quot;}\" data-widget_type=\"gallery.default\">\n\t\t\t\t<div class=\"elementor-widget-container\">\n\t\t\t\t\t\t\t<div class=\"elementor-gallery__container\">\n\t\t\t\t\t\t\t<a class=\"e-gallery-item elementor-gallery-item elementor-animated-content\" href=\"https:\/\/auro.ch\/wp-content\/uploads\/2023\/03\/FWSE-AW-MSG-16-003-Kopie.jpg\" data-elementor-open-lightbox=\"yes\" data-elementor-lightbox-slideshow=\"f8f61ee\" data-e-action-hash=\"#elementor-action%3Aaction%3Dlightbox%26settings%3DeyJpZCI6NjQ0NiwidXJsIjoiaHR0cHM6XC9cL2F1cm8uY2hcL3dwLWNvbnRlbnRcL3VwbG9hZHNcLzIwMjNcLzAzXC9GV1NFLUFXLU1TRy0xNi0wMDMtS29waWUuanBnIiwic2xpZGVzaG93IjoiZjhmNjFlZSJ9\">\n\t\t\t\t\t<div class=\"e-gallery-image elementor-gallery-item__image\" data-thumbnail=\"https:\/\/auro.ch\/wp-content\/uploads\/2023\/03\/FWSE-AW-MSG-16-003-Kopie.jpg\" data-width=\"560\" data-height=\"484\" aria-label=\"\" role=\"img\" ><\/div>\n\t\t\t\t\t\t\t\t\t\t\t<div class=\"elementor-gallery-item__overlay\"><\/div>\n\t\t\t\t\t\t\t\t\t\t\t\t\t\t<\/a>\n\t\t\t\t\t\t\t<a class=\"e-gallery-item elementor-gallery-item elementor-animated-content\" href=\"https:\/\/auro.ch\/wp-content\/uploads\/2023\/03\/FWSE-AW-MSG-16-011-Kopie.jpg\" data-elementor-open-lightbox=\"yes\" data-elementor-lightbox-slideshow=\"f8f61ee\" data-e-action-hash=\"#elementor-action%3Aaction%3Dlightbox%26settings%3DeyJpZCI6NjQ0NSwidXJsIjoiaHR0cHM6XC9cL2F1cm8uY2hcL3dwLWNvbnRlbnRcL3VwbG9hZHNcLzIwMjNcLzAzXC9GV1NFLUFXLU1TRy0xNi0wMTEtS29waWUuanBnIiwic2xpZGVzaG93IjoiZjhmNjFlZSJ9\">\n\t\t\t\t\t<div class=\"e-gallery-image elementor-gallery-item__image\" data-thumbnail=\"https:\/\/auro.ch\/wp-content\/uploads\/2023\/03\/FWSE-AW-MSG-16-011-Kopie.jpg\" data-width=\"560\" data-height=\"434\" aria-label=\"\" role=\"img\" ><\/div>\n\t\t\t\t\t\t\t\t\t\t\t<div class=\"elementor-gallery-item__overlay\"><\/div>\n\t\t\t\t\t\t\t\t\t\t\t\t\t\t<\/a>\n\t\t\t\t\t\t\t<a class=\"e-gallery-item elementor-gallery-item elementor-animated-content\" href=\"https:\/\/auro.ch\/wp-content\/uploads\/2023\/03\/FWSE-AW-MSG-16-012-Kopie.jpg\" data-elementor-open-lightbox=\"yes\" data-elementor-lightbox-slideshow=\"f8f61ee\" data-e-action-hash=\"#elementor-action%3Aaction%3Dlightbox%26settings%3DeyJpZCI6NTkxMjgsInVybCI6Imh0dHBzOlwvXC9hdXJvLmNoXC93cC1jb250ZW50XC91cGxvYWRzXC8yMDIzXC8wM1wvRldTRS1BVy1NU0ctMTYtMDEyLUtvcGllLmpwZyIsInNsaWRlc2hvdyI6ImY4ZjYxZWUifQ%3D%3D\">\n\t\t\t\t\t<div class=\"e-gallery-image elementor-gallery-item__image\" data-thumbnail=\"https:\/\/auro.ch\/wp-content\/uploads\/2023\/03\/FWSE-AW-MSG-16-012-Kopie.jpg\" data-width=\"560\" data-height=\"373\" aria-label=\"\" role=\"img\" ><\/div>\n\t\t\t\t\t\t\t\t\t\t\t<div class=\"elementor-gallery-item__overlay\"><\/div>\n\t\t\t\t\t\t\t\t\t\t\t\t\t\t<\/a>\n\t\t\t\t\t\t\t<a class=\"e-gallery-item elementor-gallery-item elementor-animated-content\" href=\"https:\/\/auro.ch\/wp-content\/uploads\/2023\/03\/FWSE-AW-MSG-16-014-Kopie.jpg\" data-elementor-open-lightbox=\"yes\" data-elementor-lightbox-slideshow=\"f8f61ee\" data-e-action-hash=\"#elementor-action%3Aaction%3Dlightbox%26settings%3DeyJpZCI6NjQ0MywidXJsIjoiaHR0cHM6XC9cL2F1cm8uY2hcL3dwLWNvbnRlbnRcL3VwbG9hZHNcLzIwMjNcLzAzXC9GV1NFLUFXLU1TRy0xNi0wMTQtS29waWUuanBnIiwic2xpZGVzaG93IjoiZjhmNjFlZSJ9\">\n\t\t\t\t\t<div class=\"e-gallery-image elementor-gallery-item__image\" data-thumbnail=\"https:\/\/auro.ch\/wp-content\/uploads\/2023\/03\/FWSE-AW-MSG-16-014-Kopie.jpg\" data-width=\"560\" data-height=\"373\" aria-label=\"\" role=\"img\" ><\/div>\n\t\t\t\t\t\t\t\t\t\t\t<div class=\"elementor-gallery-item__overlay\"><\/div>\n\t\t\t\t\t\t\t\t\t\t\t\t\t\t<\/a>\n\t\t\t\t\t\t\t<a class=\"e-gallery-item elementor-gallery-item elementor-animated-content\" href=\"https:\/\/auro.ch\/wp-content\/uploads\/2023\/03\/FWSE-AW-MSG-16-019-Kopie.jpg\" data-elementor-open-lightbox=\"yes\" data-elementor-lightbox-slideshow=\"f8f61ee\" data-e-action-hash=\"#elementor-action%3Aaction%3Dlightbox%26settings%3DeyJpZCI6NjQ0MiwidXJsIjoiaHR0cHM6XC9cL2F1cm8uY2hcL3dwLWNvbnRlbnRcL3VwbG9hZHNcLzIwMjNcLzAzXC9GV1NFLUFXLU1TRy0xNi0wMTktS29waWUuanBnIiwic2xpZGVzaG93IjoiZjhmNjFlZSJ9\">\n\t\t\t\t\t<div class=\"e-gallery-image elementor-gallery-item__image\" data-thumbnail=\"https:\/\/auro.ch\/wp-content\/uploads\/2023\/03\/FWSE-AW-MSG-16-019-Kopie.jpg\" data-width=\"560\" data-height=\"373\" aria-label=\"\" role=\"img\" ><\/div>\n\t\t\t\t\t\t\t\t\t\t\t<div class=\"elementor-gallery-item__overlay\"><\/div>\n\t\t\t\t\t\t\t\t\t\t\t\t\t\t<\/a>\n\t\t\t\t\t\t\t<a class=\"e-gallery-item elementor-gallery-item elementor-animated-content\" href=\"https:\/\/auro.ch\/wp-content\/uploads\/2023\/03\/FWSE-AW-MSG-16-023-Kopie.jpg\" data-elementor-open-lightbox=\"yes\" data-elementor-lightbox-slideshow=\"f8f61ee\" data-e-action-hash=\"#elementor-action%3Aaction%3Dlightbox%26settings%3DeyJpZCI6NjQ0MSwidXJsIjoiaHR0cHM6XC9cL2F1cm8uY2hcL3dwLWNvbnRlbnRcL3VwbG9hZHNcLzIwMjNcLzAzXC9GV1NFLUFXLU1TRy0xNi0wMjMtS29waWUuanBnIiwic2xpZGVzaG93IjoiZjhmNjFlZSJ9\">\n\t\t\t\t\t<div class=\"e-gallery-image elementor-gallery-item__image\" data-thumbnail=\"https:\/\/auro.ch\/wp-content\/uploads\/2023\/03\/FWSE-AW-MSG-16-023-Kopie.jpg\" data-width=\"560\" data-height=\"592\" aria-label=\"\" role=\"img\" ><\/div>\n\t\t\t\t\t\t\t\t\t\t\t<div class=\"elementor-gallery-item__overlay\"><\/div>\n\t\t\t\t\t\t\t\t\t\t\t\t\t\t<\/a>\n\t\t\t\t\t\t\t<a class=\"e-gallery-item elementor-gallery-item elementor-animated-content\" href=\"https:\/\/auro.ch\/wp-content\/uploads\/2023\/03\/FWSE-AW-MSG-16-061-Kopie.jpg\" data-elementor-open-lightbox=\"yes\" data-elementor-lightbox-slideshow=\"f8f61ee\" data-e-action-hash=\"#elementor-action%3Aaction%3Dlightbox%26settings%3DeyJpZCI6NjQ0MCwidXJsIjoiaHR0cHM6XC9cL2F1cm8uY2hcL3dwLWNvbnRlbnRcL3VwbG9hZHNcLzIwMjNcLzAzXC9GV1NFLUFXLU1TRy0xNi0wNjEtS29waWUuanBnIiwic2xpZGVzaG93IjoiZjhmNjFlZSJ9\">\n\t\t\t\t\t<div class=\"e-gallery-image elementor-gallery-item__image\" data-thumbnail=\"https:\/\/auro.ch\/wp-content\/uploads\/2023\/03\/FWSE-AW-MSG-16-061-Kopie.jpg\" data-width=\"560\" data-height=\"373\" aria-label=\"\" role=\"img\" ><\/div>\n\t\t\t\t\t\t\t\t\t\t\t<div class=\"elementor-gallery-item__overlay\"><\/div>\n\t\t\t\t\t\t\t\t\t\t\t\t\t\t<\/a>\n\t\t\t\t\t\t\t<a class=\"e-gallery-item elementor-gallery-item elementor-animated-content\" href=\"https:\/\/auro.ch\/wp-content\/uploads\/2023\/03\/FWSE-AW-MSG-16-074-Kopie.jpg\" data-elementor-open-lightbox=\"yes\" data-elementor-lightbox-slideshow=\"f8f61ee\" data-e-action-hash=\"#elementor-action%3Aaction%3Dlightbox%26settings%3DeyJpZCI6NjQzOSwidXJsIjoiaHR0cHM6XC9cL2F1cm8uY2hcL3dwLWNvbnRlbnRcL3VwbG9hZHNcLzIwMjNcLzAzXC9GV1NFLUFXLU1TRy0xNi0wNzQtS29waWUuanBnIiwic2xpZGVzaG93IjoiZjhmNjFlZSJ9\">\n\t\t\t\t\t<div class=\"e-gallery-image elementor-gallery-item__image\" data-thumbnail=\"https:\/\/auro.ch\/wp-content\/uploads\/2023\/03\/FWSE-AW-MSG-16-074-Kopie.jpg\" data-width=\"560\" data-height=\"496\" aria-label=\"\" role=\"img\" ><\/div>\n\t\t\t\t\t\t\t\t\t\t\t<div class=\"elementor-gallery-item__overlay\"><\/div>\n\t\t\t\t\t\t\t\t\t\t\t\t\t\t<\/a>\n\t\t\t\t\t\t\t<a class=\"e-gallery-item elementor-gallery-item elementor-animated-content\" href=\"https:\/\/auro.ch\/wp-content\/uploads\/2023\/03\/FWSE-AW-MSG-16-079-Kopie.jpg\" data-elementor-open-lightbox=\"yes\" data-elementor-lightbox-slideshow=\"f8f61ee\" data-e-action-hash=\"#elementor-action%3Aaction%3Dlightbox%26settings%3DeyJpZCI6NjQzOCwidXJsIjoiaHR0cHM6XC9cL2F1cm8uY2hcL3dwLWNvbnRlbnRcL3VwbG9hZHNcLzIwMjNcLzAzXC9GV1NFLUFXLU1TRy0xNi0wNzktS29waWUuanBnIiwic2xpZGVzaG93IjoiZjhmNjFlZSJ9\">\n\t\t\t\t\t<div class=\"e-gallery-image elementor-gallery-item__image\" data-thumbnail=\"https:\/\/auro.ch\/wp-content\/uploads\/2023\/03\/FWSE-AW-MSG-16-079-Kopie.jpg\" data-width=\"560\" data-height=\"373\" aria-label=\"\" role=\"img\" ><\/div>\n\t\t\t\t\t\t\t\t\t\t\t<div class=\"elementor-gallery-item__overlay\"><\/div>\n\t\t\t\t\t\t\t\t\t\t\t\t\t\t<\/a>\n\t\t\t\t\t<\/div>\n\t\t\t\t\t<\/div>\n\t\t\t\t<\/div>\n\t\t\t\t\t<\/div>\n\t\t<\/div>\n\t\t\t\t\t<\/div>\n\t\t<\/section>\n\t\t\t\t<\/div>\n\t\t","protected":false},"excerpt":{"rendered":"<p>Objet D\u00e9coration color\u00e9e des murs des salles de classe du [&hellip;]<\/p>\n","protected":false},"author":1,"featured_media":59128,"parent":0,"menu_order":0,"comment_status":"closed","ping_status":"closed","template":"template-referenz.php","meta":{"_acf_changed":false,"footnotes":""},"categories":[],"class_list":["post-59109","page","type-page","status-publish","has-post-thumbnail","hentry","country-allemagne","referenz-type-public-commercial"],"acf":[],"_links":{"self":[{"href":"https:\/\/auro.ch\/fr\/wp-json\/wp\/v2\/pages\/59109","targetHints":{"allow":["GET"]}}],"collection":[{"href":"https:\/\/auro.ch\/fr\/wp-json\/wp\/v2\/pages"}],"about":[{"href":"https:\/\/auro.ch\/fr\/wp-json\/wp\/v2\/types\/page"}],"author":[{"embeddable":true,"href":"https:\/\/auro.ch\/fr\/wp-json\/wp\/v2\/users\/1"}],"replies":[{"embeddable":true,"href":"https:\/\/auro.ch\/fr\/wp-json\/wp\/v2\/comments?post=59109"}],"version-history":[{"count":1,"href":"https:\/\/auro.ch\/fr\/wp-json\/wp\/v2\/pages\/59109\/revisions"}],"predecessor-version":[{"id":59142,"href":"https:\/\/auro.ch\/fr\/wp-json\/wp\/v2\/pages\/59109\/revisions\/59142"}],"wp:featuredmedia":[{"embeddable":true,"href":"https:\/\/auro.ch\/fr\/wp-json\/wp\/v2\/media\/59128"}],"wp:attachment":[{"href":"https:\/\/auro.ch\/fr\/wp-json\/wp\/v2\/media?parent=59109"}],"wp:term":[{"taxonomy":"category","embeddable":true,"href":"https:\/\/auro.ch\/fr\/wp-json\/wp\/v2\/categories?post=59109"}],"curies":[{"name":"wp","href":"https:\/\/api.w.org\/{rel}","templated":true}]}}