{"id":59165,"date":"2021-06-01T10:30:55","date_gmt":"2021-06-01T08:30:55","guid":{"rendered":"https:\/\/ch.auro.de\/cheval-de-bois-franz\/"},"modified":"2026-04-29T11:16:42","modified_gmt":"2026-04-29T09:16:42","slug":"cheval-de-bois-franz","status":"publish","type":"page","link":"https:\/\/auro.ch\/fr\/cheval-de-bois-franz\/","title":{"rendered":"Cheval de bois Franz"},"content":{"rendered":"\t\t<div data-elementor-type=\"wp-page\" data-elementor-id=\"59165\" class=\"elementor elementor-59165 elementor-6377\" data-elementor-post-type=\"page\">\n\t\t\t\t\t\t<section class=\"elementor-section elementor-top-section elementor-element elementor-element-2f112f3 elementor-section-boxed elementor-section-height-default elementor-section-height-default\" data-id=\"2f112f3\" data-element_type=\"section\" data-e-type=\"section\">\n\t\t\t\t\t\t<div class=\"elementor-container elementor-column-gap-default\">\n\t\t\t\t\t<div class=\"elementor-column elementor-col-50 elementor-top-column elementor-element elementor-element-4306961\" data-id=\"4306961\" data-element_type=\"column\" data-e-type=\"column\">\n\t\t\t<div class=\"elementor-widget-wrap elementor-element-populated\">\n\t\t\t\t\t\t<div class=\"elementor-element elementor-element-018aff0 elementor-widget elementor-widget-heading\" data-id=\"018aff0\" data-element_type=\"widget\" data-e-type=\"widget\" data-widget_type=\"heading.default\">\n\t\t\t\t<div class=\"elementor-widget-container\">\n\t\t\t\t\t<h3 class=\"elementor-heading-title elementor-size-default\">Objet<\/h3>\t\t\t\t<\/div>\n\t\t\t\t<\/div>\n\t\t\t\t<div class=\"elementor-element elementor-element-850f93a elementor-widget elementor-widget-text-editor\" data-id=\"850f93a\" data-element_type=\"widget\" data-e-type=\"widget\" data-widget_type=\"text-editor.default\">\n\t\t\t\t<div class=\"elementor-widget-container\">\n\t\t\t\t\t\t\t\t\t<p>Nous pr\u00e9sentons ici notre<strong> cheval de bois et mascotte maison AURO \u00ab\u00a0Franz\u00a0\u00bb<\/strong>, qui a \u00e9t\u00e9 rev\u00eatu de notre nouvelle <a href=\"https:\/\/auro.ch\/produkt\/colours-for-life-holzlasur\/\" target=\"_blank\" rel=\"noopener\">lasure pour bois COLOURS FOR LIFE n\u00b0 560<\/a>. Vous pouvez l&rsquo;admirer dans notre showroom \u00e0 Braunschweig. <\/p>\t\t\t\t\t\t\t\t<\/div>\n\t\t\t\t<\/div>\n\t\t\t\t\t<\/div>\n\t\t<\/div>\n\t\t\t\t<div class=\"elementor-column elementor-col-50 elementor-top-column elementor-element elementor-element-d49ed29\" data-id=\"d49ed29\" data-element_type=\"column\" data-e-type=\"column\">\n\t\t\t<div class=\"elementor-widget-wrap elementor-element-populated\">\n\t\t\t\t\t\t<div class=\"elementor-element elementor-element-bba2e12 elementor-widget elementor-widget-heading\" data-id=\"bba2e12\" data-element_type=\"widget\" data-e-type=\"widget\" data-widget_type=\"heading.default\">\n\t\t\t\t<div class=\"elementor-widget-container\">\n\t\t\t\t\t<h3 class=\"elementor-heading-title elementor-size-default\">Produit AURO utilis\u00e9<\/h3>\t\t\t\t<\/div>\n\t\t\t\t<\/div>\n\t\t\t\t<div class=\"elementor-element elementor-element-1fe46b8 elementor-widget elementor-widget-text-editor\" data-id=\"1fe46b8\" data-element_type=\"widget\" data-e-type=\"widget\" data-widget_type=\"text-editor.default\">\n\t\t\t\t<div class=\"elementor-widget-container\">\n\t\t\t\t\t\t\t\t\t<p>COLOURS FOR LIFE Lasure pour bois N\u00b0 560<\/p><p><strong>Teintes :<\/strong><\/p><ul><li>1 &#8211; goldfish<\/li><li>2 &#8211; pumpkin<\/li><li>3 &#8211; bumblebee<\/li><li>4 &#8211; sauterelle<\/li><li>5 &#8211; terre<\/li><li>6 &#8211; cotton candy<\/li><li>7 &#8211; ours<\/li><li>8 &#8211; plume<\/li><\/ul>\t\t\t\t\t\t\t\t<\/div>\n\t\t\t\t<\/div>\n\t\t\t\t\t<\/div>\n\t\t<\/div>\n\t\t\t\t\t<\/div>\n\t\t<\/section>\n\t\t\t\t<section class=\"elementor-section elementor-top-section elementor-element elementor-element-1cf9959 elementor-section-full_width elementor-section-height-default elementor-section-height-default\" data-id=\"1cf9959\" data-element_type=\"section\" data-e-type=\"section\">\n\t\t\t\t\t\t<div class=\"elementor-container elementor-column-gap-default\">\n\t\t\t\t\t<div class=\"elementor-column elementor-col-100 elementor-top-column elementor-element elementor-element-137576e\" data-id=\"137576e\" data-element_type=\"column\" data-e-type=\"column\">\n\t\t\t<div class=\"elementor-widget-wrap elementor-element-populated\">\n\t\t\t\t\t\t<div class=\"elementor-element elementor-element-f8f61ee elementor-widget elementor-widget-gallery\" data-id=\"f8f61ee\" data-element_type=\"widget\" data-e-type=\"widget\" data-settings=\"{&quot;columns_tablet&quot;:4,&quot;columns_mobile&quot;:2,&quot;gap&quot;:{&quot;unit&quot;:&quot;px&quot;,&quot;size&quot;:0,&quot;sizes&quot;:[]},&quot;gap_tablet&quot;:{&quot;unit&quot;:&quot;px&quot;,&quot;size&quot;:0,&quot;sizes&quot;:[]},&quot;gap_mobile&quot;:{&quot;unit&quot;:&quot;px&quot;,&quot;size&quot;:0,&quot;sizes&quot;:[]},&quot;lazyload&quot;:&quot;yes&quot;,&quot;gallery_layout&quot;:&quot;grid&quot;,&quot;columns&quot;:4,&quot;link_to&quot;:&quot;file&quot;,&quot;aspect_ratio&quot;:&quot;3:2&quot;,&quot;overlay_background&quot;:&quot;yes&quot;,&quot;content_hover_animation&quot;:&quot;fade-in&quot;}\" data-widget_type=\"gallery.default\">\n\t\t\t\t<div class=\"elementor-widget-container\">\n\t\t\t\t\t\t\t<div class=\"elementor-gallery__container\">\n\t\t\t\t\t\t\t<a class=\"e-gallery-item elementor-gallery-item elementor-animated-content\" href=\"https:\/\/auro.ch\/wp-content\/uploads\/2023\/03\/01-Pferd-streichen.jpg\" data-elementor-open-lightbox=\"yes\" data-elementor-lightbox-slideshow=\"f8f61ee\" data-e-action-hash=\"#elementor-action%3Aaction%3Dlightbox%26settings%3DeyJpZCI6NjM2MiwidXJsIjoiaHR0cHM6XC9cL2F1cm8uY2hcL3dwLWNvbnRlbnRcL3VwbG9hZHNcLzIwMjNcLzAzXC8wMS1QZmVyZC1zdHJlaWNoZW4uanBnIiwic2xpZGVzaG93IjoiZjhmNjFlZSJ9\">\n\t\t\t\t\t<div class=\"e-gallery-image elementor-gallery-item__image\" data-thumbnail=\"https:\/\/auro.ch\/wp-content\/uploads\/2023\/03\/01-Pferd-streichen-1024x576.jpg\" data-width=\"800\" data-height=\"450\" aria-label=\"\" role=\"img\" ><\/div>\n\t\t\t\t\t\t\t\t\t\t\t<div class=\"elementor-gallery-item__overlay\"><\/div>\n\t\t\t\t\t\t\t\t\t\t\t\t\t\t<\/a>\n\t\t\t\t\t\t\t<a class=\"e-gallery-item elementor-gallery-item elementor-animated-content\" href=\"https:\/\/auro.ch\/wp-content\/uploads\/2023\/03\/02-Pferd-streichen.jpg\" data-elementor-open-lightbox=\"yes\" data-elementor-lightbox-slideshow=\"f8f61ee\" data-e-action-hash=\"#elementor-action%3Aaction%3Dlightbox%26settings%3DeyJpZCI6NjM2MSwidXJsIjoiaHR0cHM6XC9cL2F1cm8uY2hcL3dwLWNvbnRlbnRcL3VwbG9hZHNcLzIwMjNcLzAzXC8wMi1QZmVyZC1zdHJlaWNoZW4uanBnIiwic2xpZGVzaG93IjoiZjhmNjFlZSJ9\">\n\t\t\t\t\t<div class=\"e-gallery-image elementor-gallery-item__image\" data-thumbnail=\"https:\/\/auro.ch\/wp-content\/uploads\/2023\/03\/02-Pferd-streichen-1024x576.jpg\" data-width=\"800\" data-height=\"450\" aria-label=\"\" role=\"img\" ><\/div>\n\t\t\t\t\t\t\t\t\t\t\t<div class=\"elementor-gallery-item__overlay\"><\/div>\n\t\t\t\t\t\t\t\t\t\t\t\t\t\t<\/a>\n\t\t\t\t\t\t\t<a class=\"e-gallery-item elementor-gallery-item elementor-animated-content\" href=\"https:\/\/auro.ch\/wp-content\/uploads\/2023\/03\/03-Pferd-streichen.jpg\" data-elementor-open-lightbox=\"yes\" data-elementor-lightbox-slideshow=\"f8f61ee\" data-e-action-hash=\"#elementor-action%3Aaction%3Dlightbox%26settings%3DeyJpZCI6NjM2MCwidXJsIjoiaHR0cHM6XC9cL2F1cm8uY2hcL3dwLWNvbnRlbnRcL3VwbG9hZHNcLzIwMjNcLzAzXC8wMy1QZmVyZC1zdHJlaWNoZW4uanBnIiwic2xpZGVzaG93IjoiZjhmNjFlZSJ9\">\n\t\t\t\t\t<div class=\"e-gallery-image elementor-gallery-item__image\" data-thumbnail=\"https:\/\/auro.ch\/wp-content\/uploads\/2023\/03\/03-Pferd-streichen-1024x576.jpg\" data-width=\"800\" data-height=\"450\" aria-label=\"\" role=\"img\" ><\/div>\n\t\t\t\t\t\t\t\t\t\t\t<div class=\"elementor-gallery-item__overlay\"><\/div>\n\t\t\t\t\t\t\t\t\t\t\t\t\t\t<\/a>\n\t\t\t\t\t\t\t<a class=\"e-gallery-item elementor-gallery-item elementor-animated-content\" href=\"https:\/\/auro.ch\/wp-content\/uploads\/2023\/03\/04-Pferd-streichen.jpg\" data-elementor-open-lightbox=\"yes\" data-elementor-lightbox-slideshow=\"f8f61ee\" data-e-action-hash=\"#elementor-action%3Aaction%3Dlightbox%26settings%3DeyJpZCI6NjM1OSwidXJsIjoiaHR0cHM6XC9cL2F1cm8uY2hcL3dwLWNvbnRlbnRcL3VwbG9hZHNcLzIwMjNcLzAzXC8wNC1QZmVyZC1zdHJlaWNoZW4uanBnIiwic2xpZGVzaG93IjoiZjhmNjFlZSJ9\">\n\t\t\t\t\t<div class=\"e-gallery-image elementor-gallery-item__image\" data-thumbnail=\"https:\/\/auro.ch\/wp-content\/uploads\/2023\/03\/04-Pferd-streichen-576x1024.jpg\" data-width=\"576\" data-height=\"1024\" aria-label=\"\" role=\"img\" ><\/div>\n\t\t\t\t\t\t\t\t\t\t\t<div class=\"elementor-gallery-item__overlay\"><\/div>\n\t\t\t\t\t\t\t\t\t\t\t\t\t\t<\/a>\n\t\t\t\t\t\t\t<a class=\"e-gallery-item elementor-gallery-item elementor-animated-content\" href=\"https:\/\/auro.ch\/wp-content\/uploads\/2023\/03\/05-Pferd-streichen.jpg\" data-elementor-open-lightbox=\"yes\" data-elementor-lightbox-slideshow=\"f8f61ee\" data-e-action-hash=\"#elementor-action%3Aaction%3Dlightbox%26settings%3DeyJpZCI6NjM1OCwidXJsIjoiaHR0cHM6XC9cL2F1cm8uY2hcL3dwLWNvbnRlbnRcL3VwbG9hZHNcLzIwMjNcLzAzXC8wNS1QZmVyZC1zdHJlaWNoZW4uanBnIiwic2xpZGVzaG93IjoiZjhmNjFlZSJ9\">\n\t\t\t\t\t<div class=\"e-gallery-image elementor-gallery-item__image\" data-thumbnail=\"https:\/\/auro.ch\/wp-content\/uploads\/2023\/03\/05-Pferd-streichen-1024x576.jpg\" data-width=\"800\" data-height=\"450\" aria-label=\"\" role=\"img\" ><\/div>\n\t\t\t\t\t\t\t\t\t\t\t<div class=\"elementor-gallery-item__overlay\"><\/div>\n\t\t\t\t\t\t\t\t\t\t\t\t\t\t<\/a>\n\t\t\t\t\t\t\t<a class=\"e-gallery-item elementor-gallery-item elementor-animated-content\" href=\"https:\/\/auro.ch\/wp-content\/uploads\/2023\/03\/06-Pferd-streichen.jpg\" data-elementor-open-lightbox=\"yes\" data-elementor-lightbox-slideshow=\"f8f61ee\" data-e-action-hash=\"#elementor-action%3Aaction%3Dlightbox%26settings%3DeyJpZCI6NjM1NywidXJsIjoiaHR0cHM6XC9cL2F1cm8uY2hcL3dwLWNvbnRlbnRcL3VwbG9hZHNcLzIwMjNcLzAzXC8wNi1QZmVyZC1zdHJlaWNoZW4uanBnIiwic2xpZGVzaG93IjoiZjhmNjFlZSJ9\">\n\t\t\t\t\t<div class=\"e-gallery-image elementor-gallery-item__image\" data-thumbnail=\"https:\/\/auro.ch\/wp-content\/uploads\/2023\/03\/06-Pferd-streichen-576x1024.jpg\" data-width=\"576\" data-height=\"1024\" aria-label=\"\" role=\"img\" ><\/div>\n\t\t\t\t\t\t\t\t\t\t\t<div class=\"elementor-gallery-item__overlay\"><\/div>\n\t\t\t\t\t\t\t\t\t\t\t\t\t\t<\/a>\n\t\t\t\t\t\t\t<a class=\"e-gallery-item elementor-gallery-item elementor-animated-content\" href=\"https:\/\/auro.ch\/wp-content\/uploads\/2023\/03\/08-Pferd-streichen.jpg\" data-elementor-open-lightbox=\"yes\" data-elementor-lightbox-slideshow=\"f8f61ee\" data-e-action-hash=\"#elementor-action%3Aaction%3Dlightbox%26settings%3DeyJpZCI6NjM1NiwidXJsIjoiaHR0cHM6XC9cL2F1cm8uY2hcL3dwLWNvbnRlbnRcL3VwbG9hZHNcLzIwMjNcLzAzXC8wOC1QZmVyZC1zdHJlaWNoZW4uanBnIiwic2xpZGVzaG93IjoiZjhmNjFlZSJ9\">\n\t\t\t\t\t<div class=\"e-gallery-image elementor-gallery-item__image\" data-thumbnail=\"https:\/\/auro.ch\/wp-content\/uploads\/2023\/03\/08-Pferd-streichen-1024x576.jpg\" data-width=\"800\" data-height=\"450\" aria-label=\"\" role=\"img\" ><\/div>\n\t\t\t\t\t\t\t\t\t\t\t<div class=\"elementor-gallery-item__overlay\"><\/div>\n\t\t\t\t\t\t\t\t\t\t\t\t\t\t<\/a>\n\t\t\t\t\t\t\t<a class=\"e-gallery-item elementor-gallery-item elementor-animated-content\" href=\"https:\/\/auro.ch\/wp-content\/uploads\/2023\/03\/09-Pferd-streichen-e1729064540829.jpg\" data-elementor-open-lightbox=\"yes\" data-elementor-lightbox-slideshow=\"f8f61ee\" data-e-action-hash=\"#elementor-action%3Aaction%3Dlightbox%26settings%3DeyJpZCI6NTkxNjcsInVybCI6Imh0dHBzOlwvXC9hdXJvLmNoXC93cC1jb250ZW50XC91cGxvYWRzXC8yMDIzXC8wM1wvMDktUGZlcmQtc3RyZWljaGVuLWUxNzI5MDY0NTQwODI5LmpwZyIsInNsaWRlc2hvdyI6ImY4ZjYxZWUifQ%3D%3D\">\n\t\t\t\t\t<div class=\"e-gallery-image elementor-gallery-item__image\" data-thumbnail=\"https:\/\/auro.ch\/wp-content\/uploads\/2023\/03\/09-Pferd-streichen-e1729064540829-1024x266.jpg\" data-width=\"800\" data-height=\"208\" aria-label=\"\" role=\"img\" ><\/div>\n\t\t\t\t\t\t\t\t\t\t\t<div class=\"elementor-gallery-item__overlay\"><\/div>\n\t\t\t\t\t\t\t\t\t\t\t\t\t\t<\/a>\n\t\t\t\t\t\t\t<a class=\"e-gallery-item elementor-gallery-item elementor-animated-content\" href=\"https:\/\/auro.ch\/wp-content\/uploads\/2023\/03\/10-Pferd-streichen.jpg\" data-elementor-open-lightbox=\"yes\" data-elementor-lightbox-slideshow=\"f8f61ee\" data-e-action-hash=\"#elementor-action%3Aaction%3Dlightbox%26settings%3DeyJpZCI6NjM1NCwidXJsIjoiaHR0cHM6XC9cL2F1cm8uY2hcL3dwLWNvbnRlbnRcL3VwbG9hZHNcLzIwMjNcLzAzXC8xMC1QZmVyZC1zdHJlaWNoZW4uanBnIiwic2xpZGVzaG93IjoiZjhmNjFlZSJ9\">\n\t\t\t\t\t<div class=\"e-gallery-image elementor-gallery-item__image\" data-thumbnail=\"https:\/\/auro.ch\/wp-content\/uploads\/2023\/03\/10-Pferd-streichen-1024x605.jpg\" data-width=\"800\" data-height=\"473\" aria-label=\"\" role=\"img\" ><\/div>\n\t\t\t\t\t\t\t\t\t\t\t<div class=\"elementor-gallery-item__overlay\"><\/div>\n\t\t\t\t\t\t\t\t\t\t\t\t\t\t<\/a>\n\t\t\t\t\t<\/div>\n\t\t\t\t\t<\/div>\n\t\t\t\t<\/div>\n\t\t\t\t\t<\/div>\n\t\t<\/div>\n\t\t\t\t\t<\/div>\n\t\t<\/section>\n\t\t\t\t<\/div>\n\t\t","protected":false},"excerpt":{"rendered":"<p>Objet Nous pr\u00e9sentons ici notre cheval de bois et mascotte [&hellip;]<\/p>\n","protected":false},"author":1,"featured_media":59167,"parent":0,"menu_order":0,"comment_status":"closed","ping_status":"closed","template":"template-referenz.php","meta":{"_acf_changed":false,"footnotes":""},"categories":[],"class_list":["post-59165","page","type-page","status-publish","has-post-thumbnail","hentry","country-allemagne","referenz-type-public-commercial"],"acf":[],"_links":{"self":[{"href":"https:\/\/auro.ch\/fr\/wp-json\/wp\/v2\/pages\/59165","targetHints":{"allow":["GET"]}}],"collection":[{"href":"https:\/\/auro.ch\/fr\/wp-json\/wp\/v2\/pages"}],"about":[{"href":"https:\/\/auro.ch\/fr\/wp-json\/wp\/v2\/types\/page"}],"author":[{"embeddable":true,"href":"https:\/\/auro.ch\/fr\/wp-json\/wp\/v2\/users\/1"}],"replies":[{"embeddable":true,"href":"https:\/\/auro.ch\/fr\/wp-json\/wp\/v2\/comments?post=59165"}],"version-history":[{"count":1,"href":"https:\/\/auro.ch\/fr\/wp-json\/wp\/v2\/pages\/59165\/revisions"}],"predecessor-version":[{"id":59168,"href":"https:\/\/auro.ch\/fr\/wp-json\/wp\/v2\/pages\/59165\/revisions\/59168"}],"wp:featuredmedia":[{"embeddable":true,"href":"https:\/\/auro.ch\/fr\/wp-json\/wp\/v2\/media\/59167"}],"wp:attachment":[{"href":"https:\/\/auro.ch\/fr\/wp-json\/wp\/v2\/media?parent=59165"}],"wp:term":[{"taxonomy":"category","embeddable":true,"href":"https:\/\/auro.ch\/fr\/wp-json\/wp\/v2\/categories?post=59165"}],"curies":[{"name":"wp","href":"https:\/\/api.w.org\/{rel}","templated":true}]}}