{"id":59171,"date":"2023-02-13T15:18:23","date_gmt":"2023-02-13T14:18:23","guid":{"rendered":"https:\/\/ch.auro.de\/lignes-droites-pour-les-plinthes-colorees-sur-enduit-granule\/"},"modified":"2026-04-29T11:16:44","modified_gmt":"2026-04-29T09:16:44","slug":"lignes-droites-pour-les-plinthes-colorees-sur-enduit-granule","status":"publish","type":"page","link":"https:\/\/auro.ch\/fr\/lignes-droites-pour-les-plinthes-colorees-sur-enduit-granule\/","title":{"rendered":"Lignes droites pour les plinthes color\u00e9es sur enduit granul\u00e9"},"content":{"rendered":"\t\t<div data-elementor-type=\"wp-page\" data-elementor-id=\"59171\" class=\"elementor elementor-59171 elementor-5484\" data-elementor-post-type=\"page\">\n\t\t\t\t\t\t<section class=\"elementor-section elementor-top-section elementor-element elementor-element-262b78f elementor-section-height-min-height elementor-section-boxed elementor-section-height-default elementor-section-items-middle\" data-id=\"262b78f\" data-element_type=\"section\" data-e-type=\"section\" data-settings=\"{&quot;background_background&quot;:&quot;classic&quot;}\">\n\t\t\t\t\t\t\t<div class=\"elementor-background-overlay\"><\/div>\n\t\t\t\t\t\t\t<div class=\"elementor-container elementor-column-gap-default\">\n\t\t\t\t\t<div class=\"elementor-column elementor-col-100 elementor-top-column elementor-element elementor-element-cde1e2c\" data-id=\"cde1e2c\" data-element_type=\"column\" data-e-type=\"column\">\n\t\t\t<div class=\"elementor-widget-wrap elementor-element-populated\">\n\t\t\t\t\t\t<div class=\"elementor-element elementor-element-d7eae92 elementor-invisible elementor-widget elementor-widget-heading\" data-id=\"d7eae92\" data-element_type=\"widget\" data-e-type=\"widget\" data-settings=\"{&quot;_animation&quot;:&quot;fadeInUp&quot;}\" data-widget_type=\"heading.default\">\n\t\t\t\t<div class=\"elementor-widget-container\">\n\t\t\t\t\t<p class=\"elementor-heading-title elementor-size-default\">Murs et plafonds<\/p>\t\t\t\t<\/div>\n\t\t\t\t<\/div>\n\t\t\t\t<div class=\"elementor-element elementor-element-fba71c2 elementor-widget elementor-widget-heading\" data-id=\"fba71c2\" data-element_type=\"widget\" data-e-type=\"widget\" data-widget_type=\"heading.default\">\n\t\t\t\t<div class=\"elementor-widget-container\">\n\t\t\t\t\t<h1 class=\"elementor-heading-title elementor-size-default\">Lignes droites pour les plinthes color\u00e9es sur enduit granul\u00e9<\/h1>\t\t\t\t<\/div>\n\t\t\t\t<\/div>\n\t\t\t\t\t<\/div>\n\t\t<\/div>\n\t\t\t\t\t<\/div>\n\t\t<\/section>\n\t\t\t\t<section class=\"elementor-section elementor-top-section elementor-element elementor-element-2f112f3 elementor-section-boxed elementor-section-height-default elementor-section-height-default\" data-id=\"2f112f3\" data-element_type=\"section\" data-e-type=\"section\">\n\t\t\t\t\t\t<div class=\"elementor-container elementor-column-gap-default\">\n\t\t\t\t\t<div class=\"elementor-column elementor-col-50 elementor-top-column elementor-element elementor-element-4306961\" data-id=\"4306961\" data-element_type=\"column\" data-e-type=\"column\">\n\t\t\t<div class=\"elementor-widget-wrap elementor-element-populated\">\n\t\t\t\t\t\t<div class=\"elementor-element elementor-element-1fe46b8 elementor-widget elementor-widget-text-editor\" data-id=\"1fe46b8\" data-element_type=\"widget\" data-e-type=\"widget\" data-widget_type=\"text-editor.default\">\n\t\t\t\t<div class=\"elementor-widget-container\">\n\t\t\t\t\t\t\t\t\t<p>Les murs bicolores avec <b>des plinthes<\/b> g\u00e9n\u00e9ralement <b>d\u00e9limit\u00e9es horizontalement<\/b> sont \u00e0 la mode. Sur les supports lisses, le masquage avec du scotch de peintre est une chose assez simple, mais cela devient plus difficile sur les enduits granuleux comme support. <\/p>\t\t\t\t\t\t\t\t<\/div>\n\t\t\t\t<\/div>\n\t\t\t\t\t<\/div>\n\t\t<\/div>\n\t\t\t\t<div class=\"elementor-column elementor-col-50 elementor-top-column elementor-element elementor-element-d9afcf6\" data-id=\"d9afcf6\" data-element_type=\"column\" data-e-type=\"column\">\n\t\t\t<div class=\"elementor-widget-wrap elementor-element-populated\">\n\t\t\t\t\t\t<div class=\"elementor-element elementor-element-3817f4c elementor-widget elementor-widget-text-editor\" data-id=\"3817f4c\" data-element_type=\"widget\" data-e-type=\"widget\" data-widget_type=\"text-editor.default\">\n\t\t\t\t<div class=\"elementor-widget-container\">\n\t\t\t\t\t\t\t\t\t<p><b style=\"color: var( --e-global-color-text ); font-family: var( --e-global-typography-text-font-family ), Sans-serif;\">Le probl\u00e8me<\/b><span style=\"color: var( --e-global-color-text ); font-family: var( --e-global-typography-text-font-family ), Sans-serif; font-weight: var( --e-global-typography-text-font-weight );\">La peinture peut couler sous le cr\u00eape de peintre, car les granules ne le font pas adh\u00e9rer au mur et il se d\u00e9tache partiellement des granules.<\/span><\/p>\t\t\t\t\t\t\t\t<\/div>\n\t\t\t\t<\/div>\n\t\t\t\t\t<\/div>\n\t\t<\/div>\n\t\t\t\t\t<\/div>\n\t\t<\/section>\n\t\t\t\t<section class=\"elementor-section elementor-top-section elementor-element elementor-element-4dd0e47 elementor-section-boxed elementor-section-height-default elementor-section-height-default\" data-id=\"4dd0e47\" data-element_type=\"section\" data-e-type=\"section\" data-settings=\"{&quot;background_background&quot;:&quot;classic&quot;}\">\n\t\t\t\t\t\t<div class=\"elementor-container elementor-column-gap-default\">\n\t\t\t\t\t<div class=\"elementor-column elementor-col-50 elementor-top-column elementor-element elementor-element-e0e7b04\" data-id=\"e0e7b04\" data-element_type=\"column\" data-e-type=\"column\">\n\t\t\t<div class=\"elementor-widget-wrap elementor-element-populated\">\n\t\t\t\t\t\t<div class=\"elementor-element elementor-element-2a44a73 elementor-widget elementor-widget-heading\" data-id=\"2a44a73\" data-element_type=\"widget\" data-e-type=\"widget\" data-widget_type=\"heading.default\">\n\t\t\t\t<div class=\"elementor-widget-container\">\n\t\t\t\t\t<h3 class=\"elementor-heading-title elementor-size-default\">La solution - l'astuce du ruban adh\u00e9sif<\/h3>\t\t\t\t<\/div>\n\t\t\t\t<\/div>\n\t\t\t\t<div class=\"elementor-element elementor-element-176573e elementor-widget elementor-widget-text-editor\" data-id=\"176573e\" data-element_type=\"widget\" data-e-type=\"widget\" data-widget_type=\"text-editor.default\">\n\t\t\t\t<div class=\"elementor-widget-container\">\n\t\t\t\t\t\t\t\t\t<p>Si vous souhaitez par exemple peindre le socle inf\u00e9rieur en couleur et la partie sup\u00e9rieure en blanc, proc\u00e9dez de la mani\u00e8re suivante :<\/p><ul><li>Commencez par peindre la partie sup\u00e9rieure de la surface murale en blanc.<\/li><li>Apr\u00e8s un bon s\u00e9chage de la peinture blanche, le cr\u00eape de peintre est coll\u00e9 sur le bord inf\u00e9rieur de la peinture, l\u00e0 o\u00f9 la s\u00e9paration doit avoir lieu. Le cr\u00eape doit \u00eatre bien press\u00e9, si n\u00e9cessaire \u00e0 l&rsquo;aide d&rsquo;un chiffon. <\/li><li><span class=\"bildumfliessen\">Maintenant, le bord inf\u00e9rieur du ruban de masquage est \u00ab\u00a0badigeonn\u00e9\u00a0\u00bb de la m\u00eame peinture blanche avec un pinceau plus petit. Cela signifie que la peinture passe l\u00e9g\u00e8rement sous le ruban adh\u00e9sif, m\u00eame si le cr\u00eape a \u00e9t\u00e9 bien press\u00e9. Ainsi, ce c\u00f4t\u00e9 du ruban adh\u00e9sif est \u00ab\u00a0\u00e9tanche\u00a0\u00bb.  <\/span><\/li><li>Lorsque la couleur plus fonc\u00e9e du socle est peinte par-dessus (apr\u00e8s s\u00e9chage), elle ne peut pas passer sous le cr\u00eape de peintre, car elle a d\u00e9j\u00e0 \u00e9t\u00e9 pass\u00e9e sous la peinture blanche. Une fois le ruban adh\u00e9sif retir\u00e9, l&rsquo;\u0153il ne peut pas distinguer cette peinture blanche qui s&rsquo;est infiltr\u00e9e et la transition entre le blanc et la teinte fonc\u00e9e de la plinthe est tr\u00e8s nette, droite et non effiloch\u00e9e.   <\/li><\/ul>\t\t\t\t\t\t\t\t<\/div>\n\t\t\t\t<\/div>\n\t\t\t\t\t<\/div>\n\t\t<\/div>\n\t\t\t\t<div class=\"elementor-column elementor-col-50 elementor-top-column elementor-element elementor-element-c4e1053\" data-id=\"c4e1053\" data-element_type=\"column\" data-e-type=\"column\">\n\t\t\t<div class=\"elementor-widget-wrap elementor-element-populated\">\n\t\t\t\t\t\t<div class=\"elementor-element elementor-element-724b37c elementor-widget elementor-widget-image\" data-id=\"724b37c\" data-element_type=\"widget\" data-e-type=\"widget\" data-widget_type=\"image.default\">\n\t\t\t\t<div class=\"elementor-widget-container\">\n\t\t\t\t\t\t\t\t\t\t\t\t\t\t\t<img decoding=\"async\" src=\"https:\/\/auro.ch\/wp-content\/uploads\/2023\/02\/sockel_tippsundtricks.jpg\" title=\"\" alt=\"\" loading=\"lazy\" \/>\t\t\t\t\t\t\t\t\t\t\t\t\t\t\t<\/div>\n\t\t\t\t<\/div>\n\t\t\t\t\t<\/div>\n\t\t<\/div>\n\t\t\t\t\t<\/div>\n\t\t<\/section>\n\t\t\t\t<\/div>\n\t\t","protected":false},"excerpt":{"rendered":"<p>Murs et plafonds Lignes droites pour les plinthes color\u00e9es sur [&hellip;]<\/p>\n","protected":false},"author":1,"featured_media":0,"parent":0,"menu_order":0,"comment_status":"closed","ping_status":"closed","template":"","meta":{"_acf_changed":false,"footnotes":""},"categories":[],"class_list":["post-59171","page","type-page","status-publish","hentry"],"acf":[],"_links":{"self":[{"href":"https:\/\/auro.ch\/fr\/wp-json\/wp\/v2\/pages\/59171","targetHints":{"allow":["GET"]}}],"collection":[{"href":"https:\/\/auro.ch\/fr\/wp-json\/wp\/v2\/pages"}],"about":[{"href":"https:\/\/auro.ch\/fr\/wp-json\/wp\/v2\/types\/page"}],"author":[{"embeddable":true,"href":"https:\/\/auro.ch\/fr\/wp-json\/wp\/v2\/users\/1"}],"replies":[{"embeddable":true,"href":"https:\/\/auro.ch\/fr\/wp-json\/wp\/v2\/comments?post=59171"}],"version-history":[{"count":1,"href":"https:\/\/auro.ch\/fr\/wp-json\/wp\/v2\/pages\/59171\/revisions"}],"predecessor-version":[{"id":59174,"href":"https:\/\/auro.ch\/fr\/wp-json\/wp\/v2\/pages\/59171\/revisions\/59174"}],"wp:attachment":[{"href":"https:\/\/auro.ch\/fr\/wp-json\/wp\/v2\/media?parent=59171"}],"wp:term":[{"taxonomy":"category","embeddable":true,"href":"https:\/\/auro.ch\/fr\/wp-json\/wp\/v2\/categories?post=59171"}],"curies":[{"name":"wp","href":"https:\/\/api.w.org\/{rel}","templated":true}]}}