{"id":59176,"date":"2023-02-13T15:02:48","date_gmt":"2023-02-13T14:02:48","guid":{"rendered":"https:\/\/ch.auro.de\/que-signifie-resistant-au-lavage-ou-resistant-au-frottement-pour-les-peintures-murales\/"},"modified":"2026-04-29T11:24:11","modified_gmt":"2026-04-29T09:24:11","slug":"que-signifie-resistant-au-lavage-ou-resistant-au-frottement-pour-les-peintures-murales","status":"publish","type":"page","link":"https:\/\/auro.ch\/fr\/produits\/interieurs\/peintures-murales\/que-signifie-resistant-au-lavage-ou-resistant-au-frottement-pour-les-peintures-murales\/","title":{"rendered":"Que signifie \u00ab\u00a0r\u00e9sistant au lavage\u00a0\u00bb ou \u00ab\u00a0r\u00e9sistant au frottement\u00a0\u00bb pour les peintures murales ?"},"content":{"rendered":"\t\t<div data-elementor-type=\"wp-page\" data-elementor-id=\"59176\" class=\"elementor elementor-59176 elementor-5463\" data-elementor-post-type=\"page\">\n\t\t\t\t\t\t<section class=\"elementor-section elementor-top-section elementor-element elementor-element-262b78f elementor-section-height-min-height elementor-section-boxed elementor-section-height-default elementor-section-items-middle\" data-id=\"262b78f\" data-element_type=\"section\" data-e-type=\"section\" data-settings=\"{&quot;background_background&quot;:&quot;classic&quot;}\">\n\t\t\t\t\t\t\t<div class=\"elementor-background-overlay\"><\/div>\n\t\t\t\t\t\t\t<div class=\"elementor-container elementor-column-gap-default\">\n\t\t\t\t\t<div class=\"elementor-column elementor-col-100 elementor-top-column elementor-element elementor-element-cde1e2c\" data-id=\"cde1e2c\" data-element_type=\"column\" data-e-type=\"column\">\n\t\t\t<div class=\"elementor-widget-wrap elementor-element-populated\">\n\t\t\t\t\t\t<div class=\"elementor-element elementor-element-d7eae92 elementor-invisible elementor-widget elementor-widget-heading\" data-id=\"d7eae92\" data-element_type=\"widget\" data-e-type=\"widget\" data-settings=\"{&quot;_animation&quot;:&quot;fadeInUp&quot;}\" data-widget_type=\"heading.default\">\n\t\t\t\t<div class=\"elementor-widget-container\">\n\t\t\t\t\t<p class=\"elementor-heading-title elementor-size-default\">Murs et plafonds<\/p>\t\t\t\t<\/div>\n\t\t\t\t<\/div>\n\t\t\t\t<div class=\"elementor-element elementor-element-fba71c2 elementor-widget elementor-widget-heading\" data-id=\"fba71c2\" data-element_type=\"widget\" data-e-type=\"widget\" data-widget_type=\"heading.default\">\n\t\t\t\t<div class=\"elementor-widget-container\">\n\t\t\t\t\t<h2 class=\"elementor-heading-title elementor-size-default\">Que signifie \"r\u00e9sistant au lavage\" ou \"r\u00e9sistant au frottement\" pour les peintures murales ?<\/h2>\t\t\t\t<\/div>\n\t\t\t\t<\/div>\n\t\t\t\t\t<\/div>\n\t\t<\/div>\n\t\t\t\t\t<\/div>\n\t\t<\/section>\n\t\t\t\t<section class=\"elementor-section elementor-top-section elementor-element elementor-element-2f112f3 elementor-section-boxed elementor-section-height-default elementor-section-height-default\" data-id=\"2f112f3\" data-element_type=\"section\" data-e-type=\"section\">\n\t\t\t\t\t\t<div class=\"elementor-container elementor-column-gap-default\">\n\t\t\t\t\t<div class=\"elementor-column elementor-col-50 elementor-top-column elementor-element elementor-element-4306961\" data-id=\"4306961\" data-element_type=\"column\" data-e-type=\"column\">\n\t\t\t<div class=\"elementor-widget-wrap elementor-element-populated\">\n\t\t\t\t\t\t<div class=\"elementor-element elementor-element-1fe46b8 elementor-widget elementor-widget-text-editor\" data-id=\"1fe46b8\" data-element_type=\"widget\" data-e-type=\"widget\" data-widget_type=\"text-editor.default\">\n\t\t\t\t<div class=\"elementor-widget-container\">\n\t\t\t\t\t\t\t\t\t<p style=\"text-align: left;\"><em>La r\u00e9sistance au lavage <\/em>et <em>au frottement <\/em>sont des d\u00e9signations de qualit\u00e9 introduites pour les rev\u00eatements de surface diluables \u00e0 l&rsquo;eau pour les murs et les plafonds. Elles constituent l&rsquo;un des crit\u00e8res de s\u00e9lection permettant de comparer les diff\u00e9rents produits. <\/p><p>La norme europ\u00e9enne (EN) 13 300 d\u00e9crit <strong>cinq classes de r\u00e9sistance<\/strong> qui \u00e9valuent la r\u00e9sistance d&rsquo;un rev\u00eatement \u00e0 l&rsquo;abrasion lors de nettoyages r\u00e9p\u00e9t\u00e9s.<\/p><p><strong>La classe 1 <\/strong>a la plus grande r\u00e9sistance \u00e0 l&rsquo;abrasion et la plus grande capacit\u00e9 de nettoyage. Elle est utilis\u00e9e par la <strong><a href=\"https:\/\/auro.ch\/produkt\/plantodecor-premium-wandfarbe\/\" target=\"_blank\" rel=\"noopener\">Peinture murale AURO <sup>Plantodecor\u00ae<\/sup> Premium n\u00b0 524<\/a><\/strong><br> Les surfaces qui sont particuli\u00e8rement sollicit\u00e9es doivent \u00eatre peintes avec des peintures de <strong>classe 2<\/strong> ou, en cas de sollicitation extr\u00eame, avec des peintures de <strong>classe 1<\/strong>. <\/p>\t\t\t\t\t\t\t\t<\/div>\n\t\t\t\t<\/div>\n\t\t\t\t<div class=\"elementor-element elementor-element-5a8eaff elementor-widget elementor-widget-text-editor\" data-id=\"5a8eaff\" data-element_type=\"widget\" data-e-type=\"widget\" data-widget_type=\"text-editor.default\">\n\t\t\t\t<div class=\"elementor-widget-container\">\n\t\t\t\t\t\t\t\t\t<p style=\"text-align: left;\"><span class=\"bildumfliessen\">L&rsquo;ancienne d\u00e9signation \u00ab\u00a0r\u00e9sistant au frottement selon <strong><a href=\"https:\/\/de.wikipedia.org\/wiki\/EN_13300\" target=\"_blank\" rel=\"noopener\">DIN 53778<\/a><\/strong>\u00a0\u00bb peut \u00eatre attribu\u00e9e \u00e0 la classe 2 selon <strong><a href=\"https:\/\/de.wikipedia.org\/wiki\/EN_13300\" target=\"_blank\" rel=\"noopener\">EN 13300<\/a><\/strong> peut \u00eatre attribu\u00e9e.<\/span><\/p><p style=\"text-align: left;\"><span class=\"bildumfliessen\">L&rsquo;ancienne d\u00e9signation \u00ab\u00a0r\u00e9sistant au lavage selon DIN 53 778\u00a0\u00bb correspond aujourd&rsquo;hui \u00e0 la <strong>classe 3<\/strong> selon EN 13300.  <\/span><\/p><p style=\"text-align: left;\"><span class=\"bildumfliessen\">Les peintures de classe 3 r\u00e9pondent aux exigences normales de l&rsquo;habitat. La peinture murale AURO n\u00b0 321, qui a fait ses preuves, est bien adapt\u00e9e \u00e0 ce groupe de sollicitation de <strong>classe 3<\/strong>. <\/span><\/p><p style=\"text-align: left;\">Les peintures bon march\u00e9 sont g\u00e9n\u00e9ralement de <strong>classe 4 ou 5<\/strong>. Elles ne sont plus suffisamment nettoyables et doivent g\u00e9n\u00e9ralement \u00eatre enlev\u00e9es avant la r\u00e9novation. <\/p><p style=\"text-align: left;\">En Europe, il est courant que les \u00e9tiquettes ou les informations techniques des couleurs indiquent la classe correspondante.<\/p>\t\t\t\t\t\t\t\t<\/div>\n\t\t\t\t<\/div>\n\t\t\t\t\t<\/div>\n\t\t<\/div>\n\t\t\t\t<div class=\"elementor-column elementor-col-50 elementor-top-column elementor-element elementor-element-d49ed29\" data-id=\"d49ed29\" data-element_type=\"column\" data-e-type=\"column\">\n\t\t\t<div class=\"elementor-widget-wrap elementor-element-populated\">\n\t\t\t\t\t\t<div class=\"elementor-element elementor-element-724b37c elementor-widget elementor-widget-image\" data-id=\"724b37c\" data-element_type=\"widget\" data-e-type=\"widget\" data-widget_type=\"image.default\">\n\t\t\t\t<div class=\"elementor-widget-container\">\n\t\t\t\t\t\t\t\t\t\t\t\t\t\t\t<img fetchpriority=\"high\" decoding=\"async\" width=\"800\" height=\"534\" src=\"https:\/\/auro.ch\/wp-content\/uploads\/2023\/01\/AURO_Wandfarbe_Farbe_cornflower2-1024x683.jpg\" class=\"attachment-large size-large wp-image-1536\" alt=\"Mann streicht Wand mit AURO Wandfarbe im blauvioletten Farbton 50.7 cornflower\" srcset=\"https:\/\/auro.ch\/wp-content\/uploads\/2023\/01\/AURO_Wandfarbe_Farbe_cornflower2-1024x683.jpg 1024w, https:\/\/auro.ch\/wp-content\/uploads\/2023\/01\/AURO_Wandfarbe_Farbe_cornflower2-300x200.jpg 300w, https:\/\/auro.ch\/wp-content\/uploads\/2023\/01\/AURO_Wandfarbe_Farbe_cornflower2-768x512.jpg 768w, https:\/\/auro.ch\/wp-content\/uploads\/2023\/01\/AURO_Wandfarbe_Farbe_cornflower2-1536x1024.jpg 1536w, https:\/\/auro.ch\/wp-content\/uploads\/2023\/01\/AURO_Wandfarbe_Farbe_cornflower2-2048x1365.jpg 2048w\" sizes=\"(max-width: 800px) 100vw, 800px\" \/>\t\t\t\t\t\t\t\t\t\t\t\t\t\t\t<\/div>\n\t\t\t\t<\/div>\n\t\t\t\t\t<\/div>\n\t\t<\/div>\n\t\t\t\t\t<\/div>\n\t\t<\/section>\n\t\t\t\t<section class=\"elementor-section elementor-top-section elementor-element elementor-element-1ae1a36 elementor-section-boxed elementor-section-height-default elementor-section-height-default\" data-id=\"1ae1a36\" data-element_type=\"section\" data-e-type=\"section\" data-settings=\"{&quot;background_background&quot;:&quot;classic&quot;}\">\n\t\t\t\t\t\t<div class=\"elementor-container elementor-column-gap-default\">\n\t\t\t\t\t<div class=\"elementor-column elementor-col-100 elementor-top-column elementor-element elementor-element-0072ff1\" data-id=\"0072ff1\" data-element_type=\"column\" data-e-type=\"column\">\n\t\t\t<div class=\"elementor-widget-wrap elementor-element-populated\">\n\t\t\t\t\t\t<div class=\"elementor-element elementor-element-2a44a73 elementor-widget elementor-widget-heading\" data-id=\"2a44a73\" data-element_type=\"widget\" data-e-type=\"widget\" data-widget_type=\"heading.default\">\n\t\t\t\t<div class=\"elementor-widget-container\">\n\t\t\t\t\t<h3 class=\"elementor-heading-title elementor-size-default\">Conseil<\/h3>\t\t\t\t<\/div>\n\t\t\t\t<\/div>\n\t\t\t\t<div class=\"elementor-element elementor-element-2145d12 elementor-widget elementor-widget-text-editor\" data-id=\"2145d12\" data-element_type=\"widget\" data-e-type=\"widget\" data-widget_type=\"text-editor.default\">\n\t\t\t\t<div class=\"elementor-widget-container\">\n\t\t\t\t\t\t\t\t\t<p>  Peintures de la classe d&rsquo;abrasion 3 comme <a href=\"https:\/\/www.auro.de\/de\/produkte\/waende-und-decken\/dispersions-wandfarben\/321-wandfarbe\/\" target=\"_blank\" rel=\"noopener\"><strong>Peinture murale AURO n\u00b0 321<\/strong><\/a> sont toujours le bon choix pour peindre les murs et les plafonds.<br>Pour les demandes sp\u00e9ciales, vous \u00eates \u00e0 l&rsquo;aise avec la <a href=\"https:\/\/auro.ch\/produkt\/plantodecor-premium-wandfarbe\/\" target=\"_blank\" rel=\"noopener\"><strong>Peinture murale <sup>Plantodecor\u00ae<\/sup> Premium n\u00b0 524<\/strong><\/a> est une valeur s\u00fbre.<\/p>\t\t\t\t\t\t\t\t<\/div>\n\t\t\t\t<\/div>\n\t\t\t\t\t<\/div>\n\t\t<\/div>\n\t\t\t\t\t<\/div>\n\t\t<\/section>\n\t\t\t\t<\/div>\n\t\t","protected":false},"excerpt":{"rendered":"<p>Murs et plafonds Que signifie \u00ab\u00a0r\u00e9sistant au lavage\u00a0\u00bb ou \u00ab\u00a0r\u00e9sistant [&hellip;]<\/p>\n","protected":false},"author":1,"featured_media":0,"parent":60208,"menu_order":0,"comment_status":"closed","ping_status":"closed","template":"","meta":{"_acf_changed":false,"footnotes":""},"categories":[],"class_list":["post-59176","page","type-page","status-publish","hentry"],"acf":[],"_links":{"self":[{"href":"https:\/\/auro.ch\/fr\/wp-json\/wp\/v2\/pages\/59176","targetHints":{"allow":["GET"]}}],"collection":[{"href":"https:\/\/auro.ch\/fr\/wp-json\/wp\/v2\/pages"}],"about":[{"href":"https:\/\/auro.ch\/fr\/wp-json\/wp\/v2\/types\/page"}],"author":[{"embeddable":true,"href":"https:\/\/auro.ch\/fr\/wp-json\/wp\/v2\/users\/1"}],"replies":[{"embeddable":true,"href":"https:\/\/auro.ch\/fr\/wp-json\/wp\/v2\/comments?post=59176"}],"version-history":[{"count":1,"href":"https:\/\/auro.ch\/fr\/wp-json\/wp\/v2\/pages\/59176\/revisions"}],"predecessor-version":[{"id":59181,"href":"https:\/\/auro.ch\/fr\/wp-json\/wp\/v2\/pages\/59176\/revisions\/59181"}],"up":[{"embeddable":true,"href":"https:\/\/auro.ch\/fr\/wp-json\/wp\/v2\/pages\/60208"}],"wp:attachment":[{"href":"https:\/\/auro.ch\/fr\/wp-json\/wp\/v2\/media?parent=59176"}],"wp:term":[{"taxonomy":"category","embeddable":true,"href":"https:\/\/auro.ch\/fr\/wp-json\/wp\/v2\/categories?post=59176"}],"curies":[{"name":"wp","href":"https:\/\/api.w.org\/{rel}","templated":true}]}}