{"id":59196,"date":"2023-02-13T10:15:56","date_gmt":"2023-02-13T09:15:56","guid":{"rendered":"https:\/\/ch.auro.de\/inspiration-et-guide\/"},"modified":"2026-04-29T11:24:27","modified_gmt":"2026-04-29T09:24:27","slug":"inspiration-et-guide","status":"publish","type":"page","link":"https:\/\/auro.ch\/fr\/inspiration-et-guide\/","title":{"rendered":"Inspiration et guide"},"content":{"rendered":"\t\t<div data-elementor-type=\"wp-page\" data-elementor-id=\"59196\" class=\"elementor elementor-59196 elementor-5330\" data-elementor-post-type=\"page\">\n\t\t\t\t\t\t<section class=\"elementor-section elementor-top-section elementor-element elementor-element-d33ac65 elementor-section-height-min-height elementor-section-boxed elementor-section-height-default elementor-section-items-middle\" data-id=\"d33ac65\" data-element_type=\"section\" data-e-type=\"section\" data-settings=\"{&quot;background_background&quot;:&quot;classic&quot;}\">\n\t\t\t\t\t\t\t<div class=\"elementor-background-overlay\"><\/div>\n\t\t\t\t\t\t\t<div class=\"elementor-container elementor-column-gap-default\">\n\t\t\t\t\t<div class=\"elementor-column elementor-col-100 elementor-top-column elementor-element elementor-element-309da6c\" data-id=\"309da6c\" data-element_type=\"column\" data-e-type=\"column\">\n\t\t\t<div class=\"elementor-widget-wrap elementor-element-populated\">\n\t\t\t\t\t\t<div class=\"elementor-element elementor-element-a2845c8 elementor-widget elementor-widget-heading\" data-id=\"a2845c8\" data-element_type=\"widget\" data-e-type=\"widget\" data-widget_type=\"heading.default\">\n\t\t\t\t<div class=\"elementor-widget-container\">\n\t\t\t\t\t<h1 class=\"elementor-heading-title elementor-size-default\">Inspiration et guide<\/h1>\t\t\t\t<\/div>\n\t\t\t\t<\/div>\n\t\t\t\t\t<\/div>\n\t\t<\/div>\n\t\t\t\t\t<\/div>\n\t\t<\/section>\n\t\t\t\t<section class=\"elementor-section elementor-top-section elementor-element elementor-element-98d87fa elementor-section-boxed elementor-section-height-default elementor-section-height-default\" data-id=\"98d87fa\" data-element_type=\"section\" data-e-type=\"section\">\n\t\t\t\t\t\t<div class=\"elementor-container elementor-column-gap-default\">\n\t\t\t\t\t<div class=\"elementor-column elementor-col-25 elementor-top-column elementor-element elementor-element-ed2042a\" data-id=\"ed2042a\" data-element_type=\"column\" data-e-type=\"column\">\n\t\t\t<div class=\"elementor-widget-wrap\">\n\t\t\t\t\t\t\t<\/div>\n\t\t<\/div>\n\t\t\t\t<div class=\"elementor-column elementor-col-25 elementor-top-column elementor-element elementor-element-6e7ea81\" data-id=\"6e7ea81\" data-element_type=\"column\" data-e-type=\"column\">\n\t\t\t<div class=\"elementor-widget-wrap elementor-element-populated\">\n\t\t\t\t\t\t<div class=\"elementor-element elementor-element-5cb58eb elementor-position-top elementor-widget elementor-widget-image-box\" data-id=\"5cb58eb\" data-element_type=\"widget\" data-e-type=\"widget\" data-widget_type=\"image-box.default\">\n\t\t\t\t<div class=\"elementor-widget-container\">\n\t\t\t\t\t<div class=\"elementor-image-box-wrapper\"><figure class=\"elementor-image-box-img\"><a href=\"https:\/\/auro.ch\/fr\/inspiration-et-guide\/references\/\" tabindex=\"-1\"><img fetchpriority=\"high\" decoding=\"async\" width=\"1180\" height=\"1180\" src=\"https:\/\/auro.ch\/wp-content\/uploads\/2023\/06\/auro_thumb_inspirationen.jpg\" class=\"attachment-full size-full wp-image-59203\" alt=\"\" srcset=\"https:\/\/auro.ch\/wp-content\/uploads\/2023\/06\/auro_thumb_inspirationen.jpg 1180w, https:\/\/auro.ch\/wp-content\/uploads\/2023\/06\/auro_thumb_inspirationen-300x300.jpg 300w, https:\/\/auro.ch\/wp-content\/uploads\/2023\/06\/auro_thumb_inspirationen-1024x1024.jpg 1024w, https:\/\/auro.ch\/wp-content\/uploads\/2023\/06\/auro_thumb_inspirationen-150x150.jpg 150w, https:\/\/auro.ch\/wp-content\/uploads\/2023\/06\/auro_thumb_inspirationen-768x768.jpg 768w, https:\/\/auro.ch\/wp-content\/uploads\/2023\/06\/elementor\/thumbs\/auro_thumb_inspirationen-q7in9nonr0ts9zygwh9tu4ztvba5f52nqfdrczx16o.jpg 800w\" sizes=\"(max-width: 1180px) 100vw, 1180px\" \/><\/a><\/figure><div class=\"elementor-image-box-content\"><h3 class=\"elementor-image-box-title\"><a href=\"https:\/\/auro.ch\/fr\/inspiration-et-guide\/references\/\">R\u00e9f\u00e9rences<\/a><\/h3><\/div><\/div>\t\t\t\t<\/div>\n\t\t\t\t<\/div>\n\t\t\t\t\t<\/div>\n\t\t<\/div>\n\t\t\t\t<div class=\"elementor-column elementor-col-25 elementor-top-column elementor-element elementor-element-2ca45f1\" data-id=\"2ca45f1\" data-element_type=\"column\" data-e-type=\"column\">\n\t\t\t<div class=\"elementor-widget-wrap elementor-element-populated\">\n\t\t\t\t\t\t<div class=\"elementor-element elementor-element-b43f91b elementor-position-top elementor-widget elementor-widget-image-box\" data-id=\"b43f91b\" data-element_type=\"widget\" data-e-type=\"widget\" data-widget_type=\"image-box.default\">\n\t\t\t\t<div class=\"elementor-widget-container\">\n\t\t\t\t\t<div class=\"elementor-image-box-wrapper\"><figure class=\"elementor-image-box-img\"><a href=\"https:\/\/auro.ch\/inspiration-und-ratgeber\/farbideen-kombinationen\/\" tabindex=\"-1\"><img decoding=\"async\" width=\"338\" height=\"338\" src=\"https:\/\/auro.ch\/wp-content\/uploads\/2023\/06\/auro_thumb_farbideen_.jpg\" class=\"attachment-large size-large wp-image-59199\" alt=\"\" srcset=\"https:\/\/auro.ch\/wp-content\/uploads\/2023\/06\/auro_thumb_farbideen_.jpg 338w, https:\/\/auro.ch\/wp-content\/uploads\/2023\/06\/auro_thumb_farbideen_-300x300.jpg 300w, https:\/\/auro.ch\/wp-content\/uploads\/2023\/06\/auro_thumb_farbideen_-150x150.jpg 150w\" sizes=\"(max-width: 338px) 100vw, 338px\" \/><\/a><\/figure><div class=\"elementor-image-box-content\"><h3 class=\"elementor-image-box-title\"><a href=\"https:\/\/auro.ch\/inspiration-und-ratgeber\/farbideen-kombinationen\/\">Id\u00e9es de couleurs &amp; combinaisons<\/a><\/h3><\/div><\/div>\t\t\t\t<\/div>\n\t\t\t\t<\/div>\n\t\t\t\t\t<\/div>\n\t\t<\/div>\n\t\t\t\t<div class=\"elementor-column elementor-col-25 elementor-top-column elementor-element elementor-element-d3dcf59\" data-id=\"d3dcf59\" data-element_type=\"column\" data-e-type=\"column\">\n\t\t\t<div class=\"elementor-widget-wrap\">\n\t\t\t\t\t\t\t<\/div>\n\t\t<\/div>\n\t\t\t\t\t<\/div>\n\t\t<\/section>\n\t\t\t\t<section class=\"elementor-section elementor-top-section elementor-element elementor-element-47904ba elementor-section-boxed elementor-section-height-default elementor-section-height-default\" data-id=\"47904ba\" data-element_type=\"section\" data-e-type=\"section\">\n\t\t\t\t\t\t<div class=\"elementor-container elementor-column-gap-default\">\n\t\t\t\t\t<div class=\"elementor-column elementor-col-25 elementor-top-column elementor-element elementor-element-71ee303\" data-id=\"71ee303\" data-element_type=\"column\" data-e-type=\"column\">\n\t\t\t<div class=\"elementor-widget-wrap\">\n\t\t\t\t\t\t\t<\/div>\n\t\t<\/div>\n\t\t\t\t<div class=\"elementor-column elementor-col-25 elementor-top-column elementor-element elementor-element-a8564bf\" data-id=\"a8564bf\" data-element_type=\"column\" data-e-type=\"column\">\n\t\t\t<div class=\"elementor-widget-wrap elementor-element-populated\">\n\t\t\t\t\t\t<div class=\"elementor-element elementor-element-7706908 elementor-position-top elementor-widget elementor-widget-image-box\" data-id=\"7706908\" data-element_type=\"widget\" data-e-type=\"widget\" data-widget_type=\"image-box.default\">\n\t\t\t\t<div class=\"elementor-widget-container\">\n\t\t\t\t\t<div class=\"elementor-image-box-wrapper\"><figure class=\"elementor-image-box-img\"><a href=\"https:\/\/auro.ch\/fr\/inspiration-et-guide\/instructions\/\" tabindex=\"-1\"><img decoding=\"async\" width=\"1000\" height=\"1000\" src=\"https:\/\/auro.ch\/wp-content\/uploads\/2023\/06\/auro_thumb_anleitungen.jpg\" class=\"attachment-full size-full wp-image-59200\" alt=\"\" srcset=\"https:\/\/auro.ch\/wp-content\/uploads\/2023\/06\/auro_thumb_anleitungen.jpg 1000w, https:\/\/auro.ch\/wp-content\/uploads\/2023\/06\/auro_thumb_anleitungen-300x300.jpg 300w, https:\/\/auro.ch\/wp-content\/uploads\/2023\/06\/auro_thumb_anleitungen-150x150.jpg 150w, https:\/\/auro.ch\/wp-content\/uploads\/2023\/06\/auro_thumb_anleitungen-768x768.jpg 768w, https:\/\/auro.ch\/wp-content\/uploads\/2023\/06\/elementor\/thumbs\/auro_thumb_anleitungen-q7in9kv56ipxb62kcy1y4npg35o1s1rgq1fax617pc.jpg 800w\" sizes=\"(max-width: 1000px) 100vw, 1000px\" \/><\/a><\/figure><div class=\"elementor-image-box-content\"><h3 class=\"elementor-image-box-title\"><a href=\"https:\/\/auro.ch\/fr\/inspiration-et-guide\/instructions\/\">Instructions<\/a><\/h3><\/div><\/div>\t\t\t\t<\/div>\n\t\t\t\t<\/div>\n\t\t\t\t\t<\/div>\n\t\t<\/div>\n\t\t\t\t<div class=\"elementor-column elementor-col-25 elementor-top-column elementor-element elementor-element-5897db8\" data-id=\"5897db8\" data-element_type=\"column\" data-e-type=\"column\">\n\t\t\t<div class=\"elementor-widget-wrap elementor-element-populated\">\n\t\t\t\t\t\t<div class=\"elementor-element elementor-element-269f870 elementor-position-top elementor-widget elementor-widget-image-box\" data-id=\"269f870\" data-element_type=\"widget\" data-e-type=\"widget\" data-widget_type=\"image-box.default\">\n\t\t\t\t<div class=\"elementor-widget-container\">\n\t\t\t\t\t<div class=\"elementor-image-box-wrapper\"><figure class=\"elementor-image-box-img\"><a href=\"https:\/\/auro.ch\/inspiration-und-ratgeber\/diy\/\" tabindex=\"-1\"><img loading=\"lazy\" decoding=\"async\" width=\"1000\" height=\"1000\" src=\"https:\/\/auro.ch\/wp-content\/uploads\/2023\/06\/auro_thumb_diy.jpg\" class=\"attachment-full size-full wp-image-59201\" alt=\"\" srcset=\"https:\/\/auro.ch\/wp-content\/uploads\/2023\/06\/auro_thumb_diy.jpg 1000w, https:\/\/auro.ch\/wp-content\/uploads\/2023\/06\/auro_thumb_diy-300x300.jpg 300w, https:\/\/auro.ch\/wp-content\/uploads\/2023\/06\/auro_thumb_diy-150x150.jpg 150w, https:\/\/auro.ch\/wp-content\/uploads\/2023\/06\/auro_thumb_diy-768x768.jpg 768w, https:\/\/auro.ch\/wp-content\/uploads\/2023\/06\/elementor\/thumbs\/auro_thumb_diy-q7in9mqtk6shydzu1yv79n8d9xes7fyxeaq9vpyfcw.jpg 800w\" sizes=\"(max-width: 1000px) 100vw, 1000px\" \/><\/a><\/figure><div class=\"elementor-image-box-content\"><h3 class=\"elementor-image-box-title\"><a href=\"https:\/\/auro.ch\/inspiration-und-ratgeber\/diy\/\">DIY<\/a><\/h3><\/div><\/div>\t\t\t\t<\/div>\n\t\t\t\t<\/div>\n\t\t\t\t\t<\/div>\n\t\t<\/div>\n\t\t\t\t<div class=\"elementor-column elementor-col-25 elementor-top-column elementor-element elementor-element-4bf829a\" data-id=\"4bf829a\" data-element_type=\"column\" data-e-type=\"column\">\n\t\t\t<div class=\"elementor-widget-wrap\">\n\t\t\t\t\t\t\t<\/div>\n\t\t<\/div>\n\t\t\t\t\t<\/div>\n\t\t<\/section>\n\t\t\t\t<\/div>\n\t\t","protected":false},"excerpt":{"rendered":"<p>Inspiration et guide R\u00e9f\u00e9rences Id\u00e9es de couleurs &amp; combinaisons Instructions [&hellip;]<\/p>\n","protected":false},"author":1,"featured_media":59206,"parent":0,"menu_order":0,"comment_status":"closed","ping_status":"closed","template":"","meta":{"_acf_changed":false,"footnotes":""},"categories":[],"class_list":["post-59196","page","type-page","status-publish","has-post-thumbnail","hentry"],"acf":[],"_links":{"self":[{"href":"https:\/\/auro.ch\/fr\/wp-json\/wp\/v2\/pages\/59196","targetHints":{"allow":["GET"]}}],"collection":[{"href":"https:\/\/auro.ch\/fr\/wp-json\/wp\/v2\/pages"}],"about":[{"href":"https:\/\/auro.ch\/fr\/wp-json\/wp\/v2\/types\/page"}],"author":[{"embeddable":true,"href":"https:\/\/auro.ch\/fr\/wp-json\/wp\/v2\/users\/1"}],"replies":[{"embeddable":true,"href":"https:\/\/auro.ch\/fr\/wp-json\/wp\/v2\/comments?post=59196"}],"version-history":[{"count":2,"href":"https:\/\/auro.ch\/fr\/wp-json\/wp\/v2\/pages\/59196\/revisions"}],"predecessor-version":[{"id":60238,"href":"https:\/\/auro.ch\/fr\/wp-json\/wp\/v2\/pages\/59196\/revisions\/60238"}],"wp:featuredmedia":[{"embeddable":true,"href":"https:\/\/auro.ch\/fr\/wp-json\/wp\/v2\/media\/59206"}],"wp:attachment":[{"href":"https:\/\/auro.ch\/fr\/wp-json\/wp\/v2\/media?parent=59196"}],"wp:term":[{"taxonomy":"category","embeddable":true,"href":"https:\/\/auro.ch\/fr\/wp-json\/wp\/v2\/categories?post=59196"}],"curies":[{"name":"wp","href":"https:\/\/api.w.org\/{rel}","templated":true}]}}