{"id":59830,"date":"2024-09-02T15:50:09","date_gmt":"2024-09-02T13:50:09","guid":{"rendered":"https:\/\/ch.auro.de\/fiches-de-donnees-de-securite\/"},"modified":"2024-09-02T15:50:09","modified_gmt":"2024-09-02T13:50:09","slug":"fiches-de-donnees-de-securite","status":"publish","type":"page","link":"https:\/\/auro.ch\/fr\/fiches-de-donnees-de-securite\/","title":{"rendered":"Fiches de donn\u00e9es de s\u00e9curit\u00e9"},"content":{"rendered":"<p>Ne pas supprimer, n\u00e9cessaire pour le t\u00e9l\u00e9chargement.<\/p>\n","protected":false},"excerpt":{"rendered":"<p>Ne pas supprimer, n\u00e9cessaire pour le t\u00e9l\u00e9chargement.<\/p>\n","protected":false},"author":7,"featured_media":0,"parent":0,"menu_order":0,"comment_status":"closed","ping_status":"closed","template":"","meta":{"_acf_changed":false,"footnotes":""},"categories":[],"class_list":["post-59830","page","type-page","status-publish","hentry"],"acf":[],"_links":{"self":[{"href":"https:\/\/auro.ch\/fr\/wp-json\/wp\/v2\/pages\/59830","targetHints":{"allow":["GET"]}}],"collection":[{"href":"https:\/\/auro.ch\/fr\/wp-json\/wp\/v2\/pages"}],"about":[{"href":"https:\/\/auro.ch\/fr\/wp-json\/wp\/v2\/types\/page"}],"author":[{"embeddable":true,"href":"https:\/\/auro.ch\/fr\/wp-json\/wp\/v2\/users\/7"}],"replies":[{"embeddable":true,"href":"https:\/\/auro.ch\/fr\/wp-json\/wp\/v2\/comments?post=59830"}],"version-history":[{"count":0,"href":"https:\/\/auro.ch\/fr\/wp-json\/wp\/v2\/pages\/59830\/revisions"}],"wp:attachment":[{"href":"https:\/\/auro.ch\/fr\/wp-json\/wp\/v2\/media?parent=59830"}],"wp:term":[{"taxonomy":"category","embeddable":true,"href":"https:\/\/auro.ch\/fr\/wp-json\/wp\/v2\/categories?post=59830"}],"curies":[{"name":"wp","href":"https:\/\/api.w.org\/{rel}","templated":true}]}}