{"id":59832,"date":"2024-09-02T15:49:40","date_gmt":"2024-09-02T13:49:40","guid":{"rendered":"https:\/\/ch.auro.de\/fiches-techniques\/"},"modified":"2024-09-02T15:49:40","modified_gmt":"2024-09-02T13:49:40","slug":"fiches-techniques","status":"publish","type":"page","link":"https:\/\/auro.ch\/fr\/fiches-techniques\/","title":{"rendered":"Fiches techniques"},"content":{"rendered":"<p>Ne pas supprimer, n\u00e9cessaire pour le t\u00e9l\u00e9chargement.<\/p>\n","protected":false},"excerpt":{"rendered":"<p>Ne pas supprimer, n\u00e9cessaire pour le t\u00e9l\u00e9chargement.<\/p>\n","protected":false},"author":7,"featured_media":0,"parent":0,"menu_order":0,"comment_status":"closed","ping_status":"closed","template":"","meta":{"_acf_changed":false,"footnotes":""},"categories":[],"class_list":["post-59832","page","type-page","status-publish","hentry"],"acf":[],"_links":{"self":[{"href":"https:\/\/auro.ch\/fr\/wp-json\/wp\/v2\/pages\/59832","targetHints":{"allow":["GET"]}}],"collection":[{"href":"https:\/\/auro.ch\/fr\/wp-json\/wp\/v2\/pages"}],"about":[{"href":"https:\/\/auro.ch\/fr\/wp-json\/wp\/v2\/types\/page"}],"author":[{"embeddable":true,"href":"https:\/\/auro.ch\/fr\/wp-json\/wp\/v2\/users\/7"}],"replies":[{"embeddable":true,"href":"https:\/\/auro.ch\/fr\/wp-json\/wp\/v2\/comments?post=59832"}],"version-history":[{"count":0,"href":"https:\/\/auro.ch\/fr\/wp-json\/wp\/v2\/pages\/59832\/revisions"}],"wp:attachment":[{"href":"https:\/\/auro.ch\/fr\/wp-json\/wp\/v2\/media?parent=59832"}],"wp:term":[{"taxonomy":"category","embeddable":true,"href":"https:\/\/auro.ch\/fr\/wp-json\/wp\/v2\/categories?post=59832"}],"curies":[{"name":"wp","href":"https:\/\/api.w.org\/{rel}","templated":true}]}}