{"id":59838,"date":"2024-08-07T10:18:12","date_gmt":"2024-08-07T08:18:12","guid":{"rendered":"https:\/\/ch.auro.de\/personne-a-contacter\/"},"modified":"2026-04-29T11:21:46","modified_gmt":"2026-04-29T09:21:46","slug":"personne-a-contacter","status":"publish","type":"page","link":"https:\/\/auro.ch\/fr\/personne-a-contacter\/","title":{"rendered":"Personne \u00e0 contacter"},"content":{"rendered":"\t\t<div data-elementor-type=\"wp-page\" data-elementor-id=\"59838\" class=\"elementor elementor-59838 elementor-25777\" data-elementor-post-type=\"page\">\n\t\t\t\t\t\t<section class=\"elementor-section elementor-top-section elementor-element elementor-element-76a2584 elementor-section-height-min-height elementor-section-boxed elementor-section-height-default elementor-section-items-middle\" data-id=\"76a2584\" data-element_type=\"section\" data-e-type=\"section\" data-settings=\"{&quot;background_background&quot;:&quot;classic&quot;}\">\n\t\t\t\t\t\t\t<div class=\"elementor-background-overlay\"><\/div>\n\t\t\t\t\t\t\t<div class=\"elementor-container elementor-column-gap-default\">\n\t\t\t\t\t<div class=\"elementor-column elementor-col-100 elementor-top-column elementor-element elementor-element-8bdb5f6\" data-id=\"8bdb5f6\" data-element_type=\"column\" data-e-type=\"column\">\n\t\t\t<div class=\"elementor-widget-wrap elementor-element-populated\">\n\t\t\t\t\t\t<div class=\"elementor-element elementor-element-66e1813 elementor-invisible elementor-widget elementor-widget-heading\" data-id=\"66e1813\" data-element_type=\"widget\" data-e-type=\"widget\" data-settings=\"{&quot;_animation&quot;:&quot;fadeInUp&quot;}\" data-widget_type=\"heading.default\">\n\t\t\t\t<div class=\"elementor-widget-container\">\n\t\t\t\t\t<p class=\"elementor-heading-title elementor-size-default\">Votre<\/p>\t\t\t\t<\/div>\n\t\t\t\t<\/div>\n\t\t\t\t<div class=\"elementor-element elementor-element-a7600a9 elementor-widget elementor-widget-heading\" data-id=\"a7600a9\" data-element_type=\"widget\" data-e-type=\"widget\" data-widget_type=\"heading.default\">\n\t\t\t\t<div class=\"elementor-widget-container\">\n\t\t\t\t\t<h1 class=\"elementor-heading-title elementor-size-default\">Personne \u00e0 contacter<\/h1>\t\t\t\t<\/div>\n\t\t\t\t<\/div>\n\t\t\t\t\t<\/div>\n\t\t<\/div>\n\t\t\t\t\t<\/div>\n\t\t<\/section>\n\t\t\t\t<section class=\"elementor-section elementor-top-section elementor-element elementor-element-3e325bd elementor-section-boxed elementor-section-height-default elementor-section-height-default\" data-id=\"3e325bd\" data-element_type=\"section\" data-e-type=\"section\">\n\t\t\t\t\t\t<div class=\"elementor-container elementor-column-gap-default\">\n\t\t\t\t\t<div class=\"elementor-column elementor-col-100 elementor-top-column elementor-element elementor-element-2e1ec8f\" data-id=\"2e1ec8f\" data-element_type=\"column\" data-e-type=\"column\">\n\t\t\t<div class=\"elementor-widget-wrap elementor-element-populated\">\n\t\t\t\t\t\t<div class=\"elementor-element elementor-element-8d77bc0 elementor-widget elementor-widget-text-editor\" data-id=\"8d77bc0\" data-element_type=\"widget\" data-e-type=\"widget\" data-widget_type=\"text-editor.default\">\n\t\t\t\t<div class=\"elementor-widget-container\">\n\t\t\t\t\t\t\t\t\t<p>Pour que vos demandes arrivent directement au bon endroit et puissent \u00eatre trait\u00e9es encore plus rapidement, veuillez utiliser nos diff\u00e9rentes adresses e-mail AURO :<\/p><p><strong>Toutes les demandes g\u00e9n\u00e9rales doivent \u00eatre adress\u00e9es \u00e0 :<\/strong><br><a href=\"mailto:info@auro.de\">info@auro.de<\/a><\/p><p><strong>Vous pouvez joindre le conseil sp\u00e9cialis\u00e9 AURO sur nos produits et leur traitement \u00e0 l&rsquo;adresse suivante :<\/strong><br><a href=\"mailto:support@auro.de\">support@auro.de<\/a><br>Veuillez indiquer un num\u00e9ro de t\u00e9l\u00e9phone de rappel dans votre demande.<\/p><p><strong>Vous \u00eates revendeur et vous vous int\u00e9ressez \u00e0 notre gamme de produits et \u00e0 nos conditions d&rsquo;achat :<\/strong><br><a href=\"mailto:vertrieb@auro.de\">vertrieb@auro.de<\/a><\/p><p><strong>Vous \u00eates d\u00e9j\u00e0 client et souhaitez nous envoyer une commande :<\/strong><br><a href=\"mailto:bestellung@auro.de\">bestellung@auro.de<\/a><\/p><p><strong>Pour toute question relative \u00e0 notre engagement mondial et \u00e0 nos importateurs :<\/strong><br><a href=\"mailto:export@auro.de\">export@auro.de<\/a><\/p><p><strong>Veuillez envoyer vos demandes de presse \u00e0 :<\/strong><br><a href=\"mailto:presse@auro.de\">presse@auro.de<\/a><\/p><p><strong>A<\/strong><b>our toute question relative aux m\u00e9dias sociaux, veuillez envoyer un courriel \u00e0 :<\/b><br><a href=\"mailto:socialmedia@auro.de\">socialmedia@auro.de<\/a><\/p><p><strong>Pour toute demande directe, contactez la direction d&rsquo;AURO :<\/strong><br><a href=\"mailto:vorstand@auro.de\">vorstand@auro.de<\/a><\/p><p><strong>Si vous \u00eates int\u00e9ress\u00e9 par AURO en tant qu&#8217;employeur, c&rsquo;est la bonne adresse pour vous :<\/strong><br><a href=\"mailto:jobs@auro.de\">jobs@auro.de<\/a><\/p><p><strong>Pour toute question technique sur le site ou tout probl\u00e8me avec le site :<\/strong><br><a href=\"mailto:webmaster@auro.de\">webmaster@auro.de<\/a><\/p>\t\t\t\t\t\t\t\t<\/div>\n\t\t\t\t<\/div>\n\t\t\t\t\t<\/div>\n\t\t<\/div>\n\t\t\t\t\t<\/div>\n\t\t<\/section>\n\t\t\t\t<\/div>\n\t\t","protected":false},"excerpt":{"rendered":"<p>Votre Personne \u00e0 contacter Pour que vos demandes arrivent directement [&hellip;]<\/p>\n","protected":false},"author":11,"featured_media":59162,"parent":0,"menu_order":0,"comment_status":"closed","ping_status":"closed","template":"","meta":{"_acf_changed":false,"footnotes":""},"categories":[],"class_list":["post-59838","page","type-page","status-publish","has-post-thumbnail","hentry"],"acf":[],"_links":{"self":[{"href":"https:\/\/auro.ch\/fr\/wp-json\/wp\/v2\/pages\/59838","targetHints":{"allow":["GET"]}}],"collection":[{"href":"https:\/\/auro.ch\/fr\/wp-json\/wp\/v2\/pages"}],"about":[{"href":"https:\/\/auro.ch\/fr\/wp-json\/wp\/v2\/types\/page"}],"author":[{"embeddable":true,"href":"https:\/\/auro.ch\/fr\/wp-json\/wp\/v2\/users\/11"}],"replies":[{"embeddable":true,"href":"https:\/\/auro.ch\/fr\/wp-json\/wp\/v2\/comments?post=59838"}],"version-history":[{"count":1,"href":"https:\/\/auro.ch\/fr\/wp-json\/wp\/v2\/pages\/59838\/revisions"}],"predecessor-version":[{"id":59840,"href":"https:\/\/auro.ch\/fr\/wp-json\/wp\/v2\/pages\/59838\/revisions\/59840"}],"wp:featuredmedia":[{"embeddable":true,"href":"https:\/\/auro.ch\/fr\/wp-json\/wp\/v2\/media\/59162"}],"wp:attachment":[{"href":"https:\/\/auro.ch\/fr\/wp-json\/wp\/v2\/media?parent=59838"}],"wp:term":[{"taxonomy":"category","embeddable":true,"href":"https:\/\/auro.ch\/fr\/wp-json\/wp\/v2\/categories?post=59838"}],"curies":[{"name":"wp","href":"https:\/\/api.w.org\/{rel}","templated":true}]}}