{"id":59841,"date":"2024-06-21T12:45:59","date_gmt":"2024-06-21T10:45:59","guid":{"rendered":"https:\/\/ch.auro.de\/salon-et-salle-a-manger\/"},"modified":"2026-04-29T11:21:46","modified_gmt":"2026-04-29T09:21:46","slug":"salon-et-salle-a-manger","status":"publish","type":"page","link":"https:\/\/auro.ch\/fr\/salon-et-salle-a-manger\/","title":{"rendered":"Salon et salle \u00e0 manger"},"content":{"rendered":"\t\t<div data-elementor-type=\"wp-page\" data-elementor-id=\"59841\" class=\"elementor elementor-59841 elementor-23044\" data-elementor-post-type=\"page\">\n\t\t\t\t\t\t<section class=\"elementor-section elementor-top-section elementor-element elementor-element-2f112f3 elementor-section-boxed elementor-section-height-default elementor-section-height-default\" data-id=\"2f112f3\" data-element_type=\"section\" data-e-type=\"section\">\n\t\t\t\t\t\t<div class=\"elementor-container elementor-column-gap-default\">\n\t\t\t\t\t<div class=\"elementor-column elementor-col-50 elementor-top-column elementor-element elementor-element-4306961\" data-id=\"4306961\" data-element_type=\"column\" data-e-type=\"column\">\n\t\t\t<div class=\"elementor-widget-wrap elementor-element-populated\">\n\t\t\t\t\t\t<div class=\"elementor-element elementor-element-018aff0 elementor-widget elementor-widget-heading\" data-id=\"018aff0\" data-element_type=\"widget\" data-e-type=\"widget\" data-widget_type=\"heading.default\">\n\t\t\t\t<div class=\"elementor-widget-container\">\n\t\t\t\t\t<h3 class=\"elementor-heading-title elementor-size-default\">Objet<\/h3>\t\t\t\t<\/div>\n\t\t\t\t<\/div>\n\t\t\t\t<div class=\"elementor-element elementor-element-850f93a elementor-widget elementor-widget-text-editor\" data-id=\"850f93a\" data-element_type=\"widget\" data-e-type=\"widget\" data-widget_type=\"text-editor.default\">\n\t\t\t\t<div class=\"elementor-widget-container\">\n\t\t\t\t\t\t\t\t\t<p>Intemporels, \u00e9l\u00e9gants et polyvalents, les beiges clairs sont de vrais passe-partout en mati\u00e8re de d\u00e9coration murale ! <br> <br> St\u00e9phanie <a class=\"x1i10hfl xjbqb8w x1ejq31n xd10rxx x1sy0etr x17r0tee x972fbf xcfux6l x1qhh985 xm0m39n x9f619 x1ypdohk xt0psk2 xe8uvvx xdj266r x11i5rnm xat24cr x1mh8g0r xexx8yu x4uap5 x18d9i69 xkhd6sd x16tdsg8 x1hl2dhg xggy1nq x1a2a7pz notranslate _a6hd\" tabindex=\"0\" role=\"link\" href=\"https:\/\/www.instagram.com\/fraeuleinotten\/\" target=\"_blank\" rel=\"noopener\">@fraeuleinotten<\/a> a profit\u00e9 de cet effet pour d\u00e9corer sa cuisine et la salle \u00e0 manger attenante. Elle les a peintes avec notre peinture professionnelle \u00e0 l&rsquo;argile COLOURS FOR LIFE n\u00b0 535 dans la teinte sludge 25. <\/p>\t\t\t\t\t\t\t\t<\/div>\n\t\t\t\t<\/div>\n\t\t\t\t\t<\/div>\n\t\t<\/div>\n\t\t\t\t<div class=\"elementor-column elementor-col-50 elementor-top-column elementor-element elementor-element-d49ed29\" data-id=\"d49ed29\" data-element_type=\"column\" data-e-type=\"column\">\n\t\t\t<div class=\"elementor-widget-wrap elementor-element-populated\">\n\t\t\t\t\t\t<div class=\"elementor-element elementor-element-bba2e12 elementor-widget elementor-widget-heading\" data-id=\"bba2e12\" data-element_type=\"widget\" data-e-type=\"widget\" data-widget_type=\"heading.default\">\n\t\t\t\t<div class=\"elementor-widget-container\">\n\t\t\t\t\t<h3 class=\"elementor-heading-title elementor-size-default\">Site web<\/h3>\t\t\t\t<\/div>\n\t\t\t\t<\/div>\n\t\t\t\t<div class=\"elementor-element elementor-element-2adcd15 elementor-align-left elementor-widget elementor-widget-button\" data-id=\"2adcd15\" data-element_type=\"widget\" data-e-type=\"widget\" data-widget_type=\"button.default\">\n\t\t\t\t<div class=\"elementor-widget-container\">\n\t\t\t\t\t\t\t\t\t<div class=\"elementor-button-wrapper\">\n\t\t\t\t\t<a class=\"elementor-button elementor-button-link elementor-size-sm\" href=\"https:\/\/fraeulein-otten.blogspot.com\/.de\/\" target=\"_blank\" rel=\"noopener\">\n\t\t\t\t\t\t<span class=\"elementor-button-content-wrapper\">\n\t\t\t\t\t\t\t\t\t<span class=\"elementor-button-text\">fraeulein-otten.blogspot.com<\/span>\n\t\t\t\t\t<\/span>\n\t\t\t\t\t<\/a>\n\t\t\t\t<\/div>\n\t\t\t\t\t\t\t\t<\/div>\n\t\t\t\t<\/div>\n\t\t\t\t\t<\/div>\n\t\t<\/div>\n\t\t\t\t\t<\/div>\n\t\t<\/section>\n\t\t\t\t<\/div>\n\t\t","protected":false},"excerpt":{"rendered":"<p>Objet Intemporels, \u00e9l\u00e9gants et polyvalents, les beiges clairs sont de [&hellip;]<\/p>\n","protected":false},"author":11,"featured_media":59844,"parent":0,"menu_order":0,"comment_status":"closed","ping_status":"closed","template":"template-referenz.php","meta":{"_acf_changed":false,"footnotes":""},"categories":[795],"class_list":["post-59841","page","type-page","status-publish","has-post-thumbnail","hentry","category-monde-des-enfants","country-allemagne","referenz-type-prive"],"acf":[],"_links":{"self":[{"href":"https:\/\/auro.ch\/fr\/wp-json\/wp\/v2\/pages\/59841","targetHints":{"allow":["GET"]}}],"collection":[{"href":"https:\/\/auro.ch\/fr\/wp-json\/wp\/v2\/pages"}],"about":[{"href":"https:\/\/auro.ch\/fr\/wp-json\/wp\/v2\/types\/page"}],"author":[{"embeddable":true,"href":"https:\/\/auro.ch\/fr\/wp-json\/wp\/v2\/users\/11"}],"replies":[{"embeddable":true,"href":"https:\/\/auro.ch\/fr\/wp-json\/wp\/v2\/comments?post=59841"}],"version-history":[{"count":1,"href":"https:\/\/auro.ch\/fr\/wp-json\/wp\/v2\/pages\/59841\/revisions"}],"predecessor-version":[{"id":59857,"href":"https:\/\/auro.ch\/fr\/wp-json\/wp\/v2\/pages\/59841\/revisions\/59857"}],"wp:featuredmedia":[{"embeddable":true,"href":"https:\/\/auro.ch\/fr\/wp-json\/wp\/v2\/media\/59844"}],"wp:attachment":[{"href":"https:\/\/auro.ch\/fr\/wp-json\/wp\/v2\/media?parent=59841"}],"wp:term":[{"taxonomy":"category","embeddable":true,"href":"https:\/\/auro.ch\/fr\/wp-json\/wp\/v2\/categories?post=59841"}],"curies":[{"name":"wp","href":"https:\/\/api.w.org\/{rel}","templated":true}]}}