{"id":59877,"date":"2024-08-14T10:08:48","date_gmt":"2024-08-14T08:08:48","guid":{"rendered":"https:\/\/ch.auro.de\/produits\/surfaces-en-bois-a-lexterieur\/"},"modified":"2026-04-29T11:21:54","modified_gmt":"2026-04-29T09:21:54","slug":"surfaces-en-bois-a-lexterieur","status":"publish","type":"page","link":"https:\/\/auro.ch\/fr\/produits\/surfaces-en-bois-a-lexterieur\/","title":{"rendered":"Surfaces en bois \u00e0 l&rsquo;ext\u00e9rieur"},"content":{"rendered":"\t\t<div data-elementor-type=\"wp-page\" data-elementor-id=\"59877\" class=\"elementor elementor-59877 elementor-25990\" data-elementor-post-type=\"page\">\n\t\t\t\t\t\t<section class=\"elementor-section elementor-top-section elementor-element elementor-element-19124a2 elementor-section-height-min-height elementor-section-boxed elementor-section-height-default elementor-section-items-middle\" data-id=\"19124a2\" data-element_type=\"section\" data-e-type=\"section\" data-settings=\"{&quot;background_background&quot;:&quot;classic&quot;}\">\n\t\t\t\t\t\t\t<div class=\"elementor-background-overlay\"><\/div>\n\t\t\t\t\t\t\t<div class=\"elementor-container elementor-column-gap-default\">\n\t\t\t\t\t<div class=\"elementor-column elementor-col-100 elementor-top-column elementor-element elementor-element-6bcf109\" data-id=\"6bcf109\" data-element_type=\"column\" data-e-type=\"column\">\n\t\t\t<div class=\"elementor-widget-wrap elementor-element-populated\">\n\t\t\t\t\t\t<div class=\"elementor-element elementor-element-f18df30 elementor-invisible elementor-widget elementor-widget-heading\" data-id=\"f18df30\" data-element_type=\"widget\" data-e-type=\"widget\" data-settings=\"{&quot;_animation&quot;:&quot;fadeInUp&quot;}\" data-widget_type=\"heading.default\">\n\t\t\t\t<div class=\"elementor-widget-container\">\n\t\t\t\t\t<p class=\"elementor-heading-title elementor-size-default\">Produits<\/p>\t\t\t\t<\/div>\n\t\t\t\t<\/div>\n\t\t\t\t<div class=\"elementor-element elementor-element-631271f elementor-widget elementor-widget-heading\" data-id=\"631271f\" data-element_type=\"widget\" data-e-type=\"widget\" data-widget_type=\"heading.default\">\n\t\t\t\t<div class=\"elementor-widget-container\">\n\t\t\t\t\t<h1 class=\"elementor-heading-title elementor-size-default\">Surfaces en bois \u00e0 l'ext\u00e9rieur<\/h1>\t\t\t\t<\/div>\n\t\t\t\t<\/div>\n\t\t\t\t\t<\/div>\n\t\t<\/div>\n\t\t\t\t\t<\/div>\n\t\t<\/section>\n\t\t\t\t<section class=\"elementor-section elementor-top-section elementor-element elementor-element-89a3be7 elementor-section-boxed elementor-section-height-default elementor-section-height-default\" data-id=\"89a3be7\" data-element_type=\"section\" data-e-type=\"section\" data-settings=\"{&quot;background_background&quot;:&quot;classic&quot;}\">\n\t\t\t\t\t\t<div class=\"elementor-container elementor-column-gap-default\">\n\t\t\t\t\t<div class=\"elementor-column elementor-col-33 elementor-top-column elementor-element elementor-element-04e5ebe\" data-id=\"04e5ebe\" data-element_type=\"column\" data-e-type=\"column\">\n\t\t\t<div class=\"elementor-widget-wrap elementor-element-populated\">\n\t\t\t\t\t\t<div class=\"elementor-element elementor-element-6aae7ed elementor-position-top elementor-widget elementor-widget-image-box\" data-id=\"6aae7ed\" data-element_type=\"widget\" data-e-type=\"widget\" data-widget_type=\"image-box.default\">\n\t\t\t\t<div class=\"elementor-widget-container\">\n\t\t\t\t\t<div class=\"elementor-image-box-wrapper\"><figure class=\"elementor-image-box-img\"><a href=\"https:\/\/auro.ch\/fr\/peintures-pour-lexterieur\/\" tabindex=\"-1\"><img fetchpriority=\"high\" decoding=\"async\" width=\"532\" height=\"532\" src=\"https:\/\/auro.ch\/wp-content\/uploads\/2024\/01\/Kachel_Lack_CFL_Lack_2.jpg\" class=\"attachment-large size-large wp-image-59240\" alt=\"\" srcset=\"https:\/\/auro.ch\/wp-content\/uploads\/2024\/01\/Kachel_Lack_CFL_Lack_2.jpg 532w, https:\/\/auro.ch\/wp-content\/uploads\/2024\/01\/Kachel_Lack_CFL_Lack_2-300x300.jpg 300w, https:\/\/auro.ch\/wp-content\/uploads\/2024\/01\/Kachel_Lack_CFL_Lack_2-150x150.jpg 150w\" sizes=\"(max-width: 532px) 100vw, 532px\" \/><\/a><\/figure><div class=\"elementor-image-box-content\"><h3 class=\"elementor-image-box-title\"><a href=\"https:\/\/auro.ch\/fr\/peintures-pour-lexterieur\/\">Peintures<\/a><\/h3><\/div><\/div>\t\t\t\t<\/div>\n\t\t\t\t<\/div>\n\t\t\t\t\t<\/div>\n\t\t<\/div>\n\t\t\t\t<div class=\"elementor-column elementor-col-33 elementor-top-column elementor-element elementor-element-1c8062d\" data-id=\"1c8062d\" data-element_type=\"column\" data-e-type=\"column\">\n\t\t\t<div class=\"elementor-widget-wrap elementor-element-populated\">\n\t\t\t\t\t\t<div class=\"elementor-element elementor-element-0113bee elementor-position-top elementor-widget elementor-widget-image-box\" data-id=\"0113bee\" data-element_type=\"widget\" data-e-type=\"widget\" data-widget_type=\"image-box.default\">\n\t\t\t\t<div class=\"elementor-widget-container\">\n\t\t\t\t\t<div class=\"elementor-image-box-wrapper\"><figure class=\"elementor-image-box-img\"><a href=\"https:\/\/auro.ch\/fr\/lasures-pour-lexterieur\/\" tabindex=\"-1\"><img decoding=\"async\" width=\"256\" height=\"256\" src=\"https:\/\/auro.ch\/wp-content\/uploads\/2024\/01\/Kachel_Holzlasur_560_1.jpg\" class=\"attachment-large size-large wp-image-59239\" alt=\"\" srcset=\"https:\/\/auro.ch\/wp-content\/uploads\/2024\/01\/Kachel_Holzlasur_560_1.jpg 256w, https:\/\/auro.ch\/wp-content\/uploads\/2024\/01\/Kachel_Holzlasur_560_1-150x150.jpg 150w\" sizes=\"(max-width: 256px) 100vw, 256px\" \/><\/a><\/figure><div class=\"elementor-image-box-content\"><h3 class=\"elementor-image-box-title\"><a href=\"https:\/\/auro.ch\/fr\/lasures-pour-lexterieur\/\">Lasures<\/a><\/h3><\/div><\/div>\t\t\t\t<\/div>\n\t\t\t\t<\/div>\n\t\t\t\t\t<\/div>\n\t\t<\/div>\n\t\t\t\t<div class=\"elementor-column elementor-col-33 elementor-top-column elementor-element elementor-element-bc85d6d\" data-id=\"bc85d6d\" data-element_type=\"column\" data-e-type=\"column\">\n\t\t\t<div class=\"elementor-widget-wrap elementor-element-populated\">\n\t\t\t\t\t\t<div class=\"elementor-element elementor-element-8224c3f elementor-position-top elementor-widget elementor-widget-image-box\" data-id=\"8224c3f\" data-element_type=\"widget\" data-e-type=\"widget\" data-widget_type=\"image-box.default\">\n\t\t\t\t<div class=\"elementor-widget-container\">\n\t\t\t\t\t<div class=\"elementor-image-box-wrapper\"><figure class=\"elementor-image-box-img\"><a href=\"https:\/\/auro.ch\/?page_id=26034\" tabindex=\"-1\"><img decoding=\"async\" width=\"800\" height=\"800\" src=\"https:\/\/auro.ch\/wp-content\/uploads\/2024\/08\/Kachel_Schwedenrot_ergaenzende-Produkte-1024x1024.jpg\" class=\"attachment-large size-large wp-image-25852\" alt=\"\" srcset=\"https:\/\/auro.ch\/wp-content\/uploads\/2024\/08\/Kachel_Schwedenrot_ergaenzende-Produkte-1024x1024.jpg 1024w, https:\/\/auro.ch\/wp-content\/uploads\/2024\/08\/Kachel_Schwedenrot_ergaenzende-Produkte-300x300.jpg 300w, https:\/\/auro.ch\/wp-content\/uploads\/2024\/08\/Kachel_Schwedenrot_ergaenzende-Produkte-150x150.jpg 150w, https:\/\/auro.ch\/wp-content\/uploads\/2024\/08\/Kachel_Schwedenrot_ergaenzende-Produkte-768x768.jpg 768w, https:\/\/auro.ch\/wp-content\/uploads\/2024\/08\/Kachel_Schwedenrot_ergaenzende-Produkte-1536x1536.jpg 1536w, https:\/\/auro.ch\/wp-content\/uploads\/2024\/08\/Kachel_Schwedenrot_ergaenzende-Produkte-2048x2048.jpg 2048w\" sizes=\"(max-width: 800px) 100vw, 800px\" \/><\/a><\/figure><div class=\"elementor-image-box-content\"><h3 class=\"elementor-image-box-title\"><a href=\"https:\/\/auro.ch\/?page_id=26034\">Produits compl\u00e9mentaires<\/a><\/h3><\/div><\/div>\t\t\t\t<\/div>\n\t\t\t\t<\/div>\n\t\t\t\t\t<\/div>\n\t\t<\/div>\n\t\t\t\t\t<\/div>\n\t\t<\/section>\n\t\t\t\t<section class=\"elementor-section elementor-top-section elementor-element elementor-element-e93eed0 elementor-section-boxed elementor-section-height-default elementor-section-height-default\" data-id=\"e93eed0\" data-element_type=\"section\" data-e-type=\"section\" data-settings=\"{&quot;background_background&quot;:&quot;classic&quot;}\">\n\t\t\t\t\t\t<div class=\"elementor-container elementor-column-gap-default\">\n\t\t\t\t\t<div class=\"elementor-column elementor-col-100 elementor-top-column elementor-element elementor-element-b2ae9fa\" data-id=\"b2ae9fa\" data-element_type=\"column\" data-e-type=\"column\">\n\t\t\t<div class=\"elementor-widget-wrap elementor-element-populated\">\n\t\t\t\t\t\t<div class=\"elementor-element elementor-element-9de2104 elementor-align-center elementor-widget elementor-widget-button\" data-id=\"9de2104\" data-element_type=\"widget\" data-e-type=\"widget\" data-widget_type=\"button.default\">\n\t\t\t\t<div class=\"elementor-widget-container\">\n\t\t\t\t\t\t\t\t\t<div class=\"elementor-button-wrapper\">\n\t\t\t\t\t<a class=\"elementor-button elementor-button-link elementor-size-sm\" href=\"https:\/\/auro.ch\/fr\/produits\/\">\n\t\t\t\t\t\t<span class=\"elementor-button-content-wrapper\">\n\t\t\t\t\t\t\t\t\t<span class=\"elementor-button-text\">Voir toutes les cat\u00e9gories de produits<\/span>\n\t\t\t\t\t<\/span>\n\t\t\t\t\t<\/a>\n\t\t\t\t<\/div>\n\t\t\t\t\t\t\t\t<\/div>\n\t\t\t\t<\/div>\n\t\t\t\t\t<\/div>\n\t\t<\/div>\n\t\t\t\t\t<\/div>\n\t\t<\/section>\n\t\t\t\t<\/div>\n\t\t","protected":false},"excerpt":{"rendered":"<p>Produits Surfaces en bois \u00e0 l&rsquo;ext\u00e9rieur Peintures Lasures Produits compl\u00e9mentaires [&hellip;]<\/p>\n","protected":false},"author":12,"featured_media":59260,"parent":59236,"menu_order":0,"comment_status":"closed","ping_status":"closed","template":"","meta":{"_acf_changed":false,"footnotes":""},"categories":[],"class_list":["post-59877","page","type-page","status-publish","has-post-thumbnail","hentry"],"acf":[],"_links":{"self":[{"href":"https:\/\/auro.ch\/fr\/wp-json\/wp\/v2\/pages\/59877","targetHints":{"allow":["GET"]}}],"collection":[{"href":"https:\/\/auro.ch\/fr\/wp-json\/wp\/v2\/pages"}],"about":[{"href":"https:\/\/auro.ch\/fr\/wp-json\/wp\/v2\/types\/page"}],"author":[{"embeddable":true,"href":"https:\/\/auro.ch\/fr\/wp-json\/wp\/v2\/users\/12"}],"replies":[{"embeddable":true,"href":"https:\/\/auro.ch\/fr\/wp-json\/wp\/v2\/comments?post=59877"}],"version-history":[{"count":1,"href":"https:\/\/auro.ch\/fr\/wp-json\/wp\/v2\/pages\/59877\/revisions"}],"predecessor-version":[{"id":59883,"href":"https:\/\/auro.ch\/fr\/wp-json\/wp\/v2\/pages\/59877\/revisions\/59883"}],"up":[{"embeddable":true,"href":"https:\/\/auro.ch\/fr\/wp-json\/wp\/v2\/pages\/59236"}],"wp:featuredmedia":[{"embeddable":true,"href":"https:\/\/auro.ch\/fr\/wp-json\/wp\/v2\/media\/59260"}],"wp:attachment":[{"href":"https:\/\/auro.ch\/fr\/wp-json\/wp\/v2\/media?parent=59877"}],"wp:term":[{"taxonomy":"category","embeddable":true,"href":"https:\/\/auro.ch\/fr\/wp-json\/wp\/v2\/categories?post=59877"}],"curies":[{"name":"wp","href":"https:\/\/api.w.org\/{rel}","templated":true}]}}