{"id":59945,"date":"2019-11-12T13:12:25","date_gmt":"2019-11-12T12:12:25","guid":{"rendered":"https:\/\/ch.auro.de\/maison-privee\/"},"modified":"2026-04-29T11:22:57","modified_gmt":"2026-04-29T09:22:57","slug":"maison-privee","status":"publish","type":"page","link":"https:\/\/auro.ch\/fr\/maison-privee\/","title":{"rendered":"Maison priv\u00e9e"},"content":{"rendered":"\t\t<div data-elementor-type=\"wp-page\" data-elementor-id=\"59945\" class=\"elementor elementor-59945 elementor-21421\" data-elementor-post-type=\"page\">\n\t\t\t\t\t\t<section class=\"elementor-section elementor-top-section elementor-element elementor-element-2f112f3 elementor-section-boxed elementor-section-height-default elementor-section-height-default\" data-id=\"2f112f3\" data-element_type=\"section\" data-e-type=\"section\">\n\t\t\t\t\t\t<div class=\"elementor-container elementor-column-gap-default\">\n\t\t\t\t\t<div class=\"elementor-column elementor-col-50 elementor-top-column elementor-element elementor-element-4306961\" data-id=\"4306961\" data-element_type=\"column\" data-e-type=\"column\">\n\t\t\t<div class=\"elementor-widget-wrap elementor-element-populated\">\n\t\t\t\t\t\t<div class=\"elementor-element elementor-element-018aff0 elementor-widget elementor-widget-heading\" data-id=\"018aff0\" data-element_type=\"widget\" data-e-type=\"widget\" data-widget_type=\"heading.default\">\n\t\t\t\t<div class=\"elementor-widget-container\">\n\t\t\t\t\t<h3 class=\"elementor-heading-title elementor-size-default\">Objet<\/h3>\t\t\t\t<\/div>\n\t\t\t\t<\/div>\n\t\t\t\t<div class=\"elementor-element elementor-element-1fe46b8 elementor-widget elementor-widget-text-editor\" data-id=\"1fe46b8\" data-element_type=\"widget\" data-e-type=\"widget\" data-widget_type=\"text-editor.default\">\n\t\t\t\t<div class=\"elementor-widget-container\">\n\t\t\t\t\t\t\t\t\t<p><strong>Objet :<\/strong> Maison priv\u00e9e du conseiller en \u00e9nergie Christof Peter-Dosch et Dr. Miriam Dosch \u00e0 Billerbek.<\/p><p>La d\u00e9coration int\u00e9rieure des murs de la maison a \u00e9t\u00e9 r\u00e9alis\u00e9e avec les produits de d\u00e9coration murale AURO.<\/p>\t\t\t\t\t\t\t\t<\/div>\n\t\t\t\t<\/div>\n\t\t\t\t\t<\/div>\n\t\t<\/div>\n\t\t\t\t<div class=\"elementor-column elementor-col-50 elementor-top-column elementor-element elementor-element-d49ed29\" data-id=\"d49ed29\" data-element_type=\"column\" data-e-type=\"column\">\n\t\t\t<div class=\"elementor-widget-wrap elementor-element-populated\">\n\t\t\t\t\t\t<div class=\"elementor-element elementor-element-bba2e12 elementor-widget elementor-widget-heading\" data-id=\"bba2e12\" data-element_type=\"widget\" data-e-type=\"widget\" data-widget_type=\"heading.default\">\n\t\t\t\t<div class=\"elementor-widget-container\">\n\t\t\t\t\t<h3 class=\"elementor-heading-title elementor-size-default\">Site web<\/h3>\t\t\t\t<\/div>\n\t\t\t\t<\/div>\n\t\t\t\t<div class=\"elementor-element elementor-element-d4e6c0d elementor-align-left elementor-widget elementor-widget-button\" data-id=\"d4e6c0d\" data-element_type=\"widget\" data-e-type=\"widget\" data-widget_type=\"button.default\">\n\t\t\t\t<div class=\"elementor-widget-container\">\n\t\t\t\t\t\t\t\t\t<div class=\"elementor-button-wrapper\">\n\t\t\t\t\t<a class=\"elementor-button elementor-button-link elementor-size-sm\" href=\"http:\/\/www.energieberatung-cpd.de\" target=\"_blank\" rel=\"noopener\">\n\t\t\t\t\t\t<span class=\"elementor-button-content-wrapper\">\n\t\t\t\t\t\t\t\t\t<span class=\"elementor-button-text\">www.energieberatung-cpd.de<\/span>\n\t\t\t\t\t<\/span>\n\t\t\t\t\t<\/a>\n\t\t\t\t<\/div>\n\t\t\t\t\t\t\t\t<\/div>\n\t\t\t\t<\/div>\n\t\t\t\t\t<\/div>\n\t\t<\/div>\n\t\t\t\t\t<\/div>\n\t\t<\/section>\n\t\t\t\t<section class=\"elementor-section elementor-top-section elementor-element elementor-element-1cf9959 elementor-section-full_width elementor-section-height-default elementor-section-height-default\" data-id=\"1cf9959\" data-element_type=\"section\" data-e-type=\"section\">\n\t\t\t\t\t\t<div class=\"elementor-container elementor-column-gap-default\">\n\t\t\t\t\t<div class=\"elementor-column elementor-col-100 elementor-top-column elementor-element elementor-element-137576e\" data-id=\"137576e\" data-element_type=\"column\" data-e-type=\"column\">\n\t\t\t<div class=\"elementor-widget-wrap elementor-element-populated\">\n\t\t\t\t\t\t<div class=\"elementor-element elementor-element-f8f61ee elementor-widget elementor-widget-gallery\" data-id=\"f8f61ee\" data-element_type=\"widget\" data-e-type=\"widget\" data-settings=\"{&quot;columns_tablet&quot;:4,&quot;columns_mobile&quot;:2,&quot;gap&quot;:{&quot;unit&quot;:&quot;px&quot;,&quot;size&quot;:0,&quot;sizes&quot;:[]},&quot;gap_tablet&quot;:{&quot;unit&quot;:&quot;px&quot;,&quot;size&quot;:0,&quot;sizes&quot;:[]},&quot;gap_mobile&quot;:{&quot;unit&quot;:&quot;px&quot;,&quot;size&quot;:0,&quot;sizes&quot;:[]},&quot;lazyload&quot;:&quot;yes&quot;,&quot;gallery_layout&quot;:&quot;grid&quot;,&quot;columns&quot;:4,&quot;link_to&quot;:&quot;file&quot;,&quot;aspect_ratio&quot;:&quot;3:2&quot;,&quot;overlay_background&quot;:&quot;yes&quot;,&quot;content_hover_animation&quot;:&quot;fade-in&quot;}\" data-widget_type=\"gallery.default\">\n\t\t\t\t<div class=\"elementor-widget-container\">\n\t\t\t\t\t\t\t<div class=\"elementor-gallery__container\">\n\t\t\t\t\t\t\t<a class=\"e-gallery-item elementor-gallery-item elementor-animated-content\" href=\"https:\/\/auro.ch\/wp-content\/uploads\/2024\/06\/Haus_Peter-Dosch_1.jpg\" data-elementor-open-lightbox=\"yes\" data-elementor-lightbox-slideshow=\"f8f61ee\" data-e-action-hash=\"#elementor-action%3Aaction%3Dlightbox%26settings%3DeyJpZCI6NTk5NTcsInVybCI6Imh0dHBzOlwvXC9hdXJvLmNoXC93cC1jb250ZW50XC91cGxvYWRzXC8yMDI0XC8wNlwvSGF1c19QZXRlci1Eb3NjaF8xLmpwZyIsInNsaWRlc2hvdyI6ImY4ZjYxZWUifQ%3D%3D\">\n\t\t\t\t\t<div class=\"e-gallery-image elementor-gallery-item__image\" data-thumbnail=\"https:\/\/auro.ch\/wp-content\/uploads\/2024\/06\/Haus_Peter-Dosch_1.jpg\" data-width=\"600\" data-height=\"800\" aria-label=\"\" role=\"img\" ><\/div>\n\t\t\t\t\t\t\t\t\t\t\t<div class=\"elementor-gallery-item__overlay\"><\/div>\n\t\t\t\t\t\t\t\t\t\t\t\t\t\t<\/a>\n\t\t\t\t\t\t\t<a class=\"e-gallery-item elementor-gallery-item elementor-animated-content\" href=\"https:\/\/auro.ch\/wp-content\/uploads\/2024\/06\/Haus_Peter-Dosch_2.jpg\" data-elementor-open-lightbox=\"yes\" data-elementor-lightbox-slideshow=\"f8f61ee\" data-e-action-hash=\"#elementor-action%3Aaction%3Dlightbox%26settings%3DeyJpZCI6NTk5NTYsInVybCI6Imh0dHBzOlwvXC9hdXJvLmNoXC93cC1jb250ZW50XC91cGxvYWRzXC8yMDI0XC8wNlwvSGF1c19QZXRlci1Eb3NjaF8yLmpwZyIsInNsaWRlc2hvdyI6ImY4ZjYxZWUifQ%3D%3D\">\n\t\t\t\t\t<div class=\"e-gallery-image elementor-gallery-item__image\" data-thumbnail=\"https:\/\/auro.ch\/wp-content\/uploads\/2024\/06\/Haus_Peter-Dosch_2.jpg\" data-width=\"800\" data-height=\"600\" aria-label=\"\" role=\"img\" ><\/div>\n\t\t\t\t\t\t\t\t\t\t\t<div class=\"elementor-gallery-item__overlay\"><\/div>\n\t\t\t\t\t\t\t\t\t\t\t\t\t\t<\/a>\n\t\t\t\t\t\t\t<a class=\"e-gallery-item elementor-gallery-item elementor-animated-content\" href=\"https:\/\/auro.ch\/wp-content\/uploads\/2024\/06\/Haus_Peter-Dosch_3.jpg\" data-elementor-open-lightbox=\"yes\" data-elementor-lightbox-slideshow=\"f8f61ee\" data-e-action-hash=\"#elementor-action%3Aaction%3Dlightbox%26settings%3DeyJpZCI6NTk5NTUsInVybCI6Imh0dHBzOlwvXC9hdXJvLmNoXC93cC1jb250ZW50XC91cGxvYWRzXC8yMDI0XC8wNlwvSGF1c19QZXRlci1Eb3NjaF8zLmpwZyIsInNsaWRlc2hvdyI6ImY4ZjYxZWUifQ%3D%3D\">\n\t\t\t\t\t<div class=\"e-gallery-image elementor-gallery-item__image\" data-thumbnail=\"https:\/\/auro.ch\/wp-content\/uploads\/2024\/06\/Haus_Peter-Dosch_3.jpg\" data-width=\"800\" data-height=\"600\" aria-label=\"\" role=\"img\" ><\/div>\n\t\t\t\t\t\t\t\t\t\t\t<div class=\"elementor-gallery-item__overlay\"><\/div>\n\t\t\t\t\t\t\t\t\t\t\t\t\t\t<\/a>\n\t\t\t\t\t\t\t<a class=\"e-gallery-item elementor-gallery-item elementor-animated-content\" href=\"https:\/\/auro.ch\/wp-content\/uploads\/2024\/06\/Haus_Peter-Dosch_4.jpg\" data-elementor-open-lightbox=\"yes\" data-elementor-lightbox-slideshow=\"f8f61ee\" data-e-action-hash=\"#elementor-action%3Aaction%3Dlightbox%26settings%3DeyJpZCI6NTk5NTQsInVybCI6Imh0dHBzOlwvXC9hdXJvLmNoXC93cC1jb250ZW50XC91cGxvYWRzXC8yMDI0XC8wNlwvSGF1c19QZXRlci1Eb3NjaF80LmpwZyIsInNsaWRlc2hvdyI6ImY4ZjYxZWUifQ%3D%3D\">\n\t\t\t\t\t<div class=\"e-gallery-image elementor-gallery-item__image\" data-thumbnail=\"https:\/\/auro.ch\/wp-content\/uploads\/2024\/06\/Haus_Peter-Dosch_4.jpg\" data-width=\"800\" data-height=\"600\" aria-label=\"\" role=\"img\" ><\/div>\n\t\t\t\t\t\t\t\t\t\t\t<div class=\"elementor-gallery-item__overlay\"><\/div>\n\t\t\t\t\t\t\t\t\t\t\t\t\t\t<\/a>\n\t\t\t\t\t\t\t<a class=\"e-gallery-item elementor-gallery-item elementor-animated-content\" href=\"https:\/\/auro.ch\/wp-content\/uploads\/2024\/06\/Haus_Peter-Dosch_5.jpg\" data-elementor-open-lightbox=\"yes\" data-elementor-lightbox-slideshow=\"f8f61ee\" data-e-action-hash=\"#elementor-action%3Aaction%3Dlightbox%26settings%3DeyJpZCI6NTk5NTMsInVybCI6Imh0dHBzOlwvXC9hdXJvLmNoXC93cC1jb250ZW50XC91cGxvYWRzXC8yMDI0XC8wNlwvSGF1c19QZXRlci1Eb3NjaF81LmpwZyIsInNsaWRlc2hvdyI6ImY4ZjYxZWUifQ%3D%3D\">\n\t\t\t\t\t<div class=\"e-gallery-image elementor-gallery-item__image\" data-thumbnail=\"https:\/\/auro.ch\/wp-content\/uploads\/2024\/06\/Haus_Peter-Dosch_5.jpg\" data-width=\"800\" data-height=\"600\" aria-label=\"\" role=\"img\" ><\/div>\n\t\t\t\t\t\t\t\t\t\t\t<div class=\"elementor-gallery-item__overlay\"><\/div>\n\t\t\t\t\t\t\t\t\t\t\t\t\t\t<\/a>\n\t\t\t\t\t\t\t<a class=\"e-gallery-item elementor-gallery-item elementor-animated-content\" href=\"https:\/\/auro.ch\/wp-content\/uploads\/2024\/06\/Haus_Peter-Dosch_6.jpg\" data-elementor-open-lightbox=\"yes\" data-elementor-lightbox-slideshow=\"f8f61ee\" data-e-action-hash=\"#elementor-action%3Aaction%3Dlightbox%26settings%3DeyJpZCI6NTk5NTIsInVybCI6Imh0dHBzOlwvXC9hdXJvLmNoXC93cC1jb250ZW50XC91cGxvYWRzXC8yMDI0XC8wNlwvSGF1c19QZXRlci1Eb3NjaF82LmpwZyIsInNsaWRlc2hvdyI6ImY4ZjYxZWUifQ%3D%3D\">\n\t\t\t\t\t<div class=\"e-gallery-image elementor-gallery-item__image\" data-thumbnail=\"https:\/\/auro.ch\/wp-content\/uploads\/2024\/06\/Haus_Peter-Dosch_6.jpg\" data-width=\"800\" data-height=\"600\" aria-label=\"\" role=\"img\" ><\/div>\n\t\t\t\t\t\t\t\t\t\t\t<div class=\"elementor-gallery-item__overlay\"><\/div>\n\t\t\t\t\t\t\t\t\t\t\t\t\t\t<\/a>\n\t\t\t\t\t\t\t<a class=\"e-gallery-item elementor-gallery-item elementor-animated-content\" href=\"https:\/\/auro.ch\/wp-content\/uploads\/2024\/06\/Haus_Peter-Dosch_7.jpg\" data-elementor-open-lightbox=\"yes\" data-elementor-lightbox-slideshow=\"f8f61ee\" data-e-action-hash=\"#elementor-action%3Aaction%3Dlightbox%26settings%3DeyJpZCI6NTk5NTEsInVybCI6Imh0dHBzOlwvXC9hdXJvLmNoXC93cC1jb250ZW50XC91cGxvYWRzXC8yMDI0XC8wNlwvSGF1c19QZXRlci1Eb3NjaF83LmpwZyIsInNsaWRlc2hvdyI6ImY4ZjYxZWUifQ%3D%3D\">\n\t\t\t\t\t<div class=\"e-gallery-image elementor-gallery-item__image\" data-thumbnail=\"https:\/\/auro.ch\/wp-content\/uploads\/2024\/06\/Haus_Peter-Dosch_7.jpg\" data-width=\"800\" data-height=\"600\" aria-label=\"\" role=\"img\" ><\/div>\n\t\t\t\t\t\t\t\t\t\t\t<div class=\"elementor-gallery-item__overlay\"><\/div>\n\t\t\t\t\t\t\t\t\t\t\t\t\t\t<\/a>\n\t\t\t\t\t<\/div>\n\t\t\t\t\t<\/div>\n\t\t\t\t<\/div>\n\t\t\t\t\t<\/div>\n\t\t<\/div>\n\t\t\t\t\t<\/div>\n\t\t<\/section>\n\t\t\t\t<\/div>\n\t\t","protected":false},"excerpt":{"rendered":"<p>Objet Objet : Maison priv\u00e9e du conseiller en \u00e9nergie Christof [&hellip;]<\/p>\n","protected":false},"author":11,"featured_media":59957,"parent":0,"menu_order":0,"comment_status":"closed","ping_status":"closed","template":"template-referenz.php","meta":{"_acf_changed":false,"footnotes":""},"categories":[795],"class_list":["post-59945","page","type-page","status-publish","has-post-thumbnail","hentry","category-monde-des-enfants","country-allemagne","referenz-type-prive"],"acf":[],"_links":{"self":[{"href":"https:\/\/auro.ch\/fr\/wp-json\/wp\/v2\/pages\/59945","targetHints":{"allow":["GET"]}}],"collection":[{"href":"https:\/\/auro.ch\/fr\/wp-json\/wp\/v2\/pages"}],"about":[{"href":"https:\/\/auro.ch\/fr\/wp-json\/wp\/v2\/types\/page"}],"author":[{"embeddable":true,"href":"https:\/\/auro.ch\/fr\/wp-json\/wp\/v2\/users\/11"}],"replies":[{"embeddable":true,"href":"https:\/\/auro.ch\/fr\/wp-json\/wp\/v2\/comments?post=59945"}],"version-history":[{"count":1,"href":"https:\/\/auro.ch\/fr\/wp-json\/wp\/v2\/pages\/59945\/revisions"}],"predecessor-version":[{"id":59958,"href":"https:\/\/auro.ch\/fr\/wp-json\/wp\/v2\/pages\/59945\/revisions\/59958"}],"wp:featuredmedia":[{"embeddable":true,"href":"https:\/\/auro.ch\/fr\/wp-json\/wp\/v2\/media\/59957"}],"wp:attachment":[{"href":"https:\/\/auro.ch\/fr\/wp-json\/wp\/v2\/media?parent=59945"}],"wp:term":[{"taxonomy":"category","embeddable":true,"href":"https:\/\/auro.ch\/fr\/wp-json\/wp\/v2\/categories?post=59945"}],"curies":[{"name":"wp","href":"https:\/\/api.w.org\/{rel}","templated":true}]}}