{"id":60137,"date":"2019-03-29T12:18:23","date_gmt":"2019-03-29T11:18:23","guid":{"rendered":"https:\/\/ch.auro.de\/appartements-lindeborgs-farm\/"},"modified":"2026-04-29T11:23:34","modified_gmt":"2026-04-29T09:23:34","slug":"appartements-lindeborgs-farm","status":"publish","type":"page","link":"https:\/\/auro.ch\/fr\/appartements-lindeborgs-farm\/","title":{"rendered":"Appartements Lindeborgs Farm"},"content":{"rendered":"\t\t<div data-elementor-type=\"wp-page\" data-elementor-id=\"60137\" class=\"elementor elementor-60137 elementor-18823\" data-elementor-post-type=\"page\">\n\t\t\t\t\t\t<section class=\"elementor-section elementor-top-section elementor-element elementor-element-2f112f3 elementor-section-boxed elementor-section-height-default elementor-section-height-default\" data-id=\"2f112f3\" data-element_type=\"section\" data-e-type=\"section\">\n\t\t\t\t\t\t<div class=\"elementor-container elementor-column-gap-default\">\n\t\t\t\t\t<div class=\"elementor-column elementor-col-50 elementor-top-column elementor-element elementor-element-4306961\" data-id=\"4306961\" data-element_type=\"column\" data-e-type=\"column\">\n\t\t\t<div class=\"elementor-widget-wrap elementor-element-populated\">\n\t\t\t\t\t\t<div class=\"elementor-element elementor-element-018aff0 elementor-widget elementor-widget-heading\" data-id=\"018aff0\" data-element_type=\"widget\" data-e-type=\"widget\" data-widget_type=\"heading.default\">\n\t\t\t\t<div class=\"elementor-widget-container\">\n\t\t\t\t\t<h3 class=\"elementor-heading-title elementor-size-default\">Objet<\/h3>\t\t\t\t<\/div>\n\t\t\t\t<\/div>\n\t\t\t\t<div class=\"elementor-element elementor-element-1fe46b8 elementor-widget elementor-widget-text-editor\" data-id=\"1fe46b8\" data-element_type=\"widget\" data-e-type=\"widget\" data-widget_type=\"text-editor.default\">\n\t\t\t\t<div class=\"elementor-widget-container\">\n\t\t\t\t\t\t\t\t\t<p>Entour\u00e9e d&rsquo;une nature paisible, mais \u00e0 seulement quinze minutes en voiture de l&rsquo;a\u00e9roport de Stockholm Skavsta, la famille Lindeborg a cr\u00e9\u00e9 un lieu de d\u00e9tente et de d\u00e9couverte de la nature au milieu des for\u00eats, des champs et d&rsquo;un paysage de lacs. Ce qui les distingue, ce n&rsquo;est pas seulement leur hospitalit\u00e9 authentique et chaleureuse, mais aussi leur sp\u00e9cialisation dans le d\u00e9veloppement durable. Cela se traduit par un concept global qui se retrouve dans le design scandinave intemporel et l&rsquo;am\u00e9nagement des logements avec des mat\u00e9riaux 100% biologiques ou durables, ainsi que dans les diff\u00e9rents processus op\u00e9rationnels de la ferme.  <br><br>Les fa\u00e7ades ext\u00e9rieures ont \u00e9t\u00e9 d\u00e9cor\u00e9es avec du bois provenant de notre propre for\u00eat et peintes avec le Rouge su\u00e9dois AURO n\u00b0 148. Dans les appartements de vacances, les sols ont \u00e9t\u00e9 trait\u00e9s avec l&rsquo;huile \u00e0 usage unique n\u00b0 109 et les meubles de cuisine avec la lasure pour bois Aqua n\u00b0 160 en blanc et noir. <br><br><strong>site web :<\/strong> <a href=\"http:\/\/www.lindeborgs.com\/\" target=\"_blank\" rel=\"noopener\">www.lindeborgs.com<br><\/a><strong>Instagram :<\/strong> <a href=\"https:\/\/www.instagram.com\/lindeborgsecoretreat\/\" target=\"_blank\" rel=\"noopener\">www.instagram.com\/lindeborgsecoretreat<\/a><\/p>\t\t\t\t\t\t\t\t<\/div>\n\t\t\t\t<\/div>\n\t\t\t\t\t<\/div>\n\t\t<\/div>\n\t\t\t\t<div class=\"elementor-column elementor-col-50 elementor-top-column elementor-element elementor-element-d49ed29\" data-id=\"d49ed29\" data-element_type=\"column\" data-e-type=\"column\">\n\t\t\t<div class=\"elementor-widget-wrap elementor-element-populated\">\n\t\t\t\t\t\t<div class=\"elementor-element elementor-element-bba2e12 elementor-widget elementor-widget-heading\" data-id=\"bba2e12\" data-element_type=\"widget\" data-e-type=\"widget\" data-widget_type=\"heading.default\">\n\t\t\t\t<div class=\"elementor-widget-container\">\n\t\t\t\t\t<h3 class=\"elementor-heading-title elementor-size-default\">Site web<\/h3>\t\t\t\t<\/div>\n\t\t\t\t<\/div>\n\t\t\t\t<div class=\"elementor-element elementor-element-d4e6c0d elementor-align-left elementor-widget elementor-widget-button\" data-id=\"d4e6c0d\" data-element_type=\"widget\" data-e-type=\"widget\" data-widget_type=\"button.default\">\n\t\t\t\t<div class=\"elementor-widget-container\">\n\t\t\t\t\t\t\t\t\t<div class=\"elementor-button-wrapper\">\n\t\t\t\t\t<a class=\"elementor-button elementor-button-link elementor-size-sm\" href=\"http:\/\/www.lindeborgs.com\" target=\"_blank\" rel=\"noopener\">\n\t\t\t\t\t\t<span class=\"elementor-button-content-wrapper\">\n\t\t\t\t\t\t\t\t\t<span class=\"elementor-button-text\">www.lindeborgs.com<\/span>\n\t\t\t\t\t<\/span>\n\t\t\t\t\t<\/a>\n\t\t\t\t<\/div>\n\t\t\t\t\t\t\t\t<\/div>\n\t\t\t\t<\/div>\n\t\t\t\t\t<\/div>\n\t\t<\/div>\n\t\t\t\t\t<\/div>\n\t\t<\/section>\n\t\t\t\t<section class=\"elementor-section elementor-top-section elementor-element elementor-element-1cf9959 elementor-section-full_width elementor-section-height-default elementor-section-height-default\" data-id=\"1cf9959\" data-element_type=\"section\" data-e-type=\"section\">\n\t\t\t\t\t\t<div class=\"elementor-container elementor-column-gap-default\">\n\t\t\t\t\t<div class=\"elementor-column elementor-col-100 elementor-top-column elementor-element elementor-element-137576e\" data-id=\"137576e\" data-element_type=\"column\" data-e-type=\"column\">\n\t\t\t<div class=\"elementor-widget-wrap elementor-element-populated\">\n\t\t\t\t\t\t<div class=\"elementor-element elementor-element-f8f61ee elementor-widget elementor-widget-gallery\" data-id=\"f8f61ee\" data-element_type=\"widget\" data-e-type=\"widget\" data-settings=\"{&quot;columns_tablet&quot;:4,&quot;columns_mobile&quot;:2,&quot;gap&quot;:{&quot;unit&quot;:&quot;px&quot;,&quot;size&quot;:0,&quot;sizes&quot;:[]},&quot;gap_tablet&quot;:{&quot;unit&quot;:&quot;px&quot;,&quot;size&quot;:0,&quot;sizes&quot;:[]},&quot;gap_mobile&quot;:{&quot;unit&quot;:&quot;px&quot;,&quot;size&quot;:0,&quot;sizes&quot;:[]},&quot;lazyload&quot;:&quot;yes&quot;,&quot;gallery_layout&quot;:&quot;grid&quot;,&quot;columns&quot;:4,&quot;link_to&quot;:&quot;file&quot;,&quot;aspect_ratio&quot;:&quot;3:2&quot;,&quot;overlay_background&quot;:&quot;yes&quot;,&quot;content_hover_animation&quot;:&quot;fade-in&quot;}\" data-widget_type=\"gallery.default\">\n\t\t\t\t<div class=\"elementor-widget-container\">\n\t\t\t\t\t\t\t<div class=\"elementor-gallery__container\">\n\t\t\t\t\t\t\t<a class=\"e-gallery-item elementor-gallery-item elementor-animated-content\" href=\"https:\/\/auro.ch\/wp-content\/uploads\/2024\/05\/LindeborgsFarm1.jpeg\" data-elementor-open-lightbox=\"yes\" data-elementor-lightbox-slideshow=\"f8f61ee\" data-e-action-hash=\"#elementor-action%3Aaction%3Dlightbox%26settings%3DeyJpZCI6MTg4NTQsInVybCI6Imh0dHBzOlwvXC9hdXJvLmNoXC93cC1jb250ZW50XC91cGxvYWRzXC8yMDI0XC8wNVwvTGluZGVib3Jnc0Zhcm0xLmpwZWciLCJzbGlkZXNob3ciOiJmOGY2MWVlIn0%3D\">\n\t\t\t\t\t<div class=\"e-gallery-image elementor-gallery-item__image\" data-thumbnail=\"https:\/\/auro.ch\/wp-content\/uploads\/2024\/05\/LindeborgsFarm1-1024x682.jpeg\" data-width=\"800\" data-height=\"533\" aria-label=\"\" role=\"img\" ><\/div>\n\t\t\t\t\t\t\t\t\t\t\t<div class=\"elementor-gallery-item__overlay\"><\/div>\n\t\t\t\t\t\t\t\t\t\t\t\t\t\t<\/a>\n\t\t\t\t\t\t\t<a class=\"e-gallery-item elementor-gallery-item elementor-animated-content\" href=\"https:\/\/auro.ch\/wp-content\/uploads\/2024\/05\/LindeborgsFarm10.jpeg\" data-elementor-open-lightbox=\"yes\" data-elementor-lightbox-slideshow=\"f8f61ee\" data-e-action-hash=\"#elementor-action%3Aaction%3Dlightbox%26settings%3DeyJpZCI6MTg4NTIsInVybCI6Imh0dHBzOlwvXC9hdXJvLmNoXC93cC1jb250ZW50XC91cGxvYWRzXC8yMDI0XC8wNVwvTGluZGVib3Jnc0Zhcm0xMC5qcGVnIiwic2xpZGVzaG93IjoiZjhmNjFlZSJ9\">\n\t\t\t\t\t<div class=\"e-gallery-image elementor-gallery-item__image\" data-thumbnail=\"https:\/\/auro.ch\/wp-content\/uploads\/2024\/05\/LindeborgsFarm10-1024x682.jpeg\" data-width=\"800\" data-height=\"533\" aria-label=\"\" role=\"img\" ><\/div>\n\t\t\t\t\t\t\t\t\t\t\t<div class=\"elementor-gallery-item__overlay\"><\/div>\n\t\t\t\t\t\t\t\t\t\t\t\t\t\t<\/a>\n\t\t\t\t\t\t\t<a class=\"e-gallery-item elementor-gallery-item elementor-animated-content\" href=\"https:\/\/auro.ch\/wp-content\/uploads\/2024\/05\/LindeborgsFarm11.jpeg\" data-elementor-open-lightbox=\"yes\" data-elementor-lightbox-slideshow=\"f8f61ee\" data-e-action-hash=\"#elementor-action%3Aaction%3Dlightbox%26settings%3DeyJpZCI6MTg4NTAsInVybCI6Imh0dHBzOlwvXC9hdXJvLmNoXC93cC1jb250ZW50XC91cGxvYWRzXC8yMDI0XC8wNVwvTGluZGVib3Jnc0Zhcm0xMS5qcGVnIiwic2xpZGVzaG93IjoiZjhmNjFlZSJ9\">\n\t\t\t\t\t<div class=\"e-gallery-image elementor-gallery-item__image\" data-thumbnail=\"https:\/\/auro.ch\/wp-content\/uploads\/2024\/05\/LindeborgsFarm11-682x1024.jpeg\" data-width=\"682\" data-height=\"1024\" aria-label=\"\" role=\"img\" ><\/div>\n\t\t\t\t\t\t\t\t\t\t\t<div class=\"elementor-gallery-item__overlay\"><\/div>\n\t\t\t\t\t\t\t\t\t\t\t\t\t\t<\/a>\n\t\t\t\t\t\t\t<a class=\"e-gallery-item elementor-gallery-item elementor-animated-content\" href=\"https:\/\/auro.ch\/wp-content\/uploads\/2024\/05\/LindeborgsFarm12.jpeg\" data-elementor-open-lightbox=\"yes\" data-elementor-lightbox-slideshow=\"f8f61ee\" data-e-action-hash=\"#elementor-action%3Aaction%3Dlightbox%26settings%3DeyJpZCI6MTg4NDgsInVybCI6Imh0dHBzOlwvXC9hdXJvLmNoXC93cC1jb250ZW50XC91cGxvYWRzXC8yMDI0XC8wNVwvTGluZGVib3Jnc0Zhcm0xMi5qcGVnIiwic2xpZGVzaG93IjoiZjhmNjFlZSJ9\">\n\t\t\t\t\t<div class=\"e-gallery-image elementor-gallery-item__image\" data-thumbnail=\"https:\/\/auro.ch\/wp-content\/uploads\/2024\/05\/LindeborgsFarm12-683x1024.jpeg\" data-width=\"683\" data-height=\"1024\" aria-label=\"\" role=\"img\" ><\/div>\n\t\t\t\t\t\t\t\t\t\t\t<div class=\"elementor-gallery-item__overlay\"><\/div>\n\t\t\t\t\t\t\t\t\t\t\t\t\t\t<\/a>\n\t\t\t\t\t\t\t<a class=\"e-gallery-item elementor-gallery-item elementor-animated-content\" href=\"https:\/\/auro.ch\/wp-content\/uploads\/2024\/05\/LindeborgsFarm2.jpeg\" data-elementor-open-lightbox=\"yes\" data-elementor-lightbox-slideshow=\"f8f61ee\" data-e-action-hash=\"#elementor-action%3Aaction%3Dlightbox%26settings%3DeyJpZCI6MTg4NDYsInVybCI6Imh0dHBzOlwvXC9hdXJvLmNoXC93cC1jb250ZW50XC91cGxvYWRzXC8yMDI0XC8wNVwvTGluZGVib3Jnc0Zhcm0yLmpwZWciLCJzbGlkZXNob3ciOiJmOGY2MWVlIn0%3D\">\n\t\t\t\t\t<div class=\"e-gallery-image elementor-gallery-item__image\" data-thumbnail=\"https:\/\/auro.ch\/wp-content\/uploads\/2024\/05\/LindeborgsFarm2-682x1024.jpeg\" data-width=\"682\" data-height=\"1024\" aria-label=\"\" role=\"img\" ><\/div>\n\t\t\t\t\t\t\t\t\t\t\t<div class=\"elementor-gallery-item__overlay\"><\/div>\n\t\t\t\t\t\t\t\t\t\t\t\t\t\t<\/a>\n\t\t\t\t\t\t\t<a class=\"e-gallery-item elementor-gallery-item elementor-animated-content\" href=\"https:\/\/auro.ch\/wp-content\/uploads\/2024\/05\/LindeborgsFarm3.jpeg\" data-elementor-open-lightbox=\"yes\" data-elementor-lightbox-slideshow=\"f8f61ee\" data-e-action-hash=\"#elementor-action%3Aaction%3Dlightbox%26settings%3DeyJpZCI6NjAxNDMsInVybCI6Imh0dHBzOlwvXC9hdXJvLmNoXC93cC1jb250ZW50XC91cGxvYWRzXC8yMDI0XC8wNVwvTGluZGVib3Jnc0Zhcm0zLmpwZWciLCJzbGlkZXNob3ciOiJmOGY2MWVlIn0%3D\">\n\t\t\t\t\t<div class=\"e-gallery-image elementor-gallery-item__image\" data-thumbnail=\"https:\/\/auro.ch\/wp-content\/uploads\/2024\/05\/LindeborgsFarm3-1024x682.jpeg\" data-width=\"800\" data-height=\"533\" aria-label=\"\" role=\"img\" ><\/div>\n\t\t\t\t\t\t\t\t\t\t\t<div class=\"elementor-gallery-item__overlay\"><\/div>\n\t\t\t\t\t\t\t\t\t\t\t\t\t\t<\/a>\n\t\t\t\t\t\t\t<a class=\"e-gallery-item elementor-gallery-item elementor-animated-content\" href=\"https:\/\/auro.ch\/wp-content\/uploads\/2024\/05\/LindeborgsFarm4.jpeg\" data-elementor-open-lightbox=\"yes\" data-elementor-lightbox-slideshow=\"f8f61ee\" data-e-action-hash=\"#elementor-action%3Aaction%3Dlightbox%26settings%3DeyJpZCI6MTg4NDIsInVybCI6Imh0dHBzOlwvXC9hdXJvLmNoXC93cC1jb250ZW50XC91cGxvYWRzXC8yMDI0XC8wNVwvTGluZGVib3Jnc0Zhcm00LmpwZWciLCJzbGlkZXNob3ciOiJmOGY2MWVlIn0%3D\">\n\t\t\t\t\t<div class=\"e-gallery-image elementor-gallery-item__image\" data-thumbnail=\"https:\/\/auro.ch\/wp-content\/uploads\/2024\/05\/LindeborgsFarm4-1024x682.jpeg\" data-width=\"800\" data-height=\"533\" aria-label=\"\" role=\"img\" ><\/div>\n\t\t\t\t\t\t\t\t\t\t\t<div class=\"elementor-gallery-item__overlay\"><\/div>\n\t\t\t\t\t\t\t\t\t\t\t\t\t\t<\/a>\n\t\t\t\t\t\t\t<a class=\"e-gallery-item elementor-gallery-item elementor-animated-content\" href=\"https:\/\/auro.ch\/wp-content\/uploads\/2024\/05\/LindeborgsFarm5.jpeg\" data-elementor-open-lightbox=\"yes\" data-elementor-lightbox-slideshow=\"f8f61ee\" data-e-action-hash=\"#elementor-action%3Aaction%3Dlightbox%26settings%3DeyJpZCI6MTg4NDAsInVybCI6Imh0dHBzOlwvXC9hdXJvLmNoXC93cC1jb250ZW50XC91cGxvYWRzXC8yMDI0XC8wNVwvTGluZGVib3Jnc0Zhcm01LmpwZWciLCJzbGlkZXNob3ciOiJmOGY2MWVlIn0%3D\">\n\t\t\t\t\t<div class=\"e-gallery-image elementor-gallery-item__image\" data-thumbnail=\"https:\/\/auro.ch\/wp-content\/uploads\/2024\/05\/LindeborgsFarm5-682x1024.jpeg\" data-width=\"682\" data-height=\"1024\" aria-label=\"\" role=\"img\" ><\/div>\n\t\t\t\t\t\t\t\t\t\t\t<div class=\"elementor-gallery-item__overlay\"><\/div>\n\t\t\t\t\t\t\t\t\t\t\t\t\t\t<\/a>\n\t\t\t\t\t\t\t<a class=\"e-gallery-item elementor-gallery-item elementor-animated-content\" href=\"https:\/\/auro.ch\/wp-content\/uploads\/2024\/05\/LindeborgsFarm6.jpeg\" data-elementor-open-lightbox=\"yes\" data-elementor-lightbox-slideshow=\"f8f61ee\" data-e-action-hash=\"#elementor-action%3Aaction%3Dlightbox%26settings%3DeyJpZCI6MTg4MzgsInVybCI6Imh0dHBzOlwvXC9hdXJvLmNoXC93cC1jb250ZW50XC91cGxvYWRzXC8yMDI0XC8wNVwvTGluZGVib3Jnc0Zhcm02LmpwZWciLCJzbGlkZXNob3ciOiJmOGY2MWVlIn0%3D\">\n\t\t\t\t\t<div class=\"e-gallery-image elementor-gallery-item__image\" data-thumbnail=\"https:\/\/auro.ch\/wp-content\/uploads\/2024\/05\/LindeborgsFarm6-1024x682.jpeg\" data-width=\"800\" data-height=\"533\" aria-label=\"\" role=\"img\" ><\/div>\n\t\t\t\t\t\t\t\t\t\t\t<div class=\"elementor-gallery-item__overlay\"><\/div>\n\t\t\t\t\t\t\t\t\t\t\t\t\t\t<\/a>\n\t\t\t\t\t\t\t<a class=\"e-gallery-item elementor-gallery-item elementor-animated-content\" href=\"https:\/\/auro.ch\/wp-content\/uploads\/2024\/05\/LindeborgsFarm7.jpeg\" data-elementor-open-lightbox=\"yes\" data-elementor-lightbox-slideshow=\"f8f61ee\" data-e-action-hash=\"#elementor-action%3Aaction%3Dlightbox%26settings%3DeyJpZCI6MTg4MzYsInVybCI6Imh0dHBzOlwvXC9hdXJvLmNoXC93cC1jb250ZW50XC91cGxvYWRzXC8yMDI0XC8wNVwvTGluZGVib3Jnc0Zhcm03LmpwZWciLCJzbGlkZXNob3ciOiJmOGY2MWVlIn0%3D\">\n\t\t\t\t\t<div class=\"e-gallery-image elementor-gallery-item__image\" data-thumbnail=\"https:\/\/auro.ch\/wp-content\/uploads\/2024\/05\/LindeborgsFarm7-682x1024.jpeg\" data-width=\"682\" data-height=\"1024\" aria-label=\"\" role=\"img\" ><\/div>\n\t\t\t\t\t\t\t\t\t\t\t<div class=\"elementor-gallery-item__overlay\"><\/div>\n\t\t\t\t\t\t\t\t\t\t\t\t\t\t<\/a>\n\t\t\t\t\t\t\t<a class=\"e-gallery-item elementor-gallery-item elementor-animated-content\" href=\"https:\/\/auro.ch\/wp-content\/uploads\/2024\/05\/LindeborgsFarm8.jpeg\" data-elementor-open-lightbox=\"yes\" data-elementor-lightbox-slideshow=\"f8f61ee\" data-e-action-hash=\"#elementor-action%3Aaction%3Dlightbox%26settings%3DeyJpZCI6MTg4MzQsInVybCI6Imh0dHBzOlwvXC9hdXJvLmNoXC93cC1jb250ZW50XC91cGxvYWRzXC8yMDI0XC8wNVwvTGluZGVib3Jnc0Zhcm04LmpwZWciLCJzbGlkZXNob3ciOiJmOGY2MWVlIn0%3D\">\n\t\t\t\t\t<div class=\"e-gallery-image elementor-gallery-item__image\" data-thumbnail=\"https:\/\/auro.ch\/wp-content\/uploads\/2024\/05\/LindeborgsFarm8-682x1024.jpeg\" data-width=\"682\" data-height=\"1024\" aria-label=\"\" role=\"img\" ><\/div>\n\t\t\t\t\t\t\t\t\t\t\t<div class=\"elementor-gallery-item__overlay\"><\/div>\n\t\t\t\t\t\t\t\t\t\t\t\t\t\t<\/a>\n\t\t\t\t\t\t\t<a class=\"e-gallery-item elementor-gallery-item elementor-animated-content\" href=\"https:\/\/auro.ch\/wp-content\/uploads\/2024\/05\/LindeborgsFarm9.jpeg\" data-elementor-open-lightbox=\"yes\" data-elementor-lightbox-slideshow=\"f8f61ee\" data-e-action-hash=\"#elementor-action%3Aaction%3Dlightbox%26settings%3DeyJpZCI6MTg4MzIsInVybCI6Imh0dHBzOlwvXC9hdXJvLmNoXC93cC1jb250ZW50XC91cGxvYWRzXC8yMDI0XC8wNVwvTGluZGVib3Jnc0Zhcm05LmpwZWciLCJzbGlkZXNob3ciOiJmOGY2MWVlIn0%3D\">\n\t\t\t\t\t<div class=\"e-gallery-image elementor-gallery-item__image\" data-thumbnail=\"https:\/\/auro.ch\/wp-content\/uploads\/2024\/05\/LindeborgsFarm9-682x1024.jpeg\" data-width=\"682\" data-height=\"1024\" aria-label=\"\" role=\"img\" ><\/div>\n\t\t\t\t\t\t\t\t\t\t\t<div class=\"elementor-gallery-item__overlay\"><\/div>\n\t\t\t\t\t\t\t\t\t\t\t\t\t\t<\/a>\n\t\t\t\t\t<\/div>\n\t\t\t\t\t<\/div>\n\t\t\t\t<\/div>\n\t\t\t\t\t<\/div>\n\t\t<\/div>\n\t\t\t\t\t<\/div>\n\t\t<\/section>\n\t\t\t\t<\/div>\n\t\t","protected":false},"excerpt":{"rendered":"<p>Objet Entour\u00e9e d&rsquo;une nature paisible, mais \u00e0 seulement quinze minutes [&hellip;]<\/p>\n","protected":false},"author":11,"featured_media":60143,"parent":0,"menu_order":0,"comment_status":"closed","ping_status":"closed","template":"template-referenz.php","meta":{"_acf_changed":false,"footnotes":""},"categories":[795],"class_list":["post-60137","page","type-page","status-publish","has-post-thumbnail","hentry","category-monde-des-enfants","country-dans-le-monde-entier","referenz-type-public-commercial"],"acf":[],"_links":{"self":[{"href":"https:\/\/auro.ch\/fr\/wp-json\/wp\/v2\/pages\/60137","targetHints":{"allow":["GET"]}}],"collection":[{"href":"https:\/\/auro.ch\/fr\/wp-json\/wp\/v2\/pages"}],"about":[{"href":"https:\/\/auro.ch\/fr\/wp-json\/wp\/v2\/types\/page"}],"author":[{"embeddable":true,"href":"https:\/\/auro.ch\/fr\/wp-json\/wp\/v2\/users\/11"}],"replies":[{"embeddable":true,"href":"https:\/\/auro.ch\/fr\/wp-json\/wp\/v2\/comments?post=60137"}],"version-history":[{"count":1,"href":"https:\/\/auro.ch\/fr\/wp-json\/wp\/v2\/pages\/60137\/revisions"}],"predecessor-version":[{"id":60146,"href":"https:\/\/auro.ch\/fr\/wp-json\/wp\/v2\/pages\/60137\/revisions\/60146"}],"wp:featuredmedia":[{"embeddable":true,"href":"https:\/\/auro.ch\/fr\/wp-json\/wp\/v2\/media\/60143"}],"wp:attachment":[{"href":"https:\/\/auro.ch\/fr\/wp-json\/wp\/v2\/media?parent=60137"}],"wp:term":[{"taxonomy":"category","embeddable":true,"href":"https:\/\/auro.ch\/fr\/wp-json\/wp\/v2\/categories?post=60137"}],"curies":[{"name":"wp","href":"https:\/\/api.w.org\/{rel}","templated":true}]}}