{"id":60144,"date":"2018-06-03T13:51:47","date_gmt":"2018-06-03T11:51:47","guid":{"rendered":"https:\/\/ch.auro.de\/jouets-en-bois-societe-colle-a-bois\/"},"modified":"2026-04-29T11:23:34","modified_gmt":"2026-04-29T09:23:34","slug":"jouets-en-bois-societe-colle-a-bois","status":"publish","type":"page","link":"https:\/\/auro.ch\/fr\/jouets-en-bois-societe-colle-a-bois\/","title":{"rendered":"Jouets en bois Soci\u00e9t\u00e9 Colle \u00e0 bois"},"content":{"rendered":"\t\t<div data-elementor-type=\"wp-page\" data-elementor-id=\"60144\" class=\"elementor elementor-60144 elementor-19232\" data-elementor-post-type=\"page\">\n\t\t\t\t\t\t<section class=\"elementor-section elementor-top-section elementor-element elementor-element-2f112f3 elementor-section-boxed elementor-section-height-default elementor-section-height-default\" data-id=\"2f112f3\" data-element_type=\"section\" data-e-type=\"section\">\n\t\t\t\t\t\t<div class=\"elementor-container elementor-column-gap-default\">\n\t\t\t\t\t<div class=\"elementor-column elementor-col-50 elementor-top-column elementor-element elementor-element-4306961\" data-id=\"4306961\" data-element_type=\"column\" data-e-type=\"column\">\n\t\t\t<div class=\"elementor-widget-wrap elementor-element-populated\">\n\t\t\t\t\t\t<div class=\"elementor-element elementor-element-018aff0 elementor-widget elementor-widget-heading\" data-id=\"018aff0\" data-element_type=\"widget\" data-e-type=\"widget\" data-widget_type=\"heading.default\">\n\t\t\t\t<div class=\"elementor-widget-container\">\n\t\t\t\t\t<h3 class=\"elementor-heading-title elementor-size-default\">Objet<\/h3>\t\t\t\t<\/div>\n\t\t\t\t<\/div>\n\t\t\t\t<div class=\"elementor-element elementor-element-1fe46b8 elementor-widget elementor-widget-text-editor\" data-id=\"1fe46b8\" data-element_type=\"widget\" data-e-type=\"widget\" data-widget_type=\"text-editor.default\">\n\t\t\t\t<div class=\"elementor-widget-container\">\n\t\t\t\t\t\t\t\t\t<p><strong>Objet :<\/strong> Jouets en bois de la soci\u00e9t\u00e9 fran\u00e7aise Colle \u00e0 bois.<\/p>\t\t\t\t\t\t\t\t<\/div>\n\t\t\t\t<\/div>\n\t\t\t\t\t<\/div>\n\t\t<\/div>\n\t\t\t\t<div class=\"elementor-column elementor-col-50 elementor-top-column elementor-element elementor-element-d49ed29\" data-id=\"d49ed29\" data-element_type=\"column\" data-e-type=\"column\">\n\t\t\t<div class=\"elementor-widget-wrap\">\n\t\t\t\t\t\t\t<\/div>\n\t\t<\/div>\n\t\t\t\t\t<\/div>\n\t\t<\/section>\n\t\t\t\t<section class=\"elementor-section elementor-top-section elementor-element elementor-element-1cf9959 elementor-section-full_width elementor-section-height-default elementor-section-height-default\" data-id=\"1cf9959\" data-element_type=\"section\" data-e-type=\"section\">\n\t\t\t\t\t\t<div class=\"elementor-container elementor-column-gap-default\">\n\t\t\t\t\t<div class=\"elementor-column elementor-col-100 elementor-top-column elementor-element elementor-element-137576e\" data-id=\"137576e\" data-element_type=\"column\" data-e-type=\"column\">\n\t\t\t<div class=\"elementor-widget-wrap elementor-element-populated\">\n\t\t\t\t\t\t<div class=\"elementor-element elementor-element-f8f61ee elementor-widget elementor-widget-gallery\" data-id=\"f8f61ee\" data-element_type=\"widget\" data-e-type=\"widget\" data-settings=\"{&quot;columns_tablet&quot;:4,&quot;columns_mobile&quot;:2,&quot;gap&quot;:{&quot;unit&quot;:&quot;px&quot;,&quot;size&quot;:0,&quot;sizes&quot;:[]},&quot;gap_tablet&quot;:{&quot;unit&quot;:&quot;px&quot;,&quot;size&quot;:0,&quot;sizes&quot;:[]},&quot;gap_mobile&quot;:{&quot;unit&quot;:&quot;px&quot;,&quot;size&quot;:0,&quot;sizes&quot;:[]},&quot;lazyload&quot;:&quot;yes&quot;,&quot;gallery_layout&quot;:&quot;grid&quot;,&quot;columns&quot;:4,&quot;link_to&quot;:&quot;file&quot;,&quot;aspect_ratio&quot;:&quot;3:2&quot;,&quot;overlay_background&quot;:&quot;yes&quot;,&quot;content_hover_animation&quot;:&quot;fade-in&quot;}\" data-widget_type=\"gallery.default\">\n\t\t\t\t<div class=\"elementor-widget-container\">\n\t\t\t\t\t\t\t<div class=\"elementor-gallery__container\">\n\t\t\t\t\t\t\t<a class=\"e-gallery-item elementor-gallery-item elementor-animated-content\" href=\"https:\/\/auro.ch\/wp-content\/uploads\/2024\/06\/ref_frankr_spielzeug_1.jpg\" data-elementor-open-lightbox=\"yes\" data-elementor-lightbox-slideshow=\"f8f61ee\" data-e-action-hash=\"#elementor-action%3Aaction%3Dlightbox%26settings%3DeyJpZCI6NjAxNTMsInVybCI6Imh0dHBzOlwvXC9hdXJvLmNoXC93cC1jb250ZW50XC91cGxvYWRzXC8yMDI0XC8wNlwvcmVmX2ZyYW5rcl9zcGllbHpldWdfMS5qcGciLCJzbGlkZXNob3ciOiJmOGY2MWVlIn0%3D\">\n\t\t\t\t\t<div class=\"e-gallery-image elementor-gallery-item__image\" data-thumbnail=\"https:\/\/auro.ch\/wp-content\/uploads\/2024\/06\/ref_frankr_spielzeug_1-768x1024.jpg\" data-width=\"768\" data-height=\"1024\" aria-label=\"\" role=\"img\" ><\/div>\n\t\t\t\t\t\t\t\t\t\t\t<div class=\"elementor-gallery-item__overlay\"><\/div>\n\t\t\t\t\t\t\t\t\t\t\t\t\t\t<\/a>\n\t\t\t\t\t\t\t<a class=\"e-gallery-item elementor-gallery-item elementor-animated-content\" href=\"https:\/\/auro.ch\/wp-content\/uploads\/2024\/06\/ref_frankr_spielzeug_2.jpg\" data-elementor-open-lightbox=\"yes\" data-elementor-lightbox-slideshow=\"f8f61ee\" data-e-action-hash=\"#elementor-action%3Aaction%3Dlightbox%26settings%3DeyJpZCI6NjAxNTIsInVybCI6Imh0dHBzOlwvXC9hdXJvLmNoXC93cC1jb250ZW50XC91cGxvYWRzXC8yMDI0XC8wNlwvcmVmX2ZyYW5rcl9zcGllbHpldWdfMi5qcGciLCJzbGlkZXNob3ciOiJmOGY2MWVlIn0%3D\">\n\t\t\t\t\t<div class=\"e-gallery-image elementor-gallery-item__image\" data-thumbnail=\"https:\/\/auro.ch\/wp-content\/uploads\/2024\/06\/ref_frankr_spielzeug_2-768x1024.jpg\" data-width=\"768\" data-height=\"1024\" aria-label=\"\" role=\"img\" ><\/div>\n\t\t\t\t\t\t\t\t\t\t\t<div class=\"elementor-gallery-item__overlay\"><\/div>\n\t\t\t\t\t\t\t\t\t\t\t\t\t\t<\/a>\n\t\t\t\t\t\t\t<a class=\"e-gallery-item elementor-gallery-item elementor-animated-content\" href=\"https:\/\/auro.ch\/wp-content\/uploads\/2024\/06\/ref_frankr_spielzeug_3.jpg\" data-elementor-open-lightbox=\"yes\" data-elementor-lightbox-slideshow=\"f8f61ee\" data-e-action-hash=\"#elementor-action%3Aaction%3Dlightbox%26settings%3DeyJpZCI6NjAxNTEsInVybCI6Imh0dHBzOlwvXC9hdXJvLmNoXC93cC1jb250ZW50XC91cGxvYWRzXC8yMDI0XC8wNlwvcmVmX2ZyYW5rcl9zcGllbHpldWdfMy5qcGciLCJzbGlkZXNob3ciOiJmOGY2MWVlIn0%3D\">\n\t\t\t\t\t<div class=\"e-gallery-image elementor-gallery-item__image\" data-thumbnail=\"https:\/\/auro.ch\/wp-content\/uploads\/2024\/06\/ref_frankr_spielzeug_3.jpg\" data-width=\"800\" data-height=\"600\" aria-label=\"\" role=\"img\" ><\/div>\n\t\t\t\t\t\t\t\t\t\t\t<div class=\"elementor-gallery-item__overlay\"><\/div>\n\t\t\t\t\t\t\t\t\t\t\t\t\t\t<\/a>\n\t\t\t\t\t\t\t<a class=\"e-gallery-item elementor-gallery-item elementor-animated-content\" href=\"https:\/\/auro.ch\/wp-content\/uploads\/2024\/06\/ref_frankr_spielzeug_4.jpg\" data-elementor-open-lightbox=\"yes\" data-elementor-lightbox-slideshow=\"f8f61ee\" data-e-action-hash=\"#elementor-action%3Aaction%3Dlightbox%26settings%3DeyJpZCI6NjAxNTAsInVybCI6Imh0dHBzOlwvXC9hdXJvLmNoXC93cC1jb250ZW50XC91cGxvYWRzXC8yMDI0XC8wNlwvcmVmX2ZyYW5rcl9zcGllbHpldWdfNC5qcGciLCJzbGlkZXNob3ciOiJmOGY2MWVlIn0%3D\">\n\t\t\t\t\t<div class=\"e-gallery-image elementor-gallery-item__image\" data-thumbnail=\"https:\/\/auro.ch\/wp-content\/uploads\/2024\/06\/ref_frankr_spielzeug_4.jpg\" data-width=\"800\" data-height=\"600\" aria-label=\"\" role=\"img\" ><\/div>\n\t\t\t\t\t\t\t\t\t\t\t<div class=\"elementor-gallery-item__overlay\"><\/div>\n\t\t\t\t\t\t\t\t\t\t\t\t\t\t<\/a>\n\t\t\t\t\t\t\t<a class=\"e-gallery-item elementor-gallery-item elementor-animated-content\" href=\"https:\/\/auro.ch\/wp-content\/uploads\/2024\/06\/ref_frankr_spielzeug_5.jpg\" data-elementor-open-lightbox=\"yes\" data-elementor-lightbox-slideshow=\"f8f61ee\" data-e-action-hash=\"#elementor-action%3Aaction%3Dlightbox%26settings%3DeyJpZCI6NjAxNDksInVybCI6Imh0dHBzOlwvXC9hdXJvLmNoXC93cC1jb250ZW50XC91cGxvYWRzXC8yMDI0XC8wNlwvcmVmX2ZyYW5rcl9zcGllbHpldWdfNS5qcGciLCJzbGlkZXNob3ciOiJmOGY2MWVlIn0%3D\">\n\t\t\t\t\t<div class=\"e-gallery-image elementor-gallery-item__image\" data-thumbnail=\"https:\/\/auro.ch\/wp-content\/uploads\/2024\/06\/ref_frankr_spielzeug_5-768x1024.jpg\" data-width=\"768\" data-height=\"1024\" aria-label=\"\" role=\"img\" ><\/div>\n\t\t\t\t\t\t\t\t\t\t\t<div class=\"elementor-gallery-item__overlay\"><\/div>\n\t\t\t\t\t\t\t\t\t\t\t\t\t\t<\/a>\n\t\t\t\t\t\t\t<a class=\"e-gallery-item elementor-gallery-item elementor-animated-content\" href=\"https:\/\/auro.ch\/wp-content\/uploads\/2024\/06\/ref_frankr_spielzeug_6.jpg\" data-elementor-open-lightbox=\"yes\" data-elementor-lightbox-slideshow=\"f8f61ee\" data-e-action-hash=\"#elementor-action%3Aaction%3Dlightbox%26settings%3DeyJpZCI6NjAxNDgsInVybCI6Imh0dHBzOlwvXC9hdXJvLmNoXC93cC1jb250ZW50XC91cGxvYWRzXC8yMDI0XC8wNlwvcmVmX2ZyYW5rcl9zcGllbHpldWdfNi5qcGciLCJzbGlkZXNob3ciOiJmOGY2MWVlIn0%3D\">\n\t\t\t\t\t<div class=\"e-gallery-image elementor-gallery-item__image\" data-thumbnail=\"https:\/\/auro.ch\/wp-content\/uploads\/2024\/06\/ref_frankr_spielzeug_6.jpg\" data-width=\"800\" data-height=\"600\" aria-label=\"\" role=\"img\" ><\/div>\n\t\t\t\t\t\t\t\t\t\t\t<div class=\"elementor-gallery-item__overlay\"><\/div>\n\t\t\t\t\t\t\t\t\t\t\t\t\t\t<\/a>\n\t\t\t\t\t<\/div>\n\t\t\t\t\t<\/div>\n\t\t\t\t<\/div>\n\t\t\t\t\t<\/div>\n\t\t<\/div>\n\t\t\t\t\t<\/div>\n\t\t<\/section>\n\t\t\t\t<\/div>\n\t\t","protected":false},"excerpt":{"rendered":"<p>Objet Objet : Jouets en bois de la soci\u00e9t\u00e9 fran\u00e7aise [&hellip;]<\/p>\n","protected":false},"author":11,"featured_media":60148,"parent":0,"menu_order":0,"comment_status":"closed","ping_status":"closed","template":"template-referenz.php","meta":{"_acf_changed":false,"footnotes":""},"categories":[795],"class_list":["post-60144","page","type-page","status-publish","has-post-thumbnail","hentry","category-monde-des-enfants","country-dans-le-monde-entier","referenz-type-public-commercial"],"acf":[],"_links":{"self":[{"href":"https:\/\/auro.ch\/fr\/wp-json\/wp\/v2\/pages\/60144","targetHints":{"allow":["GET"]}}],"collection":[{"href":"https:\/\/auro.ch\/fr\/wp-json\/wp\/v2\/pages"}],"about":[{"href":"https:\/\/auro.ch\/fr\/wp-json\/wp\/v2\/types\/page"}],"author":[{"embeddable":true,"href":"https:\/\/auro.ch\/fr\/wp-json\/wp\/v2\/users\/11"}],"replies":[{"embeddable":true,"href":"https:\/\/auro.ch\/fr\/wp-json\/wp\/v2\/comments?post=60144"}],"version-history":[{"count":1,"href":"https:\/\/auro.ch\/fr\/wp-json\/wp\/v2\/pages\/60144\/revisions"}],"predecessor-version":[{"id":60154,"href":"https:\/\/auro.ch\/fr\/wp-json\/wp\/v2\/pages\/60144\/revisions\/60154"}],"wp:featuredmedia":[{"embeddable":true,"href":"https:\/\/auro.ch\/fr\/wp-json\/wp\/v2\/media\/60148"}],"wp:attachment":[{"href":"https:\/\/auro.ch\/fr\/wp-json\/wp\/v2\/media?parent=60144"}],"wp:term":[{"taxonomy":"category","embeddable":true,"href":"https:\/\/auro.ch\/fr\/wp-json\/wp\/v2\/categories?post=60144"}],"curies":[{"name":"wp","href":"https:\/\/api.w.org\/{rel}","templated":true}]}}