{"id":60176,"date":"2024-05-28T10:30:33","date_gmt":"2024-05-28T08:30:33","guid":{"rendered":"https:\/\/ch.auro.de\/remarques-sur-laffichage-des-couleurs\/"},"modified":"2026-04-29T11:23:57","modified_gmt":"2026-04-29T09:23:57","slug":"remarques-sur-laffichage-des-couleurs","status":"publish","type":"page","link":"https:\/\/auro.ch\/fr\/remarques-sur-laffichage-des-couleurs\/","title":{"rendered":"Remarques sur l&rsquo;affichage des couleurs"},"content":{"rendered":"\t\t<div data-elementor-type=\"wp-page\" data-elementor-id=\"60176\" class=\"elementor elementor-60176 elementor-18636\" data-elementor-post-type=\"page\">\n\t\t\t\t\t\t<section class=\"elementor-section elementor-top-section elementor-element elementor-element-365e918 elementor-section-height-min-height elementor-section-boxed elementor-section-height-default elementor-section-items-middle\" data-id=\"365e918\" data-element_type=\"section\" data-e-type=\"section\" data-settings=\"{&quot;background_background&quot;:&quot;classic&quot;}\">\n\t\t\t\t\t\t\t<div class=\"elementor-background-overlay\"><\/div>\n\t\t\t\t\t\t\t<div class=\"elementor-container elementor-column-gap-default\">\n\t\t\t\t\t<div class=\"elementor-column elementor-col-100 elementor-top-column elementor-element elementor-element-2136db5\" data-id=\"2136db5\" data-element_type=\"column\" data-e-type=\"column\">\n\t\t\t<div class=\"elementor-widget-wrap elementor-element-populated\">\n\t\t\t\t\t\t<div class=\"elementor-element elementor-element-7eea36d elementor-widget__width-initial elementor-widget elementor-widget-heading\" data-id=\"7eea36d\" data-element_type=\"widget\" data-e-type=\"widget\" data-widget_type=\"heading.default\">\n\t\t\t\t<div class=\"elementor-widget-container\">\n\t\t\t\t\t<h1 class=\"elementor-heading-title elementor-size-default\">Remarques sur l'affichage des couleurs<\/h1>\t\t\t\t<\/div>\n\t\t\t\t<\/div>\n\t\t\t\t\t<\/div>\n\t\t<\/div>\n\t\t\t\t\t<\/div>\n\t\t<\/section>\n\t\t\t\t<section class=\"elementor-section elementor-top-section elementor-element elementor-element-3f5180e elementor-section-boxed elementor-section-height-default elementor-section-height-default\" data-id=\"3f5180e\" data-element_type=\"section\" data-e-type=\"section\">\n\t\t\t\t\t\t<div class=\"elementor-container elementor-column-gap-default\">\n\t\t\t\t\t<div class=\"elementor-column elementor-col-100 elementor-top-column elementor-element elementor-element-f48d792\" data-id=\"f48d792\" data-element_type=\"column\" data-e-type=\"column\">\n\t\t\t<div class=\"elementor-widget-wrap\">\n\t\t\t\t\t\t\t<\/div>\n\t\t<\/div>\n\t\t\t\t\t<\/div>\n\t\t<\/section>\n\t\t<div class=\"elementor-element elementor-element-c0874b4 e-grid e-con-boxed e-con e-parent\" data-id=\"c0874b4\" data-element_type=\"container\" data-e-type=\"container\">\n\t\t\t\t\t<div class=\"e-con-inner\">\n\t\t\t\t<div class=\"elementor-element elementor-element-2528111 elementor-widget elementor-widget-text-editor\" data-id=\"2528111\" data-element_type=\"widget\" data-e-type=\"widget\" data-widget_type=\"text-editor.default\">\n\t\t\t\t<div class=\"elementor-widget-container\">\n\t\t\t\t\t\t\t\t\t<p>La repr\u00e9sentation des couleurs sur votre <strong>moniteur<\/strong> peut varier et n&rsquo;est pas contractuelle.<br>Presque tous les utilisateurs voient des teintes incorrectes, car les moniteurs ne sont g\u00e9n\u00e9ralement pas r\u00e9gl\u00e9s de mani\u00e8re optimale.<\/p><p>Il est toutefois possible de <strong>calibrer soi-m\u00eame<\/strong> son <strong>moniteur<\/strong> et d&rsquo;optimiser l&rsquo;affichage des couleurs.<\/p><p>Pour les programmes Windows, l&rsquo;\u00e9cran peut \u00eatre calibr\u00e9 via le <strong>Panneau de configuration<\/strong>.<\/p>\t\t\t\t\t\t\t\t<\/div>\n\t\t\t\t<\/div>\n\t\t\t\t<div class=\"elementor-element elementor-element-a799608 elementor-widget elementor-widget-text-editor\" data-id=\"a799608\" data-element_type=\"widget\" data-e-type=\"widget\" data-widget_type=\"text-editor.default\">\n\t\t\t\t<div class=\"elementor-widget-container\">\n\t\t\t\t\t\t\t\t\t<ul type=\"disc\"><li>Ouvrez la fen\u00eatre de recherche dans le menu D\u00e9marrer de Windows ou appuyez simultan\u00e9ment sur les touches [Windows] et [S] pour ouvrir directement la recherche dans les versions r\u00e9centes de Windows.<\/li><li>Tapez ici \u00ab\u00a0Calibrer la couleur de l&rsquo;\u00e9cran\u00a0\u00bb et l&rsquo;outil de calibrage propre \u00e0 Windows vous sera propos\u00e9.<\/li><li>Vous pouvez \u00e9galement utiliser un programme tel que <a href=\"http:\/\/www.chip.de\/downloads\/DQ-Tool_32829320.html\" target=\"_blank\" rel=\"noopener\">DQ-Tool<\/a>.<\/li><li>Suivez maintenant les instructions \u00e0 l&rsquo;\u00e9cran et r\u00e9glez la valeur gamma, la luminosit\u00e9 et le contraste. Vous pouvez \u00e9galement ajuster les valeurs de couleur. <\/li><li>Enfin, comparez l&rsquo;ancien et le nouveau param\u00e8tre, puis enregistrez les modifications.<\/li><\/ul>\t\t\t\t\t\t\t\t<\/div>\n\t\t\t\t<\/div>\n\t\t\t\t\t<\/div>\n\t\t\t\t<\/div>\n\t\t<div class=\"elementor-element elementor-element-e78de0a e-flex e-con-boxed e-con e-parent\" data-id=\"e78de0a\" data-element_type=\"container\" data-e-type=\"container\">\n\t\t\t\t\t<div class=\"e-con-inner\">\n\t\t\t\t<div class=\"elementor-element elementor-element-335a97e elementor-widget elementor-widget-text-editor\" data-id=\"335a97e\" data-element_type=\"widget\" data-e-type=\"widget\" data-widget_type=\"text-editor.default\">\n\t\t\t\t<div class=\"elementor-widget-container\">\n\t\t\t\t\t\t\t\t\t<div class=\"row\"><div class=\"col-xs-12\"><h3>Vid\u00e9o \u00ab\u00a0Comment faire : Calibrer le moniteur\u00a0\u00bb sur CHIP.fr<\/h3><\/div><\/div><div class=\"row\"><div class=\"col-xs-12\"><div class=\"lead \"><p><a href=\"http:\/\/www.chip.de\/video\/So-geht-es-Monitor-kalibrieren-Video_32866419.html\" target=\"_blank\" rel=\"noopener\">http:\/\/www.chip.de\/video\/So-geht-es-Monitor-kalibrieren-Video_32866419.html<\/a><\/p><\/div><\/div><\/div>\t\t\t\t\t\t\t\t<\/div>\n\t\t\t\t<\/div>\n\t\t\t\t<div class=\"elementor-element elementor-element-42d2532 elementor-widget elementor-widget-text-editor\" data-id=\"42d2532\" data-element_type=\"widget\" data-e-type=\"widget\" data-widget_type=\"text-editor.default\">\n\t\t\t\t<div class=\"elementor-widget-container\">\n\t\t\t\t\t\t\t\t\t<div class=\"container\"><div class=\"hgroup \"><div class=\"row\"><div class=\"col-xs-12\"><h3>Autres obstacles \u00e0 l&rsquo;affichage des couleurs<\/h3><\/div><\/div><\/div><\/div><div class=\"container\"><div class=\"row\"><div class=\"col-xs-12\"><ul><li>La couleur n&rsquo;a pas le m\u00eame impact dans les pi\u00e8ces sombres ou claires.<\/li><li>La lumi\u00e8re artificielle et m\u00eame les ampoules ont une lumi\u00e8re plus jaun\u00e2tre que la lumi\u00e8re du jour.<\/li><li>De m\u00eame, les teintes intenses paraissent plus color\u00e9es sur les grandes surfaces, la lumi\u00e8re \u00e9tant moins r\u00e9fl\u00e9chie par les surfaces sombres.<\/li><\/ul><p><strong>Notre recommandation<\/strong>: pour les teintes intenses, il est pr\u00e9f\u00e9rable de faire un essai pr\u00e9alable.<\/p><\/div><\/div><\/div>\t\t\t\t\t\t\t\t<\/div>\n\t\t\t\t<\/div>\n\t\t\t\t\t<\/div>\n\t\t\t\t<\/div>\n\t\t<div class=\"elementor-element elementor-element-78e75c1 e-flex e-con-boxed e-con e-parent\" data-id=\"78e75c1\" data-element_type=\"container\" data-e-type=\"container\">\n\t\t\t\t\t<div class=\"e-con-inner\">\n\t\t\t\t<div class=\"elementor-element elementor-element-af07992 elementor-widget elementor-widget-image\" data-id=\"af07992\" data-element_type=\"widget\" data-e-type=\"widget\" data-widget_type=\"image.default\">\n\t\t\t\t<div class=\"elementor-widget-container\">\n\t\t\t\t\t\t\t\t\t\t\t\t\t\t\t<img fetchpriority=\"high\" decoding=\"async\" width=\"800\" height=\"534\" src=\"https:\/\/auro.ch\/wp-content\/uploads\/2024\/05\/Farbtonfaecher-Colours-for-life-1024x683.jpg\" class=\"attachment-large size-large wp-image-60179\" alt=\"\" srcset=\"https:\/\/auro.ch\/wp-content\/uploads\/2024\/05\/Farbtonfaecher-Colours-for-life-1024x683.jpg 1024w, https:\/\/auro.ch\/wp-content\/uploads\/2024\/05\/Farbtonfaecher-Colours-for-life-300x200.jpg 300w, https:\/\/auro.ch\/wp-content\/uploads\/2024\/05\/Farbtonfaecher-Colours-for-life-768x512.jpg 768w, https:\/\/auro.ch\/wp-content\/uploads\/2024\/05\/Farbtonfaecher-Colours-for-life-1536x1025.jpg 1536w, https:\/\/auro.ch\/wp-content\/uploads\/2024\/05\/Farbtonfaecher-Colours-for-life-2048x1366.jpg 2048w\" sizes=\"(max-width: 800px) 100vw, 800px\" \/>\t\t\t\t\t\t\t\t\t\t\t\t\t\t\t<\/div>\n\t\t\t\t<\/div>\n\t\t\t\t\t<\/div>\n\t\t\t\t<\/div>\n\t\t<div class=\"elementor-element elementor-element-1aa1966 e-flex e-con-boxed e-con e-parent\" data-id=\"1aa1966\" data-element_type=\"container\" data-e-type=\"container\">\n\t\t\t\t\t<div class=\"e-con-inner\">\n\t\t\t\t<div class=\"elementor-element elementor-element-7439955 elementor-widget elementor-widget-text-editor\" data-id=\"7439955\" data-element_type=\"widget\" data-e-type=\"widget\" data-widget_type=\"text-editor.default\">\n\t\t\t\t<div class=\"elementor-widget-container\">\n\t\t\t\t\t\t\t\t\t<h3 class=\"media-heading h3\">\u00c9ventail de couleurs<\/h3><p>Chez votre <a title=\"Trouver un revendeur AURO pr\u00e8s de chez vous\" href=\"https:\/\/auro.ch\/haendlersuche\/\" target=\"_blank\" rel=\"noopener\">revendeur<\/a> local, vous trouverez un <strong>nuancier<\/strong> avec toutes les teintes de la peinture pour murs et plafonds COLOURS FOR LIFE Premium.<\/p>\t\t\t\t\t\t\t\t<\/div>\n\t\t\t\t<\/div>\n\t\t\t\t\t<\/div>\n\t\t\t\t<\/div>\n\t\t\t\t<\/div>\n\t\t","protected":false},"excerpt":{"rendered":"<p>Remarques sur l&rsquo;affichage des couleurs La repr\u00e9sentation des couleurs sur [&hellip;]<\/p>\n","protected":false},"author":11,"featured_media":59753,"parent":0,"menu_order":0,"comment_status":"closed","ping_status":"closed","template":"","meta":{"_acf_changed":false,"footnotes":""},"categories":[],"class_list":["post-60176","page","type-page","status-publish","has-post-thumbnail","hentry"],"acf":[],"_links":{"self":[{"href":"https:\/\/auro.ch\/fr\/wp-json\/wp\/v2\/pages\/60176","targetHints":{"allow":["GET"]}}],"collection":[{"href":"https:\/\/auro.ch\/fr\/wp-json\/wp\/v2\/pages"}],"about":[{"href":"https:\/\/auro.ch\/fr\/wp-json\/wp\/v2\/types\/page"}],"author":[{"embeddable":true,"href":"https:\/\/auro.ch\/fr\/wp-json\/wp\/v2\/users\/11"}],"replies":[{"embeddable":true,"href":"https:\/\/auro.ch\/fr\/wp-json\/wp\/v2\/comments?post=60176"}],"version-history":[{"count":1,"href":"https:\/\/auro.ch\/fr\/wp-json\/wp\/v2\/pages\/60176\/revisions"}],"predecessor-version":[{"id":60180,"href":"https:\/\/auro.ch\/fr\/wp-json\/wp\/v2\/pages\/60176\/revisions\/60180"}],"wp:featuredmedia":[{"embeddable":true,"href":"https:\/\/auro.ch\/fr\/wp-json\/wp\/v2\/media\/59753"}],"wp:attachment":[{"href":"https:\/\/auro.ch\/fr\/wp-json\/wp\/v2\/media?parent=60176"}],"wp:term":[{"taxonomy":"category","embeddable":true,"href":"https:\/\/auro.ch\/fr\/wp-json\/wp\/v2\/categories?post=60176"}],"curies":[{"name":"wp","href":"https:\/\/api.w.org\/{rel}","templated":true}]}}