{"id":60181,"date":"2024-05-15T11:52:15","date_gmt":"2024-05-15T09:52:15","guid":{"rendered":"https:\/\/ch.auro.de\/nos-matieres-premieres\/"},"modified":"2026-04-29T11:23:57","modified_gmt":"2026-04-29T09:23:57","slug":"nos-matieres-premieres","status":"publish","type":"page","link":"https:\/\/auro.ch\/fr\/nos-matieres-premieres\/","title":{"rendered":"Nos mati\u00e8res premi\u00e8res"},"content":{"rendered":"\t\t<div data-elementor-type=\"wp-page\" data-elementor-id=\"60181\" class=\"elementor elementor-60181 elementor-18238\" data-elementor-post-type=\"page\">\n\t\t\t\t\t\t<section class=\"elementor-section elementor-top-section elementor-element elementor-element-ecf86e9 elementor-section-height-min-height elementor-section-boxed elementor-section-height-default elementor-section-items-middle\" data-id=\"ecf86e9\" data-element_type=\"section\" data-e-type=\"section\" data-settings=\"{&quot;background_background&quot;:&quot;classic&quot;}\">\n\t\t\t\t\t\t\t<div class=\"elementor-background-overlay\"><\/div>\n\t\t\t\t\t\t\t<div class=\"elementor-container elementor-column-gap-default\">\n\t\t\t\t\t<div class=\"elementor-column elementor-col-100 elementor-top-column elementor-element elementor-element-0159cc2\" data-id=\"0159cc2\" data-element_type=\"column\" data-e-type=\"column\">\n\t\t\t<div class=\"elementor-widget-wrap elementor-element-populated\">\n\t\t\t\t\t\t<div class=\"elementor-element elementor-element-070b8f1 elementor-invisible elementor-widget elementor-widget-heading\" data-id=\"070b8f1\" data-element_type=\"widget\" data-e-type=\"widget\" data-settings=\"{&quot;_animation&quot;:&quot;fadeInUp&quot;}\" data-widget_type=\"heading.default\">\n\t\t\t\t<div class=\"elementor-widget-container\">\n\t\t\t\t\t<p class=\"elementor-heading-title elementor-size-default\">Nos mati\u00e8res premi\u00e8res<\/p>\t\t\t\t<\/div>\n\t\t\t\t<\/div>\n\t\t\t\t<div class=\"elementor-element elementor-element-12931c0 elementor-widget elementor-widget-heading\" data-id=\"12931c0\" data-element_type=\"widget\" data-e-type=\"widget\" data-widget_type=\"heading.default\">\n\t\t\t\t<div class=\"elementor-widget-container\">\n\t\t\t\t\t<h1 class=\"elementor-heading-title elementor-size-default\">de la nature<\/h1>\t\t\t\t<\/div>\n\t\t\t\t<\/div>\n\t\t\t\t\t<\/div>\n\t\t<\/div>\n\t\t\t\t\t<\/div>\n\t\t<\/section>\n\t\t\t\t<section class=\"elementor-section elementor-top-section elementor-element elementor-element-ab18f2c elementor-section-boxed elementor-section-height-default elementor-section-height-default\" data-id=\"ab18f2c\" data-element_type=\"section\" data-e-type=\"section\">\n\t\t\t\t\t\t<div class=\"elementor-container elementor-column-gap-default\">\n\t\t\t\t\t<div class=\"elementor-column elementor-col-100 elementor-top-column elementor-element elementor-element-743fe8f\" data-id=\"743fe8f\" data-element_type=\"column\" data-e-type=\"column\">\n\t\t\t<div class=\"elementor-widget-wrap elementor-element-populated\">\n\t\t\t\t\t\t<div class=\"elementor-element elementor-element-d843460 elementor-widget elementor-widget-heading\" data-id=\"d843460\" data-element_type=\"widget\" data-e-type=\"widget\" data-widget_type=\"heading.default\">\n\t\t\t\t<div class=\"elementor-widget-container\">\n\t\t\t\t\t<h3 class=\"elementor-heading-title elementor-size-default\">Mati\u00e8res premi\u00e8res d'origine v\u00e9g\u00e9tale et min\u00e9rale  <\/h3>\t\t\t\t<\/div>\n\t\t\t\t<\/div>\n\t\t\t\t<div class=\"elementor-element elementor-element-01d5e35 elementor-widget elementor-widget-text-editor\" data-id=\"01d5e35\" data-element_type=\"widget\" data-e-type=\"widget\" data-widget_type=\"text-editor.default\">\n\t\t\t\t<div class=\"elementor-widget-container\">\n\t\t\t\t\t\t\t\t\t<p>Depuis la cr\u00e9ation de l&rsquo;entreprise, le commerce durable fait partie int\u00e9grante de la culture d&rsquo;entreprise d&rsquo;AURO. Notre mission est de pr\u00e9server et de promouvoir la sant\u00e9 de l&rsquo;homme et de la nature. &nbsp;<span style=\"color: var( --e-global-color-text ); font-family: var( --e-global-typography-text-font-family ), Sans-serif; font-weight: var( --e-global-typography-text-font-weight );\">Dans toute notre gamme de produits, nous privil\u00e9gions les mati\u00e8res premi\u00e8res d&rsquo;origine biog\u00e8ne.&nbsp;<\/span><\/p>\n<p><span style=\"color: var( --e-global-color-text ); font-family: var( --e-global-typography-text-font-family ), Sans-serif; font-weight: var( --e-global-typography-text-font-weight );\">Nous veillons \u00e0 ce que nos tissus soient biod\u00e9gradables et \u00e0 ce qu&rsquo;ils soient extraits et trait\u00e9s le plus d\u00e9licatement possible. <\/span><span style=\"color: var( --e-global-color-text ); font-family: var( --e-global-typography-text-font-family ), Sans-serif; font-weight: var( --e-global-typography-text-font-weight );\">Les mati\u00e8res premi\u00e8res, qui sont <\/span><span style=\"color: var( --e-global-color-text ); font-family: var( --e-global-typography-text-font-family ), Sans-serif; font-weight: var( --e-global-typography-text-font-weight );\">provenant de sources v\u00e9g\u00e9tales et min\u00e9rales peuvent \u00eatre facilement recycl\u00e9es apr\u00e8s leur traitement. <\/span><span style=\"color: var( --e-global-color-text ); font-family: var( --e-global-typography-text-font-family ), Sans-serif; font-weight: var( --e-global-typography-text-font-weight );\">peuvent \u00eatre r\u00e9int\u00e9gr\u00e9es dans le cycle de la nature.<\/span><\/p>\n<p><span style=\"color: var( --e-global-color-text ); font-family: var( --e-global-typography-text-font-family ), Sans-serif; font-weight: var( --e-global-typography-text-font-weight );\">Pour en savoir plus sur les substances utilis\u00e9es, consultez nos histoires de mati\u00e8res premi\u00e8res <\/span><b>Nos substances v\u00e9g\u00e9tales<\/b><span style=\"color: var( --e-global-color-text ); font-family: var( --e-global-typography-text-font-family ), Sans-serif; font-weight: var( --e-global-typography-text-font-weight );\"> et la brochure<\/span><b><span style=\"color: var( --e-global-color-text ); font-family: var( --e-global-typography-text-font-family ), Sans-serif;\"> <\/span>classic editon<\/b><span style=\"color: var( --e-global-color-text ); font-family: var( --e-global-typography-text-font-family ), Sans-serif; font-weight: var( --e-global-typography-text-font-weight );\"> ou sur <\/span><a style=\"font-family: var( --e-global-typography-text-font-family ), Sans-serif; background-color: #ffffff;\" href=\"https:\/\/www.auro-classic-edition.de\/de\/\" target=\"_blank\" rel=\"noopener\"><b>auro-classic-edition.de<\/b><\/a>.<\/p>\n<p>Pour plus de transparence : Dans la <a href=\"https:\/\/auro.ch\/fr\/auro\/nos-matieres-premieres\/\" target=\"_blank\" rel=\"noopener\"><b>AURO Mati\u00e8res premi\u00e8res<\/b><\/a> Toutes les mati\u00e8res premi\u00e8res que nous utilisons pour les peintures, les produits d&rsquo;entretien et les produits de nettoyage sont expliqu\u00e9es en d\u00e9tail. L&rsquo;importance, le pays d&rsquo;origine et l&rsquo;utilisation dans le produit sont mentionn\u00e9s de mani\u00e8re exhaustive. &nbsp;<\/p>\t\t\t\t\t\t\t\t<\/div>\n\t\t\t\t<\/div>\n\t\t\t\t\t<\/div>\n\t\t<\/div>\n\t\t\t\t\t<\/div>\n\t\t<\/section>\n\t\t\t\t<section class=\"elementor-section elementor-top-section elementor-element elementor-element-98bfd6e elementor-section-boxed elementor-section-height-default elementor-section-height-default\" data-id=\"98bfd6e\" data-element_type=\"section\" data-e-type=\"section\" data-settings=\"{&quot;background_background&quot;:&quot;classic&quot;}\">\n\t\t\t\t\t\t<div class=\"elementor-container elementor-column-gap-default\">\n\t\t\t\t\t<div class=\"elementor-column elementor-col-50 elementor-top-column elementor-element elementor-element-a475c25 elementor-invisible\" data-id=\"a475c25\" data-element_type=\"column\" data-e-type=\"column\" data-settings=\"{&quot;animation&quot;:&quot;fadeInLeft&quot;}\">\n\t\t\t<div class=\"elementor-widget-wrap elementor-element-populated\">\n\t\t\t\t\t\t<div class=\"elementor-element elementor-element-c93647e elementor-align-center elementor-icon-list--layout-traditional elementor-list-item-link-full_width elementor-widget elementor-widget-icon-list\" data-id=\"c93647e\" data-element_type=\"widget\" data-e-type=\"widget\" data-widget_type=\"icon-list.default\">\n\t\t\t\t<div class=\"elementor-widget-container\">\n\t\t\t\t\t\t\t<ul class=\"elementor-icon-list-items\">\n\t\t\t\t\t\t\t<li class=\"elementor-icon-list-item\">\n\t\t\t\t\t\t\t\t\t\t\t<a href=\"https:\/\/auro.ch\/wp-content\/uploads\/2023\/02\/brosch_unsere_pflanzenstoffe.pdf\" target=\"_blank\">\n\n\t\t\t\t\t\t\t\t\t\t\t\t<span class=\"elementor-icon-list-icon\">\n\t\t\t\t\t\t\t<svg xmlns=\"http:\/\/www.w3.org\/2000\/svg\" xmlns:xlink=\"http:\/\/www.w3.org\/1999\/xlink\" id=\"Layer_1\" x=\"0px\" y=\"0px\" viewBox=\"0 0 512 512\" style=\"enable-background:new 0 0 512 512;\" xml:space=\"preserve\"><g>\t<g>\t\t<path d=\"M494.479,138.557L364.04,3.018C362.183,1.09,359.621,0,356.945,0h-194.41c-21.757,0-39.458,17.694-39.458,39.442v137.789   H44.29c-16.278,0-29.521,13.239-29.521,29.513v147.744C14.769,370.761,28.012,384,44.29,384h78.787v88.627   c0,21.71,17.701,39.373,39.458,39.373h295.238c21.757,0,39.458-17.653,39.458-39.351V145.385   C497.231,142.839,496.244,140.392,494.479,138.557z M359.385,26.581l107.079,111.265H359.385V26.581z M44.29,364.308   c-5.42,0-9.828-4.405-9.828-9.82V206.744c0-5.415,4.409-9.821,9.828-9.821h265.882c5.42,0,9.828,4.406,9.828,9.821v147.744   c0,5.415-4.409,9.82-9.828,9.82H44.29z M477.538,472.649c0,10.84-8.867,19.659-19.766,19.659H162.535   c-10.899,0-19.766-8.828-19.766-19.68V384h167.403c16.278,0,29.521-13.239,29.521-29.512V206.744   c0-16.274-13.243-29.513-29.521-29.513H142.769V39.442c0-10.891,8.867-19.75,19.766-19.75h177.157v128   c0,5.438,4.409,9.846,9.846,9.846h128V472.649z\"><\/path>\t<\/g><\/g><g>\t<g>\t\t<path d=\"M132.481,249.894c-3.269-4.25-7.327-7.01-12.173-8.279c-3.154-0.846-9.923-1.269-20.308-1.269H72.596v84.577h17.077   v-31.904h11.135c7.731,0,13.635-0.404,17.712-1.212c3-0.654,5.952-1.99,8.856-4.01c2.904-2.019,5.298-4.798,7.183-8.336   c1.885-3.538,2.827-7.904,2.827-13.096C137.385,259.634,135.75,254.144,132.481,249.894z M117.856,273.173   c-1.288,1.885-3.067,3.269-5.337,4.154s-6.769,1.327-13.5,1.327h-9.346v-24h8.25c6.154,0,10.25,0.192,12.288,0.577   c2.769,0.5,5.058,1.75,6.865,3.75c1.808,2,2.712,4.539,2.712,7.615C119.789,269.096,119.144,271.288,117.856,273.173z\"><\/path>\t<\/g><\/g><g>\t<g>\t\t<path d=\"M219.481,263.452c-1.846-5.404-4.539-9.971-8.077-13.702s-7.789-6.327-12.75-7.789c-3.692-1.077-9.058-1.615-16.096-1.615   h-31.212v84.577h32.135c6.308,0,11.346-0.596,15.115-1.789c5.039-1.615,9.039-3.865,12-6.75c3.923-3.808,6.942-8.788,9.058-14.942   c1.731-5.039,2.596-11.039,2.596-18C222.25,275.519,221.327,268.856,219.481,263.452z M202.865,298.183   c-1.154,3.789-2.644,6.51-4.471,8.163c-1.827,1.654-4.125,2.827-6.894,3.519c-2.115,0.539-5.558,0.808-10.327,0.808h-12.75v0   v-56.019h7.673c6.961,0,11.635,0.269,14.019,0.808c3.192,0.692,5.827,2.019,7.904,3.981c2.077,1.962,3.692,4.692,4.846,8.192   c1.154,3.5,1.731,8.519,1.731,15.058C204.596,289.231,204.019,294.394,202.865,298.183z\"><\/path>\t<\/g><\/g><g>\t<g>\t\t<polygon points=\"294.827,254.654 294.827,240.346 236.846,240.346 236.846,324.923 253.923,324.923 253.923,288.981    289.231,288.981 289.231,274.673 253.923,274.673 253.923,254.654   \"><\/polygon>\t<\/g><\/g><g><\/g><g><\/g><g><\/g><g><\/g><g><\/g><g><\/g><g><\/g><g><\/g><g><\/g><g><\/g><g><\/g><g><\/g><g><\/g><g><\/g><g><\/g><\/svg>\t\t\t\t\t\t<\/span>\n\t\t\t\t\t\t\t\t\t\t<span class=\"elementor-icon-list-text\">Brochure \"Nos substances v\u00e9g\u00e9tales<\/span>\n\t\t\t\t\t\t\t\t\t\t\t<\/a>\n\t\t\t\t\t\t\t\t\t<\/li>\n\t\t\t\t\t\t<\/ul>\n\t\t\t\t\t\t<\/div>\n\t\t\t\t<\/div>\n\t\t\t\t<div class=\"elementor-element elementor-element-bd6291a elementor-widget elementor-widget-image\" data-id=\"bd6291a\" data-element_type=\"widget\" data-e-type=\"widget\" data-widget_type=\"image.default\">\n\t\t\t\t<div class=\"elementor-widget-container\">\n\t\t\t\t\t\t\t\t\t\t\t\t\t\t\t\t<a href=\"https:\/\/auro.ch\/wp-content\/uploads\/2024\/06\/AURO-Unsere-Pflanzenstoffe-Broschuere.pdf\" target=\"_blank\">\n\t\t\t\t\t\t\t<img fetchpriority=\"high\" decoding=\"async\" width=\"800\" height=\"458\" src=\"https:\/\/auro.ch\/wp-content\/uploads\/2023\/02\/Mockup_Brosch_Pflanzenstoffe-1024x586.png\" class=\"attachment-large size-large wp-image-59211\" alt=\"Eine Rohstoff-Brosch\u00fcre von AURO Naturfarben mit der Aufschrift \u201aUnsere Pflanzenstoffe\u2019 und einigen Blumen in Vasen auf einem runden Tisch\" srcset=\"https:\/\/auro.ch\/wp-content\/uploads\/2023\/02\/Mockup_Brosch_Pflanzenstoffe-1024x586.png 1024w, https:\/\/auro.ch\/wp-content\/uploads\/2023\/02\/Mockup_Brosch_Pflanzenstoffe-300x172.png 300w, https:\/\/auro.ch\/wp-content\/uploads\/2023\/02\/Mockup_Brosch_Pflanzenstoffe-768x440.png 768w, https:\/\/auro.ch\/wp-content\/uploads\/2023\/02\/Mockup_Brosch_Pflanzenstoffe.png 1200w\" sizes=\"(max-width: 800px) 100vw, 800px\" \/>\t\t\t\t\t\t\t\t<\/a>\n\t\t\t\t\t\t\t\t\t\t\t\t\t\t\t<\/div>\n\t\t\t\t<\/div>\n\t\t\t\t\t<\/div>\n\t\t<\/div>\n\t\t\t\t<div class=\"elementor-column elementor-col-50 elementor-top-column elementor-element elementor-element-54a9424 elementor-invisible\" data-id=\"54a9424\" data-element_type=\"column\" data-e-type=\"column\" data-settings=\"{&quot;animation&quot;:&quot;fadeInRight&quot;}\">\n\t\t\t<div class=\"elementor-widget-wrap elementor-element-populated\">\n\t\t\t\t\t\t<div class=\"elementor-element elementor-element-2dd5c78 elementor-align-center elementor-icon-list--layout-traditional elementor-list-item-link-full_width elementor-widget elementor-widget-icon-list\" data-id=\"2dd5c78\" data-element_type=\"widget\" data-e-type=\"widget\" data-widget_type=\"icon-list.default\">\n\t\t\t\t<div class=\"elementor-widget-container\">\n\t\t\t\t\t\t\t<ul class=\"elementor-icon-list-items\">\n\t\t\t\t\t\t\t<li class=\"elementor-icon-list-item\">\n\t\t\t\t\t\t\t\t\t\t\t<a href=\"https:\/\/auro.ch\/wp-content\/uploads\/2023\/02\/brosch-classic-edition.pdf\" target=\"_blank\">\n\n\t\t\t\t\t\t\t\t\t\t\t\t<span class=\"elementor-icon-list-icon\">\n\t\t\t\t\t\t\t<svg xmlns=\"http:\/\/www.w3.org\/2000\/svg\" xmlns:xlink=\"http:\/\/www.w3.org\/1999\/xlink\" id=\"Layer_1\" x=\"0px\" y=\"0px\" viewBox=\"0 0 512 512\" style=\"enable-background:new 0 0 512 512;\" xml:space=\"preserve\"><g>\t<g>\t\t<path d=\"M494.479,138.557L364.04,3.018C362.183,1.09,359.621,0,356.945,0h-194.41c-21.757,0-39.458,17.694-39.458,39.442v137.789   H44.29c-16.278,0-29.521,13.239-29.521,29.513v147.744C14.769,370.761,28.012,384,44.29,384h78.787v88.627   c0,21.71,17.701,39.373,39.458,39.373h295.238c21.757,0,39.458-17.653,39.458-39.351V145.385   C497.231,142.839,496.244,140.392,494.479,138.557z M359.385,26.581l107.079,111.265H359.385V26.581z M44.29,364.308   c-5.42,0-9.828-4.405-9.828-9.82V206.744c0-5.415,4.409-9.821,9.828-9.821h265.882c5.42,0,9.828,4.406,9.828,9.821v147.744   c0,5.415-4.409,9.82-9.828,9.82H44.29z M477.538,472.649c0,10.84-8.867,19.659-19.766,19.659H162.535   c-10.899,0-19.766-8.828-19.766-19.68V384h167.403c16.278,0,29.521-13.239,29.521-29.512V206.744   c0-16.274-13.243-29.513-29.521-29.513H142.769V39.442c0-10.891,8.867-19.75,19.766-19.75h177.157v128   c0,5.438,4.409,9.846,9.846,9.846h128V472.649z\"><\/path>\t<\/g><\/g><g>\t<g>\t\t<path d=\"M132.481,249.894c-3.269-4.25-7.327-7.01-12.173-8.279c-3.154-0.846-9.923-1.269-20.308-1.269H72.596v84.577h17.077   v-31.904h11.135c7.731,0,13.635-0.404,17.712-1.212c3-0.654,5.952-1.99,8.856-4.01c2.904-2.019,5.298-4.798,7.183-8.336   c1.885-3.538,2.827-7.904,2.827-13.096C137.385,259.634,135.75,254.144,132.481,249.894z M117.856,273.173   c-1.288,1.885-3.067,3.269-5.337,4.154s-6.769,1.327-13.5,1.327h-9.346v-24h8.25c6.154,0,10.25,0.192,12.288,0.577   c2.769,0.5,5.058,1.75,6.865,3.75c1.808,2,2.712,4.539,2.712,7.615C119.789,269.096,119.144,271.288,117.856,273.173z\"><\/path>\t<\/g><\/g><g>\t<g>\t\t<path d=\"M219.481,263.452c-1.846-5.404-4.539-9.971-8.077-13.702s-7.789-6.327-12.75-7.789c-3.692-1.077-9.058-1.615-16.096-1.615   h-31.212v84.577h32.135c6.308,0,11.346-0.596,15.115-1.789c5.039-1.615,9.039-3.865,12-6.75c3.923-3.808,6.942-8.788,9.058-14.942   c1.731-5.039,2.596-11.039,2.596-18C222.25,275.519,221.327,268.856,219.481,263.452z M202.865,298.183   c-1.154,3.789-2.644,6.51-4.471,8.163c-1.827,1.654-4.125,2.827-6.894,3.519c-2.115,0.539-5.558,0.808-10.327,0.808h-12.75v0   v-56.019h7.673c6.961,0,11.635,0.269,14.019,0.808c3.192,0.692,5.827,2.019,7.904,3.981c2.077,1.962,3.692,4.692,4.846,8.192   c1.154,3.5,1.731,8.519,1.731,15.058C204.596,289.231,204.019,294.394,202.865,298.183z\"><\/path>\t<\/g><\/g><g>\t<g>\t\t<polygon points=\"294.827,254.654 294.827,240.346 236.846,240.346 236.846,324.923 253.923,324.923 253.923,288.981    289.231,288.981 289.231,274.673 253.923,274.673 253.923,254.654   \"><\/polygon>\t<\/g><\/g><g><\/g><g><\/g><g><\/g><g><\/g><g><\/g><g><\/g><g><\/g><g><\/g><g><\/g><g><\/g><g><\/g><g><\/g><g><\/g><g><\/g><g><\/g><\/svg>\t\t\t\t\t\t<\/span>\n\t\t\t\t\t\t\t\t\t\t<span class=\"elementor-icon-list-text\">Brochure \"Une tradition qui a de l'avenir<\/span>\n\t\t\t\t\t\t\t\t\t\t\t<\/a>\n\t\t\t\t\t\t\t\t\t<\/li>\n\t\t\t\t\t\t<\/ul>\n\t\t\t\t\t\t<\/div>\n\t\t\t\t<\/div>\n\t\t\t\t<div class=\"elementor-element elementor-element-694b902 elementor-widget elementor-widget-image\" data-id=\"694b902\" data-element_type=\"widget\" data-e-type=\"widget\" data-widget_type=\"image.default\">\n\t\t\t\t<div class=\"elementor-widget-container\">\n\t\t\t\t\t\t\t\t\t\t\t\t\t\t\t\t<a href=\"https:\/\/auro.ch\/wp-content\/uploads\/2023\/02\/brosch-classic-edition.pdf\" target=\"_blank\">\n\t\t\t\t\t\t\t<img decoding=\"async\" width=\"800\" height=\"458\" src=\"https:\/\/auro.ch\/wp-content\/uploads\/2023\/02\/Mockup_Brosch_Classic-1024x586.png\" class=\"attachment-large size-large wp-image-59212\" alt=\"Ein Mann in einer Werkstatt lackiert eine Geige mit nat\u00fcrlichem Schellack, Teil der AURO Classic Edition \u2013 Tradition und Zukunft klassischer Farbstoffe.\" srcset=\"https:\/\/auro.ch\/wp-content\/uploads\/2023\/02\/Mockup_Brosch_Classic-1024x586.png 1024w, https:\/\/auro.ch\/wp-content\/uploads\/2023\/02\/Mockup_Brosch_Classic-300x172.png 300w, https:\/\/auro.ch\/wp-content\/uploads\/2023\/02\/Mockup_Brosch_Classic-768x440.png 768w, https:\/\/auro.ch\/wp-content\/uploads\/2023\/02\/Mockup_Brosch_Classic.png 1200w\" sizes=\"(max-width: 800px) 100vw, 800px\" \/>\t\t\t\t\t\t\t\t<\/a>\n\t\t\t\t\t\t\t\t\t\t\t\t\t\t\t<\/div>\n\t\t\t\t<\/div>\n\t\t\t\t\t<\/div>\n\t\t<\/div>\n\t\t\t\t\t<\/div>\n\t\t<\/section>\n\t\t\t\t<\/div>\n\t\t","protected":false},"excerpt":{"rendered":"<p>Nos mati\u00e8res premi\u00e8res de la nature Mati\u00e8res premi\u00e8res d&rsquo;origine v\u00e9g\u00e9tale [&hellip;]<\/p>\n","protected":false},"author":1,"featured_media":60184,"parent":0,"menu_order":0,"comment_status":"closed","ping_status":"closed","template":"","meta":{"_acf_changed":false,"footnotes":""},"categories":[],"class_list":["post-60181","page","type-page","status-publish","has-post-thumbnail","hentry"],"acf":[],"_links":{"self":[{"href":"https:\/\/auro.ch\/fr\/wp-json\/wp\/v2\/pages\/60181","targetHints":{"allow":["GET"]}}],"collection":[{"href":"https:\/\/auro.ch\/fr\/wp-json\/wp\/v2\/pages"}],"about":[{"href":"https:\/\/auro.ch\/fr\/wp-json\/wp\/v2\/types\/page"}],"author":[{"embeddable":true,"href":"https:\/\/auro.ch\/fr\/wp-json\/wp\/v2\/users\/1"}],"replies":[{"embeddable":true,"href":"https:\/\/auro.ch\/fr\/wp-json\/wp\/v2\/comments?post=60181"}],"version-history":[{"count":1,"href":"https:\/\/auro.ch\/fr\/wp-json\/wp\/v2\/pages\/60181\/revisions"}],"predecessor-version":[{"id":60185,"href":"https:\/\/auro.ch\/fr\/wp-json\/wp\/v2\/pages\/60181\/revisions\/60185"}],"wp:featuredmedia":[{"embeddable":true,"href":"https:\/\/auro.ch\/fr\/wp-json\/wp\/v2\/media\/60184"}],"wp:attachment":[{"href":"https:\/\/auro.ch\/fr\/wp-json\/wp\/v2\/media?parent=60181"}],"wp:term":[{"taxonomy":"category","embeddable":true,"href":"https:\/\/auro.ch\/fr\/wp-json\/wp\/v2\/categories?post=60181"}],"curies":[{"name":"wp","href":"https:\/\/api.w.org\/{rel}","templated":true}]}}