{"id":60297,"date":"2024-01-12T15:02:44","date_gmt":"2024-01-12T14:02:44","guid":{"rendered":"https:\/\/ch.auro.de\/edward-bulmer\/"},"modified":"2026-04-29T11:25:37","modified_gmt":"2026-04-29T09:25:37","slug":"edward-bulmer","status":"publish","type":"page","link":"https:\/\/auro.ch\/fr\/inspiration-et-guide\/collection-de-createurs\/edward-bulmer\/","title":{"rendered":"Edward Bulmer"},"content":{"rendered":"\t\t<div data-elementor-type=\"wp-page\" data-elementor-id=\"60297\" class=\"elementor elementor-60297 elementor-10908\" data-elementor-post-type=\"page\">\n\t\t\t\t\t\t<section class=\"elementor-section elementor-top-section elementor-element elementor-element-5579e41 elementor-section-height-min-height elementor-section-boxed elementor-section-height-default elementor-section-items-middle\" data-id=\"5579e41\" data-element_type=\"section\" data-e-type=\"section\" data-settings=\"{&quot;background_background&quot;:&quot;classic&quot;}\">\n\t\t\t\t\t\t\t<div class=\"elementor-background-overlay\"><\/div>\n\t\t\t\t\t\t\t<div class=\"elementor-container elementor-column-gap-default\">\n\t\t\t\t\t<div class=\"elementor-column elementor-col-100 elementor-top-column elementor-element elementor-element-00e5306\" data-id=\"00e5306\" data-element_type=\"column\" data-e-type=\"column\">\n\t\t\t<div class=\"elementor-widget-wrap elementor-element-populated\">\n\t\t\t\t\t\t<div class=\"elementor-element elementor-element-b269c1c elementor-invisible elementor-widget elementor-widget-heading\" data-id=\"b269c1c\" data-element_type=\"widget\" data-e-type=\"widget\" data-settings=\"{&quot;_animation&quot;:&quot;fadeInUp&quot;}\" data-widget_type=\"heading.default\">\n\t\t\t\t<div class=\"elementor-widget-container\">\n\t\t\t\t\t<p class=\"elementor-heading-title elementor-size-default\">Collection de cr\u00e9ateurs<\/p>\t\t\t\t<\/div>\n\t\t\t\t<\/div>\n\t\t\t\t<div class=\"elementor-element elementor-element-752bd18 elementor-widget elementor-widget-heading\" data-id=\"752bd18\" data-element_type=\"widget\" data-e-type=\"widget\" data-widget_type=\"heading.default\">\n\t\t\t\t<div class=\"elementor-widget-container\">\n\t\t\t\t\t<h1 class=\"elementor-heading-title elementor-size-default\">Edward Bulmer<\/h1>\t\t\t\t<\/div>\n\t\t\t\t<\/div>\n\t\t\t\t\t<\/div>\n\t\t<\/div>\n\t\t\t\t\t<\/div>\n\t\t<\/section>\n\t\t\t\t<section class=\"elementor-section elementor-top-section elementor-element elementor-element-aa9d17b elementor-section-boxed elementor-section-height-default elementor-section-height-default\" data-id=\"aa9d17b\" data-element_type=\"section\" data-e-type=\"section\">\n\t\t\t\t\t\t<div class=\"elementor-container elementor-column-gap-wide\">\n\t\t\t\t\t<div class=\"elementor-column elementor-col-100 elementor-top-column elementor-element elementor-element-b0cb82e\" data-id=\"b0cb82e\" data-element_type=\"column\" data-e-type=\"column\">\n\t\t\t<div class=\"elementor-widget-wrap elementor-element-populated\">\n\t\t\t\t\t\t<div class=\"elementor-element elementor-element-b0d88a3 elementor-widget elementor-widget-text-editor\" data-id=\"b0d88a3\" data-element_type=\"widget\" data-e-type=\"widget\" data-widget_type=\"text-editor.default\">\n\t\t\t\t<div class=\"elementor-widget-container\">\n\t\t\t\t\t\t\t\t\t<div class=\"col-xs-9\"><div class=\"col-xs-9\"><p>Edward Bulmer est architecte d&rsquo;int\u00e9rieur, designer de couleurs et pionnier dans l&rsquo;utilisation harmonieuse des couleurs naturelles. En tant qu&rsquo;historien de l&rsquo;architecture britannique de premier plan, il s&rsquo;est sp\u00e9cialis\u00e9 dans la restauration et la d\u00e9coration de b\u00e2timents historiques. Ses passions sont l&rsquo;art, l&rsquo;architecture et l&rsquo;\u00e9cologie. Ce faisant, il a la chance de pouvoir assouvir ses passions au travail. Il a fond\u00e9 l&rsquo;entreprise Natural Paints et souhaite r\u00e9former l&rsquo;industrie de la peinture conventionnelle avec ses peintures naturelles. Faisant partie des premiers pionniers, il nous parle aujourd&rsquo;hui d&rsquo;alternatives durables.     <\/p><p>AURO se r\u00e9jouit de sa collaboration avec Edward Bulmer. Il a d\u00e9velopp\u00e9 le nuancier sp\u00e9cial AURO <em>Designer&rsquo;s Collection, carefully selected<\/em>. Les teintes COLOURS FOR LIFE ont \u00e9t\u00e9 soigneusement s\u00e9lectionn\u00e9es et compos\u00e9es pour les clients AURO afin d&rsquo;enrichir consid\u00e9rablement les espaces de vie et de travail.  <\/p><\/div><\/div>\t\t\t\t\t\t\t\t<\/div>\n\t\t\t\t<\/div>\n\t\t\t\t\t<\/div>\n\t\t<\/div>\n\t\t\t\t\t<\/div>\n\t\t<\/section>\n\t\t\t\t<section class=\"elementor-section elementor-top-section elementor-element elementor-element-4e86c29 elementor-section-boxed elementor-section-height-default elementor-section-height-default\" data-id=\"4e86c29\" data-element_type=\"section\" data-e-type=\"section\">\n\t\t\t\t\t\t<div class=\"elementor-container elementor-column-gap-wide\">\n\t\t\t\t\t<div class=\"elementor-column elementor-col-50 elementor-top-column elementor-element elementor-element-0c6b123\" data-id=\"0c6b123\" data-element_type=\"column\" data-e-type=\"column\">\n\t\t\t<div class=\"elementor-widget-wrap elementor-element-populated\">\n\t\t\t\t\t\t<div class=\"elementor-element elementor-element-2873675 elementor-align-right elementor-widget elementor-widget-button\" data-id=\"2873675\" data-element_type=\"widget\" data-e-type=\"widget\" data-widget_type=\"button.default\">\n\t\t\t\t<div class=\"elementor-widget-container\">\n\t\t\t\t\t\t\t\t\t<div class=\"elementor-button-wrapper\">\n\t\t\t\t\t<a class=\"elementor-button elementor-button-link elementor-size-sm\" href=\"https:\/\/auro.ch\/wp-content\/uploads\/2024\/01\/AURO-Farbkarte-Designers-Collection.pdf\">\n\t\t\t\t\t\t<span class=\"elementor-button-content-wrapper\">\n\t\t\t\t\t\t\t\t\t<span class=\"elementor-button-text\">T\u00e9l\u00e9charger le nuancier<\/span>\n\t\t\t\t\t<\/span>\n\t\t\t\t\t<\/a>\n\t\t\t\t<\/div>\n\t\t\t\t\t\t\t\t<\/div>\n\t\t\t\t<\/div>\n\t\t\t\t\t<\/div>\n\t\t<\/div>\n\t\t\t\t<div class=\"elementor-column elementor-col-50 elementor-top-column elementor-element elementor-element-af41fc6\" data-id=\"af41fc6\" data-element_type=\"column\" data-e-type=\"column\">\n\t\t\t<div class=\"elementor-widget-wrap elementor-element-populated\">\n\t\t\t\t\t\t<div class=\"elementor-element elementor-element-e672844 elementor-align-left elementor-widget elementor-widget-button\" data-id=\"e672844\" data-element_type=\"widget\" data-e-type=\"widget\" data-widget_type=\"button.default\">\n\t\t\t\t<div class=\"elementor-widget-container\">\n\t\t\t\t\t\t\t\t\t<div class=\"elementor-button-wrapper\">\n\t\t\t\t\t<a class=\"elementor-button elementor-button-link elementor-size-sm\" href=\"https:\/\/auro.ch\/wp-content\/uploads\/2024\/01\/AURO-Inspiration-Broschuere-Einrichtungsstile.pdf\">\n\t\t\t\t\t\t<span class=\"elementor-button-content-wrapper\">\n\t\t\t\t\t\t\t\t\t<span class=\"elementor-button-text\">T\u00e9l\u00e9charger la brochure d'inspiration<\/span>\n\t\t\t\t\t<\/span>\n\t\t\t\t\t<\/a>\n\t\t\t\t<\/div>\n\t\t\t\t\t\t\t\t<\/div>\n\t\t\t\t<\/div>\n\t\t\t\t\t<\/div>\n\t\t<\/div>\n\t\t\t\t\t<\/div>\n\t\t<\/section>\n\t\t\t\t<section class=\"elementor-section elementor-top-section elementor-element elementor-element-5213c5f elementor-section-full_width elementor-section-height-default elementor-section-height-default\" data-id=\"5213c5f\" data-element_type=\"section\" data-e-type=\"section\" data-settings=\"{&quot;background_background&quot;:&quot;classic&quot;}\">\n\t\t\t\t\t\t<div class=\"elementor-container elementor-column-gap-default\">\n\t\t\t\t\t<div class=\"elementor-column elementor-col-100 elementor-top-column elementor-element elementor-element-4460847\" data-id=\"4460847\" data-element_type=\"column\" data-e-type=\"column\">\n\t\t\t<div class=\"elementor-widget-wrap elementor-element-populated\">\n\t\t\t\t\t\t<div class=\"elementor-element elementor-element-18aa021 elementor-widget elementor-widget-gallery\" data-id=\"18aa021\" data-element_type=\"widget\" data-e-type=\"widget\" data-settings=\"{&quot;columns_tablet&quot;:4,&quot;columns_mobile&quot;:2,&quot;gap&quot;:{&quot;unit&quot;:&quot;px&quot;,&quot;size&quot;:0,&quot;sizes&quot;:[]},&quot;gap_tablet&quot;:{&quot;unit&quot;:&quot;px&quot;,&quot;size&quot;:0,&quot;sizes&quot;:[]},&quot;gap_mobile&quot;:{&quot;unit&quot;:&quot;px&quot;,&quot;size&quot;:0,&quot;sizes&quot;:[]},&quot;aspect_ratio&quot;:&quot;1:1&quot;,&quot;lazyload&quot;:&quot;yes&quot;,&quot;gallery_layout&quot;:&quot;grid&quot;,&quot;columns&quot;:4,&quot;overlay_background&quot;:&quot;yes&quot;,&quot;content_hover_animation&quot;:&quot;fade-in&quot;}\" data-widget_type=\"gallery.default\">\n\t\t\t\t<div class=\"elementor-widget-container\">\n\t\t\t\t\t\t\t<div class=\"elementor-gallery__container\">\n\t\t\t\t\t\t\t<div class=\"e-gallery-item elementor-gallery-item elementor-animated-content\">\n\t\t\t\t\t<div class=\"e-gallery-image elementor-gallery-item__image\" data-thumbnail=\"https:\/\/auro.ch\/wp-content\/uploads\/2024\/01\/26662_43_fine-grey-1-lr.jpg\" data-width=\"360\" data-height=\"420\" aria-label=\"\" role=\"img\" ><\/div>\n\t\t\t\t\t\t\t\t\t\t\t<div class=\"elementor-gallery-item__overlay\"><\/div>\n\t\t\t\t\t\t\t\t\t\t\t\t\t\t<\/div>\n\t\t\t\t\t\t\t<div class=\"e-gallery-item elementor-gallery-item elementor-animated-content\">\n\t\t\t\t\t<div class=\"e-gallery-image elementor-gallery-item__image\" data-thumbnail=\"https:\/\/auro.ch\/wp-content\/uploads\/2024\/01\/26657_43_ebpompadour192084candlesticklr.jpg\" data-width=\"360\" data-height=\"420\" aria-label=\"\" role=\"img\" ><\/div>\n\t\t\t\t\t\t\t\t\t\t\t<div class=\"elementor-gallery-item__overlay\"><\/div>\n\t\t\t\t\t\t\t\t\t\t\t\t\t\t<\/div>\n\t\t\t\t\t\t\t<div class=\"e-gallery-item elementor-gallery-item elementor-animated-content\">\n\t\t\t\t\t<div class=\"e-gallery-image elementor-gallery-item__image\" data-thumbnail=\"https:\/\/auro.ch\/wp-content\/uploads\/2024\/01\/26659_43__5-lucca-14-george-d-lr.jpg\" data-width=\"360\" data-height=\"420\" aria-label=\"\" role=\"img\" ><\/div>\n\t\t\t\t\t\t\t\t\t\t\t<div class=\"elementor-gallery-item__overlay\"><\/div>\n\t\t\t\t\t\t\t\t\t\t\t\t\t\t<\/div>\n\t\t\t\t\t\t\t<div class=\"e-gallery-item elementor-gallery-item elementor-animated-content\">\n\t\t\t\t\t<div class=\"e-gallery-image elementor-gallery-item__image\" data-thumbnail=\"https:\/\/auro.ch\/wp-content\/uploads\/2024\/01\/26658_43_1a_15-evie-lr.jpg\" data-width=\"360\" data-height=\"420\" aria-label=\"\" role=\"img\" ><\/div>\n\t\t\t\t\t\t\t\t\t\t\t<div class=\"elementor-gallery-item__overlay\"><\/div>\n\t\t\t\t\t\t\t\t\t\t\t\t\t\t<\/div>\n\t\t\t\t\t<\/div>\n\t\t\t\t\t<\/div>\n\t\t\t\t<\/div>\n\t\t\t\t\t<\/div>\n\t\t<\/div>\n\t\t\t\t\t<\/div>\n\t\t<\/section>\n\t\t\t\t<section class=\"elementor-section elementor-top-section elementor-element elementor-element-e12eb42 elementor-section-boxed elementor-section-height-default elementor-section-height-default\" data-id=\"e12eb42\" data-element_type=\"section\" data-e-type=\"section\" data-settings=\"{&quot;background_background&quot;:&quot;classic&quot;}\">\n\t\t\t\t\t\t<div class=\"elementor-container elementor-column-gap-default\">\n\t\t\t\t\t<div class=\"elementor-column elementor-col-100 elementor-top-column elementor-element elementor-element-81e0921\" data-id=\"81e0921\" data-element_type=\"column\" data-e-type=\"column\">\n\t\t\t<div class=\"elementor-widget-wrap elementor-element-populated\">\n\t\t\t\t\t\t<div class=\"elementor-element elementor-element-4a15a85 elementor-widget elementor-widget-heading\" data-id=\"4a15a85\" data-element_type=\"widget\" data-e-type=\"widget\" data-widget_type=\"heading.default\">\n\t\t\t\t<div class=\"elementor-widget-container\">\n\t\t\t\t\t<h3 class=\"elementor-heading-title elementor-size-default\">AURO en interview avec Edward Bulmer<\/h3>\t\t\t\t<\/div>\n\t\t\t\t<\/div>\n\t\t\t\t<div class=\"elementor-element elementor-element-a23e1cd elementor-widget elementor-widget-text-editor\" data-id=\"a23e1cd\" data-element_type=\"widget\" data-e-type=\"widget\" data-widget_type=\"text-editor.default\">\n\t\t\t\t<div class=\"elementor-widget-container\">\n\t\t\t\t\t\t\t\t\t<p class=\"h5 mb-2\"><strong>Qu&rsquo;est-ce qui compte dans l&rsquo;architecture d&rsquo;int\u00e9rieur ? Est-ce votre talent artistique ou votre passion pour votre travail ? <\/strong><\/p><p>Dans une architecture d&rsquo;int\u00e9rieur r\u00e9ussie, il s&rsquo;agit d&rsquo;atteindre l&rsquo;harmonie et l&rsquo;\u00e9quilibre. Cela se fait en utilisant des couleurs compl\u00e9mentaires d&rsquo;un poids \u00e9gal. Cela peut se faire avec des couleurs choisies qui sont peintes dans les pi\u00e8ces, mais aussi avec une s\u00e9lection de mat\u00e9riaux et d&rsquo;objets d&rsquo;ameublement naturels.  <\/p><p class=\"h5 mb-2\"><strong>Par quoi commencez-vous lorsqu&rsquo;il s&rsquo;agit de concevoir une pi\u00e8ce et quel est votre objectif, existe-t-il des conseils ?<\/strong><\/p><p>Commencez toujours par ce que vous avez d\u00e9j\u00e0, par exemple un plancher en bois. Il aura une tonalit\u00e9 qui n\u00e9cessitera certaines teintes et d\u00e9terminera votre palette m\u00eame si vous choisissez des blancs ombr\u00e9s. <\/p><p class=\"h5 mb-2\"><strong>Quelle a \u00e9t\u00e9 votre approche lorsque vous avez commenc\u00e9 \u00e0 s\u00e9lectionner ces 96 teintes pour le nuancier de la Designer&rsquo;s Collection ? Qu&rsquo;est-ce qui rend ces 96 teintes si particuli\u00e8res, pourquoi les avez-vous choisies ? <\/strong><\/p><p>COLOURS FOR LIFE propose une palette compl\u00e8te de pr\u00e8s de 800 nuances de couleurs. Cela peut \u00eatre \u00e9crasant, c&rsquo;est pourquoi je l&rsquo;ai filtr\u00e9 en une bonne palette de couleurs quotidiennes qui fonctionnent bien dans de nombreux types de b\u00e2timents. Il s&rsquo;agit d&rsquo;une s\u00e9lection de tons qui constitueront une bonne toile de fond pour tous les types d&rsquo;\u00e9tablissements et de styles de vie.  <\/p><p class=\"h5 mb-2\"><strong>Parmi les couleurs du nuancier, lesquelles se combinent particuli\u00e8rement bien ?<\/strong><\/p><p>Il existe quelques r\u00e8gles pour combiner les couleurs, mais pas beaucoup. La plus importante pour l&rsquo;\u00e9quilibre et l&rsquo;harmonie est que les couleurs contrastent entre elles. En raison de leur relation d&rsquo;opposition, elles se compl\u00e8tent sur le cercle chromatique standard. Le vert compl\u00e8te le rouge, le bleu compl\u00e8te l&rsquo;orange et le violet compl\u00e8te le jaune.   <\/p><p class=\"h5 mb-2\"><strong>Quelles sont les teintes les mieux adapt\u00e9es aux diff\u00e9rentes zones de la maison ?<\/strong><\/p><p>Choisissez des tons neutres pour les flux de connexion tels que les couloirs et les halls, puis utilisez plus de couleur dans les pi\u00e8ces o\u00f9 vous vivez, mais choisissez l&rsquo;intensit\u00e9 qui correspond \u00e0 vos pr\u00e9f\u00e9rences et \u00e0 votre style de vie.<\/p><div><p class=\"h5 mb-2\"><strong>Pourquoi utilisez-vous des couleurs naturelles pour votre conception des couleurs ?<\/strong><\/p><p>Mon travail d&rsquo;architecte d&rsquo;int\u00e9rieur se d\u00e9roule dans des b\u00e2timents historiques de grande valeur. Le rev\u00eatement de peinture ne doit pas supprimer la dynamique du b\u00e2timent, et le plus important est la respirabilit\u00e9. Les liants naturels surpassent les peintures p\u00e9trochimiques modernes avec des valeurs Sd tr\u00e8s impressionnantes. Ces propri\u00e9t\u00e9s et la s\u00e9lection rigoureuse des ingr\u00e9dients naturels signifient \u00e9galement qu&rsquo;ils ne contribuent pas \u00e0 une mauvaise qualit\u00e9 de l&rsquo;air pour mes clients.   <\/p><\/div><p class=\"h5 mb-2\"><strong>De quoi faut-il tenir compte lors de la conception des couleurs dans les pi\u00e8ces ? Quelles sont les nuances de couleurs qui conviennent le mieux aux petits espaces ? <\/strong><\/p><p>La lumi\u00e8re du jour est un \u00e9l\u00e9ment important de la d\u00e9coration d&rsquo;une pi\u00e8ce ! Lorsqu&rsquo;elle est forte, elle a un effet lumineux mais rafra\u00eechissant, c&rsquo;est pourquoi il est important de regarder des \u00e9chantillons de couleurs dans la pi\u00e8ce avant de confirmer votre choix. Si la pi\u00e8ce est toujours utilis\u00e9e avec une lumi\u00e8re artificielle, alors des tons plus forts peuvent \u00eatre tr\u00e8s r\u00e9ussis, m\u00eame dans de petites pi\u00e8ces.  <\/p><p class=\"h5 mb-2\"><strong>Quelles sont les erreurs typiques que les clients commettent lorsqu&rsquo;ils ach\u00e8tent des couleurs teint\u00e9es ?<\/strong><\/p><p>Une grande erreur est d&rsquo;acheter les couleurs sur la base de ce qu&rsquo;elles repr\u00e9sentent sur un \u00e9cran d&rsquo;ordinateur ou de les essayer dans la pi\u00e8ce sans \u00e9chantillon. En g\u00e9n\u00e9ral, j&rsquo;utilise des \u00e9chantillons de peinture sur des feuilles que je place sur diff\u00e9rents murs et je les jugerais toujours par rapport \u00e0 une porte ou un encadrement de porte, pas au milieu du mur. <\/p><p class=\"h5 mb-2\"><strong>Vous avez utilis\u00e9 vos tr\u00e8s vastes connaissances en tant que d\u00e9corateur d&rsquo;int\u00e9rieur, historien de l&rsquo;architecture et coloriste dans de nombreux beaux projets de construction historique depuis plus de 30 ans. Comment concilier la conservation de l&rsquo;ancien et le design moderne dans les int\u00e9rieurs ? <\/strong><\/p><p>L&rsquo;homme utilise la peinture pour d\u00e9corer depuis 40 000 ans et certaines choses ne changent jamais. La peinture est toujours compos\u00e9e d&rsquo;un liant, d&rsquo;un pigment, d&rsquo;un agent de remplissage et d&rsquo;un diluant. Les ingr\u00e9dients traditionnels et naturels ont toujours fourni les mat\u00e9riaux les plus adapt\u00e9s pour prot\u00e9ger les b\u00e2timents, la sant\u00e9 et notre plan\u00e8te. Ces besoins sont \u00e0 la fois anciens et modernes. Dans l&rsquo;Antiquit\u00e9, les artistes ont cr\u00e9\u00e9 une palette de pigments qui est toujours aussi utile qu&rsquo;\u00e0 l&rsquo;\u00e9poque. AURO a continu\u00e9 \u00e0 les d\u00e9velopper pour am\u00e9liorer leurs propri\u00e9t\u00e9s et continue ainsi \u00e0 tisser le \u00ab\u00a0fil d&rsquo;or\u00a0\u00bb culturel, car AURO est le seul fabricant de peinture qui utilise encore exclusivement de v\u00e9ritables pigments de terre et min\u00e9raux.     <\/p><p class=\"h5 mb-2\"><strong>Quels sont vos conseils pr\u00e9f\u00e9r\u00e9s en mati\u00e8re de d\u00e9coration int\u00e9rieure lorsqu&rsquo;un client vous le demande ?<\/strong><\/p><p>En cas de doute, utilisez des couleurs vives dans les tissus ou les \u0153uvres d&rsquo;art et gardez les couleurs des murs plus douces et plus att\u00e9nu\u00e9es.<\/p>\t\t\t\t\t\t\t\t<\/div>\n\t\t\t\t<\/div>\n\t\t\t\t\t<\/div>\n\t\t<\/div>\n\t\t\t\t\t<\/div>\n\t\t<\/section>\n\t\t\t\t<section class=\"elementor-section elementor-top-section elementor-element elementor-element-d191ab4 elementor-section-full_width elementor-section-height-default elementor-section-height-default\" data-id=\"d191ab4\" data-element_type=\"section\" data-e-type=\"section\" data-settings=\"{&quot;background_background&quot;:&quot;classic&quot;}\">\n\t\t\t\t\t\t<div class=\"elementor-container elementor-column-gap-default\">\n\t\t\t\t\t<div class=\"elementor-column elementor-col-100 elementor-top-column elementor-element elementor-element-0019278\" data-id=\"0019278\" data-element_type=\"column\" data-e-type=\"column\">\n\t\t\t<div class=\"elementor-widget-wrap elementor-element-populated\">\n\t\t\t\t\t\t<div class=\"elementor-element elementor-element-ec54727 elementor-widget elementor-widget-gallery\" data-id=\"ec54727\" data-element_type=\"widget\" data-e-type=\"widget\" data-settings=\"{&quot;columns_tablet&quot;:4,&quot;columns_mobile&quot;:2,&quot;gap&quot;:{&quot;unit&quot;:&quot;px&quot;,&quot;size&quot;:0,&quot;sizes&quot;:[]},&quot;gap_tablet&quot;:{&quot;unit&quot;:&quot;px&quot;,&quot;size&quot;:0,&quot;sizes&quot;:[]},&quot;gap_mobile&quot;:{&quot;unit&quot;:&quot;px&quot;,&quot;size&quot;:0,&quot;sizes&quot;:[]},&quot;aspect_ratio&quot;:&quot;1:1&quot;,&quot;lazyload&quot;:&quot;yes&quot;,&quot;gallery_layout&quot;:&quot;grid&quot;,&quot;columns&quot;:4,&quot;overlay_background&quot;:&quot;yes&quot;,&quot;content_hover_animation&quot;:&quot;fade-in&quot;}\" data-widget_type=\"gallery.default\">\n\t\t\t\t<div class=\"elementor-widget-container\">\n\t\t\t\t\t\t\t<div class=\"elementor-gallery__container\">\n\t\t\t\t\t\t\t<div class=\"e-gallery-item elementor-gallery-item elementor-animated-content\">\n\t\t\t\t\t<div class=\"e-gallery-image elementor-gallery-item__image\" data-thumbnail=\"https:\/\/auro.ch\/wp-content\/uploads\/2024\/01\/26654_43_3a_silver-white-npaw16d11071-edited-lr-1.jpg\" data-width=\"360\" data-height=\"420\" aria-label=\"\" role=\"img\" ><\/div>\n\t\t\t\t\t\t\t\t\t\t\t<div class=\"elementor-gallery-item__overlay\"><\/div>\n\t\t\t\t\t\t\t\t\t\t\t\t\t\t<\/div>\n\t\t\t\t\t\t\t<div class=\"e-gallery-item elementor-gallery-item elementor-animated-content\">\n\t\t\t\t\t<div class=\"e-gallery-image elementor-gallery-item__image\" data-thumbnail=\"https:\/\/auro.ch\/wp-content\/uploads\/2024\/01\/26647_43_2a_azurite-lr-1.jpg\" data-width=\"360\" data-height=\"420\" aria-label=\"\" role=\"img\" ><\/div>\n\t\t\t\t\t\t\t\t\t\t\t<div class=\"elementor-gallery-item__overlay\"><\/div>\n\t\t\t\t\t\t\t\t\t\t\t\t\t\t<\/div>\n\t\t\t\t\t\t\t<div class=\"e-gallery-item elementor-gallery-item elementor-animated-content\">\n\t\t\t\t\t<div class=\"e-gallery-image elementor-gallery-item__image\" data-thumbnail=\"https:\/\/auro.ch\/wp-content\/uploads\/2024\/01\/26663_43_slate-stairs-lr-5.jpg\" data-width=\"360\" data-height=\"420\" aria-label=\"\" role=\"img\" ><\/div>\n\t\t\t\t\t\t\t\t\t\t\t<div class=\"elementor-gallery-item__overlay\"><\/div>\n\t\t\t\t\t\t\t\t\t\t\t\t\t\t<\/div>\n\t\t\t\t\t\t\t<div class=\"e-gallery-item elementor-gallery-item elementor-animated-content\">\n\t\t\t\t\t<div class=\"e-gallery-image elementor-gallery-item__image\" data-thumbnail=\"https:\/\/auro.ch\/wp-content\/uploads\/2024\/01\/26664_43_nicaragua-oka-lr.jpg\" data-width=\"360\" data-height=\"420\" aria-label=\"\" role=\"img\" ><\/div>\n\t\t\t\t\t\t\t\t\t\t\t<div class=\"elementor-gallery-item__overlay\"><\/div>\n\t\t\t\t\t\t\t\t\t\t\t\t\t\t<\/div>\n\t\t\t\t\t<\/div>\n\t\t\t\t\t<\/div>\n\t\t\t\t<\/div>\n\t\t\t\t\t<\/div>\n\t\t<\/div>\n\t\t\t\t\t<\/div>\n\t\t<\/section>\n\t\t\t\t<\/div>\n\t\t","protected":false},"excerpt":{"rendered":"<p>Collection de cr\u00e9ateurs Edward Bulmer Edward Bulmer est architecte d&rsquo;int\u00e9rieur, [&hellip;]<\/p>\n","protected":false},"author":4,"featured_media":60299,"parent":60306,"menu_order":0,"comment_status":"closed","ping_status":"closed","template":"","meta":{"_acf_changed":false,"footnotes":""},"categories":[],"class_list":["post-60297","page","type-page","status-publish","has-post-thumbnail","hentry"],"acf":[],"_links":{"self":[{"href":"https:\/\/auro.ch\/fr\/wp-json\/wp\/v2\/pages\/60297","targetHints":{"allow":["GET"]}}],"collection":[{"href":"https:\/\/auro.ch\/fr\/wp-json\/wp\/v2\/pages"}],"about":[{"href":"https:\/\/auro.ch\/fr\/wp-json\/wp\/v2\/types\/page"}],"author":[{"embeddable":true,"href":"https:\/\/auro.ch\/fr\/wp-json\/wp\/v2\/users\/4"}],"replies":[{"embeddable":true,"href":"https:\/\/auro.ch\/fr\/wp-json\/wp\/v2\/comments?post=60297"}],"version-history":[{"count":1,"href":"https:\/\/auro.ch\/fr\/wp-json\/wp\/v2\/pages\/60297\/revisions"}],"predecessor-version":[{"id":60301,"href":"https:\/\/auro.ch\/fr\/wp-json\/wp\/v2\/pages\/60297\/revisions\/60301"}],"up":[{"embeddable":true,"href":"https:\/\/auro.ch\/fr\/wp-json\/wp\/v2\/pages\/60306"}],"wp:featuredmedia":[{"embeddable":true,"href":"https:\/\/auro.ch\/fr\/wp-json\/wp\/v2\/media\/60299"}],"wp:attachment":[{"href":"https:\/\/auro.ch\/fr\/wp-json\/wp\/v2\/media?parent=60297"}],"wp:term":[{"taxonomy":"category","embeddable":true,"href":"https:\/\/auro.ch\/fr\/wp-json\/wp\/v2\/categories?post=60297"}],"curies":[{"name":"wp","href":"https:\/\/api.w.org\/{rel}","templated":true}]}}