{"id":60342,"date":"2023-10-26T08:58:01","date_gmt":"2023-10-26T06:58:01","guid":{"rendered":"https:\/\/ch.auro.de\/largeur-de-la-gamme\/"},"modified":"2026-04-29T11:25:38","modified_gmt":"2026-04-29T09:25:38","slug":"largeur-de-la-gamme","status":"publish","type":"page","link":"https:\/\/auro.ch\/fr\/largeur-de-la-gamme\/","title":{"rendered":"Largeur de la gamme"},"content":{"rendered":"\t\t<div data-elementor-type=\"wp-page\" data-elementor-id=\"60342\" class=\"elementor elementor-60342 elementor-10222\" data-elementor-post-type=\"page\">\n\t\t\t\t\t\t<section class=\"elementor-section elementor-top-section elementor-element elementor-element-d07f557 elementor-section-height-min-height elementor-section-boxed elementor-section-height-default elementor-section-items-middle\" data-id=\"d07f557\" data-element_type=\"section\" data-e-type=\"section\" data-settings=\"{&quot;background_background&quot;:&quot;classic&quot;}\">\n\t\t\t\t\t\t\t<div class=\"elementor-background-overlay\"><\/div>\n\t\t\t\t\t\t\t<div class=\"elementor-container elementor-column-gap-default\">\n\t\t\t\t\t<div class=\"elementor-column elementor-col-100 elementor-top-column elementor-element elementor-element-e3ac01d\" data-id=\"e3ac01d\" data-element_type=\"column\" data-e-type=\"column\">\n\t\t\t<div class=\"elementor-widget-wrap elementor-element-populated\">\n\t\t\t\t\t\t<div class=\"elementor-element elementor-element-375ba40 elementor-invisible elementor-widget elementor-widget-heading\" data-id=\"375ba40\" data-element_type=\"widget\" data-e-type=\"widget\" data-settings=\"{&quot;_animation&quot;:&quot;fadeInUp&quot;}\" data-widget_type=\"heading.default\">\n\t\t\t\t<div class=\"elementor-widget-container\">\n\t\t\t\t\t<p class=\"elementor-heading-title elementor-size-default\">Notre expertise<\/p>\t\t\t\t<\/div>\n\t\t\t\t<\/div>\n\t\t\t\t<div class=\"elementor-element elementor-element-2234a3e elementor-widget elementor-widget-heading\" data-id=\"2234a3e\" data-element_type=\"widget\" data-e-type=\"widget\" data-widget_type=\"heading.default\">\n\t\t\t\t<div class=\"elementor-widget-container\">\n\t\t\t\t\t<h1 class=\"elementor-heading-title elementor-size-default\">Largeur de la gamme<\/h1>\t\t\t\t<\/div>\n\t\t\t\t<\/div>\n\t\t\t\t\t<\/div>\n\t\t<\/div>\n\t\t\t\t\t<\/div>\n\t\t<\/section>\n\t\t\t\t<section class=\"elementor-section elementor-top-section elementor-element elementor-element-3f5180e elementor-section-boxed elementor-section-height-default elementor-section-height-default\" data-id=\"3f5180e\" data-element_type=\"section\" data-e-type=\"section\">\n\t\t\t\t\t\t<div class=\"elementor-container elementor-column-gap-default\">\n\t\t\t\t\t<div class=\"elementor-column elementor-col-100 elementor-top-column elementor-element elementor-element-96d8ec2\" data-id=\"96d8ec2\" data-element_type=\"column\" data-e-type=\"column\">\n\t\t\t<div class=\"elementor-widget-wrap elementor-element-populated\">\n\t\t\t\t\t\t<div class=\"elementor-element elementor-element-fe7337c elementor-widget elementor-widget-heading\" data-id=\"fe7337c\" data-element_type=\"widget\" data-e-type=\"widget\" data-widget_type=\"heading.default\">\n\t\t\t\t<div class=\"elementor-widget-container\">\n\t\t\t\t\t<h3 class=\"elementor-heading-title elementor-size-default\">Une gamme de produits \u00e9cologiques unique<\/h3>\t\t\t\t<\/div>\n\t\t\t\t<\/div>\n\t\t\t\t<div class=\"elementor-element elementor-element-50d4f59 elementor-widget elementor-widget-text-editor\" data-id=\"50d4f59\" data-element_type=\"widget\" data-e-type=\"widget\" data-widget_type=\"text-editor.default\">\n\t\t\t\t<div class=\"elementor-widget-container\">\n\t\t\t\t\t\t\t\t\t<p>Fabriquer des produits naturels performants avec une exigence de qualit\u00e9 \u00e9lev\u00e9e est unique et constitue le concept AURO depuis plus de 40 ans. Notre vaste connaissance des produits pour les meilleurs ingr\u00e9dients a \u00e9t\u00e9 soigneusement d\u00e9velopp\u00e9e au fil des ans et transport\u00e9e avec succ\u00e8s dans des domaines de produits connexes. En tant que fabricant r\u00e9solument \u00e9cologique, nous proposons au consommateur et au professionnel une gamme importante et compl\u00e8te de produits du secteur \u00e9cologique :    <\/p><p>Le portefeuille s&rsquo;\u00e9tend des appr\u00eats, peintures, enduits, vernis, lasures, huiles et cires, mastics, diverses colles jusqu&rsquo;aux diff\u00e9rents nettoyants et syst\u00e8mes d&rsquo;entretien.<\/p>\t\t\t\t\t\t\t\t<\/div>\n\t\t\t\t<\/div>\n\t\t\t\t\t<\/div>\n\t\t<\/div>\n\t\t\t\t\t<\/div>\n\t\t<\/section>\n\t\t\t\t<section class=\"elementor-section elementor-top-section elementor-element elementor-element-f7837af elementor-section-full_width elementor-section-height-default elementor-section-height-default\" data-id=\"f7837af\" data-element_type=\"section\" data-e-type=\"section\" data-settings=\"{&quot;background_background&quot;:&quot;classic&quot;}\">\n\t\t\t\t\t\t<div class=\"elementor-container elementor-column-gap-default\">\n\t\t\t\t\t<div class=\"elementor-column elementor-col-100 elementor-top-column elementor-element elementor-element-521896c\" data-id=\"521896c\" data-element_type=\"column\" data-e-type=\"column\">\n\t\t\t<div class=\"elementor-widget-wrap elementor-element-populated\">\n\t\t\t\t\t\t<div class=\"elementor-element elementor-element-074f0d4 elementor-widget elementor-widget-gallery\" data-id=\"074f0d4\" data-element_type=\"widget\" data-e-type=\"widget\" data-settings=\"{&quot;columns_tablet&quot;:4,&quot;columns_mobile&quot;:2,&quot;gap&quot;:{&quot;unit&quot;:&quot;px&quot;,&quot;size&quot;:0,&quot;sizes&quot;:[]},&quot;gap_tablet&quot;:{&quot;unit&quot;:&quot;px&quot;,&quot;size&quot;:0,&quot;sizes&quot;:[]},&quot;gap_mobile&quot;:{&quot;unit&quot;:&quot;px&quot;,&quot;size&quot;:0,&quot;sizes&quot;:[]},&quot;columns&quot;:3,&quot;lazyload&quot;:&quot;yes&quot;,&quot;gallery_layout&quot;:&quot;grid&quot;,&quot;link_to&quot;:&quot;file&quot;,&quot;aspect_ratio&quot;:&quot;3:2&quot;,&quot;overlay_background&quot;:&quot;yes&quot;,&quot;content_hover_animation&quot;:&quot;fade-in&quot;}\" data-widget_type=\"gallery.default\">\n\t\t\t\t<div class=\"elementor-widget-container\">\n\t\t\t\t\t\t\t<div class=\"elementor-gallery__container\">\n\t\t\t\t\t\t\t<a class=\"e-gallery-item elementor-gallery-item elementor-animated-content\" href=\"https:\/\/auro.ch\/wp-content\/uploads\/2023\/10\/AURO-Profi-Kalksortiment.jpg\" data-elementor-open-lightbox=\"yes\" data-elementor-lightbox-slideshow=\"074f0d4\" data-e-action-hash=\"#elementor-action%3Aaction%3Dlightbox%26settings%3DeyJpZCI6NjAyMTYsInVybCI6Imh0dHBzOlwvXC9hdXJvLmNoXC93cC1jb250ZW50XC91cGxvYWRzXC8yMDIzXC8xMFwvQVVSTy1Qcm9maS1LYWxrc29ydGltZW50LmpwZyIsInNsaWRlc2hvdyI6IjA3NGYwZDQifQ%3D%3D\">\n\t\t\t\t\t<div class=\"e-gallery-image elementor-gallery-item__image\" data-thumbnail=\"https:\/\/auro.ch\/wp-content\/uploads\/2023\/10\/AURO-Profi-Kalksortiment-2048x884.jpg\" data-width=\"2048\" data-height=\"884\" aria-label=\"\" role=\"img\" ><\/div>\n\t\t\t\t\t\t\t\t\t\t\t<div class=\"elementor-gallery-item__overlay\"><\/div>\n\t\t\t\t\t\t\t\t\t\t\t\t\t\t<\/a>\n\t\t\t\t\t\t\t<a class=\"e-gallery-item elementor-gallery-item elementor-animated-content\" href=\"https:\/\/auro.ch\/wp-content\/uploads\/2023\/10\/auro-produkte.jpg\" data-elementor-open-lightbox=\"yes\" data-elementor-lightbox-slideshow=\"074f0d4\" data-e-action-hash=\"#elementor-action%3Aaction%3Dlightbox%26settings%3DeyJpZCI6MTAxNjYsInVybCI6Imh0dHBzOlwvXC9hdXJvLmNoXC93cC1jb250ZW50XC91cGxvYWRzXC8yMDIzXC8xMFwvYXVyby1wcm9kdWt0ZS5qcGciLCJzbGlkZXNob3ciOiIwNzRmMGQ0In0%3D\">\n\t\t\t\t\t<div class=\"e-gallery-image elementor-gallery-item__image\" data-thumbnail=\"https:\/\/auro.ch\/wp-content\/uploads\/2023\/10\/auro-produkte-2048x1052.jpg\" data-width=\"2048\" data-height=\"1052\" aria-label=\"\" role=\"img\" ><\/div>\n\t\t\t\t\t\t\t\t\t\t\t<div class=\"elementor-gallery-item__overlay\"><\/div>\n\t\t\t\t\t\t\t\t\t\t\t\t\t\t<\/a>\n\t\t\t\t\t\t\t<a class=\"e-gallery-item elementor-gallery-item elementor-animated-content\" href=\"https:\/\/auro.ch\/wp-content\/uploads\/2023\/10\/auro-classic-edition-gesamtbild.jpg\" data-elementor-open-lightbox=\"yes\" data-elementor-lightbox-slideshow=\"074f0d4\" data-e-action-hash=\"#elementor-action%3Aaction%3Dlightbox%26settings%3DeyJpZCI6MTAxNTgsInVybCI6Imh0dHBzOlwvXC9hdXJvLmNoXC93cC1jb250ZW50XC91cGxvYWRzXC8yMDIzXC8xMFwvYXVyby1jbGFzc2ljLWVkaXRpb24tZ2VzYW10YmlsZC5qcGciLCJzbGlkZXNob3ciOiIwNzRmMGQ0In0%3D\">\n\t\t\t\t\t<div class=\"e-gallery-image elementor-gallery-item__image\" data-thumbnail=\"https:\/\/auro.ch\/wp-content\/uploads\/2023\/10\/auro-classic-edition-gesamtbild-2048x969.jpg\" data-width=\"2048\" data-height=\"969\" aria-label=\"\" role=\"img\" ><\/div>\n\t\t\t\t\t\t\t\t\t\t\t<div class=\"elementor-gallery-item__overlay\"><\/div>\n\t\t\t\t\t\t\t\t\t\t\t\t\t\t<\/a>\n\t\t\t\t\t<\/div>\n\t\t\t\t\t<\/div>\n\t\t\t\t<\/div>\n\t\t\t\t\t<\/div>\n\t\t<\/div>\n\t\t\t\t\t<\/div>\n\t\t<\/section>\n\t\t\t\t<section class=\"elementor-section elementor-top-section elementor-element elementor-element-be80910 elementor-section-boxed elementor-section-height-default elementor-section-height-default\" data-id=\"be80910\" data-element_type=\"section\" data-e-type=\"section\" data-settings=\"{&quot;background_background&quot;:&quot;classic&quot;}\">\n\t\t\t\t\t\t<div class=\"elementor-container elementor-column-gap-default\">\n\t\t\t\t\t<div class=\"elementor-column elementor-col-25 elementor-top-column elementor-element elementor-element-bc7c2ec\" data-id=\"bc7c2ec\" data-element_type=\"column\" data-e-type=\"column\">\n\t\t\t<div class=\"elementor-widget-wrap elementor-element-populated\">\n\t\t\t\t\t\t<div class=\"elementor-element elementor-element-1951243 elementor-position-top elementor-widget elementor-widget-image-box\" data-id=\"1951243\" data-element_type=\"widget\" data-e-type=\"widget\" data-widget_type=\"image-box.default\">\n\t\t\t\t<div class=\"elementor-widget-container\">\n\t\t\t\t\t<div class=\"elementor-image-box-wrapper\"><figure class=\"elementor-image-box-img\"><a href=\"https:\/\/auro.ch\/auro\/unsere-kompetenz\/\" tabindex=\"-1\"><img fetchpriority=\"high\" decoding=\"async\" width=\"500\" height=\"500\" src=\"https:\/\/auro.ch\/wp-content\/uploads\/2023\/02\/Shop_Kachel_AURO.jpg\" class=\"attachment-large size-large wp-image-58962\" alt=\"\" srcset=\"https:\/\/auro.ch\/wp-content\/uploads\/2023\/02\/Shop_Kachel_AURO.jpg 500w, https:\/\/auro.ch\/wp-content\/uploads\/2023\/02\/Shop_Kachel_AURO-300x300.jpg 300w, https:\/\/auro.ch\/wp-content\/uploads\/2023\/02\/Shop_Kachel_AURO-150x150.jpg 150w\" sizes=\"(max-width: 500px) 100vw, 500px\" \/><\/a><\/figure><div class=\"elementor-image-box-content\"><h3 class=\"elementor-image-box-title\"><a href=\"https:\/\/auro.ch\/auro\/unsere-kompetenz\/\">Notre comp\u00e9tence <br><\/a><\/h3><\/div><\/div>\t\t\t\t<\/div>\n\t\t\t\t<\/div>\n\t\t\t\t\t<\/div>\n\t\t<\/div>\n\t\t\t\t<div class=\"elementor-column elementor-col-25 elementor-top-column elementor-element elementor-element-f823ca4\" data-id=\"f823ca4\" data-element_type=\"column\" data-e-type=\"column\">\n\t\t\t<div class=\"elementor-widget-wrap elementor-element-populated\">\n\t\t\t\t\t\t<div class=\"elementor-element elementor-element-df42317 elementor-position-top elementor-widget elementor-widget-image-box\" data-id=\"df42317\" data-element_type=\"widget\" data-e-type=\"widget\" data-widget_type=\"image-box.default\">\n\t\t\t\t<div class=\"elementor-widget-container\">\n\t\t\t\t\t<div class=\"elementor-image-box-wrapper\"><figure class=\"elementor-image-box-img\"><a href=\"https:\/\/auro.ch\/auro\/unsere-kompetenz\/qualitaet-und-nachhaltigkeit\/\" tabindex=\"-1\"><img decoding=\"async\" width=\"800\" height=\"800\" src=\"https:\/\/auro.ch\/wp-content\/uploads\/2023\/11\/AURO-COLOURS-FOR-LIFE-Ecolith-moss-green-10_square-1024x1024.jpg\" class=\"attachment-large size-large wp-image-10398\" alt=\"\" srcset=\"https:\/\/auro.ch\/wp-content\/uploads\/2023\/11\/AURO-COLOURS-FOR-LIFE-Ecolith-moss-green-10_square-1024x1024.jpg 1024w, https:\/\/auro.ch\/wp-content\/uploads\/2023\/11\/AURO-COLOURS-FOR-LIFE-Ecolith-moss-green-10_square-300x300.jpg 300w, https:\/\/auro.ch\/wp-content\/uploads\/2023\/11\/AURO-COLOURS-FOR-LIFE-Ecolith-moss-green-10_square-150x150.jpg 150w, https:\/\/auro.ch\/wp-content\/uploads\/2023\/11\/AURO-COLOURS-FOR-LIFE-Ecolith-moss-green-10_square-768x768.jpg 768w, https:\/\/auro.ch\/wp-content\/uploads\/2023\/11\/AURO-COLOURS-FOR-LIFE-Ecolith-moss-green-10_square-1536x1536.jpg 1536w, https:\/\/auro.ch\/wp-content\/uploads\/2023\/11\/AURO-COLOURS-FOR-LIFE-Ecolith-moss-green-10_square-2048x2048.jpg 2048w\" sizes=\"(max-width: 800px) 100vw, 800px\" \/><\/a><\/figure><div class=\"elementor-image-box-content\"><h3 class=\"elementor-image-box-title\"><a href=\"https:\/\/auro.ch\/auro\/unsere-kompetenz\/qualitaet-und-nachhaltigkeit\/\">Qualit\u00e9 et durabilit\u00e9  <\/a><\/h3><\/div><\/div>\t\t\t\t<\/div>\n\t\t\t\t<\/div>\n\t\t\t\t\t<\/div>\n\t\t<\/div>\n\t\t\t\t<div class=\"elementor-column elementor-col-25 elementor-top-column elementor-element elementor-element-bd1775f\" data-id=\"bd1775f\" data-element_type=\"column\" data-e-type=\"column\">\n\t\t\t<div class=\"elementor-widget-wrap elementor-element-populated\">\n\t\t\t\t\t\t<div class=\"elementor-element elementor-element-b6be6f4 elementor-position-top elementor-widget elementor-widget-image-box\" data-id=\"b6be6f4\" data-element_type=\"widget\" data-e-type=\"widget\" data-widget_type=\"image-box.default\">\n\t\t\t\t<div class=\"elementor-widget-container\">\n\t\t\t\t\t<div class=\"elementor-image-box-wrapper\"><figure class=\"elementor-image-box-img\"><a href=\"https:\/\/auro.ch\/auro\/forschung-entwicklung\/\" tabindex=\"-1\"><img decoding=\"async\" width=\"800\" height=\"800\" src=\"https:\/\/auro.ch\/wp-content\/uploads\/2023\/10\/150520-auro-01_square-1024x1024.jpg\" class=\"attachment-large size-large wp-image-10179\" alt=\"\" srcset=\"https:\/\/auro.ch\/wp-content\/uploads\/2023\/10\/150520-auro-01_square-1024x1024.jpg 1024w, https:\/\/auro.ch\/wp-content\/uploads\/2023\/10\/150520-auro-01_square-300x300.jpg 300w, https:\/\/auro.ch\/wp-content\/uploads\/2023\/10\/150520-auro-01_square-150x150.jpg 150w, https:\/\/auro.ch\/wp-content\/uploads\/2023\/10\/150520-auro-01_square-768x768.jpg 768w, https:\/\/auro.ch\/wp-content\/uploads\/2023\/10\/150520-auro-01_square.jpg 1500w\" sizes=\"(max-width: 800px) 100vw, 800px\" \/><\/a><\/figure><div class=\"elementor-image-box-content\"><h3 class=\"elementor-image-box-title\"><a href=\"https:\/\/auro.ch\/auro\/forschung-entwicklung\/\">Recherche et d\u00e9veloppement  <\/a><\/h3><\/div><\/div>\t\t\t\t<\/div>\n\t\t\t\t<\/div>\n\t\t\t\t\t<\/div>\n\t\t<\/div>\n\t\t\t\t<div class=\"elementor-column elementor-col-25 elementor-top-column elementor-element elementor-element-5a5f270\" data-id=\"5a5f270\" data-element_type=\"column\" data-e-type=\"column\">\n\t\t\t<div class=\"elementor-widget-wrap elementor-element-populated\">\n\t\t\t\t\t\t<div class=\"elementor-element elementor-element-7789a59 elementor-position-top elementor-widget elementor-widget-image-box\" data-id=\"7789a59\" data-element_type=\"widget\" data-e-type=\"widget\" data-widget_type=\"image-box.default\">\n\t\t\t\t<div class=\"elementor-widget-container\">\n\t\t\t\t\t<div class=\"elementor-image-box-wrapper\"><figure class=\"elementor-image-box-img\"><a href=\"https:\/\/auro.ch\/auro\/unsere-kompetenz\/farben-und-aesthetik\/\" tabindex=\"-1\"><img loading=\"lazy\" decoding=\"async\" width=\"800\" height=\"800\" src=\"https:\/\/auro.ch\/wp-content\/uploads\/2023\/11\/AURO-COLOURS-FOR-LIFE-Ecolith-oriental-night-15_0_square-1024x1024.jpg\" class=\"attachment-large size-large wp-image-10397\" alt=\"\" srcset=\"https:\/\/auro.ch\/wp-content\/uploads\/2023\/11\/AURO-COLOURS-FOR-LIFE-Ecolith-oriental-night-15_0_square-1024x1024.jpg 1024w, https:\/\/auro.ch\/wp-content\/uploads\/2023\/11\/AURO-COLOURS-FOR-LIFE-Ecolith-oriental-night-15_0_square-300x300.jpg 300w, https:\/\/auro.ch\/wp-content\/uploads\/2023\/11\/AURO-COLOURS-FOR-LIFE-Ecolith-oriental-night-15_0_square-150x150.jpg 150w, https:\/\/auro.ch\/wp-content\/uploads\/2023\/11\/AURO-COLOURS-FOR-LIFE-Ecolith-oriental-night-15_0_square-768x768.jpg 768w, https:\/\/auro.ch\/wp-content\/uploads\/2023\/11\/AURO-COLOURS-FOR-LIFE-Ecolith-oriental-night-15_0_square-1536x1536.jpg 1536w, https:\/\/auro.ch\/wp-content\/uploads\/2023\/11\/AURO-COLOURS-FOR-LIFE-Ecolith-oriental-night-15_0_square.jpg 1564w\" sizes=\"(max-width: 800px) 100vw, 800px\" \/><\/a><\/figure><div class=\"elementor-image-box-content\"><h3 class=\"elementor-image-box-title\"><a href=\"https:\/\/auro.ch\/auro\/unsere-kompetenz\/farben-und-aesthetik\/\">Couleurs &amp; <br>Esth\u00e9tique  <\/a><\/h3><\/div><\/div>\t\t\t\t<\/div>\n\t\t\t\t<\/div>\n\t\t\t\t\t<\/div>\n\t\t<\/div>\n\t\t\t\t\t<\/div>\n\t\t<\/section>\n\t\t\t\t<\/div>\n\t\t","protected":false},"excerpt":{"rendered":"<p>Notre expertise Largeur de la gamme Une gamme de produits [&hellip;]<\/p>\n","protected":false},"author":4,"featured_media":60343,"parent":0,"menu_order":0,"comment_status":"closed","ping_status":"closed","template":"","meta":{"_acf_changed":false,"footnotes":""},"categories":[],"class_list":["post-60342","page","type-page","status-publish","has-post-thumbnail","hentry"],"acf":[],"_links":{"self":[{"href":"https:\/\/auro.ch\/fr\/wp-json\/wp\/v2\/pages\/60342","targetHints":{"allow":["GET"]}}],"collection":[{"href":"https:\/\/auro.ch\/fr\/wp-json\/wp\/v2\/pages"}],"about":[{"href":"https:\/\/auro.ch\/fr\/wp-json\/wp\/v2\/types\/page"}],"author":[{"embeddable":true,"href":"https:\/\/auro.ch\/fr\/wp-json\/wp\/v2\/users\/4"}],"replies":[{"embeddable":true,"href":"https:\/\/auro.ch\/fr\/wp-json\/wp\/v2\/comments?post=60342"}],"version-history":[{"count":1,"href":"https:\/\/auro.ch\/fr\/wp-json\/wp\/v2\/pages\/60342\/revisions"}],"predecessor-version":[{"id":60345,"href":"https:\/\/auro.ch\/fr\/wp-json\/wp\/v2\/pages\/60342\/revisions\/60345"}],"wp:featuredmedia":[{"embeddable":true,"href":"https:\/\/auro.ch\/fr\/wp-json\/wp\/v2\/media\/60343"}],"wp:attachment":[{"href":"https:\/\/auro.ch\/fr\/wp-json\/wp\/v2\/media?parent=60342"}],"wp:term":[{"taxonomy":"category","embeddable":true,"href":"https:\/\/auro.ch\/fr\/wp-json\/wp\/v2\/categories?post=60342"}],"curies":[{"name":"wp","href":"https:\/\/api.w.org\/{rel}","templated":true}]}}