{"id":60370,"date":"2023-10-26T08:38:54","date_gmt":"2023-10-26T06:38:54","guid":{"rendered":"https:\/\/ch.auro.de\/couleurs-et-esthetique\/"},"modified":"2026-04-29T11:26:46","modified_gmt":"2026-04-29T09:26:46","slug":"couleurs-et-esthetique","status":"publish","type":"page","link":"https:\/\/auro.ch\/fr\/couleurs-et-esthetique\/","title":{"rendered":"Couleurs et esth\u00e9tique"},"content":{"rendered":"\t\t<div data-elementor-type=\"wp-page\" data-elementor-id=\"60370\" class=\"elementor elementor-60370 elementor-10203\" data-elementor-post-type=\"page\">\n\t\t\t\t\t\t<section class=\"elementor-section elementor-top-section elementor-element elementor-element-d07f557 elementor-section-height-min-height elementor-section-boxed elementor-section-height-default elementor-section-items-middle\" data-id=\"d07f557\" data-element_type=\"section\" data-e-type=\"section\" data-settings=\"{&quot;background_background&quot;:&quot;classic&quot;}\">\n\t\t\t\t\t\t\t<div class=\"elementor-background-overlay\"><\/div>\n\t\t\t\t\t\t\t<div class=\"elementor-container elementor-column-gap-default\">\n\t\t\t\t\t<div class=\"elementor-column elementor-col-100 elementor-top-column elementor-element elementor-element-e3ac01d\" data-id=\"e3ac01d\" data-element_type=\"column\" data-e-type=\"column\">\n\t\t\t<div class=\"elementor-widget-wrap elementor-element-populated\">\n\t\t\t\t\t\t<div class=\"elementor-element elementor-element-375ba40 elementor-invisible elementor-widget elementor-widget-heading\" data-id=\"375ba40\" data-element_type=\"widget\" data-e-type=\"widget\" data-settings=\"{&quot;_animation&quot;:&quot;fadeInUp&quot;}\" data-widget_type=\"heading.default\">\n\t\t\t\t<div class=\"elementor-widget-container\">\n\t\t\t\t\t<p class=\"elementor-heading-title elementor-size-default\">Notre expertise<\/p>\t\t\t\t<\/div>\n\t\t\t\t<\/div>\n\t\t\t\t<div class=\"elementor-element elementor-element-2234a3e elementor-widget elementor-widget-heading\" data-id=\"2234a3e\" data-element_type=\"widget\" data-e-type=\"widget\" data-widget_type=\"heading.default\">\n\t\t\t\t<div class=\"elementor-widget-container\">\n\t\t\t\t\t<h1 class=\"elementor-heading-title elementor-size-default\">Couleurs &amp; Esth\u00e9tique<\/h1>\t\t\t\t<\/div>\n\t\t\t\t<\/div>\n\t\t\t\t\t<\/div>\n\t\t<\/div>\n\t\t\t\t\t<\/div>\n\t\t<\/section>\n\t\t\t\t<section class=\"elementor-section elementor-top-section elementor-element elementor-element-3f5180e elementor-section-boxed elementor-section-height-default elementor-section-height-default\" data-id=\"3f5180e\" data-element_type=\"section\" data-e-type=\"section\">\n\t\t\t\t\t\t<div class=\"elementor-container elementor-column-gap-default\">\n\t\t\t\t\t<div class=\"elementor-column elementor-col-100 elementor-top-column elementor-element elementor-element-96d8ec2\" data-id=\"96d8ec2\" data-element_type=\"column\" data-e-type=\"column\">\n\t\t\t<div class=\"elementor-widget-wrap elementor-element-populated\">\n\t\t\t\t\t\t<div class=\"elementor-element elementor-element-fe7337c elementor-widget elementor-widget-heading\" data-id=\"fe7337c\" data-element_type=\"widget\" data-e-type=\"widget\" data-widget_type=\"heading.default\">\n\t\t\t\t<div class=\"elementor-widget-container\">\n\t\t\t\t\t<h3 class=\"elementor-heading-title elementor-size-default\">Avec tous les sens<\/h3>\t\t\t\t<\/div>\n\t\t\t\t<\/div>\n\t\t\t\t<div class=\"elementor-element elementor-element-50d4f59 elementor-widget elementor-widget-text-editor\" data-id=\"50d4f59\" data-element_type=\"widget\" data-e-type=\"widget\" data-widget_type=\"text-editor.default\">\n\t\t\t\t<div class=\"elementor-widget-container\">\n\t\t\t\t\t\t\t\t\t<p>Les couleurs et les peintures correspondent directement \u00e0 nos sens. Leur effet visuel, tactile et olfactif d\u00e9termine directement si nous nous sentons bien dans une pi\u00e8ce. C&rsquo;est pourquoi, chez AURO, la durabilit\u00e9 a toujours impliqu\u00e9, outre une orientation \u00e9cologique stricte, une am\u00e9lioration cons\u00e9quente de la qualit\u00e9 technique et esth\u00e9tique des produits. Pour nous, les peintures sont \u00e0 la fois un mat\u00e9riau technique, un moyen sensuel et un bien culturel.   <\/p><p>Les espaces color\u00e9s sont aujourd&rsquo;hui plus populaires que jamais &#8211; nous vous proposons des peintures murales et des peintures \u00e0 l&rsquo;argile exceptionnelles et authentiques, ainsi que des laques et des lasures pour l&rsquo;int\u00e9rieur et l&rsquo;ext\u00e9rieur, pouvant \u00eatre teint\u00e9es <strong>avec des pigments min\u00e9raux purement naturels<\/strong>. Une gamme de couleurs polyvalentes pour les fa\u00e7ades compl\u00e8te \u00e9galement notre syst\u00e8me de mise \u00e0 la teinte automatique. <\/p><p>Les teintes individuelles peuvent \u00eatre m\u00e9lang\u00e9es en quelques secondes directement chez le revendeur local.<\/p><p>Les meubles et les sols en bois naturel v\u00e9ritable sont la forme la plus originale dans votre propre maison. Pour un entretien et une protection sains, les produits PurSolid<strong> sans solvants<\/strong>, comme l&rsquo;huile dure et l&rsquo;huile-cire \u00e0 usage unique, sont les compagnons parfaits. La surface velout\u00e9e du bois est ainsi pleinement mise en valeur et sa structure reste clairement reconnaissable. Dans le m\u00eame temps, ces flatteurs pour les pieds sont attrayants, agr\u00e9ables \u00e0 la marche, mais aussi stables et robustes.   <\/p><p>Les lasures murales v\u00e9g\u00e9tales, compos\u00e9es de <strong>pigments v\u00e9g\u00e9taux, permettent d&rsquo;obtenir<\/strong><strong> <\/strong>cr\u00e9er facilement des murs vivants. La transparence particuli\u00e8re des pigments et les multiples techniques de traitement permettent d&rsquo;obtenir des surfaces uniques. L&rsquo;effet produit par ces murs est tr\u00e8s diff\u00e9rent de celui des murs unidimensionnels peints d&rsquo;une seule couleur. Les <strong>cires pour glacis muraux<\/strong>, qui contiennent <strong>des pigments min\u00e9raux<\/strong> tr\u00e8s color\u00e9s, prot\u00e8gent le mur gr\u00e2ce \u00e0 la cire polie.   <\/p>\t\t\t\t\t\t\t\t<\/div>\n\t\t\t\t<\/div>\n\t\t\t\t\t<\/div>\n\t\t<\/div>\n\t\t\t\t\t<\/div>\n\t\t<\/section>\n\t\t\t\t<section class=\"elementor-section elementor-top-section elementor-element elementor-element-f7837af elementor-section-full_width elementor-section-height-default elementor-section-height-default\" data-id=\"f7837af\" data-element_type=\"section\" data-e-type=\"section\" data-settings=\"{&quot;background_background&quot;:&quot;classic&quot;}\">\n\t\t\t\t\t\t<div class=\"elementor-container elementor-column-gap-default\">\n\t\t\t\t\t<div class=\"elementor-column elementor-col-100 elementor-top-column elementor-element elementor-element-521896c\" data-id=\"521896c\" data-element_type=\"column\" data-e-type=\"column\">\n\t\t\t<div class=\"elementor-widget-wrap elementor-element-populated\">\n\t\t\t\t\t\t<div class=\"elementor-element elementor-element-074f0d4 elementor-widget elementor-widget-gallery\" data-id=\"074f0d4\" data-element_type=\"widget\" data-e-type=\"widget\" data-settings=\"{&quot;columns_tablet&quot;:4,&quot;columns_mobile&quot;:2,&quot;gap&quot;:{&quot;unit&quot;:&quot;px&quot;,&quot;size&quot;:0,&quot;sizes&quot;:[]},&quot;gap_tablet&quot;:{&quot;unit&quot;:&quot;px&quot;,&quot;size&quot;:0,&quot;sizes&quot;:[]},&quot;gap_mobile&quot;:{&quot;unit&quot;:&quot;px&quot;,&quot;size&quot;:0,&quot;sizes&quot;:[]},&quot;columns&quot;:3,&quot;lazyload&quot;:&quot;yes&quot;,&quot;gallery_layout&quot;:&quot;grid&quot;,&quot;link_to&quot;:&quot;file&quot;,&quot;aspect_ratio&quot;:&quot;3:2&quot;,&quot;overlay_background&quot;:&quot;yes&quot;,&quot;content_hover_animation&quot;:&quot;fade-in&quot;}\" data-widget_type=\"gallery.default\">\n\t\t\t\t<div class=\"elementor-widget-container\">\n\t\t\t\t\t\t\t<div class=\"elementor-gallery__container\">\n\t\t\t\t\t\t\t<a class=\"e-gallery-item elementor-gallery-item elementor-animated-content\" href=\"https:\/\/auro.ch\/wp-content\/uploads\/2023\/10\/190812-joppe-01.jpg\" data-elementor-open-lightbox=\"yes\" data-elementor-lightbox-slideshow=\"074f0d4\" data-e-action-hash=\"#elementor-action%3Aaction%3Dlightbox%26settings%3DeyJpZCI6MTAxNTAsInVybCI6Imh0dHBzOlwvXC9hdXJvLmNoXC93cC1jb250ZW50XC91cGxvYWRzXC8yMDIzXC8xMFwvMTkwODEyLWpvcHBlLTAxLmpwZyIsInNsaWRlc2hvdyI6IjA3NGYwZDQifQ%3D%3D\">\n\t\t\t\t\t<div class=\"e-gallery-image elementor-gallery-item__image\" data-thumbnail=\"https:\/\/auro.ch\/wp-content\/uploads\/2023\/10\/190812-joppe-01-768x558.jpg\" data-width=\"768\" data-height=\"558\" aria-label=\"\" role=\"img\" ><\/div>\n\t\t\t\t\t\t\t\t\t\t\t<div class=\"elementor-gallery-item__overlay\"><\/div>\n\t\t\t\t\t\t\t\t\t\t\t\t\t\t<\/a>\n\t\t\t\t\t\t\t<a class=\"e-gallery-item elementor-gallery-item elementor-animated-content\" href=\"https:\/\/auro.ch\/wp-content\/uploads\/2023\/10\/AURO-HolzbodenZeitung-lesen_hoch.jpg\" data-elementor-open-lightbox=\"yes\" data-elementor-lightbox-slideshow=\"074f0d4\" data-e-action-hash=\"#elementor-action%3Aaction%3Dlightbox%26settings%3DeyJpZCI6MTAxNjIsInVybCI6Imh0dHBzOlwvXC9hdXJvLmNoXC93cC1jb250ZW50XC91cGxvYWRzXC8yMDIzXC8xMFwvQVVSTy1Ib2x6Ym9kZW5aZWl0dW5nLWxlc2VuX2hvY2guanBnIiwic2xpZGVzaG93IjoiMDc0ZjBkNCJ9\">\n\t\t\t\t\t<div class=\"e-gallery-image elementor-gallery-item__image\" data-thumbnail=\"https:\/\/auro.ch\/wp-content\/uploads\/2023\/10\/AURO-HolzbodenZeitung-lesen_hoch-768x1152.jpg\" data-width=\"768\" data-height=\"1152\" aria-label=\"\" role=\"img\" ><\/div>\n\t\t\t\t\t\t\t\t\t\t\t<div class=\"elementor-gallery-item__overlay\"><\/div>\n\t\t\t\t\t\t\t\t\t\t\t\t\t\t<\/a>\n\t\t\t\t\t\t\t<a class=\"e-gallery-item elementor-gallery-item elementor-animated-content\" href=\"https:\/\/auro.ch\/wp-content\/uploads\/2023\/10\/AURO-COLOURS-FOR-LIFE-Ecolith_Innen.jpg\" data-elementor-open-lightbox=\"yes\" data-elementor-lightbox-slideshow=\"074f0d4\" data-e-action-hash=\"#elementor-action%3Aaction%3Dlightbox%26settings%3DeyJpZCI6MTAxNjAsInVybCI6Imh0dHBzOlwvXC9hdXJvLmNoXC93cC1jb250ZW50XC91cGxvYWRzXC8yMDIzXC8xMFwvQVVSTy1DT0xPVVJTLUZPUi1MSUZFLUVjb2xpdGhfSW5uZW4uanBnIiwic2xpZGVzaG93IjoiMDc0ZjBkNCJ9\">\n\t\t\t\t\t<div class=\"e-gallery-image elementor-gallery-item__image\" data-thumbnail=\"https:\/\/auro.ch\/wp-content\/uploads\/2023\/10\/AURO-COLOURS-FOR-LIFE-Ecolith_Innen-768x330.jpg\" data-width=\"768\" data-height=\"330\" aria-label=\"\" role=\"img\" ><\/div>\n\t\t\t\t\t\t\t\t\t\t\t<div class=\"elementor-gallery-item__overlay\"><\/div>\n\t\t\t\t\t\t\t\t\t\t\t\t\t\t<\/a>\n\t\t\t\t\t\t\t<a class=\"e-gallery-item elementor-gallery-item elementor-animated-content\" href=\"https:\/\/auro.ch\/wp-content\/uploads\/2023\/10\/AURO_COLOURS-FOR-LIFE-Holzlasur.jpg\" data-elementor-open-lightbox=\"yes\" data-elementor-lightbox-slideshow=\"074f0d4\" data-e-action-hash=\"#elementor-action%3Aaction%3Dlightbox%26settings%3DeyJpZCI6MTAxNTMsInVybCI6Imh0dHBzOlwvXC9hdXJvLmNoXC93cC1jb250ZW50XC91cGxvYWRzXC8yMDIzXC8xMFwvQVVST19DT0xPVVJTLUZPUi1MSUZFLUhvbHpsYXN1ci5qcGciLCJzbGlkZXNob3ciOiIwNzRmMGQ0In0%3D\">\n\t\t\t\t\t<div class=\"e-gallery-image elementor-gallery-item__image\" data-thumbnail=\"https:\/\/auro.ch\/wp-content\/uploads\/2023\/10\/AURO_COLOURS-FOR-LIFE-Holzlasur-768x509.jpg\" data-width=\"768\" data-height=\"509\" aria-label=\"\" role=\"img\" ><\/div>\n\t\t\t\t\t\t\t\t\t\t\t<div class=\"elementor-gallery-item__overlay\"><\/div>\n\t\t\t\t\t\t\t\t\t\t\t\t\t\t<\/a>\n\t\t\t\t\t\t\t<a class=\"e-gallery-item elementor-gallery-item elementor-animated-content\" href=\"https:\/\/auro.ch\/wp-content\/uploads\/2024\/09\/SALTY_interiors_1044_powder-lilac-Kopie-scaled.jpg\" data-elementor-open-lightbox=\"yes\" data-elementor-lightbox-slideshow=\"074f0d4\" data-e-action-hash=\"#elementor-action%3Aaction%3Dlightbox%26settings%3DeyJpZCI6MjcxNTUsInVybCI6Imh0dHBzOlwvXC9hdXJvLmNoXC93cC1jb250ZW50XC91cGxvYWRzXC8yMDI0XC8wOVwvU0FMVFlfaW50ZXJpb3JzXzEwNDRfcG93ZGVyLWxpbGFjLUtvcGllLXNjYWxlZC5qcGciLCJzbGlkZXNob3ciOiIwNzRmMGQ0In0%3D\">\n\t\t\t\t\t<div class=\"e-gallery-image elementor-gallery-item__image\" data-thumbnail=\"https:\/\/auro.ch\/wp-content\/uploads\/2024\/09\/SALTY_interiors_1044_powder-lilac-Kopie-768x512.jpg\" data-width=\"768\" data-height=\"512\" aria-label=\"\" role=\"img\" ><\/div>\n\t\t\t\t\t\t\t\t\t\t\t<div class=\"elementor-gallery-item__overlay\"><\/div>\n\t\t\t\t\t\t\t\t\t\t\t\t\t\t<\/a>\n\t\t\t\t\t\t\t<a class=\"e-gallery-item elementor-gallery-item elementor-animated-content\" href=\"https:\/\/auro.ch\/wp-content\/uploads\/2023\/10\/AURO_Stil_Tisch_Fenster.jpg\" data-elementor-open-lightbox=\"yes\" data-elementor-lightbox-slideshow=\"074f0d4\" data-e-action-hash=\"#elementor-action%3Aaction%3Dlightbox%26settings%3DeyJpZCI6MTAxNTYsInVybCI6Imh0dHBzOlwvXC9hdXJvLmNoXC93cC1jb250ZW50XC91cGxvYWRzXC8yMDIzXC8xMFwvQVVST19TdGlsX1Rpc2NoX0ZlbnN0ZXIuanBnIiwic2xpZGVzaG93IjoiMDc0ZjBkNCJ9\">\n\t\t\t\t\t<div class=\"e-gallery-image elementor-gallery-item__image\" data-thumbnail=\"https:\/\/auro.ch\/wp-content\/uploads\/2023\/10\/AURO_Stil_Tisch_Fenster-768x1152.jpg\" data-width=\"768\" data-height=\"1152\" aria-label=\"\" role=\"img\" ><\/div>\n\t\t\t\t\t\t\t\t\t\t\t<div class=\"elementor-gallery-item__overlay\"><\/div>\n\t\t\t\t\t\t\t\t\t\t\t\t\t\t<\/a>\n\t\t\t\t\t<\/div>\n\t\t\t\t\t<\/div>\n\t\t\t\t<\/div>\n\t\t\t\t\t<\/div>\n\t\t<\/div>\n\t\t\t\t\t<\/div>\n\t\t<\/section>\n\t\t\t\t<section class=\"elementor-section elementor-top-section elementor-element elementor-element-be80910 elementor-section-boxed elementor-section-height-default elementor-section-height-default\" data-id=\"be80910\" data-element_type=\"section\" data-e-type=\"section\" data-settings=\"{&quot;background_background&quot;:&quot;classic&quot;}\">\n\t\t\t\t\t\t<div class=\"elementor-container elementor-column-gap-default\">\n\t\t\t\t\t<div class=\"elementor-column elementor-col-25 elementor-top-column elementor-element elementor-element-bc7c2ec\" data-id=\"bc7c2ec\" data-element_type=\"column\" data-e-type=\"column\">\n\t\t\t<div class=\"elementor-widget-wrap elementor-element-populated\">\n\t\t\t\t\t\t<div class=\"elementor-element elementor-element-1951243 elementor-position-top elementor-widget elementor-widget-image-box\" data-id=\"1951243\" data-element_type=\"widget\" data-e-type=\"widget\" data-widget_type=\"image-box.default\">\n\t\t\t\t<div class=\"elementor-widget-container\">\n\t\t\t\t\t<div class=\"elementor-image-box-wrapper\"><figure class=\"elementor-image-box-img\"><a href=\"https:\/\/auro.ch\/auro\/unsere-kompetenz\/\" tabindex=\"-1\"><img fetchpriority=\"high\" decoding=\"async\" width=\"500\" height=\"500\" src=\"https:\/\/auro.ch\/wp-content\/uploads\/2023\/02\/Shop_Kachel_AURO.jpg\" class=\"attachment-large size-large wp-image-58962\" alt=\"\" srcset=\"https:\/\/auro.ch\/wp-content\/uploads\/2023\/02\/Shop_Kachel_AURO.jpg 500w, https:\/\/auro.ch\/wp-content\/uploads\/2023\/02\/Shop_Kachel_AURO-300x300.jpg 300w, https:\/\/auro.ch\/wp-content\/uploads\/2023\/02\/Shop_Kachel_AURO-150x150.jpg 150w\" sizes=\"(max-width: 500px) 100vw, 500px\" \/><\/a><\/figure><div class=\"elementor-image-box-content\"><h3 class=\"elementor-image-box-title\"><a href=\"https:\/\/auro.ch\/auro\/unsere-kompetenz\/\">Notre comp\u00e9tence <br><\/a><\/h3><\/div><\/div>\t\t\t\t<\/div>\n\t\t\t\t<\/div>\n\t\t\t\t\t<\/div>\n\t\t<\/div>\n\t\t\t\t<div class=\"elementor-column elementor-col-25 elementor-top-column elementor-element elementor-element-f823ca4\" data-id=\"f823ca4\" data-element_type=\"column\" data-e-type=\"column\">\n\t\t\t<div class=\"elementor-widget-wrap elementor-element-populated\">\n\t\t\t\t\t\t<div class=\"elementor-element elementor-element-df42317 elementor-position-top elementor-widget elementor-widget-image-box\" data-id=\"df42317\" data-element_type=\"widget\" data-e-type=\"widget\" data-widget_type=\"image-box.default\">\n\t\t\t\t<div class=\"elementor-widget-container\">\n\t\t\t\t\t<div class=\"elementor-image-box-wrapper\"><figure class=\"elementor-image-box-img\"><a href=\"https:\/\/auro.ch\/auro\/unsere-kompetenz\/qualitaet-und-nachhaltigkeit\/\" tabindex=\"-1\"><img decoding=\"async\" width=\"800\" height=\"800\" src=\"https:\/\/auro.ch\/wp-content\/uploads\/2023\/11\/AURO-COLOURS-FOR-LIFE-Ecolith-moss-green-10_square-1024x1024.jpg\" class=\"attachment-large size-large wp-image-10398\" alt=\"\" srcset=\"https:\/\/auro.ch\/wp-content\/uploads\/2023\/11\/AURO-COLOURS-FOR-LIFE-Ecolith-moss-green-10_square-1024x1024.jpg 1024w, https:\/\/auro.ch\/wp-content\/uploads\/2023\/11\/AURO-COLOURS-FOR-LIFE-Ecolith-moss-green-10_square-300x300.jpg 300w, https:\/\/auro.ch\/wp-content\/uploads\/2023\/11\/AURO-COLOURS-FOR-LIFE-Ecolith-moss-green-10_square-150x150.jpg 150w, https:\/\/auro.ch\/wp-content\/uploads\/2023\/11\/AURO-COLOURS-FOR-LIFE-Ecolith-moss-green-10_square-768x768.jpg 768w, https:\/\/auro.ch\/wp-content\/uploads\/2023\/11\/AURO-COLOURS-FOR-LIFE-Ecolith-moss-green-10_square-1536x1536.jpg 1536w, https:\/\/auro.ch\/wp-content\/uploads\/2023\/11\/AURO-COLOURS-FOR-LIFE-Ecolith-moss-green-10_square-2048x2048.jpg 2048w\" sizes=\"(max-width: 800px) 100vw, 800px\" \/><\/a><\/figure><div class=\"elementor-image-box-content\"><h3 class=\"elementor-image-box-title\"><a href=\"https:\/\/auro.ch\/auro\/unsere-kompetenz\/qualitaet-und-nachhaltigkeit\/\">Qualit\u00e9 et durabilit\u00e9  <\/a><\/h3><\/div><\/div>\t\t\t\t<\/div>\n\t\t\t\t<\/div>\n\t\t\t\t\t<\/div>\n\t\t<\/div>\n\t\t\t\t<div class=\"elementor-column elementor-col-25 elementor-top-column elementor-element elementor-element-bd1775f\" data-id=\"bd1775f\" data-element_type=\"column\" data-e-type=\"column\">\n\t\t\t<div class=\"elementor-widget-wrap elementor-element-populated\">\n\t\t\t\t\t\t<div class=\"elementor-element elementor-element-b6be6f4 elementor-position-top elementor-widget elementor-widget-image-box\" data-id=\"b6be6f4\" data-element_type=\"widget\" data-e-type=\"widget\" data-widget_type=\"image-box.default\">\n\t\t\t\t<div class=\"elementor-widget-container\">\n\t\t\t\t\t<div class=\"elementor-image-box-wrapper\"><figure class=\"elementor-image-box-img\"><a href=\"https:\/\/auro.ch\/auro\/forschung-entwicklung\/\" tabindex=\"-1\"><img decoding=\"async\" width=\"800\" height=\"800\" src=\"https:\/\/auro.ch\/wp-content\/uploads\/2023\/10\/150520-auro-01_square-1024x1024.jpg\" class=\"attachment-large size-large wp-image-10179\" alt=\"\" srcset=\"https:\/\/auro.ch\/wp-content\/uploads\/2023\/10\/150520-auro-01_square-1024x1024.jpg 1024w, https:\/\/auro.ch\/wp-content\/uploads\/2023\/10\/150520-auro-01_square-300x300.jpg 300w, https:\/\/auro.ch\/wp-content\/uploads\/2023\/10\/150520-auro-01_square-150x150.jpg 150w, https:\/\/auro.ch\/wp-content\/uploads\/2023\/10\/150520-auro-01_square-768x768.jpg 768w, https:\/\/auro.ch\/wp-content\/uploads\/2023\/10\/150520-auro-01_square.jpg 1500w\" sizes=\"(max-width: 800px) 100vw, 800px\" \/><\/a><\/figure><div class=\"elementor-image-box-content\"><h3 class=\"elementor-image-box-title\"><a href=\"https:\/\/auro.ch\/auro\/forschung-entwicklung\/\">Recherche et d\u00e9veloppement  <\/a><\/h3><\/div><\/div>\t\t\t\t<\/div>\n\t\t\t\t<\/div>\n\t\t\t\t\t<\/div>\n\t\t<\/div>\n\t\t\t\t<div class=\"elementor-column elementor-col-25 elementor-top-column elementor-element elementor-element-5a5f270\" data-id=\"5a5f270\" data-element_type=\"column\" data-e-type=\"column\">\n\t\t\t<div class=\"elementor-widget-wrap elementor-element-populated\">\n\t\t\t\t\t\t<div class=\"elementor-element elementor-element-ff77e02 elementor-position-top elementor-widget elementor-widget-image-box\" data-id=\"ff77e02\" data-element_type=\"widget\" data-e-type=\"widget\" data-widget_type=\"image-box.default\">\n\t\t\t\t<div class=\"elementor-widget-container\">\n\t\t\t\t\t<div class=\"elementor-image-box-wrapper\"><figure class=\"elementor-image-box-img\"><a href=\"https:\/\/auro.ch\/auro\/unsere-kompetenz\/sortimentsbreite\/\" tabindex=\"-1\"><img loading=\"lazy\" decoding=\"async\" width=\"274\" height=\"274\" src=\"https:\/\/auro.ch\/wp-content\/uploads\/2023\/06\/auro_verpackung_thumb_500x500.jpg\" class=\"attachment-large size-large wp-image-58902\" alt=\"\" srcset=\"https:\/\/auro.ch\/wp-content\/uploads\/2023\/06\/auro_verpackung_thumb_500x500.jpg 274w, https:\/\/auro.ch\/wp-content\/uploads\/2023\/06\/auro_verpackung_thumb_500x500-150x150.jpg 150w\" sizes=\"(max-width: 274px) 100vw, 274px\" \/><\/a><\/figure><div class=\"elementor-image-box-content\"><h3 class=\"elementor-image-box-title\"><a href=\"https:\/\/auro.ch\/auro\/unsere-kompetenz\/sortimentsbreite\/\">Largeur de la gamme<\/a><\/h3><\/div><\/div>\t\t\t\t<\/div>\n\t\t\t\t<\/div>\n\t\t\t\t\t<\/div>\n\t\t<\/div>\n\t\t\t\t\t<\/div>\n\t\t<\/section>\n\t\t\t\t<\/div>\n\t\t","protected":false},"excerpt":{"rendered":"<p>Notre expertise Couleurs &amp; Esth\u00e9tique Avec tous les sens Les [&hellip;]<\/p>\n","protected":false},"author":4,"featured_media":60372,"parent":0,"menu_order":0,"comment_status":"closed","ping_status":"closed","template":"","meta":{"_acf_changed":false,"footnotes":""},"categories":[],"class_list":["post-60370","page","type-page","status-publish","has-post-thumbnail","hentry"],"acf":[],"_links":{"self":[{"href":"https:\/\/auro.ch\/fr\/wp-json\/wp\/v2\/pages\/60370","targetHints":{"allow":["GET"]}}],"collection":[{"href":"https:\/\/auro.ch\/fr\/wp-json\/wp\/v2\/pages"}],"about":[{"href":"https:\/\/auro.ch\/fr\/wp-json\/wp\/v2\/types\/page"}],"author":[{"embeddable":true,"href":"https:\/\/auro.ch\/fr\/wp-json\/wp\/v2\/users\/4"}],"replies":[{"embeddable":true,"href":"https:\/\/auro.ch\/fr\/wp-json\/wp\/v2\/comments?post=60370"}],"version-history":[{"count":1,"href":"https:\/\/auro.ch\/fr\/wp-json\/wp\/v2\/pages\/60370\/revisions"}],"predecessor-version":[{"id":60373,"href":"https:\/\/auro.ch\/fr\/wp-json\/wp\/v2\/pages\/60370\/revisions\/60373"}],"wp:featuredmedia":[{"embeddable":true,"href":"https:\/\/auro.ch\/fr\/wp-json\/wp\/v2\/media\/60372"}],"wp:attachment":[{"href":"https:\/\/auro.ch\/fr\/wp-json\/wp\/v2\/media?parent=60370"}],"wp:term":[{"taxonomy":"category","embeddable":true,"href":"https:\/\/auro.ch\/fr\/wp-json\/wp\/v2\/categories?post=60370"}],"curies":[{"name":"wp","href":"https:\/\/api.w.org\/{rel}","templated":true}]}}