{"id":60371,"date":"2023-09-04T14:00:11","date_gmt":"2023-09-04T12:00:11","guid":{"rendered":"https:\/\/ch.auro.de\/inspiration-et-guide\/instructions\/murs\/conseils-pour-la-preparation-du-support-des-produits-a-base-de-chaux\/"},"modified":"2026-04-29T11:26:37","modified_gmt":"2026-04-29T09:26:37","slug":"conseils-pour-la-preparation-du-support-des-produits-a-base-de-chaux","status":"publish","type":"page","link":"https:\/\/auro.ch\/fr\/inspiration-et-guide\/instructions\/murs\/conseils-pour-la-preparation-du-support-des-produits-a-base-de-chaux\/","title":{"rendered":"Conseils pour la pr\u00e9paration du support des produits \u00e0 base de chaux"},"content":{"rendered":"\t\t<div data-elementor-type=\"wp-page\" data-elementor-id=\"60371\" class=\"elementor elementor-60371 elementor-9031\" data-elementor-post-type=\"page\">\n\t\t\t\t\t\t<section class=\"elementor-section elementor-top-section elementor-element elementor-element-262b78f elementor-section-height-min-height elementor-section-boxed elementor-section-height-default elementor-section-items-middle\" data-id=\"262b78f\" data-element_type=\"section\" data-e-type=\"section\" data-settings=\"{&quot;background_background&quot;:&quot;classic&quot;}\">\n\t\t\t\t\t\t\t<div class=\"elementor-background-overlay\"><\/div>\n\t\t\t\t\t\t\t<div class=\"elementor-container elementor-column-gap-default\">\n\t\t\t\t\t<div class=\"elementor-column elementor-col-100 elementor-top-column elementor-element elementor-element-cde1e2c\" data-id=\"cde1e2c\" data-element_type=\"column\" data-e-type=\"column\">\n\t\t\t<div class=\"elementor-widget-wrap elementor-element-populated\">\n\t\t\t\t\t\t<div class=\"elementor-element elementor-element-d7eae92 elementor-invisible elementor-widget elementor-widget-heading\" data-id=\"d7eae92\" data-element_type=\"widget\" data-e-type=\"widget\" data-settings=\"{&quot;_animation&quot;:&quot;fadeInUp&quot;}\" data-widget_type=\"heading.default\">\n\t\t\t\t<div class=\"elementor-widget-container\">\n\t\t\t\t\t<p class=\"elementor-heading-title elementor-size-default\">Instructions<\/p>\t\t\t\t<\/div>\n\t\t\t\t<\/div>\n\t\t\t\t<div class=\"elementor-element elementor-element-fba71c2 elementor-widget elementor-widget-heading\" data-id=\"fba71c2\" data-element_type=\"widget\" data-e-type=\"widget\" data-widget_type=\"heading.default\">\n\t\t\t\t<div class=\"elementor-widget-container\">\n\t\t\t\t\t<h1 class=\"elementor-heading-title elementor-size-default\">Conseils pour la pr\u00e9paration du support des produits \u00e0 base de chaux<\/h1>\t\t\t\t<\/div>\n\t\t\t\t<\/div>\n\t\t\t\t\t<\/div>\n\t\t<\/div>\n\t\t\t\t\t<\/div>\n\t\t<\/section>\n\t\t\t\t<section class=\"elementor-section elementor-top-section elementor-element elementor-element-889d454 elementor-section-boxed elementor-section-height-default elementor-section-height-default\" data-id=\"889d454\" data-element_type=\"section\" data-e-type=\"section\">\n\t\t\t\t\t\t<div class=\"elementor-container elementor-column-gap-default\">\n\t\t\t\t\t<div class=\"elementor-column elementor-col-50 elementor-top-column elementor-element elementor-element-316e721\" data-id=\"316e721\" data-element_type=\"column\" data-e-type=\"column\">\n\t\t\t<div class=\"elementor-widget-wrap elementor-element-populated\">\n\t\t\t\t\t\t<div class=\"elementor-element elementor-element-54548e7 elementor-widget elementor-widget-text-editor\" data-id=\"54548e7\" data-element_type=\"widget\" data-e-type=\"widget\" data-widget_type=\"text-editor.default\">\n\t\t\t\t<div class=\"elementor-widget-container\">\n\t\t\t\t\t\t\t\t\t<p>Les produits \u00e0 base de chaux conviennent particuli\u00e8rement bien aux supports min\u00e9raux tels que <strong>les enduits de chaux ou de chaux-ciment<\/strong>. Ces enduits ne n\u00e9cessitent pas de traitement pr\u00e9alable sp\u00e9cial. Ils peuvent \u00eatre directement trait\u00e9s avec tous les produits de la gamme de chaux AURO, car ceux-ci se lient bien avec le mat\u00e9riau de base de m\u00eame nature.  <\/p><p>Les <strong>panneaux de placopl\u00e2tre et de fibres de pl\u00e2tre ainsi que les enduits de pl\u00e2tre<\/strong> que l&rsquo;on trouve fr\u00e9quemment de nos jours peuvent toutefois, s&rsquo;ils sont correctement pr\u00e9par\u00e9s, tout aussi bien servir de support \u00e0 une d\u00e9coration murale avec des produits \u00e0 la chaux. Pour obtenir un r\u00e9sultat optimal, il est recommand\u00e9 de coller un non-tiss\u00e9 en cellulose, par exemple le <a href=\"https:\/\/auro.ch\/produkt\/erfurt-variovlies-eco-150-rolle\/\">Variovlies ECO 150 d&rsquo;Erfurt<\/a>. L&rsquo;application de l&rsquo;intiss\u00e9 permet en m\u00eame temps de pr\u00e9venir la formation de fissures dans le support, notamment dans le cas de plaques de construction s\u00e8che.  <\/p><p>Le non-tiss\u00e9 est coll\u00e9 sur le support avec la <a href=\"https:\/\/auro.ch\/produkt\/wandbelagskleber\/\">colle pour rev\u00eatements muraux AURO n\u00b0 391 <\/a>.<br>Attention : s&rsquo;il s&rsquo;agit d&rsquo;un nouveau cr\u00e9pi en pl\u00e2tre, qui n&rsquo;a pas encore \u00e9t\u00e9 trait\u00e9, il doit d&rsquo;abord \u00eatre pr\u00e9trait\u00e9 avec la <a href=\"https:\/\/auro.ch\/produkt\/tiefengrund\/\">couche de fond AURO n\u00b0 301<\/a>. Pour les plaques de pl\u00e2tre cartonn\u00e9es et les plaques de pl\u00e2tre fibr\u00e9es, ce traitement n&rsquo;est pas n\u00e9cessaire. Le non-tiss\u00e9 est plac\u00e9 dans la colle fra\u00eechement appliqu\u00e9e et press\u00e9 fermement \u00e0 l&rsquo;aide d&rsquo;une spatule en plastique ou d&rsquo;un rouleau en caoutchouc pour papier peint.  <\/p>\t\t\t\t\t\t\t\t<\/div>\n\t\t\t\t<\/div>\n\t\t\t\t\t<\/div>\n\t\t<\/div>\n\t\t\t\t<div class=\"elementor-column elementor-col-50 elementor-top-column elementor-element elementor-element-98e6452\" data-id=\"98e6452\" data-element_type=\"column\" data-e-type=\"column\" data-settings=\"{&quot;background_background&quot;:&quot;classic&quot;}\">\n\t\t\t<div class=\"elementor-widget-wrap elementor-element-populated\">\n\t\t\t\t\t\t<div class=\"elementor-element elementor-element-2589c4f elementor-widget elementor-widget-spacer\" data-id=\"2589c4f\" data-element_type=\"widget\" data-e-type=\"widget\" data-widget_type=\"spacer.default\">\n\t\t\t\t<div class=\"elementor-widget-container\">\n\t\t\t\t\t\t\t<div class=\"elementor-spacer\">\n\t\t\t<div class=\"elementor-spacer-inner\"><\/div>\n\t\t<\/div>\n\t\t\t\t\t\t<\/div>\n\t\t\t\t<\/div>\n\t\t\t\t\t<\/div>\n\t\t<\/div>\n\t\t\t\t\t<\/div>\n\t\t<\/section>\n\t\t\t\t<section class=\"elementor-section elementor-top-section elementor-element elementor-element-52e7e81 elementor-section-boxed elementor-section-height-default elementor-section-height-default\" data-id=\"52e7e81\" data-element_type=\"section\" data-e-type=\"section\" data-settings=\"{&quot;background_background&quot;:&quot;classic&quot;}\">\n\t\t\t\t\t\t<div class=\"elementor-container elementor-column-gap-default\">\n\t\t\t\t\t<div class=\"elementor-column elementor-col-50 elementor-top-column elementor-element elementor-element-9930bee\" data-id=\"9930bee\" data-element_type=\"column\" data-e-type=\"column\">\n\t\t\t<div class=\"elementor-widget-wrap elementor-element-populated\">\n\t\t\t\t\t\t<div class=\"elementor-element elementor-element-20deb9d elementor-widget elementor-widget-text-editor\" data-id=\"20deb9d\" data-element_type=\"widget\" data-e-type=\"widget\" data-widget_type=\"text-editor.default\">\n\t\t\t\t<div class=\"elementor-widget-container\">\n\t\t\t\t\t\t\t\t\t<p>Pour les grandes surfaces, les l\u00e9s ne sont pas coll\u00e9s bout \u00e0 bout, mais se chevauchent sur environ 2 cm. Effectuez ensuite une double coupe \u00e0 l&rsquo;aide d&rsquo;un cutter &#8211; \u00e0 travers le chevauchement &#8211; et retirez les restes de non-tiss\u00e9 ou les bandes de non-tiss\u00e9 qui en r\u00e9sultent<br>. La zone de jonction est \u00e0 nouveau fermement press\u00e9e et, si n\u00e9cessaire, encoll\u00e9e une nouvelle fois. Cela permet de garantir que les diff\u00e9rents l\u00e9s sont parfaitement juxtapos\u00e9s.     <\/p><p><span style=\"color: var( --e-global-color-text ); font-family: var( --e-global-typography-text-font-family ), Sans-serif; font-weight: var( --e-global-typography-text-font-weight );\">Le non-tiss\u00e9 doit \u00eatre compl\u00e8tement sec avant de poursuivre le traitement. Cela peut prendre environ 24 heures, selon l&rsquo;\u00e9paisseur de la colle appliqu\u00e9e, la temp\u00e9rature ambiante, etc. <\/span><\/p>\t\t\t\t\t\t\t\t<\/div>\n\t\t\t\t<\/div>\n\t\t\t\t\t<\/div>\n\t\t<\/div>\n\t\t\t\t<div class=\"elementor-column elementor-col-50 elementor-top-column elementor-element elementor-element-d20a16d\" data-id=\"d20a16d\" data-element_type=\"column\" data-e-type=\"column\">\n\t\t\t<div class=\"elementor-widget-wrap elementor-element-populated\">\n\t\t\t\t\t\t<div class=\"elementor-element elementor-element-af2b44b elementor-widget elementor-widget-text-editor\" data-id=\"af2b44b\" data-element_type=\"widget\" data-e-type=\"widget\" data-widget_type=\"text-editor.default\">\n\t\t\t\t<div class=\"elementor-widget-container\">\n\t\t\t\t\t\t\t\t\t<p>Le support ainsi pr\u00e9par\u00e9 peut ensuite \u00eatre trait\u00e9 avec tous les produits de la gamme chaux AURO.<\/p><p>Pour les produits \u00e0 appliquer au pinceau ou au rouleau comme la Peinture \u00e0 la chaux professionnelle N\u00b0 344, l&rsquo;Enduit fin \u00e0 la chaux professionnel N\u00b0 345 ou la Peinture color\u00e9e \u00e0 la chaux N\u00b0 350, il est recommand\u00e9 de diluer la premi\u00e8re couche en raison de la forte absorption du non-tiss\u00e9. Il faut ajouter environ 10-20% d&rsquo;eau.   <\/p><p>Les produits de ragr\u00e9age comme l&rsquo;enduit \u00e0 la chaux professionnel n\u00b0 347 ou l&rsquo;enduit \u00e0 la chaux professionnel n\u00b0 342 peuvent \u00eatre appliqu\u00e9s directement sur le non-tiss\u00e9 sans probl\u00e8me.<\/p>\t\t\t\t\t\t\t\t<\/div>\n\t\t\t\t<\/div>\n\t\t\t\t\t<\/div>\n\t\t<\/div>\n\t\t\t\t\t<\/div>\n\t\t<\/section>\n\t\t\t\t<section class=\"elementor-section elementor-top-section elementor-element elementor-element-d9ebac7 elementor-reverse-mobile elementor-section-boxed elementor-section-height-default elementor-section-height-default\" data-id=\"d9ebac7\" data-element_type=\"section\" data-e-type=\"section\" data-settings=\"{&quot;background_background&quot;:&quot;classic&quot;}\">\n\t\t\t\t\t\t<div class=\"elementor-container elementor-column-gap-default\">\n\t\t\t\t\t<div class=\"elementor-column elementor-col-100 elementor-top-column elementor-element elementor-element-95748a9\" data-id=\"95748a9\" data-element_type=\"column\" data-e-type=\"column\">\n\t\t\t<div class=\"elementor-widget-wrap elementor-element-populated\">\n\t\t\t\t\t\t<div class=\"elementor-element elementor-element-5f76dc2 elementor-widget elementor-widget-heading\" data-id=\"5f76dc2\" data-element_type=\"widget\" data-e-type=\"widget\" data-widget_type=\"heading.default\">\n\t\t\t\t<div class=\"elementor-widget-container\">\n\t\t\t\t\t<h4 class=\"elementor-heading-title elementor-size-default\">Produits Auro<\/h4>\t\t\t\t<\/div>\n\t\t\t\t<\/div>\n\t\t\t\t<div class=\"elementor-element elementor-element-e2f5f65 elementor-widget elementor-widget-text-editor\" data-id=\"e2f5f65\" data-element_type=\"widget\" data-e-type=\"widget\" data-widget_type=\"text-editor.default\">\n\t\t\t\t<div class=\"elementor-widget-container\">\n\t\t\t\t\t\t\t\t\t<ul><li><a href=\"https:\/\/auro.ch\/produkt\/wandbelagskleber\/\" target=\"_blank\" rel=\"noopener\">Colle pour rev\u00eatements muraux n\u00b0 391<\/a><\/li><li><a href=\"https:\/\/auro.ch\/produkt\/tiefengrund\/\" target=\"_blank\" rel=\"noopener\">Fond de teint n\u00b0 301<\/a><\/li><li class=\"txt-blue\"><a href=\"https:\/\/auro.ch\/produkt\/profi-kalkfarbe\/\" target=\"_blank\" rel=\"noopener\">Peinture \u00e0 la chaux professionnelle n\u00b0 344<\/a><\/li><li><a href=\"https:\/\/auro.ch\/produkt\/profi-kalkfeinputz\/\">Enduit fin professionnel \u00e0 la chaux n\u00b0 345<\/a><\/li><li class=\"prod-img\"><a href=\"https:\/\/auro.ch\/produkt\/kalk-buntfarbe\/\" target=\"_blank\" rel=\"noopener\">Peinture color\u00e9e \u00e0 la chaux n\u00b0 350<\/a><\/li><li><a href=\"https:\/\/auro.ch\/produkt\/profi-kalkspachtel\/\" target=\"_blank\" rel=\"noopener\">Mastic professionnel \u00e0 la chaux n\u00b0 342<\/a><\/li><\/ul>\t\t\t\t\t\t\t\t<\/div>\n\t\t\t\t<\/div>\n\t\t\t\t\t<\/div>\n\t\t<\/div>\n\t\t\t\t\t<\/div>\n\t\t<\/section>\n\t\t\t\t<\/div>\n\t\t","protected":false},"excerpt":{"rendered":"<p>Instructions Conseils pour la pr\u00e9paration du support des produits \u00e0 [&hellip;]<\/p>\n","protected":false},"author":4,"featured_media":0,"parent":60236,"menu_order":0,"comment_status":"closed","ping_status":"closed","template":"","meta":{"_acf_changed":false,"footnotes":""},"categories":[],"class_list":["post-60371","page","type-page","status-publish","hentry"],"acf":[],"_links":{"self":[{"href":"https:\/\/auro.ch\/fr\/wp-json\/wp\/v2\/pages\/60371","targetHints":{"allow":["GET"]}}],"collection":[{"href":"https:\/\/auro.ch\/fr\/wp-json\/wp\/v2\/pages"}],"about":[{"href":"https:\/\/auro.ch\/fr\/wp-json\/wp\/v2\/types\/page"}],"author":[{"embeddable":true,"href":"https:\/\/auro.ch\/fr\/wp-json\/wp\/v2\/users\/4"}],"replies":[{"embeddable":true,"href":"https:\/\/auro.ch\/fr\/wp-json\/wp\/v2\/comments?post=60371"}],"version-history":[{"count":1,"href":"https:\/\/auro.ch\/fr\/wp-json\/wp\/v2\/pages\/60371\/revisions"}],"predecessor-version":[{"id":60374,"href":"https:\/\/auro.ch\/fr\/wp-json\/wp\/v2\/pages\/60371\/revisions\/60374"}],"up":[{"embeddable":true,"href":"https:\/\/auro.ch\/fr\/wp-json\/wp\/v2\/pages\/60236"}],"wp:attachment":[{"href":"https:\/\/auro.ch\/fr\/wp-json\/wp\/v2\/media?parent=60371"}],"wp:term":[{"taxonomy":"category","embeddable":true,"href":"https:\/\/auro.ch\/fr\/wp-json\/wp\/v2\/categories?post=60371"}],"curies":[{"name":"wp","href":"https:\/\/api.w.org\/{rel}","templated":true}]}}