{"id":60375,"date":"2023-10-26T08:25:19","date_gmt":"2023-10-26T06:25:19","guid":{"rendered":"https:\/\/ch.auro.de\/qualite-et-durabilite\/"},"modified":"2026-04-29T11:26:46","modified_gmt":"2026-04-29T09:26:46","slug":"qualite-et-durabilite","status":"publish","type":"page","link":"https:\/\/auro.ch\/fr\/qualite-et-durabilite\/","title":{"rendered":"Qualit\u00e9 et durabilit\u00e9"},"content":{"rendered":"\t\t<div data-elementor-type=\"wp-page\" data-elementor-id=\"60375\" class=\"elementor elementor-60375 elementor-10191\" data-elementor-post-type=\"page\">\n\t\t\t\t\t\t<section class=\"elementor-section elementor-top-section elementor-element elementor-element-d07f557 elementor-section-height-min-height elementor-section-boxed elementor-section-height-default elementor-section-items-middle\" data-id=\"d07f557\" data-element_type=\"section\" data-e-type=\"section\" data-settings=\"{&quot;background_background&quot;:&quot;classic&quot;}\">\n\t\t\t\t\t\t\t<div class=\"elementor-background-overlay\"><\/div>\n\t\t\t\t\t\t\t<div class=\"elementor-container elementor-column-gap-default\">\n\t\t\t\t\t<div class=\"elementor-column elementor-col-100 elementor-top-column elementor-element elementor-element-e3ac01d\" data-id=\"e3ac01d\" data-element_type=\"column\" data-e-type=\"column\">\n\t\t\t<div class=\"elementor-widget-wrap elementor-element-populated\">\n\t\t\t\t\t\t<div class=\"elementor-element elementor-element-375ba40 elementor-invisible elementor-widget elementor-widget-heading\" data-id=\"375ba40\" data-element_type=\"widget\" data-e-type=\"widget\" data-settings=\"{&quot;_animation&quot;:&quot;fadeInUp&quot;}\" data-widget_type=\"heading.default\">\n\t\t\t\t<div class=\"elementor-widget-container\">\n\t\t\t\t\t<p class=\"elementor-heading-title elementor-size-default\">Notre expertise<\/p>\t\t\t\t<\/div>\n\t\t\t\t<\/div>\n\t\t\t\t<div class=\"elementor-element elementor-element-2234a3e elementor-widget elementor-widget-heading\" data-id=\"2234a3e\" data-element_type=\"widget\" data-e-type=\"widget\" data-widget_type=\"heading.default\">\n\t\t\t\t<div class=\"elementor-widget-container\">\n\t\t\t\t\t<h1 class=\"elementor-heading-title elementor-size-default\">Qualit\u00e9 et durabilit\u00e9<\/h1>\t\t\t\t<\/div>\n\t\t\t\t<\/div>\n\t\t\t\t\t<\/div>\n\t\t<\/div>\n\t\t\t\t\t<\/div>\n\t\t<\/section>\n\t\t\t\t<section class=\"elementor-section elementor-top-section elementor-element elementor-element-3f5180e elementor-section-boxed elementor-section-height-default elementor-section-height-default\" data-id=\"3f5180e\" data-element_type=\"section\" data-e-type=\"section\">\n\t\t\t\t\t\t<div class=\"elementor-container elementor-column-gap-default\">\n\t\t\t\t\t<div class=\"elementor-column elementor-col-100 elementor-top-column elementor-element elementor-element-96d8ec2\" data-id=\"96d8ec2\" data-element_type=\"column\" data-e-type=\"column\">\n\t\t\t<div class=\"elementor-widget-wrap elementor-element-populated\">\n\t\t\t\t\t\t<div class=\"elementor-element elementor-element-fe7337c elementor-widget elementor-widget-heading\" data-id=\"fe7337c\" data-element_type=\"widget\" data-e-type=\"widget\" data-widget_type=\"heading.default\">\n\t\t\t\t<div class=\"elementor-widget-container\">\n\t\t\t\t\t<h3 class=\"elementor-heading-title elementor-size-default\">Qualit\u00e9 de premier ordre<\/h3>\t\t\t\t<\/div>\n\t\t\t\t<\/div>\n\t\t\t\t<div class=\"elementor-element elementor-element-50d4f59 elementor-widget elementor-widget-text-editor\" data-id=\"50d4f59\" data-element_type=\"widget\" data-e-type=\"widget\" data-widget_type=\"text-editor.default\">\n\t\t\t\t<div class=\"elementor-widget-container\">\n\t\t\t\t\t\t\t\t\t<p>Nous attachons la plus grande importance \u00e0 l&rsquo;excellence de la qualit\u00e9. Gr\u00e2ce \u00e0 notre connaissance de longue date des meilleurs ingr\u00e9dients \u00e9cologiques, nous combinons la technologie, la qualit\u00e9 et la science environnementale. C&rsquo;est ce qui rend nos peintures, soins du bois et nettoyants si performants et exceptionnels. De plus, le contr\u00f4le qualit\u00e9 sans faille de la production garantit le haut niveau d&rsquo;exigence des formules AURO.   <\/p>\t\t\t\t\t\t\t\t<\/div>\n\t\t\t\t<\/div>\n\t\t\t\t<div class=\"elementor-element elementor-element-20fbbc7 elementor-widget elementor-widget-text-editor\" data-id=\"20fbbc7\" data-element_type=\"widget\" data-e-type=\"widget\" data-widget_type=\"text-editor.default\">\n\t\t\t\t<div class=\"elementor-widget-container\">\n\t\t\t\t\t\t\t\t\t<div class=\"TypographyPresentation TypographyPresentation--m RichText3-paragraph--withVSpacingNormal RichText3-paragraph\">Une utilisation professionnelle de nos produits nous tient \u00e9galement \u00e0 c\u0153ur. C&rsquo;est pourquoi notre \u00e9quipe de repr\u00e9sentants offre des conseils comp\u00e9tents, fiables et proches du client. De plus, une documentation technique compl\u00e8te et des conseillers sp\u00e9cialis\u00e9s sont \u00e0 la disposition de nos clients.  <\/div>\t\t\t\t\t\t\t\t<\/div>\n\t\t\t\t<\/div>\n\t\t\t\t\t<\/div>\n\t\t<\/div>\n\t\t\t\t\t<\/div>\n\t\t<\/section>\n\t\t\t\t<section class=\"elementor-section elementor-top-section elementor-element elementor-element-f7837af elementor-section-full_width elementor-section-height-default elementor-section-height-default\" data-id=\"f7837af\" data-element_type=\"section\" data-e-type=\"section\" data-settings=\"{&quot;background_background&quot;:&quot;classic&quot;}\">\n\t\t\t\t\t\t<div class=\"elementor-container elementor-column-gap-default\">\n\t\t\t\t\t<div class=\"elementor-column elementor-col-100 elementor-top-column elementor-element elementor-element-521896c\" data-id=\"521896c\" data-element_type=\"column\" data-e-type=\"column\">\n\t\t\t<div class=\"elementor-widget-wrap elementor-element-populated\">\n\t\t\t\t\t\t<div class=\"elementor-element elementor-element-074f0d4 elementor-widget elementor-widget-gallery\" data-id=\"074f0d4\" data-element_type=\"widget\" data-e-type=\"widget\" data-settings=\"{&quot;columns_tablet&quot;:4,&quot;columns_mobile&quot;:2,&quot;gap&quot;:{&quot;unit&quot;:&quot;px&quot;,&quot;size&quot;:0,&quot;sizes&quot;:[]},&quot;gap_tablet&quot;:{&quot;unit&quot;:&quot;px&quot;,&quot;size&quot;:0,&quot;sizes&quot;:[]},&quot;gap_mobile&quot;:{&quot;unit&quot;:&quot;px&quot;,&quot;size&quot;:0,&quot;sizes&quot;:[]},&quot;lazyload&quot;:&quot;yes&quot;,&quot;gallery_layout&quot;:&quot;grid&quot;,&quot;columns&quot;:4,&quot;link_to&quot;:&quot;file&quot;,&quot;aspect_ratio&quot;:&quot;3:2&quot;,&quot;overlay_background&quot;:&quot;yes&quot;,&quot;content_hover_animation&quot;:&quot;fade-in&quot;}\" data-widget_type=\"gallery.default\">\n\t\t\t\t<div class=\"elementor-widget-container\">\n\t\t\t\t\t\t\t<div class=\"elementor-gallery__container\">\n\t\t\t\t\t\t\t<a class=\"e-gallery-item elementor-gallery-item elementor-animated-content\" href=\"https:\/\/auro.ch\/wp-content\/uploads\/2023\/10\/AURO-Profi-Lehmfarbe-Cremeweiss-Pinsel-3.jpg\" data-elementor-open-lightbox=\"yes\" data-elementor-lightbox-slideshow=\"074f0d4\" data-e-action-hash=\"#elementor-action%3Aaction%3Dlightbox%26settings%3DeyJpZCI6NTkyMzIsInVybCI6Imh0dHBzOlwvXC9hdXJvLmNoXC93cC1jb250ZW50XC91cGxvYWRzXC8yMDIzXC8xMFwvQVVSTy1Qcm9maS1MZWhtZmFyYmUtQ3JlbWV3ZWlzcy1QaW5zZWwtMy5qcGciLCJzbGlkZXNob3ciOiIwNzRmMGQ0In0%3D\">\n\t\t\t\t\t<div class=\"e-gallery-image elementor-gallery-item__image\" data-thumbnail=\"https:\/\/auro.ch\/wp-content\/uploads\/2023\/10\/AURO-Profi-Lehmfarbe-Cremeweiss-Pinsel-3-768x535.jpg\" data-width=\"768\" data-height=\"535\" aria-label=\"\" role=\"img\" ><\/div>\n\t\t\t\t\t\t\t\t\t\t\t<div class=\"elementor-gallery-item__overlay\"><\/div>\n\t\t\t\t\t\t\t\t\t\t\t\t\t\t<\/a>\n\t\t\t\t\t\t\t<a class=\"e-gallery-item elementor-gallery-item elementor-animated-content\" href=\"https:\/\/auro.ch\/wp-content\/uploads\/2023\/10\/2564_RGB.jpg\" data-elementor-open-lightbox=\"yes\" data-elementor-lightbox-slideshow=\"074f0d4\" data-e-action-hash=\"#elementor-action%3Aaction%3Dlightbox%26settings%3DeyJpZCI6MTAxNDcsInVybCI6Imh0dHBzOlwvXC9hdXJvLmNoXC93cC1jb250ZW50XC91cGxvYWRzXC8yMDIzXC8xMFwvMjU2NF9SR0IuanBnIiwic2xpZGVzaG93IjoiMDc0ZjBkNCJ9\">\n\t\t\t\t\t<div class=\"e-gallery-image elementor-gallery-item__image\" data-thumbnail=\"https:\/\/auro.ch\/wp-content\/uploads\/2023\/10\/2564_RGB-768x512.jpg\" data-width=\"768\" data-height=\"512\" aria-label=\"\" role=\"img\" ><\/div>\n\t\t\t\t\t\t\t\t\t\t\t<div class=\"elementor-gallery-item__overlay\"><\/div>\n\t\t\t\t\t\t\t\t\t\t\t\t\t\t<\/a>\n\t\t\t\t\t\t\t<a class=\"e-gallery-item elementor-gallery-item elementor-animated-content\" href=\"https:\/\/auro.ch\/wp-content\/uploads\/2023\/10\/AURO-Labor-2.jpg\" data-elementor-open-lightbox=\"yes\" data-elementor-lightbox-slideshow=\"074f0d4\" data-e-action-hash=\"#elementor-action%3Aaction%3Dlightbox%26settings%3DeyJpZCI6MTAxNjQsInVybCI6Imh0dHBzOlwvXC9hdXJvLmNoXC93cC1jb250ZW50XC91cGxvYWRzXC8yMDIzXC8xMFwvQVVSTy1MYWJvci0yLmpwZyIsInNsaWRlc2hvdyI6IjA3NGYwZDQifQ%3D%3D\">\n\t\t\t\t\t<div class=\"e-gallery-image elementor-gallery-item__image\" data-thumbnail=\"https:\/\/auro.ch\/wp-content\/uploads\/2023\/10\/AURO-Labor-2-768x512.jpg\" data-width=\"768\" data-height=\"512\" aria-label=\"\" role=\"img\" ><\/div>\n\t\t\t\t\t\t\t\t\t\t\t<div class=\"elementor-gallery-item__overlay\"><\/div>\n\t\t\t\t\t\t\t\t\t\t\t\t\t\t<\/a>\n\t\t\t\t\t\t\t<a class=\"e-gallery-item elementor-gallery-item elementor-animated-content\" href=\"https:\/\/auro.ch\/wp-content\/uploads\/2023\/10\/AURO-COLOURS-FOR-LIFE-_Auswahl.jpg\" data-elementor-open-lightbox=\"yes\" data-elementor-lightbox-slideshow=\"074f0d4\" data-e-action-hash=\"#elementor-action%3Aaction%3Dlightbox%26settings%3DeyJpZCI6MTAxNTksInVybCI6Imh0dHBzOlwvXC9hdXJvLmNoXC93cC1jb250ZW50XC91cGxvYWRzXC8yMDIzXC8xMFwvQVVSTy1DT0xPVVJTLUZPUi1MSUZFLV9BdXN3YWhsLmpwZyIsInNsaWRlc2hvdyI6IjA3NGYwZDQifQ%3D%3D\">\n\t\t\t\t\t<div class=\"e-gallery-image elementor-gallery-item__image\" data-thumbnail=\"https:\/\/auro.ch\/wp-content\/uploads\/2023\/10\/AURO-COLOURS-FOR-LIFE-_Auswahl-768x549.jpg\" data-width=\"768\" data-height=\"549\" aria-label=\"\" role=\"img\" ><\/div>\n\t\t\t\t\t\t\t\t\t\t\t<div class=\"elementor-gallery-item__overlay\"><\/div>\n\t\t\t\t\t\t\t\t\t\t\t\t\t\t<\/a>\n\t\t\t\t\t<\/div>\n\t\t\t\t\t<\/div>\n\t\t\t\t<\/div>\n\t\t\t\t\t<\/div>\n\t\t<\/div>\n\t\t\t\t\t<\/div>\n\t\t<\/section>\n\t\t\t\t<section class=\"elementor-section elementor-top-section elementor-element elementor-element-be80910 elementor-section-boxed elementor-section-height-default elementor-section-height-default\" data-id=\"be80910\" data-element_type=\"section\" data-e-type=\"section\" data-settings=\"{&quot;background_background&quot;:&quot;classic&quot;}\">\n\t\t\t\t\t\t<div class=\"elementor-container elementor-column-gap-default\">\n\t\t\t\t\t<div class=\"elementor-column elementor-col-25 elementor-top-column elementor-element elementor-element-bc7c2ec\" data-id=\"bc7c2ec\" data-element_type=\"column\" data-e-type=\"column\">\n\t\t\t<div class=\"elementor-widget-wrap elementor-element-populated\">\n\t\t\t\t\t\t<div class=\"elementor-element elementor-element-1951243 elementor-position-top elementor-widget elementor-widget-image-box\" data-id=\"1951243\" data-element_type=\"widget\" data-e-type=\"widget\" data-widget_type=\"image-box.default\">\n\t\t\t\t<div class=\"elementor-widget-container\">\n\t\t\t\t\t<div class=\"elementor-image-box-wrapper\"><figure class=\"elementor-image-box-img\"><a href=\"https:\/\/auro.ch\/auro\/unsere-kompetenz\/\" tabindex=\"-1\"><img fetchpriority=\"high\" decoding=\"async\" width=\"500\" height=\"500\" src=\"https:\/\/auro.ch\/wp-content\/uploads\/2023\/02\/Shop_Kachel_AURO.jpg\" class=\"attachment-large size-large wp-image-58962\" alt=\"\" srcset=\"https:\/\/auro.ch\/wp-content\/uploads\/2023\/02\/Shop_Kachel_AURO.jpg 500w, https:\/\/auro.ch\/wp-content\/uploads\/2023\/02\/Shop_Kachel_AURO-300x300.jpg 300w, https:\/\/auro.ch\/wp-content\/uploads\/2023\/02\/Shop_Kachel_AURO-150x150.jpg 150w\" sizes=\"(max-width: 500px) 100vw, 500px\" \/><\/a><\/figure><div class=\"elementor-image-box-content\"><h3 class=\"elementor-image-box-title\"><a href=\"https:\/\/auro.ch\/auro\/unsere-kompetenz\/\">Notre comp\u00e9tence <br><\/a><\/h3><\/div><\/div>\t\t\t\t<\/div>\n\t\t\t\t<\/div>\n\t\t\t\t\t<\/div>\n\t\t<\/div>\n\t\t\t\t<div class=\"elementor-column elementor-col-25 elementor-top-column elementor-element elementor-element-f823ca4\" data-id=\"f823ca4\" data-element_type=\"column\" data-e-type=\"column\">\n\t\t\t<div class=\"elementor-widget-wrap elementor-element-populated\">\n\t\t\t\t\t\t<div class=\"elementor-element elementor-element-b3935ff elementor-position-top elementor-widget elementor-widget-image-box\" data-id=\"b3935ff\" data-element_type=\"widget\" data-e-type=\"widget\" data-widget_type=\"image-box.default\">\n\t\t\t\t<div class=\"elementor-widget-container\">\n\t\t\t\t\t<div class=\"elementor-image-box-wrapper\"><figure class=\"elementor-image-box-img\"><a href=\"https:\/\/auro.ch\/auro\/forschung-entwicklung\/\" tabindex=\"-1\"><img decoding=\"async\" width=\"800\" height=\"800\" src=\"https:\/\/auro.ch\/wp-content\/uploads\/2023\/10\/150520-auro-01_square-1024x1024.jpg\" class=\"attachment-large size-large wp-image-10179\" alt=\"\" srcset=\"https:\/\/auro.ch\/wp-content\/uploads\/2023\/10\/150520-auro-01_square-1024x1024.jpg 1024w, https:\/\/auro.ch\/wp-content\/uploads\/2023\/10\/150520-auro-01_square-300x300.jpg 300w, https:\/\/auro.ch\/wp-content\/uploads\/2023\/10\/150520-auro-01_square-150x150.jpg 150w, https:\/\/auro.ch\/wp-content\/uploads\/2023\/10\/150520-auro-01_square-768x768.jpg 768w, https:\/\/auro.ch\/wp-content\/uploads\/2023\/10\/150520-auro-01_square.jpg 1500w\" sizes=\"(max-width: 800px) 100vw, 800px\" \/><\/a><\/figure><div class=\"elementor-image-box-content\"><h3 class=\"elementor-image-box-title\"><a href=\"https:\/\/auro.ch\/auro\/forschung-entwicklung\/\">Recherche et d\u00e9veloppement  <\/a><\/h3><\/div><\/div>\t\t\t\t<\/div>\n\t\t\t\t<\/div>\n\t\t\t\t\t<\/div>\n\t\t<\/div>\n\t\t\t\t<div class=\"elementor-column elementor-col-25 elementor-top-column elementor-element elementor-element-bd1775f\" data-id=\"bd1775f\" data-element_type=\"column\" data-e-type=\"column\">\n\t\t\t<div class=\"elementor-widget-wrap elementor-element-populated\">\n\t\t\t\t\t\t<div class=\"elementor-element elementor-element-b68114f elementor-position-top elementor-widget elementor-widget-image-box\" data-id=\"b68114f\" data-element_type=\"widget\" data-e-type=\"widget\" data-widget_type=\"image-box.default\">\n\t\t\t\t<div class=\"elementor-widget-container\">\n\t\t\t\t\t<div class=\"elementor-image-box-wrapper\"><figure class=\"elementor-image-box-img\"><a href=\"https:\/\/auro.ch\/auro\/unsere-kompetenz\/farben-und-aesthetik\/\" tabindex=\"-1\"><img decoding=\"async\" width=\"800\" height=\"800\" src=\"https:\/\/auro.ch\/wp-content\/uploads\/2023\/11\/AURO-COLOURS-FOR-LIFE-Ecolith-oriental-night-15_0_square-1024x1024.jpg\" class=\"attachment-large size-large wp-image-10397\" alt=\"\" srcset=\"https:\/\/auro.ch\/wp-content\/uploads\/2023\/11\/AURO-COLOURS-FOR-LIFE-Ecolith-oriental-night-15_0_square-1024x1024.jpg 1024w, https:\/\/auro.ch\/wp-content\/uploads\/2023\/11\/AURO-COLOURS-FOR-LIFE-Ecolith-oriental-night-15_0_square-300x300.jpg 300w, https:\/\/auro.ch\/wp-content\/uploads\/2023\/11\/AURO-COLOURS-FOR-LIFE-Ecolith-oriental-night-15_0_square-150x150.jpg 150w, https:\/\/auro.ch\/wp-content\/uploads\/2023\/11\/AURO-COLOURS-FOR-LIFE-Ecolith-oriental-night-15_0_square-768x768.jpg 768w, https:\/\/auro.ch\/wp-content\/uploads\/2023\/11\/AURO-COLOURS-FOR-LIFE-Ecolith-oriental-night-15_0_square-1536x1536.jpg 1536w, https:\/\/auro.ch\/wp-content\/uploads\/2023\/11\/AURO-COLOURS-FOR-LIFE-Ecolith-oriental-night-15_0_square.jpg 1564w\" sizes=\"(max-width: 800px) 100vw, 800px\" \/><\/a><\/figure><div class=\"elementor-image-box-content\"><h3 class=\"elementor-image-box-title\"><a href=\"https:\/\/auro.ch\/auro\/unsere-kompetenz\/farben-und-aesthetik\/\">Couleurs &amp; <br>Esth\u00e9tique  <\/a><\/h3><\/div><\/div>\t\t\t\t<\/div>\n\t\t\t\t<\/div>\n\t\t\t\t\t<\/div>\n\t\t<\/div>\n\t\t\t\t<div class=\"elementor-column elementor-col-25 elementor-top-column elementor-element elementor-element-5a5f270\" data-id=\"5a5f270\" data-element_type=\"column\" data-e-type=\"column\">\n\t\t\t<div class=\"elementor-widget-wrap elementor-element-populated\">\n\t\t\t\t\t\t<div class=\"elementor-element elementor-element-ff77e02 elementor-position-top elementor-widget elementor-widget-image-box\" data-id=\"ff77e02\" data-element_type=\"widget\" data-e-type=\"widget\" data-widget_type=\"image-box.default\">\n\t\t\t\t<div class=\"elementor-widget-container\">\n\t\t\t\t\t<div class=\"elementor-image-box-wrapper\"><figure class=\"elementor-image-box-img\"><a href=\"https:\/\/auro.ch\/auro\/unsere-kompetenz\/sortimentsbreite\/\" tabindex=\"-1\"><img loading=\"lazy\" decoding=\"async\" width=\"274\" height=\"274\" src=\"https:\/\/auro.ch\/wp-content\/uploads\/2023\/06\/auro_verpackung_thumb_500x500.jpg\" class=\"attachment-large size-large wp-image-58902\" alt=\"\" srcset=\"https:\/\/auro.ch\/wp-content\/uploads\/2023\/06\/auro_verpackung_thumb_500x500.jpg 274w, https:\/\/auro.ch\/wp-content\/uploads\/2023\/06\/auro_verpackung_thumb_500x500-150x150.jpg 150w\" sizes=\"(max-width: 274px) 100vw, 274px\" \/><\/a><\/figure><div class=\"elementor-image-box-content\"><h3 class=\"elementor-image-box-title\"><a href=\"https:\/\/auro.ch\/auro\/unsere-kompetenz\/sortimentsbreite\/\">Largeur de la gamme<\/a><\/h3><\/div><\/div>\t\t\t\t<\/div>\n\t\t\t\t<\/div>\n\t\t\t\t\t<\/div>\n\t\t<\/div>\n\t\t\t\t\t<\/div>\n\t\t<\/section>\n\t\t\t\t<\/div>\n\t\t","protected":false},"excerpt":{"rendered":"<p>Notre expertise Qualit\u00e9 et durabilit\u00e9 Qualit\u00e9 de premier ordre Nous [&hellip;]<\/p>\n","protected":false},"author":4,"featured_media":60379,"parent":0,"menu_order":0,"comment_status":"closed","ping_status":"closed","template":"","meta":{"_acf_changed":false,"footnotes":""},"categories":[],"class_list":["post-60375","page","type-page","status-publish","has-post-thumbnail","hentry"],"acf":[],"_links":{"self":[{"href":"https:\/\/auro.ch\/fr\/wp-json\/wp\/v2\/pages\/60375","targetHints":{"allow":["GET"]}}],"collection":[{"href":"https:\/\/auro.ch\/fr\/wp-json\/wp\/v2\/pages"}],"about":[{"href":"https:\/\/auro.ch\/fr\/wp-json\/wp\/v2\/types\/page"}],"author":[{"embeddable":true,"href":"https:\/\/auro.ch\/fr\/wp-json\/wp\/v2\/users\/4"}],"replies":[{"embeddable":true,"href":"https:\/\/auro.ch\/fr\/wp-json\/wp\/v2\/comments?post=60375"}],"version-history":[{"count":1,"href":"https:\/\/auro.ch\/fr\/wp-json\/wp\/v2\/pages\/60375\/revisions"}],"predecessor-version":[{"id":60381,"href":"https:\/\/auro.ch\/fr\/wp-json\/wp\/v2\/pages\/60375\/revisions\/60381"}],"wp:featuredmedia":[{"embeddable":true,"href":"https:\/\/auro.ch\/fr\/wp-json\/wp\/v2\/media\/60379"}],"wp:attachment":[{"href":"https:\/\/auro.ch\/fr\/wp-json\/wp\/v2\/media?parent=60375"}],"wp:term":[{"taxonomy":"category","embeddable":true,"href":"https:\/\/auro.ch\/fr\/wp-json\/wp\/v2\/categories?post=60375"}],"curies":[{"name":"wp","href":"https:\/\/api.w.org\/{rel}","templated":true}]}}