{"id":60376,"date":"2023-09-04T13:42:10","date_gmt":"2023-09-04T11:42:10","guid":{"rendered":"https:\/\/ch.auro.de\/inspiration-et-guide\/instructions\/murs\/peindre-la-cire-de-glacis-mural\/"},"modified":"2026-04-29T11:26:37","modified_gmt":"2026-04-29T09:26:37","slug":"peindre-la-cire-de-glacis-mural","status":"publish","type":"page","link":"https:\/\/auro.ch\/fr\/inspiration-et-guide\/instructions\/murs\/peindre-la-cire-de-glacis-mural\/","title":{"rendered":"Peindre la cire de glacis mural"},"content":{"rendered":"\t\t<div data-elementor-type=\"wp-page\" data-elementor-id=\"60376\" class=\"elementor elementor-60376 elementor-9022\" data-elementor-post-type=\"page\">\n\t\t\t\t\t\t<section class=\"elementor-section elementor-top-section elementor-element elementor-element-262b78f elementor-section-height-min-height elementor-section-boxed elementor-section-height-default elementor-section-items-middle\" data-id=\"262b78f\" data-element_type=\"section\" data-e-type=\"section\" data-settings=\"{&quot;background_background&quot;:&quot;classic&quot;}\">\n\t\t\t\t\t\t\t<div class=\"elementor-background-overlay\"><\/div>\n\t\t\t\t\t\t\t<div class=\"elementor-container elementor-column-gap-default\">\n\t\t\t\t\t<div class=\"elementor-column elementor-col-100 elementor-top-column elementor-element elementor-element-cde1e2c\" data-id=\"cde1e2c\" data-element_type=\"column\" data-e-type=\"column\">\n\t\t\t<div class=\"elementor-widget-wrap elementor-element-populated\">\n\t\t\t\t\t\t<div class=\"elementor-element elementor-element-d7eae92 elementor-invisible elementor-widget elementor-widget-heading\" data-id=\"d7eae92\" data-element_type=\"widget\" data-e-type=\"widget\" data-settings=\"{&quot;_animation&quot;:&quot;fadeInUp&quot;}\" data-widget_type=\"heading.default\">\n\t\t\t\t<div class=\"elementor-widget-container\">\n\t\t\t\t\t<p class=\"elementor-heading-title elementor-size-default\">Instructions<\/p>\t\t\t\t<\/div>\n\t\t\t\t<\/div>\n\t\t\t\t<div class=\"elementor-element elementor-element-fba71c2 elementor-widget elementor-widget-heading\" data-id=\"fba71c2\" data-element_type=\"widget\" data-e-type=\"widget\" data-widget_type=\"heading.default\">\n\t\t\t\t<div class=\"elementor-widget-container\">\n\t\t\t\t\t<h1 class=\"elementor-heading-title elementor-size-default\">Peindre la cire de glacis mural<\/h1>\t\t\t\t<\/div>\n\t\t\t\t<\/div>\n\t\t\t\t\t<\/div>\n\t\t<\/div>\n\t\t\t\t\t<\/div>\n\t\t<\/section>\n\t\t\t\t<section class=\"elementor-section elementor-top-section elementor-element elementor-element-889d454 elementor-section-boxed elementor-section-height-default elementor-section-height-default\" data-id=\"889d454\" data-element_type=\"section\" data-e-type=\"section\">\n\t\t\t\t\t\t<div class=\"elementor-container elementor-column-gap-default\">\n\t\t\t\t\t<div class=\"elementor-column elementor-col-50 elementor-top-column elementor-element elementor-element-316e721\" data-id=\"316e721\" data-element_type=\"column\" data-e-type=\"column\">\n\t\t\t<div class=\"elementor-widget-wrap elementor-element-populated\">\n\t\t\t\t\t\t<div class=\"elementor-element elementor-element-598defc elementor-widget elementor-widget-heading\" data-id=\"598defc\" data-element_type=\"widget\" data-e-type=\"widget\" data-widget_type=\"heading.default\">\n\t\t\t\t<div class=\"elementor-widget-container\">\n\t\t\t\t\t<h3 class=\"elementor-heading-title elementor-size-default\">Technique des cordes<\/h3>\t\t\t\t<\/div>\n\t\t\t\t<\/div>\n\t\t\t\t<div class=\"elementor-element elementor-element-54548e7 elementor-widget elementor-widget-text-editor\" data-id=\"54548e7\" data-element_type=\"widget\" data-e-type=\"widget\" data-widget_type=\"text-editor.default\">\n\t\t\t\t<div class=\"elementor-widget-container\">\n\t\t\t\t\t\t\t\t\t<p>La technique du pinceau permet d&rsquo;\u00e9viter les structures typiques du pinceau lors de l&rsquo;application de lasures en surface. Pour ce faire, il faut humidifier un pinceau de surface, bien l&rsquo;essorer et ne plonger que l&rsquo;extr\u00e9mit\u00e9 des poils dans la peinture dilu\u00e9e \u00e0 l&rsquo;eau. Ensuite, battez bien la brosse pour que la peinture ne s&rsquo;\u00e9coule pas. \u00c9talez la lasure sur le mur en effectuant des mouvements circulaires rapides (\u00ab\u00a0huit couch\u00e9\u00a0\u00bb). La superposition de plusieurs couches de couleurs diff\u00e9rentes cr\u00e9e une profondeur presque tridimensionnelle. Chaque couche doit \u00eatre bien s\u00e8che.     <\/p>\t\t\t\t\t\t\t\t<\/div>\n\t\t\t\t<\/div>\n\t\t\t\t\t<\/div>\n\t\t<\/div>\n\t\t\t\t<div class=\"elementor-column elementor-col-50 elementor-top-column elementor-element elementor-element-98e6452\" data-id=\"98e6452\" data-element_type=\"column\" data-e-type=\"column\" data-settings=\"{&quot;background_background&quot;:&quot;classic&quot;}\">\n\t\t\t<div class=\"elementor-widget-wrap elementor-element-populated\">\n\t\t\t\t\t\t<div class=\"elementor-element elementor-element-2589c4f elementor-widget elementor-widget-spacer\" data-id=\"2589c4f\" data-element_type=\"widget\" data-e-type=\"widget\" data-widget_type=\"spacer.default\">\n\t\t\t\t<div class=\"elementor-widget-container\">\n\t\t\t\t\t\t\t<div class=\"elementor-spacer\">\n\t\t\t<div class=\"elementor-spacer-inner\"><\/div>\n\t\t<\/div>\n\t\t\t\t\t\t<\/div>\n\t\t\t\t<\/div>\n\t\t\t\t\t<\/div>\n\t\t<\/div>\n\t\t\t\t\t<\/div>\n\t\t<\/section>\n\t\t\t\t<section class=\"elementor-section elementor-top-section elementor-element elementor-element-a486043 elementor-section-boxed elementor-section-height-default elementor-section-height-default\" data-id=\"a486043\" data-element_type=\"section\" data-e-type=\"section\">\n\t\t\t\t\t\t<div class=\"elementor-container elementor-column-gap-default\">\n\t\t\t\t\t<div class=\"elementor-column elementor-col-50 elementor-top-column elementor-element elementor-element-c766f99\" data-id=\"c766f99\" data-element_type=\"column\" data-e-type=\"column\" data-settings=\"{&quot;background_background&quot;:&quot;classic&quot;}\">\n\t\t\t<div class=\"elementor-widget-wrap elementor-element-populated\">\n\t\t\t\t\t\t<div class=\"elementor-element elementor-element-dcfb376 elementor-widget elementor-widget-spacer\" data-id=\"dcfb376\" data-element_type=\"widget\" data-e-type=\"widget\" data-widget_type=\"spacer.default\">\n\t\t\t\t<div class=\"elementor-widget-container\">\n\t\t\t\t\t\t\t<div class=\"elementor-spacer\">\n\t\t\t<div class=\"elementor-spacer-inner\"><\/div>\n\t\t<\/div>\n\t\t\t\t\t\t<\/div>\n\t\t\t\t<\/div>\n\t\t\t\t\t<\/div>\n\t\t<\/div>\n\t\t\t\t<div class=\"elementor-column elementor-col-50 elementor-top-column elementor-element elementor-element-f059509\" data-id=\"f059509\" data-element_type=\"column\" data-e-type=\"column\">\n\t\t\t<div class=\"elementor-widget-wrap elementor-element-populated\">\n\t\t\t\t\t\t<div class=\"elementor-element elementor-element-bef6b4b elementor-widget elementor-widget-heading\" data-id=\"bef6b4b\" data-element_type=\"widget\" data-e-type=\"widget\" data-widget_type=\"heading.default\">\n\t\t\t\t<div class=\"elementor-widget-container\">\n\t\t\t\t\t<h3 class=\"elementor-heading-title elementor-size-default\">Technique de piquage<\/h3>\t\t\t\t<\/div>\n\t\t\t\t<\/div>\n\t\t\t\t<div class=\"elementor-element elementor-element-e28161f elementor-widget elementor-widget-text-editor\" data-id=\"e28161f\" data-element_type=\"widget\" data-e-type=\"widget\" data-widget_type=\"text-editor.default\">\n\t\t\t\t<div class=\"elementor-widget-container\">\n\t\t\t\t\t\t\t\t\t<p>Des effets de profondeur vivants peuvent \u00e9galement \u00eatre cr\u00e9\u00e9s en tamponnant avec une \u00e9ponge, en l&rsquo;humidifiant, en la pressant et en l&rsquo;imbibant de lasure. Tamponnez l\u00e9g\u00e8rement la surface du mur afin de cr\u00e9er une structure en forme de point. Poursuivez le tamponnage, \u00e9ventuellement avec un ton plus intense, pour renforcer l&rsquo;effet.  <\/p>\t\t\t\t\t\t\t\t<\/div>\n\t\t\t\t<\/div>\n\t\t\t\t\t<\/div>\n\t\t<\/div>\n\t\t\t\t\t<\/div>\n\t\t<\/section>\n\t\t\t\t<section class=\"elementor-section elementor-top-section elementor-element elementor-element-b1c476e elementor-section-boxed elementor-section-height-default elementor-section-height-default\" data-id=\"b1c476e\" data-element_type=\"section\" data-e-type=\"section\">\n\t\t\t\t\t\t<div class=\"elementor-container elementor-column-gap-default\">\n\t\t\t\t\t<div class=\"elementor-column elementor-col-50 elementor-top-column elementor-element elementor-element-6503531\" data-id=\"6503531\" data-element_type=\"column\" data-e-type=\"column\">\n\t\t\t<div class=\"elementor-widget-wrap elementor-element-populated\">\n\t\t\t\t\t\t<div class=\"elementor-element elementor-element-3e1bc5d elementor-widget elementor-widget-heading\" data-id=\"3e1bc5d\" data-element_type=\"widget\" data-e-type=\"widget\" data-widget_type=\"heading.default\">\n\t\t\t\t<div class=\"elementor-widget-container\">\n\t\t\t\t\t<h3 class=\"elementor-heading-title elementor-size-default\">Technique d'enroulement<\/h3>\t\t\t\t<\/div>\n\t\t\t\t<\/div>\n\t\t\t\t<div class=\"elementor-element elementor-element-5c1a720 elementor-widget elementor-widget-text-editor\" data-id=\"5c1a720\" data-element_type=\"widget\" data-e-type=\"widget\" data-widget_type=\"text-editor.default\">\n\t\t\t\t<div class=\"elementor-widget-container\">\n\t\t\t\t\t\t\t\t\t<p>La technique de l&rsquo;enroulement est un proc\u00e9d\u00e9 ancien qui permet de cr\u00e9er des contrastes d&rsquo;aspect naturel sur un fond color\u00e9. Un chiffon de lin ou de coton humide et non pelucheux est essor\u00e9 et enti\u00e8rement mouill\u00e9 de peinture. Apr\u00e8s l&rsquo;avoir \u00e0 nouveau essor\u00e9 pour \u00e9viter que la peinture ne coule, le chiffon est enroul\u00e9 en un rouleau pliss\u00e9 et roul\u00e9 sur le mur en exer\u00e7ant une l\u00e9g\u00e8re pression. Il existe dans le commerce des rouleaux \u00e0 effet similaire.   <\/p>\t\t\t\t\t\t\t\t<\/div>\n\t\t\t\t<\/div>\n\t\t\t\t\t<\/div>\n\t\t<\/div>\n\t\t\t\t<div class=\"elementor-column elementor-col-50 elementor-top-column elementor-element elementor-element-2268f88\" data-id=\"2268f88\" data-element_type=\"column\" data-e-type=\"column\" data-settings=\"{&quot;background_background&quot;:&quot;classic&quot;}\">\n\t\t\t<div class=\"elementor-widget-wrap elementor-element-populated\">\n\t\t\t\t\t\t<div class=\"elementor-element elementor-element-4d72726 elementor-widget elementor-widget-spacer\" data-id=\"4d72726\" data-element_type=\"widget\" data-e-type=\"widget\" data-widget_type=\"spacer.default\">\n\t\t\t\t<div class=\"elementor-widget-container\">\n\t\t\t\t\t\t\t<div class=\"elementor-spacer\">\n\t\t\t<div class=\"elementor-spacer-inner\"><\/div>\n\t\t<\/div>\n\t\t\t\t\t\t<\/div>\n\t\t\t\t<\/div>\n\t\t\t\t\t<\/div>\n\t\t<\/div>\n\t\t\t\t\t<\/div>\n\t\t<\/section>\n\t\t\t\t<section class=\"elementor-section elementor-top-section elementor-element elementor-element-5417875 elementor-section-boxed elementor-section-height-default elementor-section-height-default\" data-id=\"5417875\" data-element_type=\"section\" data-e-type=\"section\">\n\t\t\t\t\t\t<div class=\"elementor-container elementor-column-gap-default\">\n\t\t\t\t\t<div class=\"elementor-column elementor-col-50 elementor-top-column elementor-element elementor-element-0563e9e\" data-id=\"0563e9e\" data-element_type=\"column\" data-e-type=\"column\" data-settings=\"{&quot;background_background&quot;:&quot;classic&quot;}\">\n\t\t\t<div class=\"elementor-widget-wrap elementor-element-populated\">\n\t\t\t\t\t\t<div class=\"elementor-element elementor-element-0e1a3ab elementor-widget elementor-widget-spacer\" data-id=\"0e1a3ab\" data-element_type=\"widget\" data-e-type=\"widget\" data-widget_type=\"spacer.default\">\n\t\t\t\t<div class=\"elementor-widget-container\">\n\t\t\t\t\t\t\t<div class=\"elementor-spacer\">\n\t\t\t<div class=\"elementor-spacer-inner\"><\/div>\n\t\t<\/div>\n\t\t\t\t\t\t<\/div>\n\t\t\t\t<\/div>\n\t\t\t\t\t<\/div>\n\t\t<\/div>\n\t\t\t\t<div class=\"elementor-column elementor-col-50 elementor-top-column elementor-element elementor-element-510a98b\" data-id=\"510a98b\" data-element_type=\"column\" data-e-type=\"column\">\n\t\t\t<div class=\"elementor-widget-wrap elementor-element-populated\">\n\t\t\t\t\t\t<div class=\"elementor-element elementor-element-aca589e elementor-widget elementor-widget-heading\" data-id=\"aca589e\" data-element_type=\"widget\" data-e-type=\"widget\" data-widget_type=\"heading.default\">\n\t\t\t\t<div class=\"elementor-widget-container\">\n\t\t\t\t\t<h3 class=\"elementor-heading-title elementor-size-default\">Technique de pochoir \/ de pulv\u00e9risation<\/h3>\t\t\t\t<\/div>\n\t\t\t\t<\/div>\n\t\t\t\t<div class=\"elementor-element elementor-element-46f97f7 elementor-widget elementor-widget-text-editor\" data-id=\"46f97f7\" data-element_type=\"widget\" data-e-type=\"widget\" data-widget_type=\"text-editor.default\">\n\t\t\t\t<div class=\"elementor-widget-container\">\n\t\t\t\t\t\t\t\t\t<p>Des pochoirs en carton ou en papier \u00e9pais permettent d&rsquo;appliquer des motifs cr\u00e9\u00e9s par l&rsquo;utilisateur en couleur sur une surface ou de les \u00e9vider avec un pochoir positif. Des formes complexes peuvent \u00eatre cr\u00e9\u00e9es en superposant plusieurs couches de lasure transparente. L&rsquo;outil id\u00e9al est un pinceau \u00e0 pochoir \u00e9mouss\u00e9, mais aussi un a\u00e9rographe pour les motifs d\u00e9licats.  <\/p>\t\t\t\t\t\t\t\t<\/div>\n\t\t\t\t<\/div>\n\t\t\t\t\t<\/div>\n\t\t<\/div>\n\t\t\t\t\t<\/div>\n\t\t<\/section>\n\t\t\t\t<section class=\"elementor-section elementor-top-section elementor-element elementor-element-44e6c82 elementor-section-boxed elementor-section-height-default elementor-section-height-default\" data-id=\"44e6c82\" data-element_type=\"section\" data-e-type=\"section\">\n\t\t\t\t\t\t<div class=\"elementor-container elementor-column-gap-default\">\n\t\t\t\t\t<div class=\"elementor-column elementor-col-50 elementor-top-column elementor-element elementor-element-0f63e3c\" data-id=\"0f63e3c\" data-element_type=\"column\" data-e-type=\"column\">\n\t\t\t<div class=\"elementor-widget-wrap elementor-element-populated\">\n\t\t\t\t\t\t<div class=\"elementor-element elementor-element-6243885 elementor-widget elementor-widget-heading\" data-id=\"6243885\" data-element_type=\"widget\" data-e-type=\"widget\" data-widget_type=\"heading.default\">\n\t\t\t\t<div class=\"elementor-widget-container\">\n\t\t\t\t\t<h3 class=\"elementor-heading-title elementor-size-default\">L'astuce de la cire\n<\/h3>\t\t\t\t<\/div>\n\t\t\t\t<\/div>\n\t\t\t\t<div class=\"elementor-element elementor-element-495f304 elementor-widget elementor-widget-text-editor\" data-id=\"495f304\" data-element_type=\"widget\" data-e-type=\"widget\" data-widget_type=\"text-editor.default\">\n\t\t\t\t<div class=\"elementor-widget-container\">\n\t\t\t\t\t\t\t\t\t<div class=\"elementor-element elementor-element-1fe46b8 elementor-widget elementor-widget-text-editor\" data-id=\"1fe46b8\" data-element_type=\"widget\" data-widget_type=\"text-editor.default\"><div class=\"elementor-widget-container\"><p>Les pi\u00e8ces fortement sollicit\u00e9es peuvent \u00eatre d\u00e9cor\u00e9es de mani\u00e8re impressionnante tout en \u00e9tant prot\u00e9g\u00e9es avec <a title=\"Voir la fiche produit Cire pour glacis mural\" href=\"https:\/\/www.auro.de\/de\/produkte\/waende-und-decken\/wandlasuren\/370-wandlasur-wachs\/\" target=\"_blank\" rel=\"noopener\">les cires murales lasures robustes n\u00b0 370<\/a>. Les couleurs de lasure gaies et intens\u00e9ment lumineuses avec une protection suppl\u00e9mentaire \u00e0 la cire sont des couleurs id\u00e9ales pour les chambres d&rsquo;enfants ou les couloirs. La cire est dilu\u00e9e avec de l&rsquo;eau selon l&rsquo;intensit\u00e9 de couleur souhait\u00e9e et appliqu\u00e9e \u00e0 la brosse \u00e0 lasure (\u00ab\u00a0huit couch\u00e9\u00a0\u00bb) ou tamponn\u00e9e sur les murs blancs \u00e0 l&rsquo;aide d&rsquo;une \u00e9ponge.    <\/p><\/div><\/div><div class=\"elementor-element elementor-element-3817f4c elementor-widget elementor-widget-text-editor\" data-id=\"3817f4c\" data-element_type=\"widget\" data-widget_type=\"text-editor.default\"><div class=\"elementor-widget-container\"><p><strong>Ne vous laissez pas irriter : <\/strong>La cire s\u00e8che d&rsquo;abord en blanc laiteux et ce n&rsquo;est qu&rsquo;en polissant la cire contenue dans la peinture \u00e0 l&rsquo;aide d&rsquo;un chiffon doux ou d&rsquo;une brosse qu&rsquo;elle r\u00e9v\u00e8le toute sa teinte lumineuse.<\/p><p><strong>Astuce : peignez la version incolore autour de tous les interrupteurs (quelle que soit la couleur de votre mur) !<\/strong><br>Cela prot\u00e8ge de mani\u00e8re invisible contre les aur\u00e9oles de salet\u00e9 qui apparaissent in\u00e9vitablement autour des interrupteurs au fil du temps.<\/p><p><strong>Bon \u00e0 savoir pour les locataires :<\/strong> La couche de cire peut \u00eatre retir\u00e9e avec notre liquide vaisselle doux n\u00b0 473.<\/p><\/div><\/div>\t\t\t\t\t\t\t\t<\/div>\n\t\t\t\t<\/div>\n\t\t\t\t\t<\/div>\n\t\t<\/div>\n\t\t\t\t<div class=\"elementor-column elementor-col-50 elementor-top-column elementor-element elementor-element-9222817\" data-id=\"9222817\" data-element_type=\"column\" data-e-type=\"column\" data-settings=\"{&quot;background_background&quot;:&quot;classic&quot;}\">\n\t\t\t<div class=\"elementor-widget-wrap elementor-element-populated\">\n\t\t\t\t\t\t<div class=\"elementor-element elementor-element-855fe66 elementor-widget elementor-widget-image\" data-id=\"855fe66\" data-element_type=\"widget\" data-e-type=\"widget\" data-widget_type=\"image.default\">\n\t\t\t\t<div class=\"elementor-widget-container\">\n\t\t\t\t\t\t\t\t\t\t\t\t\t\t\t<img decoding=\"async\" src=\"https:\/\/auro.ch\/wp-content\/uploads\/2023\/02\/370-0.750-auro-wandlasurwachs-naturfarben.jpg\" title=\"\" alt=\"\" loading=\"lazy\" \/>\t\t\t\t\t\t\t\t\t\t\t\t\t\t\t<\/div>\n\t\t\t\t<\/div>\n\t\t\t\t\t<\/div>\n\t\t<\/div>\n\t\t\t\t\t<\/div>\n\t\t<\/section>\n\t\t\t\t<section class=\"elementor-section elementor-top-section elementor-element elementor-element-d9ebac7 elementor-reverse-mobile elementor-section-boxed elementor-section-height-default elementor-section-height-default\" data-id=\"d9ebac7\" data-element_type=\"section\" data-e-type=\"section\" data-settings=\"{&quot;background_background&quot;:&quot;classic&quot;}\">\n\t\t\t\t\t\t<div class=\"elementor-container elementor-column-gap-default\">\n\t\t\t\t\t<div class=\"elementor-column elementor-col-50 elementor-top-column elementor-element elementor-element-95748a9\" data-id=\"95748a9\" data-element_type=\"column\" data-e-type=\"column\">\n\t\t\t<div class=\"elementor-widget-wrap elementor-element-populated\">\n\t\t\t\t\t\t<div class=\"elementor-element elementor-element-5f76dc2 elementor-widget elementor-widget-heading\" data-id=\"5f76dc2\" data-element_type=\"widget\" data-e-type=\"widget\" data-widget_type=\"heading.default\">\n\t\t\t\t<div class=\"elementor-widget-container\">\n\t\t\t\t\t<h4 class=\"elementor-heading-title elementor-size-default\">Produits Auro<\/h4>\t\t\t\t<\/div>\n\t\t\t\t<\/div>\n\t\t\t\t<div class=\"elementor-element elementor-element-e2f5f65 elementor-widget elementor-widget-text-editor\" data-id=\"e2f5f65\" data-element_type=\"widget\" data-e-type=\"widget\" data-widget_type=\"text-editor.default\">\n\t\t\t\t<div class=\"elementor-widget-container\">\n\t\t\t\t\t\t\t\t\t<ul><li class=\"txt-blue\"><a href=\"https:\/\/auro.ch\/produkt\/wandlasur-wachs\/\" target=\"_blank\" rel=\"noopener\">Cire pour glacis mural No. 370<\/a><\/li><\/ul>\t\t\t\t\t\t\t\t<\/div>\n\t\t\t\t<\/div>\n\t\t\t\t\t<\/div>\n\t\t<\/div>\n\t\t\t\t<div class=\"elementor-column elementor-col-50 elementor-top-column elementor-element elementor-element-d51870d\" data-id=\"d51870d\" data-element_type=\"column\" data-e-type=\"column\">\n\t\t\t<div class=\"elementor-widget-wrap\">\n\t\t\t\t\t\t\t<\/div>\n\t\t<\/div>\n\t\t\t\t\t<\/div>\n\t\t<\/section>\n\t\t\t\t<\/div>\n\t\t","protected":false},"excerpt":{"rendered":"<p>Instructions Peindre la cire de glacis mural Technique des cordes [&hellip;]<\/p>\n","protected":false},"author":4,"featured_media":59152,"parent":60236,"menu_order":0,"comment_status":"closed","ping_status":"closed","template":"","meta":{"_acf_changed":false,"footnotes":""},"categories":[],"class_list":["post-60376","page","type-page","status-publish","has-post-thumbnail","hentry"],"acf":[],"_links":{"self":[{"href":"https:\/\/auro.ch\/fr\/wp-json\/wp\/v2\/pages\/60376","targetHints":{"allow":["GET"]}}],"collection":[{"href":"https:\/\/auro.ch\/fr\/wp-json\/wp\/v2\/pages"}],"about":[{"href":"https:\/\/auro.ch\/fr\/wp-json\/wp\/v2\/types\/page"}],"author":[{"embeddable":true,"href":"https:\/\/auro.ch\/fr\/wp-json\/wp\/v2\/users\/4"}],"replies":[{"embeddable":true,"href":"https:\/\/auro.ch\/fr\/wp-json\/wp\/v2\/comments?post=60376"}],"version-history":[{"count":1,"href":"https:\/\/auro.ch\/fr\/wp-json\/wp\/v2\/pages\/60376\/revisions"}],"predecessor-version":[{"id":60380,"href":"https:\/\/auro.ch\/fr\/wp-json\/wp\/v2\/pages\/60376\/revisions\/60380"}],"up":[{"embeddable":true,"href":"https:\/\/auro.ch\/fr\/wp-json\/wp\/v2\/pages\/60236"}],"wp:featuredmedia":[{"embeddable":true,"href":"https:\/\/auro.ch\/fr\/wp-json\/wp\/v2\/media\/59152"}],"wp:attachment":[{"href":"https:\/\/auro.ch\/fr\/wp-json\/wp\/v2\/media?parent=60376"}],"wp:term":[{"taxonomy":"category","embeddable":true,"href":"https:\/\/auro.ch\/fr\/wp-json\/wp\/v2\/categories?post=60376"}],"curies":[{"name":"wp","href":"https:\/\/api.w.org\/{rel}","templated":true}]}}