{"id":60395,"date":"2023-09-04T15:02:19","date_gmt":"2023-09-04T13:02:19","guid":{"rendered":"https:\/\/ch.auro.de\/inspiration-et-guide\/instructions\/bois\/conseils-pour-la-peinture-et-la-lasure\/"},"modified":"2026-04-29T11:26:46","modified_gmt":"2026-04-29T09:26:46","slug":"conseils-pour-la-peinture-et-la-lasure","status":"publish","type":"page","link":"https:\/\/auro.ch\/fr\/inspiration-et-guide\/instructions\/bois\/conseils-pour-la-peinture-et-la-lasure\/","title":{"rendered":"Conseils pour la peinture et la lasure"},"content":{"rendered":"\t\t<div data-elementor-type=\"wp-page\" data-elementor-id=\"60395\" class=\"elementor elementor-60395 elementor-9052\" data-elementor-post-type=\"page\">\n\t\t\t\t\t\t<section class=\"elementor-section elementor-top-section elementor-element elementor-element-262b78f elementor-section-height-min-height elementor-section-boxed elementor-section-height-default elementor-section-items-middle\" data-id=\"262b78f\" data-element_type=\"section\" data-e-type=\"section\" data-settings=\"{&quot;background_background&quot;:&quot;classic&quot;}\">\n\t\t\t\t\t\t\t<div class=\"elementor-background-overlay\"><\/div>\n\t\t\t\t\t\t\t<div class=\"elementor-container elementor-column-gap-default\">\n\t\t\t\t\t<div class=\"elementor-column elementor-col-100 elementor-top-column elementor-element elementor-element-cde1e2c\" data-id=\"cde1e2c\" data-element_type=\"column\" data-e-type=\"column\">\n\t\t\t<div class=\"elementor-widget-wrap elementor-element-populated\">\n\t\t\t\t\t\t<div class=\"elementor-element elementor-element-d7eae92 elementor-invisible elementor-widget elementor-widget-heading\" data-id=\"d7eae92\" data-element_type=\"widget\" data-e-type=\"widget\" data-settings=\"{&quot;_animation&quot;:&quot;fadeInUp&quot;}\" data-widget_type=\"heading.default\">\n\t\t\t\t<div class=\"elementor-widget-container\">\n\t\t\t\t\t<p class=\"elementor-heading-title elementor-size-default\">Instructions<\/p>\t\t\t\t<\/div>\n\t\t\t\t<\/div>\n\t\t\t\t<div class=\"elementor-element elementor-element-fba71c2 elementor-widget elementor-widget-heading\" data-id=\"fba71c2\" data-element_type=\"widget\" data-e-type=\"widget\" data-widget_type=\"heading.default\">\n\t\t\t\t<div class=\"elementor-widget-container\">\n\t\t\t\t\t<h1 class=\"elementor-heading-title elementor-size-default\">Conseils pour la peinture et la lasure<\/h1>\t\t\t\t<\/div>\n\t\t\t\t<\/div>\n\t\t\t\t\t<\/div>\n\t\t<\/div>\n\t\t\t\t\t<\/div>\n\t\t<\/section>\n\t\t\t\t<section class=\"elementor-section elementor-top-section elementor-element elementor-element-3f132b6 elementor-section-boxed elementor-section-height-default elementor-section-height-default\" data-id=\"3f132b6\" data-element_type=\"section\" data-e-type=\"section\">\n\t\t\t\t\t\t<div class=\"elementor-container elementor-column-gap-default\">\n\t\t\t\t\t<div class=\"elementor-column elementor-col-50 elementor-top-column elementor-element elementor-element-9d8d52e\" data-id=\"9d8d52e\" data-element_type=\"column\" data-e-type=\"column\">\n\t\t\t<div class=\"elementor-widget-wrap elementor-element-populated\">\n\t\t\t\t\t\t<div class=\"elementor-element elementor-element-da4560f elementor-widget elementor-widget-heading\" data-id=\"da4560f\" data-element_type=\"widget\" data-e-type=\"widget\" data-widget_type=\"heading.default\">\n\t\t\t\t<div class=\"elementor-widget-container\">\n\t\t\t\t\t<h3 class=\"elementor-heading-title elementor-size-default\">Bords et angles  <\/h3>\t\t\t\t<\/div>\n\t\t\t\t<\/div>\n\t\t\t\t<div class=\"elementor-element elementor-element-7fd8dc7 elementor-widget elementor-widget-text-editor\" data-id=\"7fd8dc7\" data-element_type=\"widget\" data-e-type=\"widget\" data-widget_type=\"text-editor.default\">\n\t\t\t\t<div class=\"elementor-widget-container\">\n\t\t\t\t\t\t\t\t\t<p><strong>Les bords et les angles <\/strong>doivent \u00eatre peints avec un pinceau circulaire, <strong>les grandes surfaces<\/strong> avec un rouleau. Lorsque vous peignez les bords et les angles, assurez-vous que la peinture n&rsquo;est pas encore s\u00e8che avant de commencer \u00e0 peindre les grandes surfaces. <\/p><p>Pour \u00e9viter les <strong>raccords<\/strong>, toujours peindre en se chevauchant, c&rsquo;est-\u00e0-dire d&rsquo;abord au rouleau en travers, bande par bande, puis en faisant un passage dans le sens de la longueur.<\/p><p>Avant toute utilisation, les produits doivent toujours <strong>\u00eatre bien m\u00e9lang\u00e9s<\/strong> \u00e0 l&rsquo;aide d&rsquo;un rouleau m\u00e9langeur.<\/p><p>Pour \u00e9viter que le pinceau n&rsquo;absorbe trop de peinture, ne l&rsquo;<strong> immergez<\/strong> qu&rsquo;<strong> \u00e0 moiti\u00e9 \u00e0<\/strong> chaque fois.<\/p><p>Le <strong>bord de la bo\u00eete reste propre<\/strong> si vous tendez un ruban adh\u00e9sif sur la bo\u00eete et que vous y glissez le pinceau.<\/p><p> <\/p>\t\t\t\t\t\t\t\t<\/div>\n\t\t\t\t<\/div>\n\t\t\t\t\t<\/div>\n\t\t<\/div>\n\t\t\t\t<div class=\"elementor-column elementor-col-50 elementor-top-column elementor-element elementor-element-8d6a645\" data-id=\"8d6a645\" data-element_type=\"column\" data-e-type=\"column\">\n\t\t\t<div class=\"elementor-widget-wrap elementor-element-populated\">\n\t\t\t\t\t\t<div class=\"elementor-element elementor-element-b8e41c9 elementor-widget elementor-widget-image\" data-id=\"b8e41c9\" data-element_type=\"widget\" data-e-type=\"widget\" data-widget_type=\"image.default\">\n\t\t\t\t<div class=\"elementor-widget-container\">\n\t\t\t\t\t\t\t\t\t\t\t\t\t\t\t<img decoding=\"async\" src=\"https:\/\/auro.ch\/wp-content\/uploads\/2023\/02\/weisslack1.jpg\" title=\"\" alt=\"\" loading=\"lazy\" \/>\t\t\t\t\t\t\t\t\t\t\t\t\t\t\t<\/div>\n\t\t\t\t<\/div>\n\t\t\t\t\t<\/div>\n\t\t<\/div>\n\t\t\t\t\t<\/div>\n\t\t<\/section>\n\t\t\t\t<section class=\"elementor-section elementor-top-section elementor-element elementor-element-f7979fe elementor-reverse-mobile elementor-section-boxed elementor-section-height-default elementor-section-height-default\" data-id=\"f7979fe\" data-element_type=\"section\" data-e-type=\"section\" data-settings=\"{&quot;background_background&quot;:&quot;classic&quot;}\">\n\t\t\t\t\t\t<div class=\"elementor-container elementor-column-gap-default\">\n\t\t\t\t\t<div class=\"elementor-column elementor-col-50 elementor-top-column elementor-element elementor-element-b507c09\" data-id=\"b507c09\" data-element_type=\"column\" data-e-type=\"column\">\n\t\t\t<div class=\"elementor-widget-wrap elementor-element-populated\">\n\t\t\t\t\t\t<div class=\"elementor-element elementor-element-f979d97 elementor-widget elementor-widget-text-editor\" data-id=\"f979d97\" data-element_type=\"widget\" data-e-type=\"widget\" data-widget_type=\"text-editor.default\">\n\t\t\t\t<div class=\"elementor-widget-container\">\n\t\t\t\t\t\t\t\t\t<p><strong>En cas de peinture multicolore, veillez \u00e0 commencer par la teinte la plus claire et \u00e0 appliquer la plus fonc\u00e9e \u00e0 la fin.<\/strong><\/p><p>N&rsquo;appliquez pas une couche trop \u00e9paisse de <strong>vernis<\/strong>. Peindre d&rsquo;abord les bords, puis les surfaces. Vous pouvez cr\u00e9er des changements de couleur artistiques et des effets de texture \u00e0 l&rsquo;aide d&rsquo;un pinceau ou m\u00eame d&rsquo;une spatule.  <\/p>\t\t\t\t\t\t\t\t<\/div>\n\t\t\t\t<\/div>\n\t\t\t\t\t<\/div>\n\t\t<\/div>\n\t\t\t\t<div class=\"elementor-column elementor-col-50 elementor-top-column elementor-element elementor-element-00b2a09\" data-id=\"00b2a09\" data-element_type=\"column\" data-e-type=\"column\">\n\t\t\t<div class=\"elementor-widget-wrap elementor-element-populated\">\n\t\t\t\t\t\t<div class=\"elementor-element elementor-element-03dbabf elementor-widget elementor-widget-text-editor\" data-id=\"03dbabf\" data-element_type=\"widget\" data-e-type=\"widget\" data-widget_type=\"text-editor.default\">\n\t\t\t\t<div class=\"elementor-widget-container\">\n\t\t\t\t\t\t\t\t\t<p><span style=\"color: var( --e-global-color-text ); font-family: var( --e-global-typography-text-font-family ), Sans-serif; font-weight: var( --e-global-typography-text-font-weight );\">AURO-cire pour bois <\/span><strong style=\"color: var( --e-global-color-text ); font-family: var( --e-global-typography-text-font-family ), Sans-serif;\">prot\u00e8ge toutes les surfaces lasur\u00e9es <\/strong> <span style=\"color: var( --e-global-color-text ); font-family: var( --e-global-typography-text-font-family ), Sans-serif; font-weight: var( --e-global-typography-text-font-weight );\">efficacement contre les salissures \u00e0 l&rsquo;int\u00e9rieur. La cire est appliqu\u00e9e apr\u00e8s le traitement de lasure \u00e0 l&rsquo;aide d&rsquo;un chiffon \u00e0 balles et est ensuite polie. <\/span><\/p><p><strong>Les chiffons utilis\u00e9s<\/strong> peuvent s&rsquo;<strong>enflammer spontan\u00e9ment<\/strong> en raison de leur teneur en huiles siccatives, il est donc imp\u00e9ratif de les laisser s\u00e9cher en les \u00e9talant individuellement ou de les conserver herm\u00e9tiquement dans un r\u00e9cipient en m\u00e9tal.<\/p>\t\t\t\t\t\t\t\t<\/div>\n\t\t\t\t<\/div>\n\t\t\t\t\t<\/div>\n\t\t<\/div>\n\t\t\t\t\t<\/div>\n\t\t<\/section>\n\t\t\t\t<section class=\"elementor-section elementor-top-section elementor-element elementor-element-dd35ff7 elementor-section-boxed elementor-section-height-default elementor-section-height-default\" data-id=\"dd35ff7\" data-element_type=\"section\" data-e-type=\"section\">\n\t\t\t\t\t\t<div class=\"elementor-container elementor-column-gap-default\">\n\t\t\t\t\t<div class=\"elementor-column elementor-col-50 elementor-top-column elementor-element elementor-element-4b98ffe\" data-id=\"4b98ffe\" data-element_type=\"column\" data-e-type=\"column\">\n\t\t\t<div class=\"elementor-widget-wrap elementor-element-populated\">\n\t\t\t\t\t\t<div class=\"elementor-element elementor-element-0da0093 elementor-widget elementor-widget-heading\" data-id=\"0da0093\" data-element_type=\"widget\" data-e-type=\"widget\" data-widget_type=\"heading.default\">\n\t\t\t\t<div class=\"elementor-widget-container\">\n\t\t\t\t\t<h3 class=\"elementor-heading-title elementor-size-default\">Lasure pour bois en ext\u00e9rieur<\/h3>\t\t\t\t<\/div>\n\t\t\t\t<\/div>\n\t\t\t\t<div class=\"elementor-element elementor-element-5c6d3c3 elementor-widget elementor-widget-text-editor\" data-id=\"5c6d3c3\" data-element_type=\"widget\" data-e-type=\"widget\" data-widget_type=\"text-editor.default\">\n\t\t\t\t<div class=\"elementor-widget-container\">\n\t\t\t\t\t\t\t\t\t<p>Les lasures AURO ne contiennent pas de biocides. Si n\u00e9cessaire, AURO peut vous fournir des informations d\u00e9taill\u00e9es sur les mesures de protection des bois de conif\u00e8res contre les champignons <strong>de bleuissement et de moisissure<\/strong>, ainsi que sur le pr\u00e9traitement des bois alt\u00e9r\u00e9s. <\/p><p>Le bois d\u00e9grad\u00e9 peut \u00eatre rafra\u00eechi en deux \u00e9tapes<strong>(technique de veinage<\/strong>) : Le bois est d&rsquo;abord \u00e9clairci avec la laque color\u00e9e protectrice AURO, puis lasur\u00e9 en couleur avec la lasure pour bois AURO, Aqua.<\/p>\t\t\t\t\t\t\t\t<\/div>\n\t\t\t\t<\/div>\n\t\t\t\t<div class=\"elementor-element elementor-element-869b2da elementor-widget elementor-widget-text-editor\" data-id=\"869b2da\" data-element_type=\"widget\" data-e-type=\"widget\" data-widget_type=\"text-editor.default\">\n\t\t\t\t<div class=\"elementor-widget-container\">\n\t\t\t\t\t\t\t\t\t<p>Pour obtenir une protection suffisante contre l&rsquo;eau, la salet\u00e9 et les rayons UV, <strong>la lasure pour bois <\/strong>doit \u00eatre appliqu\u00e9e trois fois <strong>\u00e0 l&rsquo;ext\u00e9rieur <\/strong>. Auparavant, le bois riche en substances doit \u00eatre pr\u00e9trait\u00e9 avec le primaire sp\u00e9cial AURO. <\/p>\t\t\t\t\t\t\t\t<\/div>\n\t\t\t\t<\/div>\n\t\t\t\t\t<\/div>\n\t\t<\/div>\n\t\t\t\t<div class=\"elementor-column elementor-col-50 elementor-top-column elementor-element elementor-element-a6a1f0f\" data-id=\"a6a1f0f\" data-element_type=\"column\" data-e-type=\"column\">\n\t\t\t<div class=\"elementor-widget-wrap elementor-element-populated\">\n\t\t\t\t\t\t<div class=\"elementor-element elementor-element-f5bc17a elementor-widget elementor-widget-image\" data-id=\"f5bc17a\" data-element_type=\"widget\" data-e-type=\"widget\" data-widget_type=\"image.default\">\n\t\t\t\t<div class=\"elementor-widget-container\">\n\t\t\t\t\t\t\t\t\t\t\t\t\t\t\t<img decoding=\"async\" src=\"https:\/\/auro.ch\/wp-content\/uploads\/2023\/02\/lasur.jpg\" title=\"\" alt=\"\" loading=\"lazy\" \/>\t\t\t\t\t\t\t\t\t\t\t\t\t\t\t<\/div>\n\t\t\t\t<\/div>\n\t\t\t\t\t<\/div>\n\t\t<\/div>\n\t\t\t\t\t<\/div>\n\t\t<\/section>\n\t\t\t\t<section class=\"elementor-section elementor-top-section elementor-element elementor-element-bd73cd9 elementor-section-boxed elementor-section-height-default elementor-section-height-default\" data-id=\"bd73cd9\" data-element_type=\"section\" data-e-type=\"section\">\n\t\t\t\t\t\t<div class=\"elementor-container elementor-column-gap-default\">\n\t\t\t\t\t<div class=\"elementor-column elementor-col-50 elementor-top-column elementor-element elementor-element-75e469b\" data-id=\"75e469b\" data-element_type=\"column\" data-e-type=\"column\">\n\t\t\t<div class=\"elementor-widget-wrap elementor-element-populated\">\n\t\t\t\t\t\t<div class=\"elementor-element elementor-element-473cb51 elementor-widget elementor-widget-heading\" data-id=\"473cb51\" data-element_type=\"widget\" data-e-type=\"widget\" data-widget_type=\"heading.default\">\n\t\t\t\t<div class=\"elementor-widget-container\">\n\t\t\t\t\t<h3 class=\"elementor-heading-title elementor-size-default\">Quel est le bon nettoyant pour pinceaux ?<\/h3>\t\t\t\t<\/div>\n\t\t\t\t<\/div>\n\t\t\t\t<div class=\"elementor-element elementor-element-40a134e elementor-widget elementor-widget-text-editor\" data-id=\"40a134e\" data-element_type=\"widget\" data-e-type=\"widget\" data-widget_type=\"text-editor.default\">\n\t\t\t\t<div class=\"elementor-widget-container\">\n\t\t\t\t\t\t\t\t\t<p>Lors du travail avec les <strong>produits PurSolid et Classic<\/strong>, nous recommandons de nettoyer les outils de travail avec le <a href=\"https:\/\/auro.ch\/produkt\/verduennung\/\">diluant AURO n\u00b0 191<\/a>.<br>Les outils utilis\u00e9s pour l&rsquo;application des <strong>produits Aqua<\/strong> sont \u00e0 laver de pr\u00e9f\u00e9rence avec le <a href=\"https:\/\/auro.ch\/produkt\/pflanzenseife\/\">savon v\u00e9g\u00e9tal n\u00b0 411<\/a> et de l&rsquo;eau.<\/p>\t\t\t\t\t\t\t\t<\/div>\n\t\t\t\t<\/div>\n\t\t\t\t\t<\/div>\n\t\t<\/div>\n\t\t\t\t<div class=\"elementor-column elementor-col-50 elementor-top-column elementor-element elementor-element-dd8c69b\" data-id=\"dd8c69b\" data-element_type=\"column\" data-e-type=\"column\">\n\t\t\t<div class=\"elementor-widget-wrap elementor-element-populated\">\n\t\t\t\t\t\t<div class=\"elementor-element elementor-element-8c1f382 elementor-widget elementor-widget-image\" data-id=\"8c1f382\" data-element_type=\"widget\" data-e-type=\"widget\" data-widget_type=\"image.default\">\n\t\t\t\t<div class=\"elementor-widget-container\">\n\t\t\t\t\t\t\t\t\t\t\t\t\t\t\t<img fetchpriority=\"high\" decoding=\"async\" width=\"800\" height=\"534\" src=\"https:\/\/auro.ch\/wp-content\/uploads\/2023\/01\/AURO_COLOURS_FOR_LIFE_Holzlasur_560_greenland-1024x683.jpg\" class=\"attachment-large size-large wp-image-60399\" alt=\"\" srcset=\"https:\/\/auro.ch\/wp-content\/uploads\/2023\/01\/AURO_COLOURS_FOR_LIFE_Holzlasur_560_greenland-1024x683.jpg 1024w, https:\/\/auro.ch\/wp-content\/uploads\/2023\/01\/AURO_COLOURS_FOR_LIFE_Holzlasur_560_greenland-300x200.jpg 300w, https:\/\/auro.ch\/wp-content\/uploads\/2023\/01\/AURO_COLOURS_FOR_LIFE_Holzlasur_560_greenland-768x512.jpg 768w, https:\/\/auro.ch\/wp-content\/uploads\/2023\/01\/AURO_COLOURS_FOR_LIFE_Holzlasur_560_greenland-1536x1024.jpg 1536w, https:\/\/auro.ch\/wp-content\/uploads\/2023\/01\/AURO_COLOURS_FOR_LIFE_Holzlasur_560_greenland-2048x1366.jpg 2048w\" sizes=\"(max-width: 800px) 100vw, 800px\" \/>\t\t\t\t\t\t\t\t\t\t\t\t\t\t\t<\/div>\n\t\t\t\t<\/div>\n\t\t\t\t\t<\/div>\n\t\t<\/div>\n\t\t\t\t\t<\/div>\n\t\t<\/section>\n\t\t\t\t<section class=\"elementor-section elementor-top-section elementor-element elementor-element-23a7565 elementor-section-boxed elementor-section-height-default elementor-section-height-default\" data-id=\"23a7565\" data-element_type=\"section\" data-e-type=\"section\" data-settings=\"{&quot;background_background&quot;:&quot;classic&quot;}\">\n\t\t\t\t\t\t<div class=\"elementor-container elementor-column-gap-default\">\n\t\t\t\t\t<div class=\"elementor-column elementor-col-50 elementor-top-column elementor-element elementor-element-7d1f90c\" data-id=\"7d1f90c\" data-element_type=\"column\" data-e-type=\"column\">\n\t\t\t<div class=\"elementor-widget-wrap elementor-element-populated\">\n\t\t\t\t\t\t<div class=\"elementor-element elementor-element-018e78b elementor-widget elementor-widget-image\" data-id=\"018e78b\" data-element_type=\"widget\" data-e-type=\"widget\" data-widget_type=\"image.default\">\n\t\t\t\t<div class=\"elementor-widget-container\">\n\t\t\t\t\t\t\t\t\t\t\t\t\t\t\t<img decoding=\"async\" width=\"800\" height=\"942\" src=\"https:\/\/auro.ch\/wp-content\/uploads\/2023\/01\/AURO-COLOURS-FOR-LIFE-Lacke_Hocker_300dpi-870x1024.jpg\" class=\"attachment-large size-large wp-image-972\" alt=\"\" srcset=\"https:\/\/auro.ch\/wp-content\/uploads\/2023\/01\/AURO-COLOURS-FOR-LIFE-Lacke_Hocker_300dpi-870x1024.jpg 870w, https:\/\/auro.ch\/wp-content\/uploads\/2023\/01\/AURO-COLOURS-FOR-LIFE-Lacke_Hocker_300dpi-255x300.jpg 255w, https:\/\/auro.ch\/wp-content\/uploads\/2023\/01\/AURO-COLOURS-FOR-LIFE-Lacke_Hocker_300dpi-768x904.jpg 768w, https:\/\/auro.ch\/wp-content\/uploads\/2023\/01\/AURO-COLOURS-FOR-LIFE-Lacke_Hocker_300dpi-1306x1536.jpg 1306w, https:\/\/auro.ch\/wp-content\/uploads\/2023\/01\/AURO-COLOURS-FOR-LIFE-Lacke_Hocker_300dpi-1741x2048.jpg 1741w\" sizes=\"(max-width: 800px) 100vw, 800px\" \/>\t\t\t\t\t\t\t\t\t\t\t\t\t\t\t<\/div>\n\t\t\t\t<\/div>\n\t\t\t\t\t<\/div>\n\t\t<\/div>\n\t\t\t\t<div class=\"elementor-column elementor-col-50 elementor-top-column elementor-element elementor-element-95a6edd\" data-id=\"95a6edd\" data-element_type=\"column\" data-e-type=\"column\">\n\t\t\t<div class=\"elementor-widget-wrap elementor-element-populated\">\n\t\t\t\t\t\t<div class=\"elementor-element elementor-element-0569bf2 elementor-widget elementor-widget-heading\" data-id=\"0569bf2\" data-element_type=\"widget\" data-e-type=\"widget\" data-widget_type=\"heading.default\">\n\t\t\t\t<div class=\"elementor-widget-container\">\n\t\t\t\t\t<h3 class=\"elementor-heading-title elementor-size-default\">Avec quoi nettoyer les surfaces lasur\u00e9es et peintes ?<\/h3>\t\t\t\t<\/div>\n\t\t\t\t<\/div>\n\t\t\t\t<div class=\"elementor-element elementor-element-79884a2 elementor-widget elementor-widget-text-editor\" data-id=\"79884a2\" data-element_type=\"widget\" data-e-type=\"widget\" data-widget_type=\"text-editor.default\">\n\t\t\t\t<div class=\"elementor-widget-container\">\n\t\t\t\t\t\t\t\t\t<p>Pour le nettoyage des surfaces lasur\u00e9es et laqu\u00e9es, nous recommandons le <a href=\"https:\/\/auro.ch\/produkt\/lack-und-lasurreiniger\/\"><strong>nettoyant pour laques et lasures<\/strong><\/a> AURO n\u00b0 435. Il s&rsquo;agit d&rsquo;un concentr\u00e9, ne l&rsquo;utilisez donc pas pur. Dissoudre le nettoyant dans de l&rsquo;eau chaude et nettoyer la surface avec un chiffon doux qui ne peluche pas. Rincez \u00e0 l&rsquo;eau claire.   <\/p><p><strong>Dosage recommand\u00e9 :<\/strong><br>salissures l\u00e9g\u00e8res : 1 cuill\u00e8re \u00e0 caf\u00e9 pour 5 L d&rsquo;eau<br>salissures importantes : 1 cuill\u00e8re \u00e0 soupe pour 5 L d&rsquo;eau<\/p>\t\t\t\t\t\t\t\t<\/div>\n\t\t\t\t<\/div>\n\t\t\t\t\t<\/div>\n\t\t<\/div>\n\t\t\t\t\t<\/div>\n\t\t<\/section>\n\t\t\t\t<section class=\"elementor-section elementor-top-section elementor-element elementor-element-0427643 elementor-reverse-mobile elementor-section-boxed elementor-section-height-default elementor-section-height-default\" data-id=\"0427643\" data-element_type=\"section\" data-e-type=\"section\" data-settings=\"{&quot;background_background&quot;:&quot;classic&quot;}\">\n\t\t\t\t\t\t<div class=\"elementor-container elementor-column-gap-default\">\n\t\t\t\t\t<div class=\"elementor-column elementor-col-50 elementor-top-column elementor-element elementor-element-0e6d233\" data-id=\"0e6d233\" data-element_type=\"column\" data-e-type=\"column\">\n\t\t\t<div class=\"elementor-widget-wrap elementor-element-populated\">\n\t\t\t\t\t\t<div class=\"elementor-element elementor-element-0a556fb elementor-widget elementor-widget-heading\" data-id=\"0a556fb\" data-element_type=\"widget\" data-e-type=\"widget\" data-widget_type=\"heading.default\">\n\t\t\t\t<div class=\"elementor-widget-container\">\n\t\t\t\t\t<h4 class=\"elementor-heading-title elementor-size-default\">Produits Auro<\/h4>\t\t\t\t<\/div>\n\t\t\t\t<\/div>\n\t\t\t\t<div class=\"elementor-element elementor-element-6ea0455 elementor-widget elementor-widget-text-editor\" data-id=\"6ea0455\" data-element_type=\"widget\" data-e-type=\"widget\" data-widget_type=\"text-editor.default\">\n\t\t\t\t<div class=\"elementor-widget-container\">\n\t\t\t\t\t\t\t\t\t<ul><li><a href=\"https:\/\/auro.ch\/produkt\/pflanzenseife\/\" target=\"_blank\" rel=\"noopener\">Savon v\u00e9g\u00e9tal n\u00b0 411<\/a><\/li><li class=\"txt-red\"><a href=\"https:\/\/auro.ch\/produkt\/lack-und-lasurreiniger\/\" target=\"_blank\" rel=\"noopener\">Nettoyant pour vernis et lasures No. 435<\/a><\/li><\/ul>\t\t\t\t\t\t\t\t<\/div>\n\t\t\t\t<\/div>\n\t\t\t\t\t<\/div>\n\t\t<\/div>\n\t\t\t\t<div class=\"elementor-column elementor-col-50 elementor-top-column elementor-element elementor-element-c409988\" data-id=\"c409988\" data-element_type=\"column\" data-e-type=\"column\">\n\t\t\t<div class=\"elementor-widget-wrap elementor-element-populated\">\n\t\t\t\t\t\t<div class=\"elementor-element elementor-element-6f728c6 elementor-widget elementor-widget-heading\" data-id=\"6f728c6\" data-element_type=\"widget\" data-e-type=\"widget\" data-widget_type=\"heading.default\">\n\t\t\t\t<div class=\"elementor-widget-container\">\n\t\t\t\t\t<h4 class=\"elementor-heading-title elementor-size-default\">Autres mat\u00e9riaux<\/h4>\t\t\t\t<\/div>\n\t\t\t\t<\/div>\n\t\t\t\t<div class=\"elementor-element elementor-element-014d64b elementor-widget elementor-widget-text-editor\" data-id=\"014d64b\" data-element_type=\"widget\" data-e-type=\"widget\" data-widget_type=\"text-editor.default\">\n\t\t\t\t<div class=\"elementor-widget-container\">\n\t\t\t\t\t\t\t\t\t<ul><li>Pinceau \u00e0 anneaux<\/li><li>Rouleau d&rsquo;agitation<\/li><li>Bords adh\u00e9sifs<\/li><li>Toile \u00e0 balles<\/li><\/ul><p> <\/p>\t\t\t\t\t\t\t\t<\/div>\n\t\t\t\t<\/div>\n\t\t\t\t\t<\/div>\n\t\t<\/div>\n\t\t\t\t\t<\/div>\n\t\t<\/section>\n\t\t\t\t<\/div>\n\t\t","protected":false},"excerpt":{"rendered":"<p>Instructions Conseils pour la peinture et la lasure Bords et [&hellip;]<\/p>\n","protected":false},"author":4,"featured_media":60399,"parent":60233,"menu_order":0,"comment_status":"closed","ping_status":"closed","template":"","meta":{"_acf_changed":false,"footnotes":""},"categories":[],"class_list":["post-60395","page","type-page","status-publish","has-post-thumbnail","hentry"],"acf":[],"_links":{"self":[{"href":"https:\/\/auro.ch\/fr\/wp-json\/wp\/v2\/pages\/60395","targetHints":{"allow":["GET"]}}],"collection":[{"href":"https:\/\/auro.ch\/fr\/wp-json\/wp\/v2\/pages"}],"about":[{"href":"https:\/\/auro.ch\/fr\/wp-json\/wp\/v2\/types\/page"}],"author":[{"embeddable":true,"href":"https:\/\/auro.ch\/fr\/wp-json\/wp\/v2\/users\/4"}],"replies":[{"embeddable":true,"href":"https:\/\/auro.ch\/fr\/wp-json\/wp\/v2\/comments?post=60395"}],"version-history":[{"count":1,"href":"https:\/\/auro.ch\/fr\/wp-json\/wp\/v2\/pages\/60395\/revisions"}],"predecessor-version":[{"id":60401,"href":"https:\/\/auro.ch\/fr\/wp-json\/wp\/v2\/pages\/60395\/revisions\/60401"}],"up":[{"embeddable":true,"href":"https:\/\/auro.ch\/fr\/wp-json\/wp\/v2\/pages\/60233"}],"wp:featuredmedia":[{"embeddable":true,"href":"https:\/\/auro.ch\/fr\/wp-json\/wp\/v2\/media\/60399"}],"wp:attachment":[{"href":"https:\/\/auro.ch\/fr\/wp-json\/wp\/v2\/media?parent=60395"}],"wp:term":[{"taxonomy":"category","embeddable":true,"href":"https:\/\/auro.ch\/fr\/wp-json\/wp\/v2\/categories?post=60395"}],"curies":[{"name":"wp","href":"https:\/\/api.w.org\/{rel}","templated":true}]}}